{"id":5875,"date":"2025-08-17T22:24:49","date_gmt":"2025-08-17T21:24:49","guid":{"rendered":"https:\/\/www.knitforyou.se\/?post_type=product&#038;p=5875"},"modified":"2026-02-23T13:55:11","modified_gmt":"2026-02-23T12:55:11","slug":"iris-mossa-monster-garn","status":"publish","type":"product","link":"http:\/\/knit4u.se\/de\/product\/iris-mossa-monster-garn\/","title":{"rendered":"IRIS M\u00f6ssa &#8211; Gotlandsull Merino &#8211; Stickpaket"},"content":{"rendered":"<div class=\"tws-article-description--text-container\">\n<ul>\n<li>Gr\u00f6\u00dfe\n<ul>\n<li>Einheitsgr\u00f6\u00dfe<\/li>\n<\/ul>\n<\/li>\n<li>Garn\n<ul>\n<li>1 hg F\u00c5R\u00d6 &#8211; Knit4u<\/li>\n<li>\u00a00.5 hg Mistral &#8211; Sesia<\/li>\n<\/ul>\n<\/li>\n<li>Qualit\u00e4t\n<ul>\n<li>F &#8211; 70 % Gotland Wool &amp; 30 % Falkland Merino &#8211; 100 g \/ 300 m<\/li>\n<li>M &#8211; 100 % Merino superwash &#8211; 50 g \/ 175 m<\/li>\n<\/ul>\n<\/li>\n<li>Gedruckte Musteranleitung<\/li>\n<li>\u00a0Tillval \u00a0Addi bambu rundsticka nr 5 &#8211; 40 cm +\u00a0 strumpstickor nr 5\n<div class=\"tws-article-description--text-container tws-article-description--show-full-description\">\n<div class=\"tws-article-description--text\"><\/div>\n<\/div>\n<\/li>\n<\/ul>\n<\/div>","protected":false},"excerpt":{"rendered":"<p data-start=\"93\" data-end=\"297\"><strong data-start=\"93\" data-end=\"141\">Iris - gerippte M\u00fctze aus weicher Wollmischung<\/strong><br data-start=\"141\" data-end=\"144\" \/>Iris ist eine gem\u00fctliche und einfach zu strickende M\u00fctze aus einer sch\u00f6nen Mischung aus Gotland- und Merinowolle - warm, weich und mit einer entspannten Passform, die den meisten Menschen passt.<\/p>\n<p data-start=\"299\" data-end=\"420\">Den stickas i klassisk 2 r\u00e4t, 2 avig-ribb med tv\u00e5 tr\u00e5dar p\u00e5 stickor nr 5, vilket ger en f\u00f6ljsam och stretchig k\u00e4nsla.<\/p>\n<p data-start=\"422\" data-end=\"535\">Suchst du eine sch\u00f6ne Erg\u00e4nzung? Iris passt perfekt zum Kira-Schal, der in der gleichen weichen Qualit\u00e4t gestrickt ist.<\/p>\n<p data-start=\"537\" data-end=\"555\"><strong data-start=\"537\" data-end=\"555\">Design: Knit4u<\/strong><\/p>","protected":false},"featured_media":5792,"template":"","meta":{"site-sidebar-layout":"default","site-content-layout":"","ast-site-content-layout":"default","site-content-style":"default","site-sidebar-style":"default","ast-global-header-display":"","ast-banner-title-visibility":"","ast-main-header-display":"","ast-hfb-above-header-display":"","ast-hfb-below-header-display":"","ast-hfb-mobile-header-display":"","site-post-title":"","ast-breadcrumbs-content":"","ast-featured-img":"","footer-sml-layout":"","ast-disable-related-posts":"","theme-transparent-header-meta":"default","adv-header-id-meta":"","stick-header-meta":"","header-above-stick-meta":"","header-main-stick-meta":"","header-below-stick-meta":"","astra-migrate-meta-layouts":"set","ast-page-background-enabled":"default","ast-page-background-meta":{"desktop":{"background-color":"var(--ast-global-color-4)","background-image":"","background-repeat":"repeat","background-position":"center center","background-size":"auto","background-attachment":"scroll","background-type":"","background-media":"","overlay-type":"","overlay-color":"","overlay-opacity":"","overlay-gradient":""},"tablet":{"background-color":"","background-image":"","background-repeat":"repeat","background-position":"center center","background-size":"auto","background-attachment":"scroll","background-type":"","background-media":"","overlay-type":"","overlay-color":"","overlay-opacity":"","overlay-gradient":""},"mobile":{"background-color":"","background-image":"","background-repeat":"repeat","background-position":"center center","background-size":"auto","background-attachment":"scroll","background-type":"","background-media":"","overlay-type":"","overlay-color":"","overlay-opacity":"","overlay-gradient":""}},"ast-content-background-meta":{"desktop":{"background-color":"var(--ast-global-color-5)","background-image":"","background-repeat":"repeat","background-position":"center center","background-size":"auto","background-attachment":"scroll","background-type":"","background-media":"","overlay-type":"","overlay-color":"","overlay-opacity":"","overlay-gradient":""},"tablet":{"background-color":"var(--ast-global-color-5)","background-image":"","background-repeat":"repeat","background-position":"center center","background-size":"auto","background-attachment":"scroll","background-type":"","background-media":"","overlay-type":"","overlay-color":"","overlay-opacity":"","overlay-gradient":""},"mobile":{"background-color":"var(--ast-global-color-5)","background-image":"","background-repeat":"repeat","background-position":"center center","background-size":"auto","background-attachment":"scroll","background-type":"","background-media":"","overlay-type":"","overlay-color":"","overlay-opacity":"","overlay-gradient":""}}},"product_brand":[],"product_cat":[46,56],"product_tag":[378,136,142,135,143,355],"class_list":{"0":"post-5875","1":"product","2":"type-product","3":"status-publish","4":"has-post-thumbnail","6":"product_cat-accessoarer","7":"product_cat-stickpaket","8":"product_tag-design-knit4u","9":"product_tag-enkel-stickning","10":"product_tag-faro","11":"product_tag-gotlandsull","12":"product_tag-merino","13":"product_tag-sesia","14":"desktop-align-left","15":"tablet-align-left","16":"mobile-align-left","18":"first","19":"instock","20":"taxable","21":"shipping-taxable","22":"purchasable","23":"product-type-variable"},"_links":{"self":[{"href":"http:\/\/knit4u.se\/de\/wp-json\/wp\/v2\/product\/5875","targetHints":{"allow":["GET"]}}],"collection":[{"href":"http:\/\/knit4u.se\/de\/wp-json\/wp\/v2\/product"}],"about":[{"href":"http:\/\/knit4u.se\/de\/wp-json\/wp\/v2\/types\/product"}],"version-history":[{"count":11,"href":"http:\/\/knit4u.se\/de\/wp-json\/wp\/v2\/product\/5875\/revisions"}],"predecessor-version":[{"id":9426,"href":"http:\/\/knit4u.se\/de\/wp-json\/wp\/v2\/product\/5875\/revisions\/9426"}],"wp:featuredmedia":[{"embeddable":true,"href":"http:\/\/knit4u.se\/de\/wp-json\/wp\/v2\/media\/5792"}],"wp:attachment":[{"href":"http:\/\/knit4u.se\/de\/wp-json\/wp\/v2\/media?parent=5875"}],"wp:term":[{"taxonomy":"product_brand","embeddable":true,"href":"http:\/\/knit4u.se\/de\/wp-json\/wp\/v2\/product_brand?post=5875"},{"taxonomy":"product_cat","embeddable":true,"href":"http:\/\/knit4u.se\/de\/wp-json\/wp\/v2\/product_cat?post=5875"},{"taxonomy":"product_tag","embeddable":true,"href":"http:\/\/knit4u.se\/de\/wp-json\/wp\/v2\/product_tag?post=5875"}],"curies":[{"name":"wp","href":"https:\/\/api.w.org\/{rel}","templated":true}]}}