{"id":6928,"date":"2024-11-02T13:50:02","date_gmt":"2024-11-02T12:50:02","guid":{"rendered":"https:\/\/knit4u.se\/?post_type=product&#038;p=6928"},"modified":"2026-02-24T00:02:00","modified_gmt":"2026-02-23T23:02:00","slug":"gudrun-sjal-marias-garn-design-monster-garn","status":"publish","type":"product","link":"http:\/\/knit4u.se\/de\/product\/gudrun-sjal-marias-garn-design-monster-garn\/","title":{"rendered":"GUDRUN Sjal &#8211; Cashmere Mohairsilke &#8211; Marias Garn Design &#8211; Stickpaket"},"content":{"rendered":"<ul>\n<li style=\"font-size: 16px;\">Gr\u00f6\u00dfe\n<ul>\n<li style=\"font-size: 16px;\">Einheitsgr\u00f6\u00dfe<\/li>\n<\/ul>\n<\/li>\n<li style=\"font-size: 16px;\">Garn\n<ul>\n<li style=\"font-size: 16px;\">1 hg CASHMERE LACE\u00a0 &#8211; Lang Yarns<\/li>\n<li>0.5 hg LACE &#8211; Lang Yarns<\/li>\n<\/ul>\n<\/li>\n<li>Qualit\u00e4t\n<ul>\n<li>CASHMERE LACE 100 % cashmere &#8211; 25 g \/165 m<\/li>\n<li>LACE 58 % Mohair, 42 % Silke &#8211; 25 g \/ 310 m<\/li>\n<\/ul>\n<\/li>\n<li>\u00a0Abmessungen\n<ul>\n<li>L\u00e4nge ca. 190 cm<\/li>\n<li>Breite ca. 36 cm, nach dem Blockieren<\/li>\n<\/ul>\n<\/li>\n<li>Gedruckte Musteranleitung<\/li>\n<li>Optionale Rundstricknadel Addi bamboo no 4 - 80 cm\n<div class=\"tws-article-description--text\"><\/div>\n<\/li>\n<\/ul>","protected":false},"excerpt":{"rendered":"<p class=\"\" data-start=\"132\" data-end=\"169\"><strong data-start=\"132\" data-end=\"162\">Gudrun - das Halstuch mit Herz<\/strong><\/p>\n<p class=\"\" data-start=\"171\" data-end=\"430\">Gudrun ist ein wahrhaft luxuri\u00f6ser Schal, der aus zwei Garnen gestrickt wurde - einem weichen Kaschmir und einer feinen Mohairseide - f\u00fcr ein unglaublich weiches, leichtes und warmes Gef\u00fchl. Der dekorative Herzstich zieht sich \u00fcber die gesamte L\u00e4nge des Schals und wird von einer sch\u00f6nen, gleichzeitig gestrickten I-Kordel-Bord\u00fcre eingerahmt.<\/p>\n<p class=\"\" data-start=\"432\" data-end=\"657\">Das Muster ist leicht zu erlernen und macht Spa\u00df zu stricken - perfekt f\u00fcr alle, die jede Masche auskosten m\u00f6chten. Nat\u00fcrlich enth\u00e4lt das Musterheft eine klare, bebilderte Anleitung, damit du in deinem eigenen Tempo stricken kannst.<\/p>\n<p class=\"\" data-start=\"659\" data-end=\"743\">Garnet kommer fr\u00e5n Lang Yarns och \u00e4r noggrant utvalt f\u00f6r b\u00e5de k\u00e4nsla och kvalitet.<\/p>\n<p class=\"\" data-start=\"745\" data-end=\"851\"><strong>Entwurf: Marias Garn<\/strong><\/p>","protected":false},"featured_media":6950,"template":"","meta":{"site-sidebar-layout":"default","site-content-layout":"","ast-site-content-layout":"default","site-content-style":"default","site-sidebar-style":"default","ast-global-header-display":"","ast-banner-title-visibility":"","ast-main-header-display":"","ast-hfb-above-header-display":"","ast-hfb-below-header-display":"","ast-hfb-mobile-header-display":"","site-post-title":"","ast-breadcrumbs-content":"","ast-featured-img":"","footer-sml-layout":"","ast-disable-related-posts":"","theme-transparent-header-meta":"default","adv-header-id-meta":"","stick-header-meta":"","header-above-stick-meta":"","header-main-stick-meta":"","header-below-stick-meta":"","astra-migrate-meta-layouts":"set","ast-page-background-enabled":"default","ast-page-background-meta":{"desktop":{"background-color":"var(--ast-global-color-4)","background-image":"","background-repeat":"repeat","background-position":"center center","background-size":"auto","background-attachment":"scroll","background-type":"","background-media":"","overlay-type":"","overlay-color":"","overlay-opacity":"","overlay-gradient":""},"tablet":{"background-color":"","background-image":"","background-repeat":"repeat","background-position":"center center","background-size":"auto","background-attachment":"scroll","background-type":"","background-media":"","overlay-type":"","overlay-color":"","overlay-opacity":"","overlay-gradient":""},"mobile":{"background-color":"","background-image":"","background-repeat":"repeat","background-position":"center center","background-size":"auto","background-attachment":"scroll","background-type":"","background-media":"","overlay-type":"","overlay-color":"","overlay-opacity":"","overlay-gradient":""}},"ast-content-background-meta":{"desktop":{"background-color":"var(--ast-global-color-5)","background-image":"","background-repeat":"repeat","background-position":"center center","background-size":"auto","background-attachment":"scroll","background-type":"","background-media":"","overlay-type":"","overlay-color":"","overlay-opacity":"","overlay-gradient":""},"tablet":{"background-color":"var(--ast-global-color-5)","background-image":"","background-repeat":"repeat","background-position":"center center","background-size":"auto","background-attachment":"scroll","background-type":"","background-media":"","overlay-type":"","overlay-color":"","overlay-opacity":"","overlay-gradient":""},"mobile":{"background-color":"var(--ast-global-color-5)","background-image":"","background-repeat":"repeat","background-position":"center center","background-size":"auto","background-attachment":"scroll","background-type":"","background-media":"","overlay-type":"","overlay-color":"","overlay-opacity":"","overlay-gradient":""}}},"product_brand":[],"product_cat":[46,56],"product_tag":[286,287,377,289,234],"class_list":{"0":"post-6928","1":"product","2":"type-product","3":"status-publish","4":"has-post-thumbnail","6":"product_cat-accessoarer","7":"product_cat-stickpaket","8":"product_tag-cashmere-lace","9":"product_tag-lace","10":"product_tag-langyarn","11":"product_tag-maria","12":"product_tag-mohairsilke","13":"desktop-align-left","14":"tablet-align-left","15":"mobile-align-left","17":"first","18":"instock","19":"taxable","20":"shipping-taxable","21":"purchasable","22":"product-type-variable"},"_links":{"self":[{"href":"http:\/\/knit4u.se\/de\/wp-json\/wp\/v2\/product\/6928","targetHints":{"allow":["GET"]}}],"collection":[{"href":"http:\/\/knit4u.se\/de\/wp-json\/wp\/v2\/product"}],"about":[{"href":"http:\/\/knit4u.se\/de\/wp-json\/wp\/v2\/types\/product"}],"version-history":[{"count":14,"href":"http:\/\/knit4u.se\/de\/wp-json\/wp\/v2\/product\/6928\/revisions"}],"predecessor-version":[{"id":7301,"href":"http:\/\/knit4u.se\/de\/wp-json\/wp\/v2\/product\/6928\/revisions\/7301"}],"wp:featuredmedia":[{"embeddable":true,"href":"http:\/\/knit4u.se\/de\/wp-json\/wp\/v2\/media\/6950"}],"wp:attachment":[{"href":"http:\/\/knit4u.se\/de\/wp-json\/wp\/v2\/media?parent=6928"}],"wp:term":[{"taxonomy":"product_brand","embeddable":true,"href":"http:\/\/knit4u.se\/de\/wp-json\/wp\/v2\/product_brand?post=6928"},{"taxonomy":"product_cat","embeddable":true,"href":"http:\/\/knit4u.se\/de\/wp-json\/wp\/v2\/product_cat?post=6928"},{"taxonomy":"product_tag","embeddable":true,"href":"http:\/\/knit4u.se\/de\/wp-json\/wp\/v2\/product_tag?post=6928"}],"curies":[{"name":"wp","href":"https:\/\/api.w.org\/{rel}","templated":true}]}}