{"id":7676,"date":"2025-06-09T14:36:29","date_gmt":"2025-06-09T13:36:29","guid":{"rendered":"https:\/\/knit4u.se\/?post_type=product&#038;p=7676"},"modified":"2026-02-23T23:00:47","modified_gmt":"2026-02-23T22:00:47","slug":"lilly-troja-randig-monster-garn","status":"publish","type":"product","link":"http:\/\/knit4u.se\/de\/product\/lilly-troja-randig-monster-garn\/","title":{"rendered":"LILLY Tr\u00f6ja Randig &#8211; Mohairsilke &#8211; Stickpaket"},"content":{"rendered":"<ul>\n<li style=\"font-size: 16px;\">Gr\u00f6\u00dfe\n<ul>\n<li style=\"font-size: 16px;\">S\/M ( L\/XL )<\/li>\n<\/ul>\n<\/li>\n<li style=\"font-size: 16px;\">Garn\n<ul>\n<li style=\"font-size: 16px;\">Kul\u00f6r 1 &#8211; 0.75 ( 1)\u00a0 hg Mohair Luxe &#8211; LangYarns<\/li>\n<li>Kul\u00f6r 2 &#8211; 0.5 ( 0.75 ) hg Mohair Luxe &#8211; LangYarns<\/li>\n<\/ul>\n<\/li>\n<li>Qualit\u00e4t\n<ul>\n<li>\u00a077 % SuperKid Mohair, 23 % Silke &#8211; 25 g \/ 175 m<\/li>\n<\/ul>\n<\/li>\n<li>\u00a0Abmessungen\n<ul>\n<li>L\u00e4ngd 50 ( 54 ) \u00a0cm<\/li>\n<li>Bredd 57 ( 61 ) cm<\/li>\n<li>\u00c4rm 42 ( 41 ) cm<\/li>\n<\/ul>\n<\/li>\n<li>Gedruckte Musteranleitung<\/li>\n<li>Tillval rundstickor Addi bambu nr 5 &#8211; 40 cm + nr 5 &#8211; 80 cm<\/li>\n<\/ul>","protected":false},"excerpt":{"rendered":"<div>\n<p class=\"\" data-start=\"101\" data-end=\"152\"><strong data-start=\"101\" data-end=\"152\">Lilly gestreift- Locker geschnittener Mohair-Pullover mit geraden \u00c4rmeln<\/strong><\/p>\n<p>Lilly randig \u00e4r en underbart luftig och l\u00f6st sittande mohairtr\u00f6ja med blockr\u00e4nder. Den stickas uppifr\u00e5n och ner i sl\u00e4tstickning p\u00e5 rundsticka nr 5 med en tr\u00e5d av fj\u00e4derl\u00e4tta <strong>Mohair Luxe<\/strong> \u2014 finaste kvalitet fr\u00e5n LangYarns \u2014 f\u00f6r en mjuk, l\u00e4tt och lyxig k\u00e4nsla utan s\u00f6mmar.<\/p>\n<p>I \u00e4rmh\u00e5len plockas maskor upp och \u00e4rmarna stickas ned\u00e5t mot \u00e4rmsluten, en enkel och smart konstruktion helt utan s\u00f6mmar.<\/p>\n<p>Med sin lediga passform \u00e4r tr\u00f6jan perfekt att b\u00e4ra \u00f6ver ett linne \u2014 ett l\u00e4tt, elegant och v\u00e4rmande lager som funkar lika bra under kyligare v\u00e5r- och sommardagar som ljumma kv\u00e4llar.<\/p>\n<p><strong>Enkel stickning \u2013 maximal effekt.<\/strong><br \/>\nLilly randig blir din nya favorittr\u00f6ja f\u00f6r s\u00e4songen!<\/p>\n<p><strong>Design: Knit4u<\/strong><\/p>\n<p>&nbsp;<\/p>\n<\/div>\n<p>&nbsp;<\/p>","protected":false},"featured_media":7702,"template":"","meta":{"site-sidebar-layout":"default","site-content-layout":"","ast-site-content-layout":"default","site-content-style":"default","site-sidebar-style":"default","ast-global-header-display":"","ast-banner-title-visibility":"","ast-main-header-display":"","ast-hfb-above-header-display":"","ast-hfb-below-header-display":"","ast-hfb-mobile-header-display":"","site-post-title":"","ast-breadcrumbs-content":"","ast-featured-img":"","footer-sml-layout":"","ast-disable-related-posts":"","theme-transparent-header-meta":"default","adv-header-id-meta":"","stick-header-meta":"","header-above-stick-meta":"","header-main-stick-meta":"","header-below-stick-meta":"","astra-migrate-meta-layouts":"set","ast-page-background-enabled":"default","ast-page-background-meta":{"desktop":{"background-color":"var(--ast-global-color-4)","background-image":"","background-repeat":"repeat","background-position":"center center","background-size":"auto","background-attachment":"scroll","background-type":"","background-media":"","overlay-type":"","overlay-color":"","overlay-opacity":"","overlay-gradient":""},"tablet":{"background-color":"","background-image":"","background-repeat":"repeat","background-position":"center center","background-size":"auto","background-attachment":"scroll","background-type":"","background-media":"","overlay-type":"","overlay-color":"","overlay-opacity":"","overlay-gradient":""},"mobile":{"background-color":"","background-image":"","background-repeat":"repeat","background-position":"center center","background-size":"auto","background-attachment":"scroll","background-type":"","background-media":"","overlay-type":"","overlay-color":"","overlay-opacity":"","overlay-gradient":""}},"ast-content-background-meta":{"desktop":{"background-color":"var(--ast-global-color-5)","background-image":"","background-repeat":"repeat","background-position":"center center","background-size":"auto","background-attachment":"scroll","background-type":"","background-media":"","overlay-type":"","overlay-color":"","overlay-opacity":"","overlay-gradient":""},"tablet":{"background-color":"var(--ast-global-color-5)","background-image":"","background-repeat":"repeat","background-position":"center center","background-size":"auto","background-attachment":"scroll","background-type":"","background-media":"","overlay-type":"","overlay-color":"","overlay-opacity":"","overlay-gradient":""},"mobile":{"background-color":"var(--ast-global-color-5)","background-image":"","background-repeat":"repeat","background-position":"center center","background-size":"auto","background-attachment":"scroll","background-type":"","background-media":"","overlay-type":"","overlay-color":"","overlay-opacity":"","overlay-gradient":""}}},"product_brand":[],"product_cat":[56,27],"product_tag":[53,364,298,234],"class_list":{"0":"post-7676","1":"product","2":"type-product","3":"status-publish","4":"has-post-thumbnail","6":"product_cat-stickpaket","7":"product_cat-troja","8":"product_tag-knit4u","9":"product_tag-lang-yarns","10":"product_tag-mohair-luxe","11":"product_tag-mohairsilke","12":"desktop-align-left","13":"tablet-align-left","14":"mobile-align-left","16":"first","17":"instock","18":"taxable","19":"shipping-taxable","20":"purchasable","21":"product-type-variable","22":"has-default-attributes"},"_links":{"self":[{"href":"http:\/\/knit4u.se\/de\/wp-json\/wp\/v2\/product\/7676","targetHints":{"allow":["GET"]}}],"collection":[{"href":"http:\/\/knit4u.se\/de\/wp-json\/wp\/v2\/product"}],"about":[{"href":"http:\/\/knit4u.se\/de\/wp-json\/wp\/v2\/types\/product"}],"version-history":[{"count":14,"href":"http:\/\/knit4u.se\/de\/wp-json\/wp\/v2\/product\/7676\/revisions"}],"predecessor-version":[{"id":7708,"href":"http:\/\/knit4u.se\/de\/wp-json\/wp\/v2\/product\/7676\/revisions\/7708"}],"wp:featuredmedia":[{"embeddable":true,"href":"http:\/\/knit4u.se\/de\/wp-json\/wp\/v2\/media\/7702"}],"wp:attachment":[{"href":"http:\/\/knit4u.se\/de\/wp-json\/wp\/v2\/media?parent=7676"}],"wp:term":[{"taxonomy":"product_brand","embeddable":true,"href":"http:\/\/knit4u.se\/de\/wp-json\/wp\/v2\/product_brand?post=7676"},{"taxonomy":"product_cat","embeddable":true,"href":"http:\/\/knit4u.se\/de\/wp-json\/wp\/v2\/product_cat?post=7676"},{"taxonomy":"product_tag","embeddable":true,"href":"http:\/\/knit4u.se\/de\/wp-json\/wp\/v2\/product_tag?post=7676"}],"curies":[{"name":"wp","href":"https:\/\/api.w.org\/{rel}","templated":true}]}}