{"id":7827,"date":"2025-06-12T08:39:53","date_gmt":"2025-06-12T07:39:53","guid":{"rendered":"https:\/\/knit4u.se\/?post_type=product&#038;p=7827"},"modified":"2026-02-09T14:29:12","modified_gmt":"2026-02-09T13:29:12","slug":"bling-ponchotroja-lin-bomull-paljetter-knocks-design-stickpaket","status":"publish","type":"product","link":"http:\/\/knit4u.se\/de\/product\/bling-ponchotroja-lin-bomull-paljetter-knocks-design-stickpaket\/","title":{"rendered":"BLING Ponchotr\u00f6ja &#8211; Lin Bomull Paljetter &#8211; Knocks Design- Stickpaket"},"content":{"rendered":"<ul>\n<li style=\"font-size: 16px;\">Gr\u00f6\u00dfe\n<ul>\n<li style=\"font-size: 16px;\">One Size &#8211; som en S \/ M<\/li>\n<\/ul>\n<\/li>\n<li style=\"font-size: 16px;\">Garn\n<ul>\n<li>3 hg Wooladdicts Pride &#8211; LangYarns<\/li>\n<li>0.5 hg Paillettes &#8211; LangYarns<\/li>\n<\/ul>\n<\/li>\n<li>Qualit\u00e4t\n<ul>\n<li>40 % Lin, 32 % Bomull, 28 % Viskos &#8211; 10<span style=\"font-size: 16px;\">0 g \/ 280 m<\/span><\/li>\n<li>55 % Polyamid, 45 % Polyester &#8211; 25 g \/ 112 m<\/li>\n<\/ul>\n<\/li>\n<li>Abmessungen\n<ul>\n<li>L\u00e4ngd ca 80 cm<\/li>\n<li>Bredd ca 60 cm &#8211; \u00e4r t\u00f6jbar eftersom den \u00e4r p\u00e5 skr\u00e5dden.<\/li>\n<\/ul>\n<\/li>\n<li>Gedruckte Musteranleitung<\/li>\n<li>Optionale Rundstricknadel Addi bamboo no 4 - 80 cm<\/li>\n<li>Tillval 1 nystan Pride ifall du vill ha den n\u00e5got bredare<\/li>\n<li>Du beh\u00f6ver en virkn\u00e5l nr 4<\/li>\n<\/ul>","protected":false},"excerpt":{"rendered":"<p data-start=\"138\" data-end=\"187\"><strong data-start=\"142\" data-end=\"187\">Bling \u2013 ponchotr\u00f6ja med glittrande k\u00e4nsla<\/strong><\/p>\n<p data-start=\"189\" data-end=\"365\">En sval och mjuk ponchotr\u00f6ja med precis lagom m\u00e4ngd glamour. Bling stickas i en vacker blandning av lin, bomull och glittrande paljetter \u2013 perfekt f\u00f6r b\u00e5de vardag och fest.<\/p>\n<p data-start=\"367\" data-end=\"665\">Bling stickas i sl\u00e4tstickning i en tr\u00e5d Pride och l\u00e4ngs med ena kanten stickas en tr\u00e5d Paljettes med. Fram- och bakstycke stickas separat och virkas ihop med fasta maskor. Maskor f\u00f6r \u00e4rmarna plockas upp i sidan och stickas i sl\u00e4tstickning., ena \u00e4rmen endast i Pride och andra \u00e4rmen i Pride och paljetter.\u00a0 Nederkant och \u00e4rmslut avslutas med n\u00e5gra varv av 1 x 1 res\u00e5r. Pride och Paillettes \u00e4r garn av finaste kvalit\u00e9 fr\u00e5n LangYarns.<\/p>\n<p data-start=\"735\" data-end=\"776\">Enkel stickning med effektfullt resultat!<\/p>\n<p data-start=\"783\" data-end=\"801\"><strong data-start=\"783\" data-end=\"794\">Design:<\/strong> <strong>Klopft<\/strong><\/p>","protected":false},"featured_media":8061,"template":"","meta":{"site-sidebar-layout":"default","site-content-layout":"","ast-site-content-layout":"default","site-content-style":"default","site-sidebar-style":"default","ast-global-header-display":"","ast-banner-title-visibility":"","ast-main-header-display":"","ast-hfb-above-header-display":"","ast-hfb-below-header-display":"","ast-hfb-mobile-header-display":"","site-post-title":"","ast-breadcrumbs-content":"","ast-featured-img":"","footer-sml-layout":"","ast-disable-related-posts":"","theme-transparent-header-meta":"default","adv-header-id-meta":"","stick-header-meta":"","header-above-stick-meta":"","header-main-stick-meta":"","header-below-stick-meta":"","astra-migrate-meta-layouts":"set","ast-page-background-enabled":"default","ast-page-background-meta":{"desktop":{"background-color":"var(--ast-global-color-4)","background-image":"","background-repeat":"repeat","background-position":"center center","background-size":"auto","background-attachment":"scroll","background-type":"","background-media":"","overlay-type":"","overlay-color":"","overlay-opacity":"","overlay-gradient":""},"tablet":{"background-color":"","background-image":"","background-repeat":"repeat","background-position":"center center","background-size":"auto","background-attachment":"scroll","background-type":"","background-media":"","overlay-type":"","overlay-color":"","overlay-opacity":"","overlay-gradient":""},"mobile":{"background-color":"","background-image":"","background-repeat":"repeat","background-position":"center center","background-size":"auto","background-attachment":"scroll","background-type":"","background-media":"","overlay-type":"","overlay-color":"","overlay-opacity":"","overlay-gradient":""}},"ast-content-background-meta":{"desktop":{"background-color":"var(--ast-global-color-5)","background-image":"","background-repeat":"repeat","background-position":"center center","background-size":"auto","background-attachment":"scroll","background-type":"","background-media":"","overlay-type":"","overlay-color":"","overlay-opacity":"","overlay-gradient":""},"tablet":{"background-color":"var(--ast-global-color-5)","background-image":"","background-repeat":"repeat","background-position":"center center","background-size":"auto","background-attachment":"scroll","background-type":"","background-media":"","overlay-type":"","overlay-color":"","overlay-opacity":"","overlay-gradient":""},"mobile":{"background-color":"var(--ast-global-color-5)","background-image":"","background-repeat":"repeat","background-position":"center center","background-size":"auto","background-attachment":"scroll","background-type":"","background-media":"","overlay-type":"","overlay-color":"","overlay-opacity":"","overlay-gradient":""}}},"product_brand":[],"product_cat":[56,27],"product_tag":[136,201,364,291,348,290,406],"class_list":{"0":"post-7827","1":"product","2":"type-product","3":"status-publish","4":"has-post-thumbnail","6":"product_cat-stickpaket","7":"product_cat-troja","8":"product_tag-enkel-stickning","9":"product_tag-knocks","10":"product_tag-lang-yarns","11":"product_tag-lin-bomull","12":"product_tag-paliettes","13":"product_tag-pride","14":"product_tag-wooladdicts","15":"desktop-align-left","16":"tablet-align-left","17":"mobile-align-left","19":"first","20":"instock","21":"taxable","22":"shipping-taxable","23":"purchasable","24":"product-type-variable","25":"has-default-attributes"},"_links":{"self":[{"href":"http:\/\/knit4u.se\/de\/wp-json\/wp\/v2\/product\/7827","targetHints":{"allow":["GET"]}}],"collection":[{"href":"http:\/\/knit4u.se\/de\/wp-json\/wp\/v2\/product"}],"about":[{"href":"http:\/\/knit4u.se\/de\/wp-json\/wp\/v2\/types\/product"}],"version-history":[{"count":19,"href":"http:\/\/knit4u.se\/de\/wp-json\/wp\/v2\/product\/7827\/revisions"}],"predecessor-version":[{"id":8126,"href":"http:\/\/knit4u.se\/de\/wp-json\/wp\/v2\/product\/7827\/revisions\/8126"}],"wp:featuredmedia":[{"embeddable":true,"href":"http:\/\/knit4u.se\/de\/wp-json\/wp\/v2\/media\/8061"}],"wp:attachment":[{"href":"http:\/\/knit4u.se\/de\/wp-json\/wp\/v2\/media?parent=7827"}],"wp:term":[{"taxonomy":"product_brand","embeddable":true,"href":"http:\/\/knit4u.se\/de\/wp-json\/wp\/v2\/product_brand?post=7827"},{"taxonomy":"product_cat","embeddable":true,"href":"http:\/\/knit4u.se\/de\/wp-json\/wp\/v2\/product_cat?post=7827"},{"taxonomy":"product_tag","embeddable":true,"href":"http:\/\/knit4u.se\/de\/wp-json\/wp\/v2\/product_tag?post=7827"}],"curies":[{"name":"wp","href":"https:\/\/api.w.org\/{rel}","templated":true}]}}