{"id":3262,"date":"2024-03-18T21:39:05","date_gmt":"2024-03-18T20:39:05","guid":{"rendered":"https:\/\/www.knitforyou.se\/?post_type=product&#038;p=3262"},"modified":"2025-11-23T23:37:53","modified_gmt":"2025-11-23T22:37:53","slug":"gothem-randig-troja-monster-garn","status":"publish","type":"product","link":"http:\/\/knit4u.se\/en\/product\/gothem-randig-troja-monster-garn\/","title":{"rendered":"GOTHEM RAND tr\u00f6ja &#8211; Gotlandsull &#8211; Stickpaket"},"content":{"rendered":"<ul>\n<li style=\"font-size: 16px;\">Size\n<ul>\n<li style=\"font-size: 16px;\">One size<\/li>\n<\/ul>\n<\/li>\n<li style=\"font-size: 16px;\">Yarn\n<ul>\n<li style=\"font-size: 16px;\">3 + 1 hg F\u00c5R\u00d6 &#8211; Knit4u<\/li>\n<\/ul>\n<\/li>\n<li>Quality\n<ul>\n<li>70 % Gotland Wool &amp; 30 % Falkland Merino &#8211; 100 g \/ 300 m<\/li>\n<\/ul>\n<\/li>\n<li>\u00a0Dimensions\n<ul>\n<li>Length 60 cm<\/li>\n<li>Width 58 cm<\/li>\n<\/ul>\n<\/li>\n<li>Printed pattern instruction<\/li>\n<li>Tillval rundstickor Addi bambu nr 5 &#8211; 40 cm &amp; 80 cm<\/li>\n<\/ul>\n<p>&nbsp;<\/p>","protected":false},"excerpt":{"rendered":"<p data-start=\"106\" data-end=\"445\"><strong data-start=\"106\" data-end=\"154\">Gothem Rand - the jumper you just want to crawl into<\/strong><br data-start=\"154\" data-end=\"157\" \/>A really cosy and stylish jumper with a relaxed fit and a half-high collar - knitted in our own yarn F\u00c5R\u00d6, a single-ply Gotland wool that is soft, fluffy and naturally beautiful. The jumper is worked from the top down in 3\u00d72 rib, in the round and in one piece.<\/p>\n<p data-start=\"447\" data-end=\"574\">After washing on a wool programme, the yarn fluffs up and takes on a light mohair-like feel - softer each time you wear the garment.<\/p>\n<p data-start=\"576\" data-end=\"744\">In the pattern you can choose between <strong data-start=\"607\" data-end=\"631\">t<\/strong>re or five stripes. Want to create your own colour combination? Please get in touch with us at <strong data-start=\"701\" data-end=\"719\"><a class=\"cursor-pointer\" rel=\"noopener\" data-start=\"703\" data-end=\"717\">info@knit4u.se<\/a><\/strong> we will be happy to help you!<\/p>\n<p data-start=\"746\" data-end=\"764\"><strong data-start=\"746\" data-end=\"764\">Design: Knit4u<\/strong><\/p>","protected":false},"featured_media":5261,"template":"","meta":{"site-sidebar-layout":"default","site-content-layout":"","ast-site-content-layout":"default","site-content-style":"default","site-sidebar-style":"default","ast-global-header-display":"","ast-banner-title-visibility":"","ast-main-header-display":"","ast-hfb-above-header-display":"","ast-hfb-below-header-display":"","ast-hfb-mobile-header-display":"","site-post-title":"","ast-breadcrumbs-content":"","ast-featured-img":"","footer-sml-layout":"","ast-disable-related-posts":"","theme-transparent-header-meta":"default","adv-header-id-meta":"","stick-header-meta":"","header-above-stick-meta":"","header-main-stick-meta":"","header-below-stick-meta":"","astra-migrate-meta-layouts":"set","ast-page-background-enabled":"default","ast-page-background-meta":{"desktop":{"background-color":"var(--ast-global-color-4)","background-image":"","background-repeat":"repeat","background-position":"center center","background-size":"auto","background-attachment":"scroll","background-type":"","background-media":"","overlay-type":"","overlay-color":"","overlay-opacity":"","overlay-gradient":""},"tablet":{"background-color":"","background-image":"","background-repeat":"repeat","background-position":"center center","background-size":"auto","background-attachment":"scroll","background-type":"","background-media":"","overlay-type":"","overlay-color":"","overlay-opacity":"","overlay-gradient":""},"mobile":{"background-color":"","background-image":"","background-repeat":"repeat","background-position":"center center","background-size":"auto","background-attachment":"scroll","background-type":"","background-media":"","overlay-type":"","overlay-color":"","overlay-opacity":"","overlay-gradient":""}},"ast-content-background-meta":{"desktop":{"background-color":"var(--ast-global-color-5)","background-image":"","background-repeat":"repeat","background-position":"center center","background-size":"auto","background-attachment":"scroll","background-type":"","background-media":"","overlay-type":"","overlay-color":"","overlay-opacity":"","overlay-gradient":""},"tablet":{"background-color":"var(--ast-global-color-5)","background-image":"","background-repeat":"repeat","background-position":"center center","background-size":"auto","background-attachment":"scroll","background-type":"","background-media":"","overlay-type":"","overlay-color":"","overlay-opacity":"","overlay-gradient":""},"mobile":{"background-color":"var(--ast-global-color-5)","background-image":"","background-repeat":"repeat","background-position":"center center","background-size":"auto","background-attachment":"scroll","background-type":"","background-media":"","overlay-type":"","overlay-color":"","overlay-opacity":"","overlay-gradient":""}}},"product_brand":[],"product_cat":[56,27],"product_tag":[378,142,135],"class_list":{"0":"post-3262","1":"product","2":"type-product","3":"status-publish","4":"has-post-thumbnail","6":"product_cat-stickpaket","7":"product_cat-troja","8":"product_tag-design-knit4u","9":"product_tag-faro","10":"product_tag-gotlandsull","11":"desktop-align-left","12":"tablet-align-left","13":"mobile-align-left","15":"first","16":"instock","17":"taxable","18":"shipping-taxable","19":"purchasable","20":"product-type-variable","21":"has-default-attributes"},"_links":{"self":[{"href":"http:\/\/knit4u.se\/en\/wp-json\/wp\/v2\/product\/3262","targetHints":{"allow":["GET"]}}],"collection":[{"href":"http:\/\/knit4u.se\/en\/wp-json\/wp\/v2\/product"}],"about":[{"href":"http:\/\/knit4u.se\/en\/wp-json\/wp\/v2\/types\/product"}],"version-history":[{"count":10,"href":"http:\/\/knit4u.se\/en\/wp-json\/wp\/v2\/product\/3262\/revisions"}],"predecessor-version":[{"id":6202,"href":"http:\/\/knit4u.se\/en\/wp-json\/wp\/v2\/product\/3262\/revisions\/6202"}],"wp:featuredmedia":[{"embeddable":true,"href":"http:\/\/knit4u.se\/en\/wp-json\/wp\/v2\/media\/5261"}],"wp:attachment":[{"href":"http:\/\/knit4u.se\/en\/wp-json\/wp\/v2\/media?parent=3262"}],"wp:term":[{"taxonomy":"product_brand","embeddable":true,"href":"http:\/\/knit4u.se\/en\/wp-json\/wp\/v2\/product_brand?post=3262"},{"taxonomy":"product_cat","embeddable":true,"href":"http:\/\/knit4u.se\/en\/wp-json\/wp\/v2\/product_cat?post=3262"},{"taxonomy":"product_tag","embeddable":true,"href":"http:\/\/knit4u.se\/en\/wp-json\/wp\/v2\/product_tag?post=3262"}],"curies":[{"name":"wp","href":"https:\/\/api.w.org\/{rel}","templated":true}]}}