{"id":3282,"date":"2024-03-18T22:13:30","date_gmt":"2024-03-18T21:13:30","guid":{"rendered":"https:\/\/www.knitforyou.se\/?post_type=product&#038;p=3282"},"modified":"2026-03-23T16:46:58","modified_gmt":"2026-03-23T15:46:58","slug":"gothem-troja-monster-garn","status":"publish","type":"product","link":"http:\/\/knit4u.se\/en\/product\/gothem-troja-monster-garn\/","title":{"rendered":"GOTHEM tr\u00f6ja &#8211; Gotlandsull &#8211; Stickpaket"},"content":{"rendered":"<ul>\n<li style=\"font-size: 16px;\">Size\n<ul>\n<li style=\"font-size: 16px;\">One size<\/li>\n<\/ul>\n<\/li>\n<li style=\"font-size: 16px;\">Yarn\n<ul>\n<li style=\"font-size: 16px;\">3 hg F\u00c5R\u00d6 &#8211; Knit4u<\/li>\n<\/ul>\n<\/li>\n<li>Quality\n<ul>\n<li>70 % Gotland Wool &amp; 30 % Falkland Merino &#8211; 100 g \/ 300 m<\/li>\n<\/ul>\n<\/li>\n<li>\u00a0Dimensions\n<ul>\n<li>Length 60 cm<\/li>\n<li>Width 58 cm<\/li>\n<\/ul>\n<\/li>\n<li>Printed pattern instruction<\/li>\n<li>Optional circular knitting needles Addi bamboo no. 5 - 40 cm + 80 cm<\/li>\n<\/ul>\n<p>&nbsp;<\/p>","protected":false},"excerpt":{"rendered":"<p class=\"\" data-start=\"88\" data-end=\"322\"><strong data-start=\"88\" data-end=\"131\">Gothem \u2013 Tr\u00f6jan du bara vill krypa in i<\/strong><br data-start=\"131\" data-end=\"134\" \/>Gothem \u00e4r en mjuk och mysig tr\u00f6ja med ledig passform och halvh\u00f6g krage, stickad i v\u00e5rt eget garn F\u00c5R\u00d6 \u2013 ett entr\u00e5digt garn av Gotlandsull som ger ett naturligt fluff och en ullig k\u00e4nsla.<\/p>\n<p class=\"\" data-start=\"324\" data-end=\"620\">Tr\u00f6jan stickas uppifr\u00e5n och ner i ribbstickning 3 x 2, p\u00e5 rundsticka och helt utan s\u00f6mmar. Efter tv\u00e4tt p\u00e5 ullprogram fluffar garnet upp sig och ger tr\u00f6jan en n\u00e4stan mohairlik k\u00e4nsla. Ett enkelt stickprojekt och en sj\u00e4lvklar favorit i garderoben \u2013 ju mer du anv\u00e4nder den, desto mjukare blir den. Finns \u00e4ven med r\u00e4nder, se Gothem rand.<\/p>\n<p class=\"\" data-start=\"622\" data-end=\"636\"><strong>Design: Knit4u<\/strong><\/p>","protected":false},"featured_media":7573,"template":"","meta":{"site-sidebar-layout":"default","site-content-layout":"","ast-site-content-layout":"default","site-content-style":"default","site-sidebar-style":"default","ast-global-header-display":"","ast-banner-title-visibility":"","ast-main-header-display":"","ast-hfb-above-header-display":"","ast-hfb-below-header-display":"","ast-hfb-mobile-header-display":"","site-post-title":"","ast-breadcrumbs-content":"","ast-featured-img":"","footer-sml-layout":"","ast-disable-related-posts":"","theme-transparent-header-meta":"default","adv-header-id-meta":"","stick-header-meta":"","header-above-stick-meta":"","header-main-stick-meta":"","header-below-stick-meta":"","astra-migrate-meta-layouts":"set","ast-page-background-enabled":"default","ast-page-background-meta":{"desktop":{"background-color":"var(--ast-global-color-4)","background-image":"","background-repeat":"repeat","background-position":"center center","background-size":"auto","background-attachment":"scroll","background-type":"","background-media":"","overlay-type":"","overlay-color":"","overlay-opacity":"","overlay-gradient":""},"tablet":{"background-color":"","background-image":"","background-repeat":"repeat","background-position":"center center","background-size":"auto","background-attachment":"scroll","background-type":"","background-media":"","overlay-type":"","overlay-color":"","overlay-opacity":"","overlay-gradient":""},"mobile":{"background-color":"","background-image":"","background-repeat":"repeat","background-position":"center center","background-size":"auto","background-attachment":"scroll","background-type":"","background-media":"","overlay-type":"","overlay-color":"","overlay-opacity":"","overlay-gradient":""}},"ast-content-background-meta":{"desktop":{"background-color":"var(--ast-global-color-5)","background-image":"","background-repeat":"repeat","background-position":"center center","background-size":"auto","background-attachment":"scroll","background-type":"","background-media":"","overlay-type":"","overlay-color":"","overlay-opacity":"","overlay-gradient":""},"tablet":{"background-color":"var(--ast-global-color-5)","background-image":"","background-repeat":"repeat","background-position":"center center","background-size":"auto","background-attachment":"scroll","background-type":"","background-media":"","overlay-type":"","overlay-color":"","overlay-opacity":"","overlay-gradient":""},"mobile":{"background-color":"var(--ast-global-color-5)","background-image":"","background-repeat":"repeat","background-position":"center center","background-size":"auto","background-attachment":"scroll","background-type":"","background-media":"","overlay-type":"","overlay-color":"","overlay-opacity":"","overlay-gradient":""}}},"product_brand":[],"product_cat":[56,27],"product_tag":[378,136,142,135],"class_list":{"0":"post-3282","1":"product","2":"type-product","3":"status-publish","4":"has-post-thumbnail","6":"product_cat-stickpaket","7":"product_cat-troja","8":"product_tag-design-knit4u","9":"product_tag-enkel-stickning","10":"product_tag-faro","11":"product_tag-gotlandsull","12":"desktop-align-left","13":"tablet-align-left","14":"mobile-align-left","16":"first","17":"instock","18":"taxable","19":"shipping-taxable","20":"purchasable","21":"product-type-variable","22":"has-default-attributes"},"_links":{"self":[{"href":"http:\/\/knit4u.se\/en\/wp-json\/wp\/v2\/product\/3282","targetHints":{"allow":["GET"]}}],"collection":[{"href":"http:\/\/knit4u.se\/en\/wp-json\/wp\/v2\/product"}],"about":[{"href":"http:\/\/knit4u.se\/en\/wp-json\/wp\/v2\/types\/product"}],"version-history":[{"count":9,"href":"http:\/\/knit4u.se\/en\/wp-json\/wp\/v2\/product\/3282\/revisions"}],"predecessor-version":[{"id":7575,"href":"http:\/\/knit4u.se\/en\/wp-json\/wp\/v2\/product\/3282\/revisions\/7575"}],"wp:featuredmedia":[{"embeddable":true,"href":"http:\/\/knit4u.se\/en\/wp-json\/wp\/v2\/media\/7573"}],"wp:attachment":[{"href":"http:\/\/knit4u.se\/en\/wp-json\/wp\/v2\/media?parent=3282"}],"wp:term":[{"taxonomy":"product_brand","embeddable":true,"href":"http:\/\/knit4u.se\/en\/wp-json\/wp\/v2\/product_brand?post=3282"},{"taxonomy":"product_cat","embeddable":true,"href":"http:\/\/knit4u.se\/en\/wp-json\/wp\/v2\/product_cat?post=3282"},{"taxonomy":"product_tag","embeddable":true,"href":"http:\/\/knit4u.se\/en\/wp-json\/wp\/v2\/product_tag?post=3282"}],"curies":[{"name":"wp","href":"https:\/\/api.w.org\/{rel}","templated":true}]}}