{"id":8022,"date":"2024-06-18T13:33:11","date_gmt":"2024-06-18T12:33:11","guid":{"rendered":"https:\/\/knit4u.se\/?post_type=product&#038;p=8022"},"modified":"2026-01-02T19:53:39","modified_gmt":"2026-01-02T18:53:39","slug":"soft-topp-i-finaste-cashmere-monster-garn","status":"publish","type":"product","link":"http:\/\/knit4u.se\/en\/product\/soft-topp-i-finaste-cashmere-monster-garn\/","title":{"rendered":"SOFT Topp &#8211; Cashmere, Silke &#8211; Stickpaket"},"content":{"rendered":"<ul>\n<li style=\"font-size: 16px;\">Size\n<ul>\n<li style=\"font-size: 16px;\">S ( M ) L<\/li>\n<\/ul>\n<\/li>\n<li style=\"font-size: 16px;\">Yarn\n<ul>\n<li>1 ( 1 ) 1.25 hg Prime &#8211; Cardiff Cashmere<\/li>\n<\/ul>\n<\/li>\n<li>Quality\n<ul>\n<li>68 % Cashmere &#8211; 32 % Silk &#8211; 25 g \/ 300 m<\/li>\n<\/ul>\n<\/li>\n<li>Dimensions\n<ul>\n<li>\n<p class=\"p1\">L\u00e4ngd 53 ( 56 ) 58 cm<\/p>\n<\/li>\n<li>\n<p class=\"p1\">Bredd 42 ( 48 ) 55 cm<\/p>\n<\/li>\n<\/ul>\n<\/li>\n<li>Printed pattern instruction<\/li>\n<li>Optional circular knitting needles Addi bamboo no 4.5 - 40 cm + 80 cm<\/li>\n<\/ul>","protected":false},"excerpt":{"rendered":"<h6 data-start=\"135\" data-end=\"190\"><strong data-start=\"139\" data-end=\"190\">SOFT \u2013 mjuk lyx i finaste cashmere fr\u00e5n italienska Cardiff<\/strong><\/h6>\n<p data-start=\"192\" data-end=\"444\">Soft en elegant och kort\u00e4rmad topp med rund halsringning och f\u00f6ljsam passform. Stickad i tv\u00e5 tr\u00e5dar av det exklusiva cashmere silke garnet Prime fr\u00e5n italienska Cardiff. Garnet \u00e4r en fr\u00f6jd att sticka med och resultatet blir\u00a0 ett otroligt mjukt och l\u00e4tt plagg.<\/p>\n<p data-start=\"446\" data-end=\"514\">Toppen stickas uppifr\u00e5n och ner med raglan\u00e4rm i sl\u00e4tstickning p\u00e5 rundsticka nr 4,5.<\/p>\n<p data-start=\"560\" data-end=\"816\"><strong>Prime<\/strong> fr\u00e5n italienska <strong>Cardiff<\/strong> \u00e4r ett borstat lyxgarn med en k\u00e4rna av \u00e4kta mullb\u00e4rssilke, omsluten av den mjukaste kashmir. Den fina strukturen g\u00f6r garnet m\u00e5ngsidigt och passar att anv\u00e4nd som f\u00f6ljeslagare tillsammans med andra garner men h\u00e4r har vi valt\u00a0 att sticka med det ensamt f\u00f6r ett extra exklusivt resultat.<\/p>\n<p data-start=\"818\" data-end=\"874\"><strong data-start=\"818\" data-end=\"874\">Design Knit4u<\/strong><\/p>","protected":false},"featured_media":8695,"template":"","meta":{"site-sidebar-layout":"default","site-content-layout":"","ast-site-content-layout":"default","site-content-style":"default","site-sidebar-style":"default","ast-global-header-display":"","ast-banner-title-visibility":"","ast-main-header-display":"","ast-hfb-above-header-display":"","ast-hfb-below-header-display":"","ast-hfb-mobile-header-display":"","site-post-title":"","ast-breadcrumbs-content":"","ast-featured-img":"","footer-sml-layout":"","ast-disable-related-posts":"","theme-transparent-header-meta":"default","adv-header-id-meta":"","stick-header-meta":"","header-above-stick-meta":"","header-main-stick-meta":"","header-below-stick-meta":"","astra-migrate-meta-layouts":"set","ast-page-background-enabled":"default","ast-page-background-meta":{"desktop":{"background-color":"var(--ast-global-color-4)","background-image":"","background-repeat":"repeat","background-position":"center center","background-size":"auto","background-attachment":"scroll","background-type":"","background-media":"","overlay-type":"","overlay-color":"","overlay-opacity":"","overlay-gradient":""},"tablet":{"background-color":"","background-image":"","background-repeat":"repeat","background-position":"center center","background-size":"auto","background-attachment":"scroll","background-type":"","background-media":"","overlay-type":"","overlay-color":"","overlay-opacity":"","overlay-gradient":""},"mobile":{"background-color":"","background-image":"","background-repeat":"repeat","background-position":"center center","background-size":"auto","background-attachment":"scroll","background-type":"","background-media":"","overlay-type":"","overlay-color":"","overlay-opacity":"","overlay-gradient":""}},"ast-content-background-meta":{"desktop":{"background-color":"var(--ast-global-color-5)","background-image":"","background-repeat":"repeat","background-position":"center center","background-size":"auto","background-attachment":"scroll","background-type":"","background-media":"","overlay-type":"","overlay-color":"","overlay-opacity":"","overlay-gradient":""},"tablet":{"background-color":"var(--ast-global-color-5)","background-image":"","background-repeat":"repeat","background-position":"center center","background-size":"auto","background-attachment":"scroll","background-type":"","background-media":"","overlay-type":"","overlay-color":"","overlay-opacity":"","overlay-gradient":""},"mobile":{"background-color":"var(--ast-global-color-5)","background-image":"","background-repeat":"repeat","background-position":"center center","background-size":"auto","background-attachment":"scroll","background-type":"","background-media":"","overlay-type":"","overlay-color":"","overlay-opacity":"","overlay-gradient":""}}},"product_brand":[],"product_cat":[56,27],"product_tag":[154,136,53,347],"class_list":{"0":"post-8022","1":"product","2":"type-product","3":"status-publish","4":"has-post-thumbnail","6":"product_cat-stickpaket","7":"product_cat-troja","8":"product_tag-cashmere","9":"product_tag-enkel-stickning","10":"product_tag-knit4u","11":"product_tag-prime-cardiff","12":"desktop-align-left","13":"tablet-align-left","14":"mobile-align-left","16":"first","17":"instock","18":"taxable","19":"shipping-taxable","20":"purchasable","21":"product-type-variable","22":"has-default-attributes"},"_links":{"self":[{"href":"http:\/\/knit4u.se\/en\/wp-json\/wp\/v2\/product\/8022","targetHints":{"allow":["GET"]}}],"collection":[{"href":"http:\/\/knit4u.se\/en\/wp-json\/wp\/v2\/product"}],"about":[{"href":"http:\/\/knit4u.se\/en\/wp-json\/wp\/v2\/types\/product"}],"version-history":[{"count":13,"href":"http:\/\/knit4u.se\/en\/wp-json\/wp\/v2\/product\/8022\/revisions"}],"predecessor-version":[{"id":9087,"href":"http:\/\/knit4u.se\/en\/wp-json\/wp\/v2\/product\/8022\/revisions\/9087"}],"wp:featuredmedia":[{"embeddable":true,"href":"http:\/\/knit4u.se\/en\/wp-json\/wp\/v2\/media\/8695"}],"wp:attachment":[{"href":"http:\/\/knit4u.se\/en\/wp-json\/wp\/v2\/media?parent=8022"}],"wp:term":[{"taxonomy":"product_brand","embeddable":true,"href":"http:\/\/knit4u.se\/en\/wp-json\/wp\/v2\/product_brand?post=8022"},{"taxonomy":"product_cat","embeddable":true,"href":"http:\/\/knit4u.se\/en\/wp-json\/wp\/v2\/product_cat?post=8022"},{"taxonomy":"product_tag","embeddable":true,"href":"http:\/\/knit4u.se\/en\/wp-json\/wp\/v2\/product_tag?post=8022"}],"curies":[{"name":"wp","href":"https:\/\/api.w.org\/{rel}","templated":true}]}}