{"id":8734,"date":"2025-11-18T15:57:09","date_gmt":"2025-11-18T14:57:09","guid":{"rendered":"https:\/\/knit4u.se\/?post_type=product&#038;p=8734"},"modified":"2026-02-08T17:44:36","modified_gmt":"2026-02-08T16:44:36","slug":"julia-kofta-i-mohairsilke-stickpaket-kopia","status":"publish","type":"product","link":"http:\/\/knit4u.se\/en\/product\/julia-kofta-i-mohairsilke-stickpaket-kopia\/","title":{"rendered":"JULIA Kofta &#8211; Mohairsilke &#8211; Stickpaket"},"content":{"rendered":"<ul>\n<li style=\"font-size: 16px;\">Size\n<ul>\n<li style=\"font-size: 16px;\">S\/M ( L\/LX )<\/li>\n<\/ul>\n<\/li>\n<li style=\"font-size: 16px;\">Yarn\n<ul>\n<li style=\"font-size: 16px;\">1.5 ( 2 )\u00a0 hg EIFFEL &#8211; Sesia<\/li>\n<li style=\"font-size: 16px;\"><span style=\"font-size: 16px;\"><span style=\"font-size: 16px;\">0.75 ( 1 )\u00a0 hg <\/span><\/span>VIVIENNE &#8211; Sesia<\/li>\n<\/ul>\n<\/li>\n<li>Quality\n<ul>\n<li>Vivienne &#8211; 70 % Super Kid Mohair &amp; 30 % Mulberry Silke &#8211; 25 g \/ 210 m<\/li>\n<li>EIFFEL &#8211; 70 % Kid Mohair &amp; 30 % Mulberry Silke &#8211; 25 g \/ 75 m<\/li>\n<\/ul>\n<\/li>\n<li>\u00a0Dimensions\n<ul>\n<li>L\u00e4ngd 50 ( 54 ) cm<\/li>\n<li>Bredd 54 ( 60 ) cm<\/li>\n<li>\u00c4rm 36 ( 37 ) cm fr\u00e5n \u00e4rmh\u00e5l<\/li>\n<\/ul>\n<\/li>\n<li>Printed pattern instruction<\/li>\n<li>Tillval rundstickor Addi bambu\u00a0 nr 6 &#8211; 80 cm &amp; nr 7 &#8211; 80 cm<\/li>\n<li>Vill du ha knappar beh\u00f6ver du 5 st annars f\u00e4ster du koftan med en n\u00e5l eller brosch<\/li>\n<\/ul>","protected":false},"excerpt":{"rendered":"<p class=\"\" data-start=\"83\" data-end=\"138\"><strong data-start=\"83\" data-end=\"138\">JULIA Kofta \u2013 i finaste mohairsilke fr\u00e5n Italien\u00a0<\/strong><\/p>\n<p class=\"\" data-start=\"140\" data-end=\"395\">JULIA \u00e4r\u00a0 \u00e4r den d\u00e4r dr\u00f6mkoftan du sveper om dig \u2013 rymlig, mjuk och full av personlighet. Stickad i en lyxig mix av VIEN (tunn mohairsilke) och EIFE (tjockare mohairsilke), b\u00e5da i n\u00e4ra nyanser f\u00f6r en subtil melerad effekt som ger liv \u00e5t varje maska.<\/p>\n<p class=\"\" data-start=\"397\" data-end=\"641\">Koftan stickas uppifr\u00e5n och ner i sl\u00e4tstickning, med <strong data-start=\"440\" data-end=\"461\">s<\/strong>knitted body and ribbed sleeves that are knitted separately and sewn in - a classic construction with a modern twist. The cardigan has a lovely fluffy feel yet is light and airy to wear.<\/p>\n<p class=\"\" data-start=\"643\" data-end=\"804\">Level: Medium<br data-start=\"659\" data-end=\"662\" \/>Beautiful mottling with two matching threads<br data-start=\"706\" data-end=\"709\" \/>Knitted in VIEN + EIFE from Knit4u<br data-start=\"747\" data-end=\"750\" \/>Slightly larger fit - perfect for layering<\/p>\n<p class=\"\" data-start=\"806\" data-end=\"824\"><strong data-start=\"806\" data-end=\"824\">Design: Knit4u<\/strong><\/p>","protected":false},"featured_media":8730,"template":"","meta":{"site-sidebar-layout":"default","site-content-layout":"","ast-site-content-layout":"default","site-content-style":"default","site-sidebar-style":"default","ast-global-header-display":"","ast-banner-title-visibility":"","ast-main-header-display":"","ast-hfb-above-header-display":"","ast-hfb-below-header-display":"","ast-hfb-mobile-header-display":"","site-post-title":"","ast-breadcrumbs-content":"","ast-featured-img":"","footer-sml-layout":"","ast-disable-related-posts":"","theme-transparent-header-meta":"default","adv-header-id-meta":"","stick-header-meta":"","header-above-stick-meta":"","header-main-stick-meta":"","header-below-stick-meta":"","astra-migrate-meta-layouts":"set","ast-page-background-enabled":"default","ast-page-background-meta":{"desktop":{"background-color":"var(--ast-global-color-4)","background-image":"","background-repeat":"repeat","background-position":"center center","background-size":"auto","background-attachment":"scroll","background-type":"","background-media":"","overlay-type":"","overlay-color":"","overlay-opacity":"","overlay-gradient":""},"tablet":{"background-color":"","background-image":"","background-repeat":"repeat","background-position":"center center","background-size":"auto","background-attachment":"scroll","background-type":"","background-media":"","overlay-type":"","overlay-color":"","overlay-opacity":"","overlay-gradient":""},"mobile":{"background-color":"","background-image":"","background-repeat":"repeat","background-position":"center center","background-size":"auto","background-attachment":"scroll","background-type":"","background-media":"","overlay-type":"","overlay-color":"","overlay-opacity":"","overlay-gradient":""}},"ast-content-background-meta":{"desktop":{"background-color":"var(--ast-global-color-5)","background-image":"","background-repeat":"repeat","background-position":"center center","background-size":"auto","background-attachment":"scroll","background-type":"","background-media":"","overlay-type":"","overlay-color":"","overlay-opacity":"","overlay-gradient":""},"tablet":{"background-color":"var(--ast-global-color-5)","background-image":"","background-repeat":"repeat","background-position":"center center","background-size":"auto","background-attachment":"scroll","background-type":"","background-media":"","overlay-type":"","overlay-color":"","overlay-opacity":"","overlay-gradient":""},"mobile":{"background-color":"var(--ast-global-color-5)","background-image":"","background-repeat":"repeat","background-position":"center center","background-size":"auto","background-attachment":"scroll","background-type":"","background-media":"","overlay-type":"","overlay-color":"","overlay-opacity":"","overlay-gradient":""}}},"product_brand":[],"product_cat":[28,56],"product_tag":[371,53,234,355,375],"class_list":{"0":"post-8734","1":"product","2":"type-product","3":"status-publish","4":"has-post-thumbnail","6":"product_cat-kofta","7":"product_cat-stickpaket","8":"product_tag-eiffel","9":"product_tag-knit4u","10":"product_tag-mohairsilke","11":"product_tag-sesia","12":"product_tag-vivienne","13":"desktop-align-left","14":"tablet-align-left","15":"mobile-align-left","17":"first","18":"instock","19":"taxable","20":"shipping-taxable","21":"purchasable","22":"product-type-variable","23":"has-default-attributes"},"_links":{"self":[{"href":"http:\/\/knit4u.se\/en\/wp-json\/wp\/v2\/product\/8734","targetHints":{"allow":["GET"]}}],"collection":[{"href":"http:\/\/knit4u.se\/en\/wp-json\/wp\/v2\/product"}],"about":[{"href":"http:\/\/knit4u.se\/en\/wp-json\/wp\/v2\/types\/product"}],"version-history":[{"count":5,"href":"http:\/\/knit4u.se\/en\/wp-json\/wp\/v2\/product\/8734\/revisions"}],"predecessor-version":[{"id":9323,"href":"http:\/\/knit4u.se\/en\/wp-json\/wp\/v2\/product\/8734\/revisions\/9323"}],"wp:featuredmedia":[{"embeddable":true,"href":"http:\/\/knit4u.se\/en\/wp-json\/wp\/v2\/media\/8730"}],"wp:attachment":[{"href":"http:\/\/knit4u.se\/en\/wp-json\/wp\/v2\/media?parent=8734"}],"wp:term":[{"taxonomy":"product_brand","embeddable":true,"href":"http:\/\/knit4u.se\/en\/wp-json\/wp\/v2\/product_brand?post=8734"},{"taxonomy":"product_cat","embeddable":true,"href":"http:\/\/knit4u.se\/en\/wp-json\/wp\/v2\/product_cat?post=8734"},{"taxonomy":"product_tag","embeddable":true,"href":"http:\/\/knit4u.se\/en\/wp-json\/wp\/v2\/product_tag?post=8734"}],"curies":[{"name":"wp","href":"https:\/\/api.w.org\/{rel}","templated":true}]}}