{"id":5854,"date":"2025-08-17T21:56:06","date_gmt":"2025-08-17T20:56:06","guid":{"rendered":"https:\/\/www.knitforyou.se\/?post_type=product&#038;p=5854"},"modified":"2026-02-23T13:58:04","modified_gmt":"2026-02-23T12:58:04","slug":"kira-halsduk-monster-garn","status":"publish","type":"product","link":"http:\/\/knit4u.se\/sv_se\/product\/kira-halsduk-monster-garn\/","title":{"rendered":"KIRA Halsduk &#8211; Gotlandsull Merino &#8211; Stickpaket"},"content":{"rendered":"<div class=\"tws-article-description--text-container\">\n<ul>\n<li>Storlek\n<ul>\n<li>One size<\/li>\n<\/ul>\n<\/li>\n<li>Garn\n<ul>\n<li>2 hg F\u00c5R\u00d6 &#8211; Knit4u<\/li>\n<li>1,5 hg MISTRAL &#8211; Sesia<\/li>\n<\/ul>\n<\/li>\n<li>Kvalit\u00e9\n<ul>\n<li>F\u00e5r\u00f6 &#8211; 70 % Gotland Wool &#8211; 100 g \/ 300 m<\/li>\n<li>Lana &#8211; 100 % Merino Superwash &#8211; 50 g \/ 175 m<\/li>\n<\/ul>\n<\/li>\n<li>M\u00e5tt\n<ul>\n<li>L\u00e4ngd 170 cm<\/li>\n<li>Bredd 30 cm<\/li>\n<\/ul>\n<\/li>\n<li>Utskriven m\u00f6nsterinstruktion<\/li>\n<li>Tillval \u00a0Addi bambu rundsticka nr 7 &#8211; 80 cm\n<div class=\"tws-article-description--text-container tws-article-description--show-full-description\">\n<div class=\"tws-article-description--text\"><\/div>\n<\/div>\n<\/li>\n<\/ul>\n<\/div>\n","protected":false},"excerpt":{"rendered":"<p data-start=\"120\" data-end=\"388\"><strong data-start=\"120\" data-end=\"170\">Kira \u2013 ribbstickad halsduk i mjuk ullblandning<\/strong><br data-start=\"170\" data-end=\"173\" \/>Kira \u00e4r en klassisk och l\u00e4ttstickad halsduk i en fin blandning av Gotlandsull och merinoull. Den stickas i 2 r\u00e4t, 2 avig-ribb med tv\u00e5 tr\u00e5dar p\u00e5 stickor nr 7, vilket ger en stretchig, mjuk och f\u00f6ljsam k\u00e4nsla.<\/p>\n<p data-start=\"390\" data-end=\"491\">Halsduken \u00e4r tillr\u00e4ckligt l\u00e5ng f\u00f6r att kunna viras ett par varv runt halsen \u2013 varm, enkel och tidl\u00f6s.<\/p>\n<p data-start=\"493\" data-end=\"610\">Vill du ha en snygg matchning? Kira passar perfekt ihop med m\u00f6ssan Iris, stickad i samma mjuka garnblandning.<\/p>\n<p data-start=\"612\" data-end=\"630\"><strong data-start=\"612\" data-end=\"630\">Design: Knit4u<\/strong><\/p>\n","protected":false},"featured_media":5915,"template":"","meta":{"site-sidebar-layout":"default","site-content-layout":"","ast-site-content-layout":"default","site-content-style":"default","site-sidebar-style":"default","ast-global-header-display":"","ast-banner-title-visibility":"","ast-main-header-display":"","ast-hfb-above-header-display":"","ast-hfb-below-header-display":"","ast-hfb-mobile-header-display":"","site-post-title":"","ast-breadcrumbs-content":"","ast-featured-img":"","footer-sml-layout":"","ast-disable-related-posts":"","theme-transparent-header-meta":"default","adv-header-id-meta":"","stick-header-meta":"","header-above-stick-meta":"","header-main-stick-meta":"","header-below-stick-meta":"","astra-migrate-meta-layouts":"set","ast-page-background-enabled":"default","ast-page-background-meta":{"desktop":{"background-color":"var(--ast-global-color-4)","background-image":"","background-repeat":"repeat","background-position":"center center","background-size":"auto","background-attachment":"scroll","background-type":"","background-media":"","overlay-type":"","overlay-color":"","overlay-opacity":"","overlay-gradient":""},"tablet":{"background-color":"","background-image":"","background-repeat":"repeat","background-position":"center center","background-size":"auto","background-attachment":"scroll","background-type":"","background-media":"","overlay-type":"","overlay-color":"","overlay-opacity":"","overlay-gradient":""},"mobile":{"background-color":"","background-image":"","background-repeat":"repeat","background-position":"center center","background-size":"auto","background-attachment":"scroll","background-type":"","background-media":"","overlay-type":"","overlay-color":"","overlay-opacity":"","overlay-gradient":""}},"ast-content-background-meta":{"desktop":{"background-color":"var(--ast-global-color-5)","background-image":"","background-repeat":"repeat","background-position":"center center","background-size":"auto","background-attachment":"scroll","background-type":"","background-media":"","overlay-type":"","overlay-color":"","overlay-opacity":"","overlay-gradient":""},"tablet":{"background-color":"var(--ast-global-color-5)","background-image":"","background-repeat":"repeat","background-position":"center center","background-size":"auto","background-attachment":"scroll","background-type":"","background-media":"","overlay-type":"","overlay-color":"","overlay-opacity":"","overlay-gradient":""},"mobile":{"background-color":"var(--ast-global-color-5)","background-image":"","background-repeat":"repeat","background-position":"center center","background-size":"auto","background-attachment":"scroll","background-type":"","background-media":"","overlay-type":"","overlay-color":"","overlay-opacity":"","overlay-gradient":""}}},"product_brand":[],"product_cat":[46,56],"product_tag":[378,136,142,135,143],"class_list":{"0":"post-5854","1":"product","2":"type-product","3":"status-publish","4":"has-post-thumbnail","6":"product_cat-accessoarer","7":"product_cat-stickpaket","8":"product_tag-design-knit4u","9":"product_tag-enkel-stickning","10":"product_tag-faro","11":"product_tag-gotlandsull","12":"product_tag-merino","13":"desktop-align-left","14":"tablet-align-left","15":"mobile-align-left","17":"first","18":"instock","19":"taxable","20":"shipping-taxable","21":"purchasable","22":"product-type-variable"},"_links":{"self":[{"href":"http:\/\/knit4u.se\/sv_se\/wp-json\/wp\/v2\/product\/5854","targetHints":{"allow":["GET"]}}],"collection":[{"href":"http:\/\/knit4u.se\/sv_se\/wp-json\/wp\/v2\/product"}],"about":[{"href":"http:\/\/knit4u.se\/sv_se\/wp-json\/wp\/v2\/types\/product"}],"version-history":[{"count":10,"href":"http:\/\/knit4u.se\/sv_se\/wp-json\/wp\/v2\/product\/5854\/revisions"}],"predecessor-version":[{"id":9427,"href":"http:\/\/knit4u.se\/sv_se\/wp-json\/wp\/v2\/product\/5854\/revisions\/9427"}],"wp:featuredmedia":[{"embeddable":true,"href":"http:\/\/knit4u.se\/sv_se\/wp-json\/wp\/v2\/media\/5915"}],"wp:attachment":[{"href":"http:\/\/knit4u.se\/sv_se\/wp-json\/wp\/v2\/media?parent=5854"}],"wp:term":[{"taxonomy":"product_brand","embeddable":true,"href":"http:\/\/knit4u.se\/sv_se\/wp-json\/wp\/v2\/product_brand?post=5854"},{"taxonomy":"product_cat","embeddable":true,"href":"http:\/\/knit4u.se\/sv_se\/wp-json\/wp\/v2\/product_cat?post=5854"},{"taxonomy":"product_tag","embeddable":true,"href":"http:\/\/knit4u.se\/sv_se\/wp-json\/wp\/v2\/product_tag?post=5854"}],"curies":[{"name":"wp","href":"https:\/\/api.w.org\/{rel}","templated":true}]}}