{"id":1812,"date":"2023-11-22T19:09:53","date_gmt":"2023-11-22T18:09:53","guid":{"rendered":"https:\/\/www.knitforyou.se\/?page_id=1812"},"modified":"2026-04-16T11:41:46","modified_gmt":"2026-04-16T10:41:46","slug":"show-room","status":"publish","type":"page","link":"https:\/\/knit4u.se\/de\/show-room\/","title":{"rendered":"Show room"},"content":{"rendered":"\t\t<div data-elementor-type=\"wp-page\" data-elementor-id=\"1812\" class=\"elementor elementor-1812\">\n\t\t\t\t<div class=\"elementor-element elementor-element-ee05c8a e-flex e-con-boxed e-con e-parent\" data-id=\"ee05c8a\" data-element_type=\"container\" data-e-type=\"container\">\n\t\t\t\t\t<div class=\"e-con-inner\">\n\t\t<div class=\"elementor-element elementor-element-af5211b e-con-full e-flex e-con e-child\" data-id=\"af5211b\" data-element_type=\"container\" data-e-type=\"container\">\n\t\t\t\t<div class=\"elementor-element elementor-element-d476d72 elementor-widget elementor-widget-heading\" data-id=\"d476d72\" data-element_type=\"widget\" data-e-type=\"widget\" data-widget_type=\"heading.default\">\n\t\t\t\t\t<h6 class=\"elementor-heading-title elementor-size-default\">Tr\u00e4ffa oss<\/h6>\t\t\t\t<\/div>\n\t\t\t\t<div class=\"elementor-element elementor-element-c641b16 elementor-widget-divider--view-line elementor-widget elementor-widget-divider\" data-id=\"c641b16\" data-element_type=\"widget\" data-e-type=\"widget\" data-widget_type=\"divider.default\">\n\t\t\t\t\t\t\t<div class=\"elementor-divider\">\n\t\t\t<span class=\"elementor-divider-separator\">\n\t\t\t\t\t\t<\/span>\n\t\t<\/div>\n\t\t\t\t\t\t<\/div>\n\t\t\t\t<div class=\"elementor-element elementor-element-a71241b elementor-widget elementor-widget-heading\" data-id=\"a71241b\" data-element_type=\"widget\" data-e-type=\"widget\" data-widget_type=\"heading.default\">\n\t\t\t\t\t<h2 class=\"elementor-heading-title elementor-size-default\">ONSDAG 11-18    Bj\u00f6rnv\u00e4gen  14<\/h2>\t\t\t\t<\/div>\n\t\t\t\t<div class=\"elementor-element elementor-element-687dc01 elementor-widget elementor-widget-text-editor\" data-id=\"687dc01\" data-element_type=\"widget\" data-e-type=\"widget\" data-widget_type=\"text-editor.default\">\n\t\t\t\t\t\t\t\t\t<p><span style=\"font-size: 16px;\"><strong>Onsdagar 11 &#8211; 18&nbsp;<\/strong>st\u00e5r d\u00f6rren \u00f6ppen till v\u00e5rt showroom p\u00e5 <strong>Bj\u00f6rnv\u00e4gen 14&nbsp; Liding\u00f6<\/strong>. H\u00e4r hittar du alla v\u00e5ra modeller uppstickade, s\u00e5 att du i lugn och ro kan prova dig fram till ditt n\u00e4sta stickpaket.&nbsp;&nbsp;<\/span><\/p>\n<p><span style=\"font-size: 16px;\">H\u00e4r finns garn i alla de kul\u00f6rer vi jobbar med och vi hj\u00e4lper s\u00e5 g\u00e4rna till hitta din favorit.&nbsp;<\/span><\/p>\n<p><span style=\"font-size: 16px;\">Vi s\u00e4ljer stickpaket som inneh\u00e5ller garn och m\u00f6nster.&nbsp;<\/span><span style=\"font-size: 16px; font-style: inherit; font-weight: inherit;\">S\u00e4ljer \u00e4ven endast garn om du vill det och s\u00e5 finns det rundstickor i bambu och sm\u00e5 tillbeh\u00f6r som underl\u00e4ttar f\u00f6r dig n\u00e4r du stickar.&nbsp;<\/span><\/p>\n<p><span style=\"font-size: 16px;\">V\u00e5r favoritkorg fr\u00e5n Handed By i h\u00e4rliga f\u00e4rger &#8211; en fl\u00e4tad korg i \u00e5tervunnen plast &#8211;<\/span><span style=\"font-size: 16px; font-style: inherit; font-weight: inherit;\">&nbsp;passar perfekt till att f\u00f6rvara din stickning.<\/span><\/p>\n<p><span style=\"font-size: 16px; font-style: inherit; font-weight: inherit;\">&nbsp;<\/span><\/p>\n<p><span style=\"font-size: 16px;\">&nbsp;<\/span><span style=\"font-style: inherit; font-weight: inherit;\">V\u00e4lkomna<\/span><\/p>\n<p>Paula &amp; Antonia<\/p>\n<p>Knit4<\/p>\t\t\t\t\t\t\t\t<\/div>\n\t\t\t\t<\/div>\n\t\t<div class=\"elementor-element elementor-element-0fa41f4 e-con-full e-flex e-con e-child\" data-id=\"0fa41f4\" data-element_type=\"container\" data-e-type=\"container\" data-settings=\"{&quot;background_background&quot;:&quot;slideshow&quot;,&quot;background_slideshow_gallery&quot;:[{&quot;id&quot;:1823,&quot;url&quot;:&quot;https:\\\/\\\/knit4u.se\\\/wp-content\\\/uploads\\\/2023\\\/11\\\/IMG_6325-scaled.jpg&quot;},{&quot;id&quot;:9623,&quot;url&quot;:&quot;https:\\\/\\\/knit4u.se\\\/wp-content\\\/uploads\\\/2026\\\/03\\\/A7C165EB-240D-49F7-AD0C-747BE3B39320_1_105_c.jpeg&quot;}],&quot;background_slideshow_loop&quot;:&quot;yes&quot;,&quot;background_slideshow_slide_duration&quot;:5000,&quot;background_slideshow_slide_transition&quot;:&quot;fade&quot;,&quot;background_slideshow_transition_duration&quot;:500}\">\n\t\t\t\t<\/div>\n\t\t\t\t\t<\/div>\n\t\t\t\t<\/div>\n\t\t<div class=\"elementor-element elementor-element-74a1f8a e-flex e-con-boxed e-con e-parent\" data-id=\"74a1f8a\" data-element_type=\"container\" data-e-type=\"container\">\n\t\t\t\t\t<div class=\"e-con-inner\">\n\t\t\t\t\t<\/div>\n\t\t\t\t<\/div>\n\t\t\t\t<\/div>\n\t\t","protected":false},"excerpt":{"rendered":"<p>Tr\u00e4ffa oss ONSDAG 11-18 Bj\u00f6rnv\u00e4gen 14 Onsdagar 11 &#8211; 18&nbsp;st\u00e5r d\u00f6rren \u00f6ppen till v\u00e5rt showroom p\u00e5 Bj\u00f6rnv\u00e4gen 14&nbsp; Liding\u00f6. H\u00e4r hittar du alla v\u00e5ra modeller uppstickade, s\u00e5 att du i lugn och ro kan prova dig fram till ditt n\u00e4sta stickpaket.&nbsp;&nbsp; H\u00e4r finns garn i alla de kul\u00f6rer vi jobbar med och vi hj\u00e4lper s\u00e5 [&hellip;]<\/p>\n","protected":false},"author":1,"featured_media":0,"parent":0,"menu_order":0,"comment_status":"closed","ping_status":"closed","template":"","meta":{"site-sidebar-layout":"no-sidebar","site-content-layout":"page-builder","ast-site-content-layout":"full-width-container","site-content-style":"default","site-sidebar-style":"default","ast-global-header-display":"","ast-banner-title-visibility":"","ast-main-header-display":"","ast-hfb-above-header-display":"","ast-hfb-below-header-display":"","ast-hfb-mobile-header-display":"","site-post-title":"","ast-breadcrumbs-content":"","ast-featured-img":"disabled","footer-sml-layout":"","ast-disable-related-posts":"","theme-transparent-header-meta":"","adv-header-id-meta":"","stick-header-meta":"","header-above-stick-meta":"","header-main-stick-meta":"","header-below-stick-meta":"","astra-migrate-meta-layouts":"set","ast-page-background-enabled":"default","ast-page-background-meta":{"desktop":{"background-color":"var(--ast-global-color-4)","background-image":"","background-repeat":"repeat","background-position":"center center","background-size":"auto","background-attachment":"scroll","background-type":"","background-media":"","overlay-type":"","overlay-color":"","overlay-opacity":"","overlay-gradient":""},"tablet":{"background-color":"","background-image":"","background-repeat":"repeat","background-position":"center center","background-size":"auto","background-attachment":"scroll","background-type":"","background-media":"","overlay-type":"","overlay-color":"","overlay-opacity":"","overlay-gradient":""},"mobile":{"background-color":"","background-image":"","background-repeat":"repeat","background-position":"center center","background-size":"auto","background-attachment":"scroll","background-type":"","background-media":"","overlay-type":"","overlay-color":"","overlay-opacity":"","overlay-gradient":""}},"ast-content-background-meta":{"desktop":{"background-color":"var(--ast-global-color-5)","background-image":"","background-repeat":"repeat","background-position":"center center","background-size":"auto","background-attachment":"scroll","background-type":"","background-media":"","overlay-type":"","overlay-color":"","overlay-opacity":"","overlay-gradient":""},"tablet":{"background-color":"var(--ast-global-color-5)","background-image":"","background-repeat":"repeat","background-position":"center center","background-size":"auto","background-attachment":"scroll","background-type":"","background-media":"","overlay-type":"","overlay-color":"","overlay-opacity":"","overlay-gradient":""},"mobile":{"background-color":"var(--ast-global-color-5)","background-image":"","background-repeat":"repeat","background-position":"center center","background-size":"auto","background-attachment":"scroll","background-type":"","background-media":"","overlay-type":"","overlay-color":"","overlay-opacity":"","overlay-gradient":""}},"footnotes":""},"class_list":["post-1812","page","type-page","status-publish","hentry"],"_links":{"self":[{"href":"https:\/\/knit4u.se\/de\/wp-json\/wp\/v2\/pages\/1812","targetHints":{"allow":["GET"]}}],"collection":[{"href":"https:\/\/knit4u.se\/de\/wp-json\/wp\/v2\/pages"}],"about":[{"href":"https:\/\/knit4u.se\/de\/wp-json\/wp\/v2\/types\/page"}],"author":[{"embeddable":true,"href":"https:\/\/knit4u.se\/de\/wp-json\/wp\/v2\/users\/1"}],"replies":[{"embeddable":true,"href":"https:\/\/knit4u.se\/de\/wp-json\/wp\/v2\/comments?post=1812"}],"version-history":[{"count":112,"href":"https:\/\/knit4u.se\/de\/wp-json\/wp\/v2\/pages\/1812\/revisions"}],"predecessor-version":[{"id":10007,"href":"https:\/\/knit4u.se\/de\/wp-json\/wp\/v2\/pages\/1812\/revisions\/10007"}],"wp:attachment":[{"href":"https:\/\/knit4u.se\/de\/wp-json\/wp\/v2\/media?parent=1812"}],"curies":[{"name":"wp","href":"https:\/\/api.w.org\/{rel}","templated":true}]}}