{"id":10087,"date":"2026-04-27T09:37:50","date_gmt":"2026-04-27T08:37:50","guid":{"rendered":"https:\/\/knit4u.se\/?post_type=product&#038;p=10087"},"modified":"2026-05-07T13:00:42","modified_gmt":"2026-05-07T12:00:42","slug":"monica-topp-lin-bomull-stickpaket","status":"publish","type":"product","link":"https:\/\/knit4u.se\/de\/product\/monica-topp-lin-bomull-stickpaket\/","title":{"rendered":"MONICA  Topp &#8211; Lin Bomull  &#8211; Stickpaket"},"content":{"rendered":"<ul>\n<li style=\"font-size: 16px;\">Gr\u00f6\u00dfe\n<ul>\n<li style=\"font-size: 16px;\">S \/ M ( L \/ XL )<\/li>\n<\/ul>\n<\/li>\n<li style=\"font-size: 16px;\">Garn\n<ul>\n<li>2 + 1 ( 3 + 1 )\u00a0 hg Pride &#8211; WoolAddicts<\/li>\n<\/ul>\n<\/li>\n<li>Qualit\u00e4t\n<ul>\n<li>40 % Lin 32 % Bomull 28 % Viskos &#8211; 10<span style=\"font-size: 16px;\">0 g \/ 280 m<\/span><\/li>\n<\/ul>\n<\/li>\n<li>Abmessungen\n<ul>\n<li>L\u00e4ngd 49 ( 50 ) cm<\/li>\n<li>Bredd nedtill 40 ( 50 ) cm<\/li>\n<li>Bredd upptill 68 ( 78 ) cm<\/li>\n<\/ul>\n<\/li>\n<li>Gedruckte Musteranleitung<\/li>\n<li>Tillval rundsticka Addi bambu nr 3.5 &#8211; 40 cm, 3.5\u00a0 &#8211; 80 cm<\/li>\n<\/ul>","protected":false},"excerpt":{"rendered":"<p><strong>Monica \u2013 randig sommartopp i en linbomulls blandning<\/strong><br \/>\nStickad i en vacker blandning av lin och bomull\u00a0 som \u00e4r svalt och mjukt mot kroppen.\u00a0 Toppen stickas fr\u00e5n sida till sida i sl\u00e4tstickning med 1 tr\u00e5d Pride fr\u00e5n WoolAddicts. Liten pingvin\u00e4rm och nedtill \u00e4r toppen figurn\u00e4ra.\u00a0 Dekorativt h\u00e5lm\u00f6nster \u00f6ver axelpartiet. En stilren 1 x 1 ribbkant nedtill,\u00a0 runt halsringningen och \u00e4rmh\u00e5len.\u00a0 Toppen sys ihop i sidorna och d\u00e4refter stickas ribbkanten nedtill och runt halsringningen. Du anv\u00e4nder stickor nr 3.5\u00a0 f\u00f6r hela toppen.<\/p>\n<p>Kul stickning p\u00e5 ett lite annorlunda\u00a0 s\u00e4tt. Lika fin till vardags som till fest\u2013\u00a0 blir bara sk\u00f6nare ju mer du anv\u00e4nder den.<\/p>\n<p class=\"p1\">I ett stickpaket ing\u00e5r r\u00e4tt m\u00e4ngd garn samt ett m\u00f6nster som \u00e4r l\u00e4tt att f\u00f6lja. Har du inte redan stickor, kan du v\u00e4lja till stickor till ditt stickpaket.<\/p>\n<p><strong>Design: Monica Tabermann<\/strong><\/p>\n<p class=\"\" data-start=\"1082\" data-end=\"1112\">Paula b\u00e4r toppen Pride ljusbl\u00e5 m vit rand &#8211; S \/ M.<\/p>","protected":false},"featured_media":10066,"template":"","meta":{"site-sidebar-layout":"default","site-content-layout":"","ast-site-content-layout":"default","site-content-style":"default","site-sidebar-style":"default","ast-global-header-display":"","ast-banner-title-visibility":"","ast-main-header-display":"","ast-hfb-above-header-display":"","ast-hfb-below-header-display":"","ast-hfb-mobile-header-display":"","site-post-title":"","ast-breadcrumbs-content":"","ast-featured-img":"","footer-sml-layout":"","ast-disable-related-posts":"","theme-transparent-header-meta":"default","adv-header-id-meta":"","stick-header-meta":"","header-above-stick-meta":"","header-main-stick-meta":"","header-below-stick-meta":"","astra-migrate-meta-layouts":"set","ast-page-background-enabled":"default","ast-page-background-meta":{"desktop":{"background-color":"var(--ast-global-color-4)","background-image":"","background-repeat":"repeat","background-position":"center center","background-size":"auto","background-attachment":"scroll","background-type":"","background-media":"","overlay-type":"","overlay-color":"","overlay-opacity":"","overlay-gradient":""},"tablet":{"background-color":"","background-image":"","background-repeat":"repeat","background-position":"center center","background-size":"auto","background-attachment":"scroll","background-type":"","background-media":"","overlay-type":"","overlay-color":"","overlay-opacity":"","overlay-gradient":""},"mobile":{"background-color":"","background-image":"","background-repeat":"repeat","background-position":"center center","background-size":"auto","background-attachment":"scroll","background-type":"","background-media":"","overlay-type":"","overlay-color":"","overlay-opacity":"","overlay-gradient":""}},"ast-content-background-meta":{"desktop":{"background-color":"var(--ast-global-color-5)","background-image":"","background-repeat":"repeat","background-position":"center center","background-size":"auto","background-attachment":"scroll","background-type":"","background-media":"","overlay-type":"","overlay-color":"","overlay-opacity":"","overlay-gradient":""},"tablet":{"background-color":"var(--ast-global-color-5)","background-image":"","background-repeat":"repeat","background-position":"center center","background-size":"auto","background-attachment":"scroll","background-type":"","background-media":"","overlay-type":"","overlay-color":"","overlay-opacity":"","overlay-gradient":""},"mobile":{"background-color":"var(--ast-global-color-5)","background-image":"","background-repeat":"repeat","background-position":"center center","background-size":"auto","background-attachment":"scroll","background-type":"","background-media":"","overlay-type":"","overlay-color":"","overlay-opacity":"","overlay-gradient":""}}},"product_brand":[],"product_cat":[56,27],"product_tag":[460,461,406],"class_list":{"0":"post-10087","1":"product","2":"type-product","3":"status-publish","4":"has-post-thumbnail","6":"product_cat-stickpaket","7":"product_cat-troja","8":"product_tag-design-monica-t","9":"product_tag-lin-bomull-viskos","10":"product_tag-wooladdicts","11":"desktop-align-left","12":"tablet-align-left","13":"mobile-align-left","15":"first","16":"instock","17":"taxable","18":"shipping-taxable","19":"purchasable","20":"product-type-variable","21":"has-default-attributes"},"_links":{"self":[{"href":"https:\/\/knit4u.se\/de\/wp-json\/wp\/v2\/product\/10087","targetHints":{"allow":["GET"]}}],"collection":[{"href":"https:\/\/knit4u.se\/de\/wp-json\/wp\/v2\/product"}],"about":[{"href":"https:\/\/knit4u.se\/de\/wp-json\/wp\/v2\/types\/product"}],"version-history":[{"count":5,"href":"https:\/\/knit4u.se\/de\/wp-json\/wp\/v2\/product\/10087\/revisions"}],"predecessor-version":[{"id":10135,"href":"https:\/\/knit4u.se\/de\/wp-json\/wp\/v2\/product\/10087\/revisions\/10135"}],"wp:featuredmedia":[{"embeddable":true,"href":"https:\/\/knit4u.se\/de\/wp-json\/wp\/v2\/media\/10066"}],"wp:attachment":[{"href":"https:\/\/knit4u.se\/de\/wp-json\/wp\/v2\/media?parent=10087"}],"wp:term":[{"taxonomy":"product_brand","embeddable":true,"href":"https:\/\/knit4u.se\/de\/wp-json\/wp\/v2\/product_brand?post=10087"},{"taxonomy":"product_cat","embeddable":true,"href":"https:\/\/knit4u.se\/de\/wp-json\/wp\/v2\/product_cat?post=10087"},{"taxonomy":"product_tag","embeddable":true,"href":"https:\/\/knit4u.se\/de\/wp-json\/wp\/v2\/product_tag?post=10087"}],"curies":[{"name":"wp","href":"https:\/\/api.w.org\/{rel}","templated":true}]}}