{"id":10243,"date":"2024-01-07T14:54:21","date_gmt":"2024-01-07T13:54:21","guid":{"rendered":"https:\/\/knit4u.se\/?post_type=product&#038;p=10243"},"modified":"2026-05-07T15:33:38","modified_gmt":"2026-05-07T14:33:38","slug":"cashmere-classic-cardiff-cashmere","status":"publish","type":"product","link":"https:\/\/knit4u.se\/de\/product\/cashmere-classic-cardiff-cashmere\/","title":{"rendered":"Cashmere Classic  &#8211; Cardiff Cashmere"},"content":{"rendered":"<p>&nbsp;<\/p>\n<ul>\n<li>\u00a0Cashmere Classic &#8211; Cardiff Cashmere\n<ul>\n<li>25 g \/ 112 m<\/li>\n<\/ul>\n<\/li>\n<li>\u00a0Qualit\u00e4t\n<ul>\n<li>100 % Cashmere<\/li>\n<\/ul>\n<\/li>\n<li>Modeller\n<ul>\n<li>Ilse Tr\u00f6ja\n<div class=\"tws-article-description--text\"><\/div>\n<\/li>\n<\/ul>\n<\/li>\n<\/ul>\n<p>&nbsp;<\/p>","protected":false},"excerpt":{"rendered":"<p><strong>Kashmir av v\u00e4rldsklass \u2013 fr\u00e5n Inre Mongoliets h\u00f6gl\u00e4nder<\/strong><\/p>\n<p>Den finaste kashmirullen i v\u00e4rlden kommer fr\u00e5n h\u00f6gl\u00e4nderna i Inre Mongoliet \u2013 ett kargt och dramatiskt omr\u00e5de i Centralasien d\u00e4r temperaturerna skiftar kraftigt mellan \u00e5rstiderna och mellan dag och natt.<\/p>\n<p>F\u00f6r att klara dessa extrema f\u00f6rh\u00e5llanden utvecklar Hircusgeten en unik p\u00e4ls: ett grovt yttre lager och en otroligt fin, mjuk och v\u00e4rmande underull. Det \u00e4r denna exklusiva underull som varsamt kammas ut i b\u00f6rjan av sommaren och sedan anv\u00e4nds i textilproduktion.<\/p>\n<p>Det \u00e4r fr\u00e5n denna storslagna och kr\u00e4vande milj\u00f6 som Cardiff, genom ett noggrant och ansvarsfullt urval av leverant\u00f6rer, h\u00e4mtar n\u00e5gra av de allra b\u00e4sta r\u00e5varorna p\u00e5 marknaden.<\/p>\n<p>Resultatet \u00e4r kashmir med en oslagbar mjukhet, l\u00e4tthet och kvalitet \u2013 en ren lyx att b\u00e4ra.<\/p>\n<p>Passar fint f\u00f6r accessoarer, plagg med detaljer och f\u00e4ven fint kombinera med en f\u00f6ljetr\u00e5d av silkemohair, Vivienne fr\u00e5n Sesia.<\/p>\n<p>&nbsp;<\/p>","protected":false},"featured_media":7759,"template":"","meta":{"site-sidebar-layout":"default","site-content-layout":"","ast-site-content-layout":"default","site-content-style":"default","site-sidebar-style":"default","ast-global-header-display":"","ast-banner-title-visibility":"","ast-main-header-display":"","ast-hfb-above-header-display":"","ast-hfb-below-header-display":"","ast-hfb-mobile-header-display":"","site-post-title":"","ast-breadcrumbs-content":"","ast-featured-img":"","footer-sml-layout":"","ast-disable-related-posts":"","theme-transparent-header-meta":"default","adv-header-id-meta":"","stick-header-meta":"","header-above-stick-meta":"","header-main-stick-meta":"","header-below-stick-meta":"","astra-migrate-meta-layouts":"set","ast-page-background-enabled":"default","ast-page-background-meta":{"desktop":{"background-color":"var(--ast-global-color-4)","background-image":"","background-repeat":"repeat","background-position":"center center","background-size":"auto","background-attachment":"scroll","background-type":"","background-media":"","overlay-type":"","overlay-color":"","overlay-opacity":"","overlay-gradient":""},"tablet":{"background-color":"","background-image":"","background-repeat":"repeat","background-position":"center center","background-size":"auto","background-attachment":"scroll","background-type":"","background-media":"","overlay-type":"","overlay-color":"","overlay-opacity":"","overlay-gradient":""},"mobile":{"background-color":"","background-image":"","background-repeat":"repeat","background-position":"center center","background-size":"auto","background-attachment":"scroll","background-type":"","background-media":"","overlay-type":"","overlay-color":"","overlay-opacity":"","overlay-gradient":""}},"ast-content-background-meta":{"desktop":{"background-color":"var(--ast-global-color-5)","background-image":"","background-repeat":"repeat","background-position":"center center","background-size":"auto","background-attachment":"scroll","background-type":"","background-media":"","overlay-type":"","overlay-color":"","overlay-opacity":"","overlay-gradient":""},"tablet":{"background-color":"var(--ast-global-color-5)","background-image":"","background-repeat":"repeat","background-position":"center center","background-size":"auto","background-attachment":"scroll","background-type":"","background-media":"","overlay-type":"","overlay-color":"","overlay-opacity":"","overlay-gradient":""},"mobile":{"background-color":"var(--ast-global-color-5)","background-image":"","background-repeat":"repeat","background-position":"center center","background-size":"auto","background-attachment":"scroll","background-type":"","background-media":"","overlay-type":"","overlay-color":"","overlay-opacity":"","overlay-gradient":""}}},"product_brand":[],"product_cat":[23],"product_tag":[412],"class_list":{"0":"post-10243","1":"product","2":"type-product","3":"status-publish","4":"has-post-thumbnail","6":"product_cat-garn","7":"product_tag-cardiff-classic","8":"desktop-align-left","9":"tablet-align-left","10":"mobile-align-left","12":"first","13":"instock","14":"taxable","15":"shipping-taxable","16":"purchasable","17":"product-type-variable"},"_links":{"self":[{"href":"https:\/\/knit4u.se\/de\/wp-json\/wp\/v2\/product\/10243","targetHints":{"allow":["GET"]}}],"collection":[{"href":"https:\/\/knit4u.se\/de\/wp-json\/wp\/v2\/product"}],"about":[{"href":"https:\/\/knit4u.se\/de\/wp-json\/wp\/v2\/types\/product"}],"version-history":[{"count":3,"href":"https:\/\/knit4u.se\/de\/wp-json\/wp\/v2\/product\/10243\/revisions"}],"predecessor-version":[{"id":10258,"href":"https:\/\/knit4u.se\/de\/wp-json\/wp\/v2\/product\/10243\/revisions\/10258"}],"wp:featuredmedia":[{"embeddable":true,"href":"https:\/\/knit4u.se\/de\/wp-json\/wp\/v2\/media\/7759"}],"wp:attachment":[{"href":"https:\/\/knit4u.se\/de\/wp-json\/wp\/v2\/media?parent=10243"}],"wp:term":[{"taxonomy":"product_brand","embeddable":true,"href":"https:\/\/knit4u.se\/de\/wp-json\/wp\/v2\/product_brand?post=10243"},{"taxonomy":"product_cat","embeddable":true,"href":"https:\/\/knit4u.se\/de\/wp-json\/wp\/v2\/product_cat?post=10243"},{"taxonomy":"product_tag","embeddable":true,"href":"https:\/\/knit4u.se\/de\/wp-json\/wp\/v2\/product_tag?post=10243"}],"curies":[{"name":"wp","href":"https:\/\/api.w.org\/{rel}","templated":true}]}}