{"id":3418,"date":"2025-03-25T13:48:57","date_gmt":"2025-03-25T12:48:57","guid":{"rendered":"https:\/\/www.knitforyou.se\/?post_type=product&#038;p=3418"},"modified":"2026-03-10T15:56:45","modified_gmt":"2026-03-10T14:56:45","slug":"alma-topp-lin-bomull-stickpaket","status":"publish","type":"product","link":"https:\/\/knit4u.se\/de\/product\/alma-topp-lin-bomull-stickpaket\/","title":{"rendered":"ALMA Topp &#8211; Lin Bomull &#8211; Stickpaket"},"content":{"rendered":"<ul>\n<li style=\"font-size: 16px;\">Gr\u00f6\u00dfe\n<ul>\n<li style=\"font-size: 16px;\"><span style=\"font-size: 16px;\">S \/ M ( M \/ L )<\/span><\/li>\n<\/ul>\n<\/li>\n<li>Garn\n<ul>\n<li>3 ( 3 ) hg WOOLADDICTS PRIDE &#8211; Lang Yarns<\/li>\n<\/ul>\n<\/li>\n<li>\u00a0Qualit\u00e4t\n<ul>\n<li>40 % Lin, 32 % Bomull, 28 % Viscose &#8211; 100 g \/ 280 m<\/li>\n<\/ul>\n<\/li>\n<li>\u00a0Abmessungen\n<ul>\n<li>L\u00e4ngd fram 46 ( 50 ) cm<\/li>\n<li>L\u00e4ngd bak 52 ( 56 ) cm<\/li>\n<li>Bredd \u00e4r till \u00e4rm 85 ( 90 )\u00a0 cm<\/li>\n<\/ul>\n<\/li>\n<li>Gedruckte Musteranleitung<\/li>\n<li>Tillval rundsticka Addi bambu nr 4\u00a0 &#8211; 80 + 40 cm, anv\u00e4nder du Magic Loop &#8211; tekniken beh\u00f6vs endast 80 cm l\u00e5ng.<\/li>\n<\/ul>\n<p>&nbsp;<\/p>","protected":false},"excerpt":{"rendered":"<p class=\"\" data-start=\"93\" data-end=\"353\"><strong data-start=\"93\" data-end=\"129\">ALMA - Der perfekte Sommergipfel<\/strong><br data-start=\"129\" data-end=\"132\" \/>L\u00e5t oss presentera ALMA \u2013 en luftig och stilren top som kombinerar komfort med tidl\u00f6s design. Med sina vida \u00e4rmar och nerhasade axlar f\u00e5r du en avslappnad siluett som passar lika bra till vardags som till fest.<\/p>\n<p class=\"\" data-start=\"355\" data-end=\"501\">Toppen stickas i Wooladdicts Pride, ett mjukt och f\u00f6ljsamt garn av lin 40 % ,bomull och lite viskos \u2013 ett material som bara blir vackrare och sk\u00f6nare ju mer du anv\u00e4nder det. Garnet \u00e4r ln\u00e5got oj\u00e4mnt vilket ger plagget en snygg struktur.<\/p>\n<p class=\"\" data-start=\"503\" data-end=\"667\">ALMA wird mit einem Strang 4 mm Nadeln gestrickt. Das Vorderteil wird von unten nach oben geformt, w\u00e4hrend das R\u00fcckenteil von \u00c4rmel zu \u00c4rmel gestrickt wird - ein lustiges und abwechslungsreiches Strickerlebnis!<\/p>\n<p class=\"\" data-start=\"669\" data-end=\"836\">Trage ALMA so wie es ist, \u00fcber einem Tanktop, mit einem Kleid oder warum nicht mit einem offenen Hemd? Egal, wie du es tr\u00e4gst, es wird schnell zu einem Lieblingsst\u00fcck in deinem Kleiderschrank.<\/p>\n<p class=\"\" data-start=\"838\" data-end=\"877\">Du kan tv\u00e4tta Alma i maskin.<\/p>\n<p class=\"\" data-start=\"879\" data-end=\"897\"><strong data-start=\"879\" data-end=\"897\">Design: Knit4u<\/strong><\/p>","protected":false},"featured_media":9500,"template":"","meta":{"site-sidebar-layout":"default","site-content-layout":"","ast-site-content-layout":"default","site-content-style":"default","site-sidebar-style":"default","ast-global-header-display":"","ast-banner-title-visibility":"","ast-main-header-display":"","ast-hfb-above-header-display":"","ast-hfb-below-header-display":"","ast-hfb-mobile-header-display":"","site-post-title":"","ast-breadcrumbs-content":"","ast-featured-img":"","footer-sml-layout":"","ast-disable-related-posts":"","theme-transparent-header-meta":"default","adv-header-id-meta":"","stick-header-meta":"","header-above-stick-meta":"","header-main-stick-meta":"","header-below-stick-meta":"","astra-migrate-meta-layouts":"set","ast-page-background-enabled":"default","ast-page-background-meta":{"desktop":{"background-color":"var(--ast-global-color-4)","background-image":"","background-repeat":"repeat","background-position":"center center","background-size":"auto","background-attachment":"scroll","background-type":"","background-media":"","overlay-type":"","overlay-color":"","overlay-opacity":"","overlay-gradient":""},"tablet":{"background-color":"","background-image":"","background-repeat":"repeat","background-position":"center center","background-size":"auto","background-attachment":"scroll","background-type":"","background-media":"","overlay-type":"","overlay-color":"","overlay-opacity":"","overlay-gradient":""},"mobile":{"background-color":"","background-image":"","background-repeat":"repeat","background-position":"center center","background-size":"auto","background-attachment":"scroll","background-type":"","background-media":"","overlay-type":"","overlay-color":"","overlay-opacity":"","overlay-gradient":""}},"ast-content-background-meta":{"desktop":{"background-color":"var(--ast-global-color-5)","background-image":"","background-repeat":"repeat","background-position":"center center","background-size":"auto","background-attachment":"scroll","background-type":"","background-media":"","overlay-type":"","overlay-color":"","overlay-opacity":"","overlay-gradient":""},"tablet":{"background-color":"var(--ast-global-color-5)","background-image":"","background-repeat":"repeat","background-position":"center center","background-size":"auto","background-attachment":"scroll","background-type":"","background-media":"","overlay-type":"","overlay-color":"","overlay-opacity":"","overlay-gradient":""},"mobile":{"background-color":"var(--ast-global-color-5)","background-image":"","background-repeat":"repeat","background-position":"center center","background-size":"auto","background-attachment":"scroll","background-type":"","background-media":"","overlay-type":"","overlay-color":"","overlay-opacity":"","overlay-gradient":""}}},"product_brand":[],"product_cat":[56,27],"product_tag":[53,364,291,290,406],"class_list":{"0":"post-3418","1":"product","2":"type-product","3":"status-publish","4":"has-post-thumbnail","6":"product_cat-stickpaket","7":"product_cat-troja","8":"product_tag-knit4u","9":"product_tag-lang-yarns","10":"product_tag-lin-bomull","11":"product_tag-pride","12":"product_tag-wooladdicts","13":"desktop-align-left","14":"tablet-align-left","15":"mobile-align-left","17":"first","18":"instock","19":"taxable","20":"shipping-taxable","21":"purchasable","22":"product-type-variable","23":"has-default-attributes"},"_links":{"self":[{"href":"https:\/\/knit4u.se\/de\/wp-json\/wp\/v2\/product\/3418","targetHints":{"allow":["GET"]}}],"collection":[{"href":"https:\/\/knit4u.se\/de\/wp-json\/wp\/v2\/product"}],"about":[{"href":"https:\/\/knit4u.se\/de\/wp-json\/wp\/v2\/types\/product"}],"version-history":[{"count":18,"href":"https:\/\/knit4u.se\/de\/wp-json\/wp\/v2\/product\/3418\/revisions"}],"predecessor-version":[{"id":9501,"href":"https:\/\/knit4u.se\/de\/wp-json\/wp\/v2\/product\/3418\/revisions\/9501"}],"wp:featuredmedia":[{"embeddable":true,"href":"https:\/\/knit4u.se\/de\/wp-json\/wp\/v2\/media\/9500"}],"wp:attachment":[{"href":"https:\/\/knit4u.se\/de\/wp-json\/wp\/v2\/media?parent=3418"}],"wp:term":[{"taxonomy":"product_brand","embeddable":true,"href":"https:\/\/knit4u.se\/de\/wp-json\/wp\/v2\/product_brand?post=3418"},{"taxonomy":"product_cat","embeddable":true,"href":"https:\/\/knit4u.se\/de\/wp-json\/wp\/v2\/product_cat?post=3418"},{"taxonomy":"product_tag","embeddable":true,"href":"https:\/\/knit4u.se\/de\/wp-json\/wp\/v2\/product_tag?post=3418"}],"curies":[{"name":"wp","href":"https:\/\/api.w.org\/{rel}","templated":true}]}}