{"id":3474,"date":"2025-02-12T14:58:07","date_gmt":"2025-02-12T13:58:07","guid":{"rendered":"https:\/\/www.knitforyou.se\/?post_type=product&#038;p=3474"},"modified":"2026-02-08T16:21:56","modified_gmt":"2026-02-08T15:21:56","slug":"vanja-kofta-monster-garn","status":"publish","type":"product","link":"https:\/\/knit4u.se\/de\/product\/vanja-kofta-monster-garn\/","title":{"rendered":"VANJA Kofta &#8211; Lin, Bomull &#8211; Stickpaket"},"content":{"rendered":"<ul>\n<li style=\"font-size: 16px;\">Gr\u00f6\u00dfe\n<ul>\n<li style=\"font-size: 16px;\">S ( M ) L<\/li>\n<\/ul>\n<\/li>\n<li style=\"font-size: 16px;\">Garn\n<ul>\n<li style=\"font-size: 16px;\">3 ( 4 ) 4 hg Wooladdicts Pride &#8211; Lang Yarns<\/li>\n<\/ul>\n<\/li>\n<li>Qualit\u00e4t\n<ul>\n<li><span style=\"font-size: 16px;\">40 % lin, 32 % bomull, 28 % viskos &#8211; 100 g \/ 280 m<\/span><\/li>\n<\/ul>\n<\/li>\n<li>\u00a0Abmessungen\n<ul>\n<li>L\u00e4ngd bak 50 ( 53 ) 56 cm<\/li>\n<li>L\u00e4ngd fram 58 ( 62 ) 66 cm<\/li>\n<li>Bredd \u00a042 ( 44 ) \u00a046 cm<\/li>\n<li>\u00c4rm 43 ( 44 ) 45 cm<\/li>\n<\/ul>\n<\/li>\n<li>Gedruckte Musteranleitung<\/li>\n<li>Optionale Rundstricknadel Addi bamboo no 4 - 80 cm\n<div class=\"tws-article-description--text\"><\/div>\n<\/li>\n<\/ul>","protected":false},"excerpt":{"rendered":"<div>\n<p class=\"\" data-start=\"130\" data-end=\"184\"><strong data-start=\"130\" data-end=\"184\">Vanja - Leichte, gut sitzende Strickjacke aus einer Leinenmischung<\/strong><\/p>\n<p class=\"\" data-start=\"186\" data-end=\"347\">Vanja \u00e4r en sk\u00f6n och f\u00f6ljsam kofta i en luftig blandning av lin 40 %, bomull och lite viskos \u2013 Pride fr\u00e5n Wooladdicts med vacker lyster som bara blir mjukare med tiden.<\/p>\n<p class=\"\" data-start=\"349\" data-end=\"682\">Koftan har en smickrande passform med n\u00e5got l\u00e4ngre framstycken, som kan b\u00e4ras \u00f6ppet eller omlott. Den enkla ribbstickningen ( 3 r\u00e4ta, 1 avig ) ger b\u00e5de stadga och mjuk r\u00f6relse i plagget. Vanja stickas med en tr\u00e5d, nerifr\u00e5n och upp, i separata delar f\u00f6r att linets naturliga fall ska tas till vara. \u00c4rmarna \u00e4r isydda f\u00f6r en fin siluett. Pride \u00e4r n\u00e5got oj\u00e4mnt till strukturen vilket ger en levande yta till koftan.<\/p>\n<p class=\"\" data-start=\"684\" data-end=\"758\">Eine leichte Strickjacke f\u00fcr warme Tage, die zu einem Kleid genauso gut passt wie zu einer Jeans.<\/p>\n<p class=\"\" data-start=\"986\" data-end=\"1000\"><strong>Design: Knit4u<\/strong><\/p>\n<p class=\"\" data-start=\"1002\" data-end=\"1088\">\n<\/div>\n<div><\/div>\n<p>&nbsp;<\/p>","protected":false},"featured_media":4602,"template":"","meta":{"site-sidebar-layout":"default","site-content-layout":"","ast-site-content-layout":"default","site-content-style":"default","site-sidebar-style":"default","ast-global-header-display":"","ast-banner-title-visibility":"","ast-main-header-display":"","ast-hfb-above-header-display":"","ast-hfb-below-header-display":"","ast-hfb-mobile-header-display":"","site-post-title":"","ast-breadcrumbs-content":"","ast-featured-img":"","footer-sml-layout":"","ast-disable-related-posts":"","theme-transparent-header-meta":"default","adv-header-id-meta":"","stick-header-meta":"","header-above-stick-meta":"","header-main-stick-meta":"","header-below-stick-meta":"","astra-migrate-meta-layouts":"set","ast-page-background-enabled":"default","ast-page-background-meta":{"desktop":{"background-color":"var(--ast-global-color-4)","background-image":"","background-repeat":"repeat","background-position":"center center","background-size":"auto","background-attachment":"scroll","background-type":"","background-media":"","overlay-type":"","overlay-color":"","overlay-opacity":"","overlay-gradient":""},"tablet":{"background-color":"","background-image":"","background-repeat":"repeat","background-position":"center center","background-size":"auto","background-attachment":"scroll","background-type":"","background-media":"","overlay-type":"","overlay-color":"","overlay-opacity":"","overlay-gradient":""},"mobile":{"background-color":"","background-image":"","background-repeat":"repeat","background-position":"center center","background-size":"auto","background-attachment":"scroll","background-type":"","background-media":"","overlay-type":"","overlay-color":"","overlay-opacity":"","overlay-gradient":""}},"ast-content-background-meta":{"desktop":{"background-color":"var(--ast-global-color-5)","background-image":"","background-repeat":"repeat","background-position":"center center","background-size":"auto","background-attachment":"scroll","background-type":"","background-media":"","overlay-type":"","overlay-color":"","overlay-opacity":"","overlay-gradient":""},"tablet":{"background-color":"var(--ast-global-color-5)","background-image":"","background-repeat":"repeat","background-position":"center center","background-size":"auto","background-attachment":"scroll","background-type":"","background-media":"","overlay-type":"","overlay-color":"","overlay-opacity":"","overlay-gradient":""},"mobile":{"background-color":"var(--ast-global-color-5)","background-image":"","background-repeat":"repeat","background-position":"center center","background-size":"auto","background-attachment":"scroll","background-type":"","background-media":"","overlay-type":"","overlay-color":"","overlay-opacity":"","overlay-gradient":""}}},"product_brand":[],"product_cat":[28,56],"product_tag":[53,364,291,290,406],"class_list":{"0":"post-3474","1":"product","2":"type-product","3":"status-publish","4":"has-post-thumbnail","6":"product_cat-kofta","7":"product_cat-stickpaket","8":"product_tag-knit4u","9":"product_tag-lang-yarns","10":"product_tag-lin-bomull","11":"product_tag-pride","12":"product_tag-wooladdicts","13":"desktop-align-left","14":"tablet-align-left","15":"mobile-align-left","17":"first","18":"instock","19":"taxable","20":"shipping-taxable","21":"purchasable","22":"product-type-variable","23":"has-default-attributes"},"_links":{"self":[{"href":"https:\/\/knit4u.se\/de\/wp-json\/wp\/v2\/product\/3474","targetHints":{"allow":["GET"]}}],"collection":[{"href":"https:\/\/knit4u.se\/de\/wp-json\/wp\/v2\/product"}],"about":[{"href":"https:\/\/knit4u.se\/de\/wp-json\/wp\/v2\/types\/product"}],"version-history":[{"count":10,"href":"https:\/\/knit4u.se\/de\/wp-json\/wp\/v2\/product\/3474\/revisions"}],"predecessor-version":[{"id":4868,"href":"https:\/\/knit4u.se\/de\/wp-json\/wp\/v2\/product\/3474\/revisions\/4868"}],"wp:featuredmedia":[{"embeddable":true,"href":"https:\/\/knit4u.se\/de\/wp-json\/wp\/v2\/media\/4602"}],"wp:attachment":[{"href":"https:\/\/knit4u.se\/de\/wp-json\/wp\/v2\/media?parent=3474"}],"wp:term":[{"taxonomy":"product_brand","embeddable":true,"href":"https:\/\/knit4u.se\/de\/wp-json\/wp\/v2\/product_brand?post=3474"},{"taxonomy":"product_cat","embeddable":true,"href":"https:\/\/knit4u.se\/de\/wp-json\/wp\/v2\/product_cat?post=3474"},{"taxonomy":"product_tag","embeddable":true,"href":"https:\/\/knit4u.se\/de\/wp-json\/wp\/v2\/product_tag?post=3474"}],"curies":[{"name":"wp","href":"https:\/\/api.w.org\/{rel}","templated":true}]}}