{"id":3500,"date":"2024-12-16T10:30:28","date_gmt":"2024-12-16T09:30:28","guid":{"rendered":"https:\/\/www.knitforyou.se\/?post_type=product&#038;p=3500"},"modified":"2026-02-08T16:45:22","modified_gmt":"2026-02-08T15:45:22","slug":"lova-troja-lmonster-garn","status":"publish","type":"product","link":"https:\/\/knit4u.se\/de\/product\/lova-troja-lmonster-garn\/","title":{"rendered":"LOVA Tr\u00f6ja &#8211; Lin Bomull &#8211; Stickpaket"},"content":{"rendered":"<ul>\n<li style=\"font-size: 16px;\">Gr\u00f6\u00dfe\n<ul>\n<li style=\"font-size: 16px;\">S \/M ( M\/L )<\/li>\n<\/ul>\n<\/li>\n<li style=\"font-size: 16px;\">Garn\n<ul>\n<li style=\"font-size: 16px;\">4 ( 4 ) hg PRIDE WOOLADDICTS &#8211; Lang Yarns<\/li>\n<\/ul>\n<\/li>\n<li>Qualit\u00e4t\n<ul>\n<li><span style=\"font-size: 16px;\">40 % Lin &#8211; 32 % Bomull &#8211; 28 % Viskos &#8211; 100 g \/ 280 m<\/span><\/li>\n<\/ul>\n<\/li>\n<li>\u00a0Abmessungen\n<ul>\n<li>L\u00e4nge 55 ( 58 ) cm<\/li>\n<li>Breite 52 ( 56 ) cm<\/li>\n<li>\u00c4rmel 44 ( 45 ) cm<\/li>\n<\/ul>\n<\/li>\n<li>Gedruckte Musteranleitung<\/li>\n<li>Tillval rundstickor Addi bambu nr 4 &#8211; 40 cm + 80 cm\n<div class=\"tws-article-description--text\"><\/div>\n<\/li>\n<\/ul>","protected":false},"excerpt":{"rendered":"<div>\n<div>\n<p class=\"\" data-start=\"121\" data-end=\"174\"><strong data-start=\"121\" data-end=\"174\">Lova - Leichter und luftiger Pullover aus einer luxuri\u00f6sen Leinenmischung<\/strong><\/p>\n<p class=\"\" data-start=\"176\" data-end=\"358\">Lova \u00e4r en sk\u00f6n och stilren tr\u00f6ja i Wooladdicts Pride &#8211; ett vackert garn med struktur och fin lyster \u2013 en blandning av lin 40 %, bomull och lite viskos. Garnet \u00e4r l\u00e4tt, luftigt och bara blir mjukare med tiden.<\/p>\n<p class=\"\" data-start=\"360\" data-end=\"631\">Der Pullover wird im Halbpatent mit einem Strang gestrickt, von unten nach oben. Aufgrund der Beschaffenheit von Leinen werden die Teile separat gestrickt, um die beste Passform zu gew\u00e4hrleisten. Das schlichte Muster, die sch\u00f6ne Textur und die zeitlose Silhouette machen Lova zu einem Kleidungsst\u00fcck, das du Saison f\u00fcr Saison tragen willst.<\/p>\n<p class=\"\" data-start=\"633\" data-end=\"712\">Perfekt f\u00fcr w\u00e4rmere Tage - sieht zu Shorts genauso gut aus wie zu R\u00f6cken oder Jeans.<\/p>\n<p data-start=\"633\" data-end=\"712\">Kul\u00f6ren Kaki, som Paula b\u00e4r, har utg\u00e5tt.<\/p>\n<p data-start=\"633\" data-end=\"712\"><strong>Design: Knit4u<\/strong><\/p>\n<\/div>\n<div><\/div>\n<\/div>\n<div><\/div>\n<p>&nbsp;<\/p>","protected":false},"featured_media":4736,"template":"","meta":{"site-sidebar-layout":"default","site-content-layout":"","ast-site-content-layout":"default","site-content-style":"default","site-sidebar-style":"default","ast-global-header-display":"","ast-banner-title-visibility":"","ast-main-header-display":"","ast-hfb-above-header-display":"","ast-hfb-below-header-display":"","ast-hfb-mobile-header-display":"","site-post-title":"","ast-breadcrumbs-content":"","ast-featured-img":"","footer-sml-layout":"","ast-disable-related-posts":"","theme-transparent-header-meta":"default","adv-header-id-meta":"","stick-header-meta":"","header-above-stick-meta":"","header-main-stick-meta":"","header-below-stick-meta":"","astra-migrate-meta-layouts":"set","ast-page-background-enabled":"default","ast-page-background-meta":{"desktop":{"background-color":"var(--ast-global-color-4)","background-image":"","background-repeat":"repeat","background-position":"center center","background-size":"auto","background-attachment":"scroll","background-type":"","background-media":"","overlay-type":"","overlay-color":"","overlay-opacity":"","overlay-gradient":""},"tablet":{"background-color":"","background-image":"","background-repeat":"repeat","background-position":"center center","background-size":"auto","background-attachment":"scroll","background-type":"","background-media":"","overlay-type":"","overlay-color":"","overlay-opacity":"","overlay-gradient":""},"mobile":{"background-color":"","background-image":"","background-repeat":"repeat","background-position":"center center","background-size":"auto","background-attachment":"scroll","background-type":"","background-media":"","overlay-type":"","overlay-color":"","overlay-opacity":"","overlay-gradient":""}},"ast-content-background-meta":{"desktop":{"background-color":"var(--ast-global-color-5)","background-image":"","background-repeat":"repeat","background-position":"center center","background-size":"auto","background-attachment":"scroll","background-type":"","background-media":"","overlay-type":"","overlay-color":"","overlay-opacity":"","overlay-gradient":""},"tablet":{"background-color":"var(--ast-global-color-5)","background-image":"","background-repeat":"repeat","background-position":"center center","background-size":"auto","background-attachment":"scroll","background-type":"","background-media":"","overlay-type":"","overlay-color":"","overlay-opacity":"","overlay-gradient":""},"mobile":{"background-color":"var(--ast-global-color-5)","background-image":"","background-repeat":"repeat","background-position":"center center","background-size":"auto","background-attachment":"scroll","background-type":"","background-media":"","overlay-type":"","overlay-color":"","overlay-opacity":"","overlay-gradient":""}}},"product_brand":[],"product_cat":[56,27],"product_tag":[53,364,291,290,406],"class_list":{"0":"post-3500","1":"product","2":"type-product","3":"status-publish","4":"has-post-thumbnail","6":"product_cat-stickpaket","7":"product_cat-troja","8":"product_tag-knit4u","9":"product_tag-lang-yarns","10":"product_tag-lin-bomull","11":"product_tag-pride","12":"product_tag-wooladdicts","13":"desktop-align-left","14":"tablet-align-left","15":"mobile-align-left","17":"first","18":"instock","19":"taxable","20":"shipping-taxable","21":"purchasable","22":"product-type-variable","23":"has-default-attributes"},"_links":{"self":[{"href":"https:\/\/knit4u.se\/de\/wp-json\/wp\/v2\/product\/3500","targetHints":{"allow":["GET"]}}],"collection":[{"href":"https:\/\/knit4u.se\/de\/wp-json\/wp\/v2\/product"}],"about":[{"href":"https:\/\/knit4u.se\/de\/wp-json\/wp\/v2\/types\/product"}],"version-history":[{"count":12,"href":"https:\/\/knit4u.se\/de\/wp-json\/wp\/v2\/product\/3500\/revisions"}],"predecessor-version":[{"id":9305,"href":"https:\/\/knit4u.se\/de\/wp-json\/wp\/v2\/product\/3500\/revisions\/9305"}],"wp:featuredmedia":[{"embeddable":true,"href":"https:\/\/knit4u.se\/de\/wp-json\/wp\/v2\/media\/4736"}],"wp:attachment":[{"href":"https:\/\/knit4u.se\/de\/wp-json\/wp\/v2\/media?parent=3500"}],"wp:term":[{"taxonomy":"product_brand","embeddable":true,"href":"https:\/\/knit4u.se\/de\/wp-json\/wp\/v2\/product_brand?post=3500"},{"taxonomy":"product_cat","embeddable":true,"href":"https:\/\/knit4u.se\/de\/wp-json\/wp\/v2\/product_cat?post=3500"},{"taxonomy":"product_tag","embeddable":true,"href":"https:\/\/knit4u.se\/de\/wp-json\/wp\/v2\/product_tag?post=3500"}],"curies":[{"name":"wp","href":"https:\/\/api.w.org\/{rel}","templated":true}]}}