{"id":3590,"date":"2024-04-17T14:28:57","date_gmt":"2024-04-17T13:28:57","guid":{"rendered":"https:\/\/www.knitforyou.se\/?post_type=product&#038;p=3590"},"modified":"2025-12-07T22:13:10","modified_gmt":"2025-12-07T21:13:10","slug":"juvel-handledsvarmare-monster-garn","status":"publish","type":"product","link":"https:\/\/knit4u.se\/de\/product\/juvel-handledsvarmare-monster-garn\/","title":{"rendered":"JUVEL  handledsv\u00e4rmare &#8211; cashmere &#8211; stickpaket"},"content":{"rendered":"<ul>\n<li style=\"font-size: 16px;\">Gr\u00f6\u00dfe\n<ul>\n<li style=\"font-size: 16px;\">Einheitsgr\u00f6\u00dfe<\/li>\n<\/ul>\n<\/li>\n<li style=\"font-size: 16px;\">\u00a0Garn\n<ul>\n<li style=\"font-size: 16px;\">50 g Cashmere Light &#8211; LangYarns<\/li>\n<\/ul>\n<\/li>\n<li>Qualit\u00e4t\n<ul>\n<li>\n<p data-start=\"638\" data-end=\"709\">88 % Cashmere, 12 % Polyamid &#8211; 25 g \/ 85 m<\/p>\n<\/li>\n<\/ul>\n<\/li>\n<li>\u00a0Abmessungen\n<ul>\n<li>L\u00e4ngd 24 \u00a0cm<\/li>\n<li>Bredd 8 cm<\/li>\n<\/ul>\n<\/li>\n<li>Gedruckte Musteranleitung<\/li>\n<li>Tillval rundsticka Addi bambu nr 3.5 &#8211; 80 cm eller strumpstickor nr 3.5<\/li>\n<\/ul>\n<p>&nbsp;<\/p>","protected":false},"excerpt":{"rendered":"<p data-start=\"155\" data-end=\"364\"><strong data-start=\"155\" data-end=\"199\">Juvel \u2013 handledsv\u00e4rmare i lyxig cashmere<\/strong><br data-start=\"199\" data-end=\"202\" \/>Mjuka som dr\u00f6mmar och h\u00e4rligt varma \u2013 Juvel \u00e4r ett par enkla men lyxiga handledsv\u00e4rmare med tumme, stickade i det underbara Cashmere Light fr\u00e5n LangYarns. Ett fj\u00e4derl\u00e4tt garn var cashmeren kommer fr\u00e5n den s\u00e4llsynta underullen hos cashmeregeten. Ett av de finaste garnen p\u00e5 marknaden.<\/p>\n<p data-start=\"366\" data-end=\"636\">Vi stickar dem med en tr\u00e5d i res\u00e5r- och sl\u00e4tstickning, p\u00e5 rundsticka 3,5 mm (80 cm) med Magic Loop-teknik \u2013 men du kan sj\u00e4lvklart anv\u00e4nda strumpstickor om du f\u00f6redrar det. Det \u00e4r en perfekt stickning \u00e4ven f\u00f6r dig som vill ha ett enkelt projekt att njuta av i soffan. Enkel Stickning.<\/p>\n<p data-start=\"638\" data-end=\"709\">En liten juvel f\u00f6r b\u00e5de h\u00e4nderna och stickhj\u00e4rtat. Passar fint ihop med m\u00f6ssa Safir och halskrage Rubin, alla i samma lyxiga kvalit\u00e9.<br data-start=\"692\" data-end=\"695\" \/><strong>Design: Knit4u<\/strong><\/p>\n<p>&nbsp;<\/p>","protected":false},"featured_media":3597,"template":"","meta":{"site-sidebar-layout":"default","site-content-layout":"","ast-site-content-layout":"default","site-content-style":"default","site-sidebar-style":"default","ast-global-header-display":"","ast-banner-title-visibility":"","ast-main-header-display":"","ast-hfb-above-header-display":"","ast-hfb-below-header-display":"","ast-hfb-mobile-header-display":"","site-post-title":"","ast-breadcrumbs-content":"","ast-featured-img":"","footer-sml-layout":"","ast-disable-related-posts":"","theme-transparent-header-meta":"default","adv-header-id-meta":"","stick-header-meta":"","header-above-stick-meta":"","header-main-stick-meta":"","header-below-stick-meta":"","astra-migrate-meta-layouts":"set","ast-page-background-enabled":"default","ast-page-background-meta":{"desktop":{"background-color":"var(--ast-global-color-4)","background-image":"","background-repeat":"repeat","background-position":"center center","background-size":"auto","background-attachment":"scroll","background-type":"","background-media":"","overlay-type":"","overlay-color":"","overlay-opacity":"","overlay-gradient":""},"tablet":{"background-color":"","background-image":"","background-repeat":"repeat","background-position":"center center","background-size":"auto","background-attachment":"scroll","background-type":"","background-media":"","overlay-type":"","overlay-color":"","overlay-opacity":"","overlay-gradient":""},"mobile":{"background-color":"","background-image":"","background-repeat":"repeat","background-position":"center center","background-size":"auto","background-attachment":"scroll","background-type":"","background-media":"","overlay-type":"","overlay-color":"","overlay-opacity":"","overlay-gradient":""}},"ast-content-background-meta":{"desktop":{"background-color":"var(--ast-global-color-5)","background-image":"","background-repeat":"repeat","background-position":"center center","background-size":"auto","background-attachment":"scroll","background-type":"","background-media":"","overlay-type":"","overlay-color":"","overlay-opacity":"","overlay-gradient":""},"tablet":{"background-color":"var(--ast-global-color-5)","background-image":"","background-repeat":"repeat","background-position":"center center","background-size":"auto","background-attachment":"scroll","background-type":"","background-media":"","overlay-type":"","overlay-color":"","overlay-opacity":"","overlay-gradient":""},"mobile":{"background-color":"var(--ast-global-color-5)","background-image":"","background-repeat":"repeat","background-position":"center center","background-size":"auto","background-attachment":"scroll","background-type":"","background-media":"","overlay-type":"","overlay-color":"","overlay-opacity":"","overlay-gradient":""}}},"product_brand":[],"product_cat":[46,56],"product_tag":[333,136,53,364],"class_list":{"0":"post-3590","1":"product","2":"type-product","3":"status-publish","4":"has-post-thumbnail","6":"product_cat-accessoarer","7":"product_cat-stickpaket","8":"product_tag-cashmere-light","9":"product_tag-enkel-stickning","10":"product_tag-knit4u","11":"product_tag-lang-yarns","12":"desktop-align-left","13":"tablet-align-left","14":"mobile-align-left","16":"first","17":"instock","18":"taxable","19":"shipping-taxable","20":"purchasable","21":"product-type-variable"},"_links":{"self":[{"href":"https:\/\/knit4u.se\/de\/wp-json\/wp\/v2\/product\/3590","targetHints":{"allow":["GET"]}}],"collection":[{"href":"https:\/\/knit4u.se\/de\/wp-json\/wp\/v2\/product"}],"about":[{"href":"https:\/\/knit4u.se\/de\/wp-json\/wp\/v2\/types\/product"}],"version-history":[{"count":11,"href":"https:\/\/knit4u.se\/de\/wp-json\/wp\/v2\/product\/3590\/revisions"}],"predecessor-version":[{"id":4921,"href":"https:\/\/knit4u.se\/de\/wp-json\/wp\/v2\/product\/3590\/revisions\/4921"}],"wp:featuredmedia":[{"embeddable":true,"href":"https:\/\/knit4u.se\/de\/wp-json\/wp\/v2\/media\/3597"}],"wp:attachment":[{"href":"https:\/\/knit4u.se\/de\/wp-json\/wp\/v2\/media?parent=3590"}],"wp:term":[{"taxonomy":"product_brand","embeddable":true,"href":"https:\/\/knit4u.se\/de\/wp-json\/wp\/v2\/product_brand?post=3590"},{"taxonomy":"product_cat","embeddable":true,"href":"https:\/\/knit4u.se\/de\/wp-json\/wp\/v2\/product_cat?post=3590"},{"taxonomy":"product_tag","embeddable":true,"href":"https:\/\/knit4u.se\/de\/wp-json\/wp\/v2\/product_tag?post=3590"}],"curies":[{"name":"wp","href":"https:\/\/api.w.org\/{rel}","templated":true}]}}