{"id":3929,"date":"2024-04-24T10:49:54","date_gmt":"2024-04-24T09:49:54","guid":{"rendered":"https:\/\/www.knitforyou.se\/?post_type=product&#038;p=3929"},"modified":"2025-12-07T23:22:50","modified_gmt":"2025-12-07T22:22:50","slug":"saga-halsduk-monster-garn","status":"publish","type":"product","link":"https:\/\/knit4u.se\/de\/product\/saga-halsduk-monster-garn\/","title":{"rendered":"SAGA sjal &#8211; Mohairsilke &#8211; Stickpaket"},"content":{"rendered":"<div class=\"tws-article-description--text-container\">\n<ul>\n<li>Gr\u00f6\u00dfe\n<ul>\n<li>Einheitsgr\u00f6\u00dfe<\/li>\n<\/ul>\n<\/li>\n<li>Garn\n<ul>\n<li>0.75 hg + 0.75 hg\u00a0 Eife &#8211; Knit4u<\/li>\n<\/ul>\n<\/li>\n<li>Qualit\u00e4t\n<ul>\n<li>70 % KidMohair, 30 % Shappe Silk &#8211; 25 g \/ 75 m<\/li>\n<\/ul>\n<\/li>\n<li>\u00a0Abmessungen\n<ul>\n<li>L\u00e4nge 165 cm + Fransen 10 cm<\/li>\n<li>Breite 30 cm<\/li>\n<\/ul>\n<\/li>\n<li>Gedruckte Musteranleitung<\/li>\n<li>Optional Addi Bambus Rundstricknadel Nr. 6 - 80 cm\n<div class=\"tws-article-description--text-container tws-article-description--show-full-description\">\n<div class=\"tws-article-description--text\"><\/div>\n<\/div>\n<\/li>\n<\/ul>\n<\/div>","protected":false},"excerpt":{"rendered":"<div><strong data-start=\"116\" data-end=\"166\">Saga - Karierter Schal aus weichster Mohairseide<\/strong><br data-start=\"166\" data-end=\"169\" \/>Saga ist ein leichter und luftiger Schal, der aus unserem wunderbar weichen Mohair-Seidengarn EIFE gestrickt wird. Du strickst den Schal in einem St\u00fcck und strickst abwechselnd die beiden Farben, um die gro\u00dfen, kontrastierenden Quadrate in Kett- und Strickmaschen zu bilden - ein einfaches, aber auff\u00e4lliges Muster, das dem Schal Charakter verleiht. Er eignet sich perfekt als Spa\u00dfprojekt und ist das ganze Jahr \u00fcber ein sch\u00f6nes Accessoire. Einfach und schnell zu stricken auf Nadeln der Gr\u00f6\u00dfe 6.<\/div>\n<div><strong>Design: Knit4u<\/strong><\/div>\n<div><\/div>","protected":false},"featured_media":7568,"template":"","meta":{"site-sidebar-layout":"default","site-content-layout":"","ast-site-content-layout":"default","site-content-style":"default","site-sidebar-style":"default","ast-global-header-display":"","ast-banner-title-visibility":"","ast-main-header-display":"","ast-hfb-above-header-display":"","ast-hfb-below-header-display":"","ast-hfb-mobile-header-display":"","site-post-title":"","ast-breadcrumbs-content":"","ast-featured-img":"","footer-sml-layout":"","ast-disable-related-posts":"","theme-transparent-header-meta":"default","adv-header-id-meta":"","stick-header-meta":"","header-above-stick-meta":"","header-main-stick-meta":"","header-below-stick-meta":"","astra-migrate-meta-layouts":"set","ast-page-background-enabled":"default","ast-page-background-meta":{"desktop":{"background-color":"var(--ast-global-color-4)","background-image":"","background-repeat":"repeat","background-position":"center center","background-size":"auto","background-attachment":"scroll","background-type":"","background-media":"","overlay-type":"","overlay-color":"","overlay-opacity":"","overlay-gradient":""},"tablet":{"background-color":"","background-image":"","background-repeat":"repeat","background-position":"center center","background-size":"auto","background-attachment":"scroll","background-type":"","background-media":"","overlay-type":"","overlay-color":"","overlay-opacity":"","overlay-gradient":""},"mobile":{"background-color":"","background-image":"","background-repeat":"repeat","background-position":"center center","background-size":"auto","background-attachment":"scroll","background-type":"","background-media":"","overlay-type":"","overlay-color":"","overlay-opacity":"","overlay-gradient":""}},"ast-content-background-meta":{"desktop":{"background-color":"var(--ast-global-color-5)","background-image":"","background-repeat":"repeat","background-position":"center center","background-size":"auto","background-attachment":"scroll","background-type":"","background-media":"","overlay-type":"","overlay-color":"","overlay-opacity":"","overlay-gradient":""},"tablet":{"background-color":"var(--ast-global-color-5)","background-image":"","background-repeat":"repeat","background-position":"center center","background-size":"auto","background-attachment":"scroll","background-type":"","background-media":"","overlay-type":"","overlay-color":"","overlay-opacity":"","overlay-gradient":""},"mobile":{"background-color":"var(--ast-global-color-5)","background-image":"","background-repeat":"repeat","background-position":"center center","background-size":"auto","background-attachment":"scroll","background-type":"","background-media":"","overlay-type":"","overlay-color":"","overlay-opacity":"","overlay-gradient":""}}},"product_brand":[],"product_cat":[46,56],"product_tag":[285,136,53,234],"class_list":{"0":"post-3929","1":"product","2":"type-product","3":"status-publish","4":"has-post-thumbnail","6":"product_cat-accessoarer","7":"product_cat-stickpaket","8":"product_tag-eife","9":"product_tag-enkel-stickning","10":"product_tag-knit4u","11":"product_tag-mohairsilke","12":"desktop-align-left","13":"tablet-align-left","14":"mobile-align-left","16":"first","17":"instock","18":"taxable","19":"shipping-taxable","20":"purchasable","21":"product-type-variable"},"_links":{"self":[{"href":"https:\/\/knit4u.se\/de\/wp-json\/wp\/v2\/product\/3929","targetHints":{"allow":["GET"]}}],"collection":[{"href":"https:\/\/knit4u.se\/de\/wp-json\/wp\/v2\/product"}],"about":[{"href":"https:\/\/knit4u.se\/de\/wp-json\/wp\/v2\/types\/product"}],"version-history":[{"count":9,"href":"https:\/\/knit4u.se\/de\/wp-json\/wp\/v2\/product\/3929\/revisions"}],"predecessor-version":[{"id":7565,"href":"https:\/\/knit4u.se\/de\/wp-json\/wp\/v2\/product\/3929\/revisions\/7565"}],"wp:featuredmedia":[{"embeddable":true,"href":"https:\/\/knit4u.se\/de\/wp-json\/wp\/v2\/media\/7568"}],"wp:attachment":[{"href":"https:\/\/knit4u.se\/de\/wp-json\/wp\/v2\/media?parent=3929"}],"wp:term":[{"taxonomy":"product_brand","embeddable":true,"href":"https:\/\/knit4u.se\/de\/wp-json\/wp\/v2\/product_brand?post=3929"},{"taxonomy":"product_cat","embeddable":true,"href":"https:\/\/knit4u.se\/de\/wp-json\/wp\/v2\/product_cat?post=3929"},{"taxonomy":"product_tag","embeddable":true,"href":"https:\/\/knit4u.se\/de\/wp-json\/wp\/v2\/product_tag?post=3929"}],"curies":[{"name":"wp","href":"https:\/\/api.w.org\/{rel}","templated":true}]}}