{"id":3960,"date":"2024-12-24T13:56:19","date_gmt":"2024-12-24T12:56:19","guid":{"rendered":"https:\/\/www.knitforyou.se\/?post_type=product&#038;p=3960"},"modified":"2025-11-24T02:24:46","modified_gmt":"2025-11-24T01:24:46","slug":"selia-halsduk-monster-garn","status":"publish","type":"product","link":"https:\/\/knit4u.se\/de\/product\/selia-halsduk-monster-garn\/","title":{"rendered":"SELIA sjal &#8211; Mohairsilke &#8211; Stickpaket"},"content":{"rendered":"<div class=\"tws-article-description--text-container\">\n<ul>\n<li>Gr\u00f6\u00dfe\n<ul>\n<li>Einheitsgr\u00f6\u00dfe<\/li>\n<\/ul>\n<\/li>\n<li>Garn\n<ul>\n<li>0.75 hg VIEN &#8211; Knit4u<\/li>\n<\/ul>\n<\/li>\n<li>Qualit\u00e4t\n<ul>\n<li>70 % Super Kid Mohair &amp; 30 % Mulberry Silke &#8211; 25 g \/ 210 m<\/li>\n<\/ul>\n<\/li>\n<li>\u00a0Abmessungen\n<ul>\n<li>L\u00e4nge 170 cm<\/li>\n<li>Breite 40 cm<\/li>\n<\/ul>\n<\/li>\n<li>Gedruckte Musteranleitung<\/li>\n<li>Optional Addi Bambus Rundstricknadel Nr. 4 - 80 cm\n<div class=\"tws-article-description--text-container tws-article-description--show-full-description\">\n<div class=\"tws-article-description--text\"><\/div>\n<\/div>\n<\/li>\n<\/ul>\n<\/div>","protected":false},"excerpt":{"rendered":"<p class=\"\" data-start=\"92\" data-end=\"162\"><strong data-start=\"92\" data-end=\"162\">Selia exklusiv mohairsjal \u2013 L\u00e4tt som en fj\u00e4der, vacker som ett smycke<\/strong><\/p>\n<p class=\"\" data-start=\"164\" data-end=\"355\">Den h\u00e4r sjalen kombinerar vacker struktur med lyxig k\u00e4nsla. Ett roligt spetsm\u00f6nster ger liv och r\u00f6relse, medan det exklusiva mohair-silkegarnet g\u00f6r sjalen fj\u00e4derl\u00e4tt och silkesmjuk mot huden. Stickas i en tr\u00e5d VIEN med stickor nr 4.<\/p>\n<p class=\"\" data-start=\"357\" data-end=\"556\">Perfekt som en elegant accessoar \u00f6ver sommarkl\u00e4nningen \u2013 eller som en lyxig halsduk till vinterkappan.<br data-start=\"463\" data-end=\"466\" \/>Spetsm\u00f6nstret (1 rapport = 10 varv) l\u00e4r du dig snabbt, och stickningen blir ett rent n\u00f6je.<\/p>\n<p class=\"\" data-start=\"752\" data-end=\"841\">En tidl\u00f6s sjal som f\u00f6rh\u00f6jer varje outfit \u2013 och ett projekt du kommer \u00e4lska att sticka.<\/p>\n<p data-start=\"752\" data-end=\"841\">Design: Knit4u<\/p>\n<article class=\"w-full text-token-text-primary\" dir=\"auto\" data-testid=\"conversation-turn-4\" data-scroll-anchor=\"true\">\n<div class=\"text-base my-auto mx-auto py-5 px-6\">\n<div class=\"mx-auto flex flex-1 text-base gap-4 md:gap-5 lg:gap-6 md:max-w-3xl lg:max-w-[40rem] xl:max-w-[48rem] group\/turn-messages focus-visible:outline-none\" tabindex=\"-1\">\n<div class=\"group\/conversation-turn relative flex w-full min-w-0 flex-col agent-turn @xs\/thread:px-0 @sm\/thread:px-1.5 @md\/thread:px-4\">\n<div class=\"relative flex-col gap-1 md:gap-3\">\n<div class=\"mt-3 w-full empty:hidden\">\n<div class=\"text-center\"><\/div>\n<\/div>\n<\/div>\n<div class=\"absolute\">\n<div class=\"flex items-center justify-center\"><\/div>\n<\/div>\n<\/div>\n<\/div>\n<\/div>\n<\/article>\n<div class=\"pointer-events-none h-px w-px\" aria-hidden=\"true\" data-edge=\"true\"><\/div>\n","protected":false},"featured_media":7463,"template":"","meta":{"site-sidebar-layout":"default","site-content-layout":"","ast-site-content-layout":"default","site-content-style":"default","site-sidebar-style":"default","ast-global-header-display":"","ast-banner-title-visibility":"","ast-main-header-display":"","ast-hfb-above-header-display":"","ast-hfb-below-header-display":"","ast-hfb-mobile-header-display":"","site-post-title":"","ast-breadcrumbs-content":"","ast-featured-img":"","footer-sml-layout":"","ast-disable-related-posts":"","theme-transparent-header-meta":"default","adv-header-id-meta":"","stick-header-meta":"","header-above-stick-meta":"","header-main-stick-meta":"","header-below-stick-meta":"","astra-migrate-meta-layouts":"set","ast-page-background-enabled":"default","ast-page-background-meta":{"desktop":{"background-color":"var(--ast-global-color-4)","background-image":"","background-repeat":"repeat","background-position":"center center","background-size":"auto","background-attachment":"scroll","background-type":"","background-media":"","overlay-type":"","overlay-color":"","overlay-opacity":"","overlay-gradient":""},"tablet":{"background-color":"","background-image":"","background-repeat":"repeat","background-position":"center center","background-size":"auto","background-attachment":"scroll","background-type":"","background-media":"","overlay-type":"","overlay-color":"","overlay-opacity":"","overlay-gradient":""},"mobile":{"background-color":"","background-image":"","background-repeat":"repeat","background-position":"center center","background-size":"auto","background-attachment":"scroll","background-type":"","background-media":"","overlay-type":"","overlay-color":"","overlay-opacity":"","overlay-gradient":""}},"ast-content-background-meta":{"desktop":{"background-color":"var(--ast-global-color-5)","background-image":"","background-repeat":"repeat","background-position":"center center","background-size":"auto","background-attachment":"scroll","background-type":"","background-media":"","overlay-type":"","overlay-color":"","overlay-opacity":"","overlay-gradient":""},"tablet":{"background-color":"var(--ast-global-color-5)","background-image":"","background-repeat":"repeat","background-position":"center center","background-size":"auto","background-attachment":"scroll","background-type":"","background-media":"","overlay-type":"","overlay-color":"","overlay-opacity":"","overlay-gradient":""},"mobile":{"background-color":"var(--ast-global-color-5)","background-image":"","background-repeat":"repeat","background-position":"center center","background-size":"auto","background-attachment":"scroll","background-type":"","background-media":"","overlay-type":"","overlay-color":"","overlay-opacity":"","overlay-gradient":""}}},"product_brand":[],"product_cat":[46,56],"product_tag":[53,234,284],"class_list":{"0":"post-3960","1":"product","2":"type-product","3":"status-publish","4":"has-post-thumbnail","6":"product_cat-accessoarer","7":"product_cat-stickpaket","8":"product_tag-knit4u","9":"product_tag-mohairsilke","10":"product_tag-vien","11":"desktop-align-left","12":"tablet-align-left","13":"mobile-align-left","15":"first","16":"instock","17":"taxable","18":"shipping-taxable","19":"purchasable","20":"product-type-variable"},"_links":{"self":[{"href":"https:\/\/knit4u.se\/de\/wp-json\/wp\/v2\/product\/3960","targetHints":{"allow":["GET"]}}],"collection":[{"href":"https:\/\/knit4u.se\/de\/wp-json\/wp\/v2\/product"}],"about":[{"href":"https:\/\/knit4u.se\/de\/wp-json\/wp\/v2\/types\/product"}],"version-history":[{"count":12,"href":"https:\/\/knit4u.se\/de\/wp-json\/wp\/v2\/product\/3960\/revisions"}],"predecessor-version":[{"id":8872,"href":"https:\/\/knit4u.se\/de\/wp-json\/wp\/v2\/product\/3960\/revisions\/8872"}],"wp:featuredmedia":[{"embeddable":true,"href":"https:\/\/knit4u.se\/de\/wp-json\/wp\/v2\/media\/7463"}],"wp:attachment":[{"href":"https:\/\/knit4u.se\/de\/wp-json\/wp\/v2\/media?parent=3960"}],"wp:term":[{"taxonomy":"product_brand","embeddable":true,"href":"https:\/\/knit4u.se\/de\/wp-json\/wp\/v2\/product_brand?post=3960"},{"taxonomy":"product_cat","embeddable":true,"href":"https:\/\/knit4u.se\/de\/wp-json\/wp\/v2\/product_cat?post=3960"},{"taxonomy":"product_tag","embeddable":true,"href":"https:\/\/knit4u.se\/de\/wp-json\/wp\/v2\/product_tag?post=3960"}],"curies":[{"name":"wp","href":"https:\/\/api.w.org\/{rel}","templated":true}]}}