{"id":5562,"date":"2024-12-01T10:44:33","date_gmt":"2024-12-01T09:44:33","guid":{"rendered":"https:\/\/www.knitforyou.se\/?post_type=product&#038;p=5562"},"modified":"2026-03-23T19:31:47","modified_gmt":"2026-03-23T18:31:47","slug":"helga-troja-monster-garn","status":"publish","type":"product","link":"https:\/\/knit4u.se\/de\/product\/helga-troja-monster-garn\/","title":{"rendered":"HELGA Tr\u00f6ja &#8211; Mohairsilke &#8211; Stickpaket"},"content":{"rendered":"<ul>\n<li style=\"font-size: 16px;\">Gr\u00f6\u00dfe\n<ul>\n<li style=\"font-size: 16px;\">S\/M ( M\/L ) L\/XL<\/li>\n<\/ul>\n<\/li>\n<li style=\"font-size: 16px;\">Garn\n<ul>\n<li>0.75 ( 1 ) 1.25 hg Vivienne &#8211; Sesia<\/li>\n<li style=\"font-size: 16px;\">2.25 ( 2.5 ) 3 hg Eiffel\u00a0 &#8211; Sesia<\/li>\n<\/ul>\n<\/li>\n<li>Qualit\u00e4t\n<ul>\n<li>Vivienne &#8211; 70 % Super KidMohair\u00a0 30 % Silk &#8211; 25 g \/ 210 m<\/li>\n<li>Eiffel &#8211; 70 % KidMohair\u00a0 30 % Silk &#8211; 25 g \/ 75 m<\/li>\n<\/ul>\n<\/li>\n<li>\u00a0Abmessungen\n<ul>\n<li>L\u00e4nge 55 ( 59 ) 63 cm<\/li>\n<li>Breite 55 ( 60 ) 64 cm<\/li>\n<\/ul>\n<\/li>\n<li>Wenn du es wirklich oversize willst, stricke eine Nummer gr\u00f6\u00dfer<\/li>\n<li>Gedruckte Musteranleitung<\/li>\n<li>Tillval rundstickor Addi bambu nr 6 &#8211; 40 cm och nr 7 &#8211; 80 cm\n<div class=\"tws-article-description--text\"><\/div>\n<\/li>\n<\/ul>","protected":false},"excerpt":{"rendered":"<p class=\"\" data-start=\"106\" data-end=\"735\"><strong data-start=\"106\" data-end=\"158\">Helga - Melange-Mohair-Traum in entspannter Passform<\/strong><br data-start=\"158\" data-end=\"161\" \/>Helga tr\u00f6ja &#8211; gener\u00f6s i storleken med l\u00e5nga \u00e4rmar och rund halsringning. Stickas med tv\u00e5 tr\u00e5dar silkemohair \u2013 den tunnare Vivienne och n\u00e5got kraftigare\u00a0 Eiffel. Vi har parat ihop kul\u00f6rer som ligger n\u00e4ra varandra i f\u00e4rgskalan, vilket skapar en subtil och levande ton \u00e5t tr\u00f6jan. Den stickas nerifr\u00e5n och upp p\u00e5 rundsticka och maskor till \u00e4rmarna plockas upp runt om \u00e4rmh\u00e5len, p\u00e5 s\u00e5 s\u00e4tt beh\u00f6ver de inte sys i\u00a0 efter\u00e5t.\u00a0 Ribbstickning vid halsringning, \u00e4rmslut och nedtill ramar in formen. En enkel och rolig stickning \u2013 och en riktig favorit i garderoben. Den\u00a0 jeansbl\u00e5 \u00e4r en\u00a0 M\/L.<\/p>\n<p class=\"\" data-start=\"106\" data-end=\"735\"><strong>Design: Knit4u<\/strong><\/p>\n<p class=\"\" data-start=\"742\" data-end=\"825\">","protected":false},"featured_media":7485,"template":"","meta":{"site-sidebar-layout":"default","site-content-layout":"","ast-site-content-layout":"default","site-content-style":"default","site-sidebar-style":"default","ast-global-header-display":"","ast-banner-title-visibility":"","ast-main-header-display":"","ast-hfb-above-header-display":"","ast-hfb-below-header-display":"","ast-hfb-mobile-header-display":"","site-post-title":"","ast-breadcrumbs-content":"","ast-featured-img":"","footer-sml-layout":"","ast-disable-related-posts":"","theme-transparent-header-meta":"default","adv-header-id-meta":"","stick-header-meta":"","header-above-stick-meta":"","header-main-stick-meta":"","header-below-stick-meta":"","astra-migrate-meta-layouts":"set","ast-page-background-enabled":"default","ast-page-background-meta":{"desktop":{"background-color":"var(--ast-global-color-4)","background-image":"","background-repeat":"repeat","background-position":"center center","background-size":"auto","background-attachment":"scroll","background-type":"","background-media":"","overlay-type":"","overlay-color":"","overlay-opacity":"","overlay-gradient":""},"tablet":{"background-color":"","background-image":"","background-repeat":"repeat","background-position":"center center","background-size":"auto","background-attachment":"scroll","background-type":"","background-media":"","overlay-type":"","overlay-color":"","overlay-opacity":"","overlay-gradient":""},"mobile":{"background-color":"","background-image":"","background-repeat":"repeat","background-position":"center center","background-size":"auto","background-attachment":"scroll","background-type":"","background-media":"","overlay-type":"","overlay-color":"","overlay-opacity":"","overlay-gradient":""}},"ast-content-background-meta":{"desktop":{"background-color":"var(--ast-global-color-5)","background-image":"","background-repeat":"repeat","background-position":"center center","background-size":"auto","background-attachment":"scroll","background-type":"","background-media":"","overlay-type":"","overlay-color":"","overlay-opacity":"","overlay-gradient":""},"tablet":{"background-color":"var(--ast-global-color-5)","background-image":"","background-repeat":"repeat","background-position":"center center","background-size":"auto","background-attachment":"scroll","background-type":"","background-media":"","overlay-type":"","overlay-color":"","overlay-opacity":"","overlay-gradient":""},"mobile":{"background-color":"var(--ast-global-color-5)","background-image":"","background-repeat":"repeat","background-position":"center center","background-size":"auto","background-attachment":"scroll","background-type":"","background-media":"","overlay-type":"","overlay-color":"","overlay-opacity":"","overlay-gradient":""}}},"product_brand":[],"product_cat":[56,27],"product_tag":[378,371,136,234,355,375],"class_list":{"0":"post-5562","1":"product","2":"type-product","3":"status-publish","4":"has-post-thumbnail","6":"product_cat-stickpaket","7":"product_cat-troja","8":"product_tag-design-knit4u","9":"product_tag-eiffel","10":"product_tag-enkel-stickning","11":"product_tag-mohairsilke","12":"product_tag-sesia","13":"product_tag-vivienne","14":"desktop-align-left","15":"tablet-align-left","16":"mobile-align-left","18":"first","19":"instock","20":"taxable","21":"shipping-taxable","22":"purchasable","23":"product-type-variable","24":"has-default-attributes"},"_links":{"self":[{"href":"https:\/\/knit4u.se\/de\/wp-json\/wp\/v2\/product\/5562","targetHints":{"allow":["GET"]}}],"collection":[{"href":"https:\/\/knit4u.se\/de\/wp-json\/wp\/v2\/product"}],"about":[{"href":"https:\/\/knit4u.se\/de\/wp-json\/wp\/v2\/types\/product"}],"version-history":[{"count":14,"href":"https:\/\/knit4u.se\/de\/wp-json\/wp\/v2\/product\/5562\/revisions"}],"predecessor-version":[{"id":6194,"href":"https:\/\/knit4u.se\/de\/wp-json\/wp\/v2\/product\/5562\/revisions\/6194"}],"wp:featuredmedia":[{"embeddable":true,"href":"https:\/\/knit4u.se\/de\/wp-json\/wp\/v2\/media\/7485"}],"wp:attachment":[{"href":"https:\/\/knit4u.se\/de\/wp-json\/wp\/v2\/media?parent=5562"}],"wp:term":[{"taxonomy":"product_brand","embeddable":true,"href":"https:\/\/knit4u.se\/de\/wp-json\/wp\/v2\/product_brand?post=5562"},{"taxonomy":"product_cat","embeddable":true,"href":"https:\/\/knit4u.se\/de\/wp-json\/wp\/v2\/product_cat?post=5562"},{"taxonomy":"product_tag","embeddable":true,"href":"https:\/\/knit4u.se\/de\/wp-json\/wp\/v2\/product_tag?post=5562"}],"curies":[{"name":"wp","href":"https:\/\/api.w.org\/{rel}","templated":true}]}}