{"id":5854,"date":"2025-08-17T21:56:06","date_gmt":"2025-08-17T20:56:06","guid":{"rendered":"https:\/\/www.knitforyou.se\/?post_type=product&#038;p=5854"},"modified":"2026-02-23T13:58:04","modified_gmt":"2026-02-23T12:58:04","slug":"kira-halsduk-monster-garn","status":"publish","type":"product","link":"https:\/\/knit4u.se\/de\/product\/kira-halsduk-monster-garn\/","title":{"rendered":"KIRA Halsduk &#8211; Gotlandsull Merino &#8211; Stickpaket"},"content":{"rendered":"<div class=\"tws-article-description--text-container\">\n<ul>\n<li>Gr\u00f6\u00dfe\n<ul>\n<li>Einheitsgr\u00f6\u00dfe<\/li>\n<\/ul>\n<\/li>\n<li>Garn\n<ul>\n<li>2 hg F\u00c5R\u00d6 &#8211; Knit4u<\/li>\n<li>1,5 hg MISTRAL &#8211; Sesia<\/li>\n<\/ul>\n<\/li>\n<li>Qualit\u00e4t\n<ul>\n<li>F\u00e5r\u00f6 &#8211; 70 % Gotland Wool &#8211; 100 g \/ 300 m<\/li>\n<li>Lana &#8211; 100 % Merino Superwash &#8211; 50 g \/ 175 m<\/li>\n<\/ul>\n<\/li>\n<li>Abmessungen\n<ul>\n<li>L\u00e4nge 170 cm<\/li>\n<li>Breite 30 cm<\/li>\n<\/ul>\n<\/li>\n<li>Gedruckte Musteranleitung<\/li>\n<li>Optional Addi Bambus Rundstricknadel Gr\u00f6\u00dfe 7 - 80 cm\n<div class=\"tws-article-description--text-container tws-article-description--show-full-description\">\n<div class=\"tws-article-description--text\"><\/div>\n<\/div>\n<\/li>\n<\/ul>\n<\/div>","protected":false},"excerpt":{"rendered":"<p data-start=\"120\" data-end=\"388\"><strong data-start=\"120\" data-end=\"170\">Kira - Rippenschal aus weicher Wollmischung<\/strong><br data-start=\"170\" data-end=\"173\" \/>Kira ist ein klassischer und einfach zu strickender Schal aus einer feinen Mischung aus Gotlandwolle und Merinowolle. Er wird im 2er-Rippenmuster mit zwei Str\u00e4ngen auf Nadeln der Gr\u00f6\u00dfe 7 gestrickt, was ihm ein dehnbares, weiches und geschmeidiges Gef\u00fchl verleiht.<\/p>\n<p data-start=\"390\" data-end=\"491\">Der Schal ist lang genug, um ihn ein paar Mal um den Hals zu wickeln - warm, einfach und zeitlos.<\/p>\n<p data-start=\"493\" data-end=\"610\">M\u00f6chtest du eine stilvolle Erg\u00e4nzung? Kira passt perfekt zur Iris-M\u00fctze, die aus der gleichen weichen Garnmischung gestrickt ist.<\/p>\n<p data-start=\"612\" data-end=\"630\"><strong data-start=\"612\" data-end=\"630\">Design: Knit4u<\/strong><\/p>","protected":false},"featured_media":5915,"template":"","meta":{"site-sidebar-layout":"default","site-content-layout":"","ast-site-content-layout":"default","site-content-style":"default","site-sidebar-style":"default","ast-global-header-display":"","ast-banner-title-visibility":"","ast-main-header-display":"","ast-hfb-above-header-display":"","ast-hfb-below-header-display":"","ast-hfb-mobile-header-display":"","site-post-title":"","ast-breadcrumbs-content":"","ast-featured-img":"","footer-sml-layout":"","ast-disable-related-posts":"","theme-transparent-header-meta":"default","adv-header-id-meta":"","stick-header-meta":"","header-above-stick-meta":"","header-main-stick-meta":"","header-below-stick-meta":"","astra-migrate-meta-layouts":"set","ast-page-background-enabled":"default","ast-page-background-meta":{"desktop":{"background-color":"var(--ast-global-color-4)","background-image":"","background-repeat":"repeat","background-position":"center center","background-size":"auto","background-attachment":"scroll","background-type":"","background-media":"","overlay-type":"","overlay-color":"","overlay-opacity":"","overlay-gradient":""},"tablet":{"background-color":"","background-image":"","background-repeat":"repeat","background-position":"center center","background-size":"auto","background-attachment":"scroll","background-type":"","background-media":"","overlay-type":"","overlay-color":"","overlay-opacity":"","overlay-gradient":""},"mobile":{"background-color":"","background-image":"","background-repeat":"repeat","background-position":"center center","background-size":"auto","background-attachment":"scroll","background-type":"","background-media":"","overlay-type":"","overlay-color":"","overlay-opacity":"","overlay-gradient":""}},"ast-content-background-meta":{"desktop":{"background-color":"var(--ast-global-color-5)","background-image":"","background-repeat":"repeat","background-position":"center center","background-size":"auto","background-attachment":"scroll","background-type":"","background-media":"","overlay-type":"","overlay-color":"","overlay-opacity":"","overlay-gradient":""},"tablet":{"background-color":"var(--ast-global-color-5)","background-image":"","background-repeat":"repeat","background-position":"center center","background-size":"auto","background-attachment":"scroll","background-type":"","background-media":"","overlay-type":"","overlay-color":"","overlay-opacity":"","overlay-gradient":""},"mobile":{"background-color":"var(--ast-global-color-5)","background-image":"","background-repeat":"repeat","background-position":"center center","background-size":"auto","background-attachment":"scroll","background-type":"","background-media":"","overlay-type":"","overlay-color":"","overlay-opacity":"","overlay-gradient":""}}},"product_brand":[],"product_cat":[46,56],"product_tag":[378,136,142,135,143],"class_list":{"0":"post-5854","1":"product","2":"type-product","3":"status-publish","4":"has-post-thumbnail","6":"product_cat-accessoarer","7":"product_cat-stickpaket","8":"product_tag-design-knit4u","9":"product_tag-enkel-stickning","10":"product_tag-faro","11":"product_tag-gotlandsull","12":"product_tag-merino","13":"desktop-align-left","14":"tablet-align-left","15":"mobile-align-left","17":"first","18":"instock","19":"taxable","20":"shipping-taxable","21":"purchasable","22":"product-type-variable"},"_links":{"self":[{"href":"https:\/\/knit4u.se\/de\/wp-json\/wp\/v2\/product\/5854","targetHints":{"allow":["GET"]}}],"collection":[{"href":"https:\/\/knit4u.se\/de\/wp-json\/wp\/v2\/product"}],"about":[{"href":"https:\/\/knit4u.se\/de\/wp-json\/wp\/v2\/types\/product"}],"version-history":[{"count":10,"href":"https:\/\/knit4u.se\/de\/wp-json\/wp\/v2\/product\/5854\/revisions"}],"predecessor-version":[{"id":9427,"href":"https:\/\/knit4u.se\/de\/wp-json\/wp\/v2\/product\/5854\/revisions\/9427"}],"wp:featuredmedia":[{"embeddable":true,"href":"https:\/\/knit4u.se\/de\/wp-json\/wp\/v2\/media\/5915"}],"wp:attachment":[{"href":"https:\/\/knit4u.se\/de\/wp-json\/wp\/v2\/media?parent=5854"}],"wp:term":[{"taxonomy":"product_brand","embeddable":true,"href":"https:\/\/knit4u.se\/de\/wp-json\/wp\/v2\/product_brand?post=5854"},{"taxonomy":"product_cat","embeddable":true,"href":"https:\/\/knit4u.se\/de\/wp-json\/wp\/v2\/product_cat?post=5854"},{"taxonomy":"product_tag","embeddable":true,"href":"https:\/\/knit4u.se\/de\/wp-json\/wp\/v2\/product_tag?post=5854"}],"curies":[{"name":"wp","href":"https:\/\/api.w.org\/{rel}","templated":true}]}}