{"id":5937,"date":"2024-10-22T13:00:33","date_gmt":"2024-10-22T12:00:33","guid":{"rendered":"https:\/\/www.knitforyou.se\/?post_type=product&#038;p=5937"},"modified":"2025-06-16T22:37:10","modified_gmt":"2025-06-16T21:37:10","slug":"malin-halskragemonster-garn","status":"publish","type":"product","link":"https:\/\/knit4u.se\/de\/product\/malin-halskragemonster-garn\/","title":{"rendered":"HARLEQUIN Kragen - Muster &amp; Garn"},"content":{"rendered":"<ul>\n<li style=\"font-size: 16px;\">Gr\u00f6\u00dfe\n<ul>\n<li style=\"font-size: 16px;\">Einheitsgr\u00f6\u00dfe<\/li>\n<\/ul>\n<\/li>\n<li style=\"font-size: 16px;\">Garn\n<ul>\n<li style=\"font-size: 16px;\">2 hg NOVA Knit4u<\/li>\n<li style=\"font-size: 16px;\">0,5 hg GLAMOUR Lang Yarns<\/li>\n<\/ul>\n<\/li>\n<li>Qualit\u00e4t\n<ul>\n<li>Nova 59 % Mohair &amp; 41 % Wolle, 50 g \/ 60 m<\/li>\n<li>Glamour 36 % Polyester, 30 % Polyamid, 25 % Mohair, 9 % Wolle, 50 g \/ 200 m<\/li>\n<\/ul>\n<\/li>\n<li>L\u00e4nge 28 cm<\/li>\n<li>Umfang 140 cm am Ende<\/li>\n<li>Gedruckte Musteranleitung<\/li>\n<li>Stricknadeln nicht enthalten<\/li>\n<\/ul>\n<p>&nbsp;<\/p>","protected":false},"excerpt":{"rendered":"<p data-start=\"81\" data-end=\"300\"><strong data-start=\"81\" data-end=\"128\">Harlequin - ein Halsband der besonderen Art<\/strong><br data-start=\"128\" data-end=\"131\" \/>Ein weicher und glitzernder Kragen, der wirklich auff\u00e4llt! Harlequin ist aus einer flauschigen Mohair- und Wollmischung gestrickt und hat einen Hauch von Glitzergarn f\u00fcr das gewisse Extra.<\/p>\n<p data-start=\"302\" data-end=\"485\">Du strickst von oben nach unten auf 40 cm langen Rundstricknadeln in Gr\u00f6\u00dfe 8 und 15 - ein einfaches und lustiges Strickst\u00fcck, das schnell fertig ist. Perfekt, wenn du etwas Besonderes willst, das sowohl warm als auch festlich ist.<\/p>\n<p data-start=\"487\" data-end=\"514\"><strong data-start=\"487\" data-end=\"514\">Entwurf: Malin S\u00f6derling<\/strong><\/p>","protected":false},"featured_media":6851,"template":"","meta":{"site-sidebar-layout":"default","site-content-layout":"","ast-site-content-layout":"default","site-content-style":"default","site-sidebar-style":"default","ast-global-header-display":"","ast-banner-title-visibility":"","ast-main-header-display":"","ast-hfb-above-header-display":"","ast-hfb-below-header-display":"","ast-hfb-mobile-header-display":"","site-post-title":"","ast-breadcrumbs-content":"","ast-featured-img":"","footer-sml-layout":"","ast-disable-related-posts":"","theme-transparent-header-meta":"default","adv-header-id-meta":"","stick-header-meta":"","header-above-stick-meta":"","header-main-stick-meta":"","header-below-stick-meta":"","astra-migrate-meta-layouts":"set","ast-page-background-enabled":"default","ast-page-background-meta":{"desktop":{"background-color":"var(--ast-global-color-4)","background-image":"","background-repeat":"repeat","background-position":"center center","background-size":"auto","background-attachment":"scroll","background-type":"","background-media":"","overlay-type":"","overlay-color":"","overlay-opacity":"","overlay-gradient":""},"tablet":{"background-color":"","background-image":"","background-repeat":"repeat","background-position":"center center","background-size":"auto","background-attachment":"scroll","background-type":"","background-media":"","overlay-type":"","overlay-color":"","overlay-opacity":"","overlay-gradient":""},"mobile":{"background-color":"","background-image":"","background-repeat":"repeat","background-position":"center center","background-size":"auto","background-attachment":"scroll","background-type":"","background-media":"","overlay-type":"","overlay-color":"","overlay-opacity":"","overlay-gradient":""}},"ast-content-background-meta":{"desktop":{"background-color":"var(--ast-global-color-5)","background-image":"","background-repeat":"repeat","background-position":"center center","background-size":"auto","background-attachment":"scroll","background-type":"","background-media":"","overlay-type":"","overlay-color":"","overlay-opacity":"","overlay-gradient":""},"tablet":{"background-color":"var(--ast-global-color-5)","background-image":"","background-repeat":"repeat","background-position":"center center","background-size":"auto","background-attachment":"scroll","background-type":"","background-media":"","overlay-type":"","overlay-color":"","overlay-opacity":"","overlay-gradient":""},"mobile":{"background-color":"var(--ast-global-color-5)","background-image":"","background-repeat":"repeat","background-position":"center center","background-size":"auto","background-attachment":"scroll","background-type":"","background-media":"","overlay-type":"","overlay-color":"","overlay-opacity":"","overlay-gradient":""}}},"product_brand":[],"product_cat":[46,56],"product_tag":[136,60,54,50,283],"class_list":{"0":"post-5937","1":"product","2":"type-product","3":"status-publish","4":"has-post-thumbnail","6":"product_cat-accessoarer","7":"product_cat-stickpaket","8":"product_tag-enkel-stickning","9":"product_tag-glitter","10":"product_tag-malin","11":"product_tag-mohair","12":"product_tag-nova","13":"desktop-align-left","14":"tablet-align-left","15":"mobile-align-left","17":"first","18":"instock","19":"taxable","20":"shipping-taxable","21":"purchasable","22":"product-type-variable"},"_links":{"self":[{"href":"https:\/\/knit4u.se\/de\/wp-json\/wp\/v2\/product\/5937","targetHints":{"allow":["GET"]}}],"collection":[{"href":"https:\/\/knit4u.se\/de\/wp-json\/wp\/v2\/product"}],"about":[{"href":"https:\/\/knit4u.se\/de\/wp-json\/wp\/v2\/types\/product"}],"version-history":[{"count":7,"href":"https:\/\/knit4u.se\/de\/wp-json\/wp\/v2\/product\/5937\/revisions"}],"predecessor-version":[{"id":7910,"href":"https:\/\/knit4u.se\/de\/wp-json\/wp\/v2\/product\/5937\/revisions\/7910"}],"wp:featuredmedia":[{"embeddable":true,"href":"https:\/\/knit4u.se\/de\/wp-json\/wp\/v2\/media\/6851"}],"wp:attachment":[{"href":"https:\/\/knit4u.se\/de\/wp-json\/wp\/v2\/media?parent=5937"}],"wp:term":[{"taxonomy":"product_brand","embeddable":true,"href":"https:\/\/knit4u.se\/de\/wp-json\/wp\/v2\/product_brand?post=5937"},{"taxonomy":"product_cat","embeddable":true,"href":"https:\/\/knit4u.se\/de\/wp-json\/wp\/v2\/product_cat?post=5937"},{"taxonomy":"product_tag","embeddable":true,"href":"https:\/\/knit4u.se\/de\/wp-json\/wp\/v2\/product_tag?post=5937"}],"curies":[{"name":"wp","href":"https:\/\/api.w.org\/{rel}","templated":true}]}}