{"id":6408,"date":"2024-12-09T10:48:02","date_gmt":"2024-12-09T09:48:02","guid":{"rendered":"https:\/\/knit4u.se\/?post_type=product&#038;p=6408"},"modified":"2026-02-24T12:30:29","modified_gmt":"2026-02-24T11:30:29","slug":"sofie-slipover-monster-garn","status":"publish","type":"product","link":"https:\/\/knit4u.se\/de\/product\/sofie-slipover-monster-garn\/","title":{"rendered":"HANNA Slipover &#8211; Ull Mohair &#8211; Stickpaket"},"content":{"rendered":"<div class=\"tws-article-description--text-container\">\n<ul>\n<li>ullStorlek\n<ul>\n<li>S\/M ( L\/XL )<\/li>\n<\/ul>\n<\/li>\n<li>Garn\n<ul>\n<li>3 ( 4 ) hg MILLEDUE &#8211; SESIA<\/li>\n<\/ul>\n<\/li>\n<li>Qualit\u00e4t\n<ul>\n<li>59 % Mohair RMS\u00a0 41 % Wool RWS &#8211; 50 g \/ 60 m<\/li>\n<\/ul>\n<\/li>\n<li>\u00a0Abmessungen\n<ul>\n<li>L\u00e4ngd fram 55 ( 60 ) cm,<\/li>\n<li>L\u00e4ngd bak 63 ( 68 ) cm<\/li>\n<li>Bredd 40 ( 45 )<\/li>\n<li>2 st knappar, ca 35 mm<\/li>\n<\/ul>\n<\/li>\n<li>Gedruckte Musteranleitung<\/li>\n<li>Tillval Addi bambu rundstickor nr 8 &#8211; 80 cm + 40 cm<\/li>\n<\/ul>\n<\/div>","protected":false},"excerpt":{"rendered":"<p data-start=\"93\" data-end=\"303\"><strong data-start=\"93\" data-end=\"134\">Hanna \u2013 slipovern med det lilla extra<\/strong><br data-start=\"134\" data-end=\"137\" \/>Hanna \u00e4r en modern och mysig slipover med \u00f6ppen sida, liten st\u00e5krage och en slejf som kn\u00e4pps framtill. Bakstycket \u00e4r lite l\u00e4ngre f\u00f6r en snygg och avslappnad passform.<\/p>\n<p data-start=\"305\" data-end=\"540\">Den stickas uppifr\u00e5n och ner i ribbstickning med en tr\u00e5d Milledue\u00a0 \u2013 ett fluffigt, tjockt mohair- och ullgarn fr\u00e5n italienska Sesia. Garnet \u00e4r otroligt sk\u00f6nt och kul att sticka med,\u00a0 ger b\u00e5de v\u00e4rme och struktur \u00e5t ditt plagg.<br data-start=\"446\" data-end=\"449\" \/>Enkel och rolig stickning \u2013 perfekt f\u00f6r dig som vill ha ett snabbt projekt i ett mjuk h\u00e4rligt garn.<\/p>\n<p data-start=\"542\" data-end=\"560\"><strong>Design: Knit4u<\/strong><\/p>\n<p>&nbsp;<\/p>","protected":false},"featured_media":8585,"template":"","meta":{"site-sidebar-layout":"default","site-content-layout":"","ast-site-content-layout":"default","site-content-style":"default","site-sidebar-style":"default","ast-global-header-display":"","ast-banner-title-visibility":"","ast-main-header-display":"","ast-hfb-above-header-display":"","ast-hfb-below-header-display":"","ast-hfb-mobile-header-display":"","site-post-title":"","ast-breadcrumbs-content":"","ast-featured-img":"","footer-sml-layout":"","ast-disable-related-posts":"","theme-transparent-header-meta":"default","adv-header-id-meta":"","stick-header-meta":"","header-above-stick-meta":"","header-main-stick-meta":"","header-below-stick-meta":"","astra-migrate-meta-layouts":"set","ast-page-background-enabled":"default","ast-page-background-meta":{"desktop":{"background-color":"var(--ast-global-color-4)","background-image":"","background-repeat":"repeat","background-position":"center center","background-size":"auto","background-attachment":"scroll","background-type":"","background-media":"","overlay-type":"","overlay-color":"","overlay-opacity":"","overlay-gradient":""},"tablet":{"background-color":"","background-image":"","background-repeat":"repeat","background-position":"center center","background-size":"auto","background-attachment":"scroll","background-type":"","background-media":"","overlay-type":"","overlay-color":"","overlay-opacity":"","overlay-gradient":""},"mobile":{"background-color":"","background-image":"","background-repeat":"repeat","background-position":"center center","background-size":"auto","background-attachment":"scroll","background-type":"","background-media":"","overlay-type":"","overlay-color":"","overlay-opacity":"","overlay-gradient":""}},"ast-content-background-meta":{"desktop":{"background-color":"var(--ast-global-color-5)","background-image":"","background-repeat":"repeat","background-position":"center center","background-size":"auto","background-attachment":"scroll","background-type":"","background-media":"","overlay-type":"","overlay-color":"","overlay-opacity":"","overlay-gradient":""},"tablet":{"background-color":"var(--ast-global-color-5)","background-image":"","background-repeat":"repeat","background-position":"center center","background-size":"auto","background-attachment":"scroll","background-type":"","background-media":"","overlay-type":"","overlay-color":"","overlay-opacity":"","overlay-gradient":""},"mobile":{"background-color":"var(--ast-global-color-5)","background-image":"","background-repeat":"repeat","background-position":"center center","background-size":"auto","background-attachment":"scroll","background-type":"","background-media":"","overlay-type":"","overlay-color":"","overlay-opacity":"","overlay-gradient":""}}},"product_brand":[],"product_cat":[56,61],"product_tag":[53,354,50,355],"class_list":{"0":"post-6408","1":"product","2":"type-product","3":"status-publish","4":"has-post-thumbnail","6":"product_cat-stickpaket","7":"product_cat-vast","8":"product_tag-knit4u","9":"product_tag-milledue","10":"product_tag-mohair","11":"product_tag-sesia","12":"desktop-align-left","13":"tablet-align-left","14":"mobile-align-left","16":"first","17":"instock","18":"taxable","19":"shipping-taxable","20":"purchasable","21":"product-type-variable","22":"has-default-attributes"},"_links":{"self":[{"href":"https:\/\/knit4u.se\/de\/wp-json\/wp\/v2\/product\/6408","targetHints":{"allow":["GET"]}}],"collection":[{"href":"https:\/\/knit4u.se\/de\/wp-json\/wp\/v2\/product"}],"about":[{"href":"https:\/\/knit4u.se\/de\/wp-json\/wp\/v2\/types\/product"}],"version-history":[{"count":12,"href":"https:\/\/knit4u.se\/de\/wp-json\/wp\/v2\/product\/6408\/revisions"}],"predecessor-version":[{"id":9375,"href":"https:\/\/knit4u.se\/de\/wp-json\/wp\/v2\/product\/6408\/revisions\/9375"}],"wp:featuredmedia":[{"embeddable":true,"href":"https:\/\/knit4u.se\/de\/wp-json\/wp\/v2\/media\/8585"}],"wp:attachment":[{"href":"https:\/\/knit4u.se\/de\/wp-json\/wp\/v2\/media?parent=6408"}],"wp:term":[{"taxonomy":"product_brand","embeddable":true,"href":"https:\/\/knit4u.se\/de\/wp-json\/wp\/v2\/product_brand?post=6408"},{"taxonomy":"product_cat","embeddable":true,"href":"https:\/\/knit4u.se\/de\/wp-json\/wp\/v2\/product_cat?post=6408"},{"taxonomy":"product_tag","embeddable":true,"href":"https:\/\/knit4u.se\/de\/wp-json\/wp\/v2\/product_tag?post=6408"}],"curies":[{"name":"wp","href":"https:\/\/api.w.org\/{rel}","templated":true}]}}