{"id":7034,"date":"2025-03-24T17:49:52","date_gmt":"2025-03-24T16:49:52","guid":{"rendered":"https:\/\/knit4u.se\/?post_type=product&#038;p=7034"},"modified":"2026-03-24T10:00:27","modified_gmt":"2026-03-24T09:00:27","slug":"elsa-troja-mohairsilke-stickpaket","status":"publish","type":"product","link":"https:\/\/knit4u.se\/de\/product\/elsa-troja-mohairsilke-stickpaket\/","title":{"rendered":"ELSA Tr\u00f6ja &#8211; Mohairsilke &#8211; Stickpaket"},"content":{"rendered":"<div class=\"tws-article-description--text-container\">\n<ul>\n<li>&#8211; Storlek\n<ul>\n<li>S\/M ( L\/XL )<\/li>\n<\/ul>\n<\/li>\n<li>Garn\n<ul>\n<li>2.25 (2.75) hg Eiffel &#8211; Sesia<\/li>\n<\/ul>\n<\/li>\n<li>Qualit\u00e4t\n<ul>\n<li>70 % Kid Mohair\u00a0 30 % Silk &#8211; 25 g \/ 75 m<\/li>\n<\/ul>\n<\/li>\n<li>Abmessungen\n<ul>\n<li>L\u00e4ngd fram 54 ( 58 ) cm<\/li>\n<li>L\u00e4ngd bak 60 ( 64 ) cm<\/li>\n<li>Bredd 58 ( 60 ) cm<\/li>\n<\/ul>\n<\/li>\n<li>Gedruckte Musteranleitung<\/li>\n<li>Tillval \u00a0Addi bambu rundstickor nr 5.5 &#8211; 40 cm + 80 cm\n<div class=\"tws-article-description--text-container tws-article-description--show-full-description\">\n<div class=\"tws-article-description--text\"><\/div>\n<\/div>\n<\/li>\n<\/ul>\n<\/div>","protected":false},"excerpt":{"rendered":"<p class=\"\" data-start=\"123\" data-end=\"173\"><strong data-start=\"123\" data-end=\"167\">Elsa Tr\u00f6ja\u2013 en mjuk vardagsdr\u00f6m i mohairsilke<\/strong><\/p>\n<p class=\"\" data-start=\"175\" data-end=\"456\">Elsa \u00e4r en ledig och elegant tr\u00f6ja med v-ringning och\u00a0 n\u00e5got l\u00e4ngre baktill f\u00f6r en snygg, avslappnad silhuett. Den stickas med en tr\u00e5d i v\u00e5rt lite tjockare mohairsilke, Eiffel fr\u00e5n italienska Sesia, som ger tr\u00f6jan ett mjukt fall och en lyxig k\u00e4nsla \u2013 perfekt b\u00e5de till vardag och lite finare tillf\u00e4llen.<\/p>\n<p class=\"\" data-start=\"458\" data-end=\"701\">Tr\u00f6jan stickas uppifr\u00e5n och ner, du b\u00f6rjar med halsringningen i bakstycket och formar sedan axelpartiet med \u00f6kningar. N\u00e4r du stickat ner till \u00e4rmh\u00e5len nedre kant, stickas framstycket.\u00a0 Du plockar upp maskor l\u00e4ngs med bakstyckets, stickar tills fram- och bakstycke kan f\u00f6ras samman, forts\u00e4tter sedan sticka runt tills r\u00e4tt l\u00e4ngd \u00e4r n\u00e5dd.<\/p>\n<p class=\"\" data-start=\"703\" data-end=\"941\">Maskor f\u00f6r \u00e4rmar plockas upp l\u00e4ngs med \u00e4rmh\u00e5len och stickas sedan runt \u2013 en minskning vid \u00e4rmslut och en I-cord kant skapar en fin liten puff. Tr\u00f6jan avslutas med I-cord kant \u00e4ven runt halsringning f\u00f6r en ren och genomarbetad finish.<\/p>\n<p class=\"\" data-start=\"1031\" data-end=\"1114\"><strong>Design: Knit4u<\/strong><\/p>","protected":false},"featured_media":7077,"template":"","meta":{"site-sidebar-layout":"default","site-content-layout":"","ast-site-content-layout":"default","site-content-style":"default","site-sidebar-style":"default","ast-global-header-display":"","ast-banner-title-visibility":"","ast-main-header-display":"","ast-hfb-above-header-display":"","ast-hfb-below-header-display":"","ast-hfb-mobile-header-display":"","site-post-title":"","ast-breadcrumbs-content":"","ast-featured-img":"","footer-sml-layout":"","ast-disable-related-posts":"","theme-transparent-header-meta":"default","adv-header-id-meta":"","stick-header-meta":"","header-above-stick-meta":"","header-main-stick-meta":"","header-below-stick-meta":"","astra-migrate-meta-layouts":"set","ast-page-background-enabled":"default","ast-page-background-meta":{"desktop":{"background-color":"var(--ast-global-color-4)","background-image":"","background-repeat":"repeat","background-position":"center center","background-size":"auto","background-attachment":"scroll","background-type":"","background-media":"","overlay-type":"","overlay-color":"","overlay-opacity":"","overlay-gradient":""},"tablet":{"background-color":"","background-image":"","background-repeat":"repeat","background-position":"center center","background-size":"auto","background-attachment":"scroll","background-type":"","background-media":"","overlay-type":"","overlay-color":"","overlay-opacity":"","overlay-gradient":""},"mobile":{"background-color":"","background-image":"","background-repeat":"repeat","background-position":"center center","background-size":"auto","background-attachment":"scroll","background-type":"","background-media":"","overlay-type":"","overlay-color":"","overlay-opacity":"","overlay-gradient":""}},"ast-content-background-meta":{"desktop":{"background-color":"var(--ast-global-color-5)","background-image":"","background-repeat":"repeat","background-position":"center center","background-size":"auto","background-attachment":"scroll","background-type":"","background-media":"","overlay-type":"","overlay-color":"","overlay-opacity":"","overlay-gradient":""},"tablet":{"background-color":"var(--ast-global-color-5)","background-image":"","background-repeat":"repeat","background-position":"center center","background-size":"auto","background-attachment":"scroll","background-type":"","background-media":"","overlay-type":"","overlay-color":"","overlay-opacity":"","overlay-gradient":""},"mobile":{"background-color":"var(--ast-global-color-5)","background-image":"","background-repeat":"repeat","background-position":"center center","background-size":"auto","background-attachment":"scroll","background-type":"","background-media":"","overlay-type":"","overlay-color":"","overlay-opacity":"","overlay-gradient":""}}},"product_brand":[],"product_cat":[56,27],"product_tag":[378,371,234,355],"class_list":{"0":"post-7034","1":"product","2":"type-product","3":"status-publish","4":"has-post-thumbnail","6":"product_cat-stickpaket","7":"product_cat-troja","8":"product_tag-design-knit4u","9":"product_tag-eiffel","10":"product_tag-mohairsilke","11":"product_tag-sesia","12":"desktop-align-left","13":"tablet-align-left","14":"mobile-align-left","16":"first","17":"instock","18":"taxable","19":"shipping-taxable","20":"purchasable","21":"product-type-variable","22":"has-default-attributes"},"_links":{"self":[{"href":"https:\/\/knit4u.se\/de\/wp-json\/wp\/v2\/product\/7034","targetHints":{"allow":["GET"]}}],"collection":[{"href":"https:\/\/knit4u.se\/de\/wp-json\/wp\/v2\/product"}],"about":[{"href":"https:\/\/knit4u.se\/de\/wp-json\/wp\/v2\/types\/product"}],"version-history":[{"count":16,"href":"https:\/\/knit4u.se\/de\/wp-json\/wp\/v2\/product\/7034\/revisions"}],"predecessor-version":[{"id":9694,"href":"https:\/\/knit4u.se\/de\/wp-json\/wp\/v2\/product\/7034\/revisions\/9694"}],"wp:featuredmedia":[{"embeddable":true,"href":"https:\/\/knit4u.se\/de\/wp-json\/wp\/v2\/media\/7077"}],"wp:attachment":[{"href":"https:\/\/knit4u.se\/de\/wp-json\/wp\/v2\/media?parent=7034"}],"wp:term":[{"taxonomy":"product_brand","embeddable":true,"href":"https:\/\/knit4u.se\/de\/wp-json\/wp\/v2\/product_brand?post=7034"},{"taxonomy":"product_cat","embeddable":true,"href":"https:\/\/knit4u.se\/de\/wp-json\/wp\/v2\/product_cat?post=7034"},{"taxonomy":"product_tag","embeddable":true,"href":"https:\/\/knit4u.se\/de\/wp-json\/wp\/v2\/product_tag?post=7034"}],"curies":[{"name":"wp","href":"https:\/\/api.w.org\/{rel}","templated":true}]}}