{"id":7339,"date":"2025-05-08T13:49:01","date_gmt":"2025-05-08T12:49:01","guid":{"rendered":"https:\/\/knit4u.se\/?post_type=product&#038;p=7339"},"modified":"2026-04-14T13:22:41","modified_gmt":"2026-04-14T12:22:41","slug":"alice-scarves-cashmere-stickpaket","status":"publish","type":"product","link":"https:\/\/knit4u.se\/de\/product\/alice-scarves-cashmere-stickpaket\/","title":{"rendered":"ALICE Scarves &#8211; Cashmere &#8211;  Stickpaket"},"content":{"rendered":"<ul>\n<li style=\"font-size: 16px;\">Gr\u00f6\u00dfe\n<ul>\n<li style=\"font-size: 16px;\">Einheitsgr\u00f6\u00dfe<\/li>\n<\/ul>\n<\/li>\n<li>Abmessungen\n<ul>\n<li>L\u00e4nge 125 cm<\/li>\n<li>Breite 2 - 10 cm<\/li>\n<\/ul>\n<\/li>\n<li style=\"font-size: 16px;\">\u00a0Garn\n<ul>\n<li style=\"font-size: 16px;\">0.25 hg Cashmere Light Color eller Cashmere Light &#8211; Lang Yarns<\/li>\n<\/ul>\n<\/li>\n<li>Qualit\u00e4t\n<ul>\n<li>88 % Cashmere, 12 % Polyamid &#8211; 25 g \/ 85 m<\/li>\n<\/ul>\n<\/li>\n<li>Gedruckte Musteranleitung<\/li>\n<li>Optionale Rundstricknadel Addi bamboo no 6 - 80 cm\n<div class=\"tws-article-description--text\"><\/div>\n<\/li>\n<\/ul>\n<p>&nbsp;<\/p>","protected":false},"excerpt":{"rendered":"<p class=\"\" data-start=\"139\" data-end=\"187\"><strong data-start=\"139\" data-end=\"187\">Alice Schal - Luxuri\u00f6ses Kaschmirgef\u00fchl im Handumdrehen<\/strong><\/p>\n<p class=\"\" data-start=\"189\" data-end=\"405\">So exquisit, so kuschelig, so federleicht - der Alice-Schal ist purer Kaschmir-Luxus auf der Haut. Er wird aus exklusiven Naturfasern aus dem seltenen Unterfell der Kaschmirziege gestrickt und ist daher weich, warm und elegant.<\/p>\n<p class=\"\" data-start=\"407\" data-end=\"567\">Mit seiner luftigen Leichtigkeit ist das Garn <em data-start=\"442\" data-end=\"458\">Kaschmir leicht<\/em> Du wirst auf Wolken schweben - du wirst es vom ersten Moment an lieben. Ein Muss f\u00fcr jeden, der es liebt zu stricken!<\/p>\n<p class=\"\" data-start=\"569\" data-end=\"855\">Scarfen stickas i r\u00e4tstickning med raka, stilrena kanter som ger ett snyggt helhetsintryck. Du v\u00e4ljer sj\u00e4lv om du vill sticka den enf\u00e4rgad eller i vackra f\u00e4rgskiftningar. Endast ett nystan beh\u00f6vs till detta mjuka, elastiska projekt \u2013 perfekt som g\u00e5va eller som din nya favoritaccessoar. Ett roligt och l\u00e4ttstickat projekt f\u00f6r b\u00e5de nyb\u00f6rjare och vana stickare!<\/p>\n<p class=\"\" data-start=\"857\" data-end=\"975\">Stricke mit Nadeln der Gr\u00f6\u00dfe 6.<br data-start=\"882\" data-end=\"885\" \/><strong>Entwurf:<\/strong>Knit4u.<\/p>","protected":false},"featured_media":9864,"template":"","meta":{"site-sidebar-layout":"default","site-content-layout":"","ast-site-content-layout":"default","site-content-style":"default","site-sidebar-style":"default","ast-global-header-display":"","ast-banner-title-visibility":"","ast-main-header-display":"","ast-hfb-above-header-display":"","ast-hfb-below-header-display":"","ast-hfb-mobile-header-display":"","site-post-title":"","ast-breadcrumbs-content":"","ast-featured-img":"","footer-sml-layout":"","ast-disable-related-posts":"","theme-transparent-header-meta":"default","adv-header-id-meta":"","stick-header-meta":"","header-above-stick-meta":"","header-main-stick-meta":"","header-below-stick-meta":"","astra-migrate-meta-layouts":"set","ast-page-background-enabled":"default","ast-page-background-meta":{"desktop":{"background-color":"var(--ast-global-color-4)","background-image":"","background-repeat":"repeat","background-position":"center center","background-size":"auto","background-attachment":"scroll","background-type":"","background-media":"","overlay-type":"","overlay-color":"","overlay-opacity":"","overlay-gradient":""},"tablet":{"background-color":"","background-image":"","background-repeat":"repeat","background-position":"center center","background-size":"auto","background-attachment":"scroll","background-type":"","background-media":"","overlay-type":"","overlay-color":"","overlay-opacity":"","overlay-gradient":""},"mobile":{"background-color":"","background-image":"","background-repeat":"repeat","background-position":"center center","background-size":"auto","background-attachment":"scroll","background-type":"","background-media":"","overlay-type":"","overlay-color":"","overlay-opacity":"","overlay-gradient":""}},"ast-content-background-meta":{"desktop":{"background-color":"var(--ast-global-color-5)","background-image":"","background-repeat":"repeat","background-position":"center center","background-size":"auto","background-attachment":"scroll","background-type":"","background-media":"","overlay-type":"","overlay-color":"","overlay-opacity":"","overlay-gradient":""},"tablet":{"background-color":"var(--ast-global-color-5)","background-image":"","background-repeat":"repeat","background-position":"center center","background-size":"auto","background-attachment":"scroll","background-type":"","background-media":"","overlay-type":"","overlay-color":"","overlay-opacity":"","overlay-gradient":""},"mobile":{"background-color":"var(--ast-global-color-5)","background-image":"","background-repeat":"repeat","background-position":"center center","background-size":"auto","background-attachment":"scroll","background-type":"","background-media":"","overlay-type":"","overlay-color":"","overlay-opacity":"","overlay-gradient":""}}},"product_brand":[],"product_cat":[46,56],"product_tag":[333,378,364],"class_list":{"0":"post-7339","1":"product","2":"type-product","3":"status-publish","4":"has-post-thumbnail","6":"product_cat-accessoarer","7":"product_cat-stickpaket","8":"product_tag-cashmere-light","9":"product_tag-design-knit4u","10":"product_tag-lang-yarns","11":"desktop-align-left","12":"tablet-align-left","13":"mobile-align-left","15":"first","16":"instock","17":"taxable","18":"shipping-taxable","19":"purchasable","20":"product-type-variable"},"_links":{"self":[{"href":"https:\/\/knit4u.se\/de\/wp-json\/wp\/v2\/product\/7339","targetHints":{"allow":["GET"]}}],"collection":[{"href":"https:\/\/knit4u.se\/de\/wp-json\/wp\/v2\/product"}],"about":[{"href":"https:\/\/knit4u.se\/de\/wp-json\/wp\/v2\/types\/product"}],"version-history":[{"count":10,"href":"https:\/\/knit4u.se\/de\/wp-json\/wp\/v2\/product\/7339\/revisions"}],"predecessor-version":[{"id":9865,"href":"https:\/\/knit4u.se\/de\/wp-json\/wp\/v2\/product\/7339\/revisions\/9865"}],"wp:featuredmedia":[{"embeddable":true,"href":"https:\/\/knit4u.se\/de\/wp-json\/wp\/v2\/media\/9864"}],"wp:attachment":[{"href":"https:\/\/knit4u.se\/de\/wp-json\/wp\/v2\/media?parent=7339"}],"wp:term":[{"taxonomy":"product_brand","embeddable":true,"href":"https:\/\/knit4u.se\/de\/wp-json\/wp\/v2\/product_brand?post=7339"},{"taxonomy":"product_cat","embeddable":true,"href":"https:\/\/knit4u.se\/de\/wp-json\/wp\/v2\/product_cat?post=7339"},{"taxonomy":"product_tag","embeddable":true,"href":"https:\/\/knit4u.se\/de\/wp-json\/wp\/v2\/product_tag?post=7339"}],"curies":[{"name":"wp","href":"https:\/\/api.w.org\/{rel}","templated":true}]}}