{"id":7378,"date":"2025-05-08T18:11:27","date_gmt":"2025-05-08T17:11:27","guid":{"rendered":"https:\/\/knit4u.se\/?post_type=product&#038;p=7378"},"modified":"2026-02-10T14:10:22","modified_gmt":"2026-02-10T13:10:22","slug":"ines-troja-monster-garn","status":"publish","type":"product","link":"https:\/\/knit4u.se\/de\/product\/ines-troja-monster-garn\/","title":{"rendered":"INES Tr\u00f6ja &#8211; Ull Mohair &#8211; Stickpaket"},"content":{"rendered":"<div class=\"tws-article-description--text-container\">\n<ul>\n<li>Gr\u00f6\u00dfe\n<ul>\n<li>S \/M\u00a0 ( L\/XL )<\/li>\n<\/ul>\n<\/li>\n<li>Garn\n<ul>\n<li>Kul\u00f6r 1 &#8211; 3 ( 4 ) hg\u00a0 Milledue &#8211; Sesia Yarns<\/li>\n<li>Kul\u00f6r 2 &#8211; 1 ( 1 ) hg Milledue &#8211; Sesia Yarns<\/li>\n<\/ul>\n<\/li>\n<li>Qualit\u00e4t\n<ul>\n<li>59 % Mohair\u00a0 41 % Organic Wool &#8211; 50 g \/ 60 m<\/li>\n<\/ul>\n<\/li>\n<li>Abmessungen\n<ul>\n<li>L\u00e4ngd 57 ( 60 )\u00a0 cm<\/li>\n<li>Bredd 66 ( 72 )\u00a0 cm<\/li>\n<li>\u00c4rm 40 ( 42 ) cm fr\u00e5n \u00e4rmh\u00e5l<\/li>\n<\/ul>\n<\/li>\n<li>Gedruckte Musteranleitung<\/li>\n<li>Optionale Rundstricknadeln Addi bamboo no 8 - 80 cm + 40 cm<\/li>\n<\/ul>\n<\/div>","protected":false},"excerpt":{"rendered":"<div class=\"flex shrink basis-auto flex-col overflow-hidden -mb-(--composer-overlap-px) [--composer-overlap-px:24px] grow\">\n<div class=\"relative h-full\">\n<div class=\"flex h-full flex-col overflow-y-auto [scrollbar-gutter:stable]\">\n<div class=\"@thread-xl\/thread:pt-header-height mt-1.5 flex flex-col text-sm pb-25\">\n<article class=\"text-token-text-primary w-full\" dir=\"auto\" data-testid=\"conversation-turn-4\" data-scroll-anchor=\"true\">\n<div class=\"text-base my-auto mx-auto py-5 [--thread-content-margin:--spacing(4)] @[37rem]:[--thread-content-margin:--spacing(6)] @[70rem]:[--thread-content-margin:--spacing(12)] px-(--thread-content-margin)\">\n<div class=\"[--thread-content-max-width:32rem] @[34rem]:[--thread-content-max-width:40rem] @[64rem]:[--thread-content-max-width:48rem] mx-auto flex max-w-(--thread-content-max-width) flex-1 text-base gap-4 md:gap-5 lg:gap-6 group\/turn-messages focus-visible:outline-hidden\" tabindex=\"-1\">\n<div class=\"group\/conversation-turn relative flex w-full min-w-0 flex-col agent-turn\">\n<div class=\"relative flex-col gap-1 md:gap-3\">\n<div class=\"flex max-w-full flex-col grow\">\n<div class=\"min-h-8 text-message relative flex w-full flex-col items-end gap-2 text-start break-words whitespace-normal [.text-message+&amp;]:mt-5\" dir=\"auto\" data-message-author-role=\"assistant\" data-message-id=\"f1440117-72c3-4e33-a574-7110b9aa0f0d\" data-message-model-slug=\"gpt-4o\">\n<div class=\"flex w-full flex-col gap-1 empty:hidden first:pt-[3px]\">\n<div class=\"markdown prose dark:prose-invert w-full break-words light\">\n<p><strong>Ines Tr\u00f6ja \u2013 L\u00e4tt, luftig och full av sommark\u00e4nsla<\/strong><\/p>\n<p>Ines \u00e4r den perfekta sommartr\u00f6jan \u2013 stor, sk\u00f6n och stickad i en lyxig mohair- och ullblandning med fr\u00e4scha r\u00e4nder som ger en modern, avslappnad stil. Den luftiga k\u00e4nslan g\u00f6r den idealisk f\u00f6r svala kv\u00e4llar och lata helger.<\/p>\n<p>Tr\u00f6jan stickas i en tr\u00e5d Milledue fr\u00e5n Italienska Sesia,\u00a0 uppifr\u00e5n och ner med stickor nr 8, vilket g\u00f6r den b\u00e5de snabb och rolig att g\u00f6ra. En dekorativ ribbstickning \u00f6ver axlarna, en gener\u00f6s, vidare halsringning samt 1 x 1-ribb i nederkant och vid \u00e4rmslut. Den \u00e4r lite l\u00e4ngre baktill och har snygg slits i sidan, f\u00f6r extra r\u00f6relsefrihet och stil.<\/p>\n<p>En m\u00e5ngsidig favorit du kommer vilja b\u00e4ra om och om igen \u2013 b\u00e5de till jeans, kjol och \u00f6ver sommarkl\u00e4nningen.<\/p>\n<p class=\"\" data-start=\"89\" data-end=\"126\"><strong style=\"font-size: 16px;\" data-start=\"567\" data-end=\"633\">Design: Knit4u\u00a0<\/strong><\/p>\n<\/div>\n<\/div>\n<\/div>\n<\/div>\n<div class=\"flex justify-start\">\n<div class=\"touch:-me-2 touch:-ms-3.5 -ms-2.5 -me-1 flex items-center p-1 select-none -mt-1 duration-[1.5s] focus-within:transition-none hover:transition-none pointer-events-none [mask-image:linear-gradient(to_right,black_33%,transparent_66%)] [mask-position:100%_0%] [mask-size:300%_100%] motion-safe:transition-[mask-position] group-hover\/turn-messages:pointer-events-auto group-hover\/turn-messages:[mask-position:0_0] group-focus-within\/turn-messages:pointer-events-auto group-focus-within\/turn-messages:[mask-position:0_0] has-data-[state=open]:pointer-events-auto has-data-[state=open]:[mask-position:0_0]\">\n<div class=\"flex items-center pb-0\"><\/div>\n<\/div>\n<\/div>\n<div class=\"mt-3 w-full empty:hidden\">\n<div class=\"text-center\"><\/div>\n<\/div>\n<\/div>\n<div class=\"absolute\">\n<div class=\"flex items-center justify-center\"><\/div>\n<\/div>\n<\/div>\n<\/div>\n<\/div>\n<\/article>\n<div class=\"pointer-events-none h-px w-px\" aria-hidden=\"true\" data-edge=\"true\"><\/div>\n<div><\/div>\n<div><\/div>\n<\/div>\n<\/div>\n<\/div>\n<\/div>\n<div id=\"thread-bottom-container\" class=\"isolate z-3 w-full basis-auto has-data-has-thread-error:pt-2 has-data-has-thread-error:[box-shadow:var(--sharp-edge-bottom-shadow)] md:border-transparent md:pt-0 dark:border-white\/20 md:dark:border-transparent flex flex-col\">\n<div id=\"thread-bottom\">\n<div class=\"text-base mx-auto [--thread-content-margin:--spacing(4)] @[37rem]:[--thread-content-margin:--spacing(6)] @[70rem]:[--thread-content-margin:--spacing(12)] px-(--thread-content-margin)\">\n<div class=\"[--thread-content-max-width:32rem] @[34rem]:[--thread-content-max-width:40rem] @[64rem]:[--thread-content-max-width:48rem] mx-auto flex max-w-(--thread-content-max-width) flex-1 text-base gap-4 md:gap-5 lg:gap-6\">\n<div class=\"flex justify-center empty:hidden\"><\/div>\n<div class=\"relative z-1 flex max-w-full flex-1 flex-col h-full max-xs:[--force-hide-label:none]\" aria-haspopup=\"dialog\" aria-expanded=\"false\" aria-controls=\"radix-\u00abr1e\u00bb\" data-state=\"closed\">\n<div class=\"absolute start-0 end-0 bottom-full z-20\"><\/div>\n<form class=\"w-full [view-transition-name:var(--vt-composer)]\" data-type=\"unified-composer\">\n<div class=\"border-token-border-default flex w-full cursor-text flex-col items-center justify-center rounded-[28px] border bg-clip-padding contain-inline-size overflow-clip shadow-sm sm:shadow-lg dark:shadow-none! bg-token-main-surface-primary dark:bg-[#303030]\">\n<div class=\"relative flex w-full items-end px-3 py-3\">\n<div class=\"relative flex w-full flex-auto flex-col\">\n<div class=\"relative ms-1.5 grid grid-cols-[auto_minmax(0,1fr)]\">\n<div class=\"items-top flex justify-center\">\n<div><\/div>\n<\/div>\n<\/div>\n<\/div>\n<\/div>\n<\/div>\n<\/form>\n<\/div>\n<\/div>\n<\/div>\n<\/div>\n<\/div>\n<h4 class=\"\" data-start=\"321\" data-end=\"340\"><\/h4>\n","protected":false},"featured_media":7876,"template":"","meta":{"site-sidebar-layout":"default","site-content-layout":"","ast-site-content-layout":"default","site-content-style":"default","site-sidebar-style":"default","ast-global-header-display":"","ast-banner-title-visibility":"","ast-main-header-display":"","ast-hfb-above-header-display":"","ast-hfb-below-header-display":"","ast-hfb-mobile-header-display":"","site-post-title":"","ast-breadcrumbs-content":"","ast-featured-img":"","footer-sml-layout":"","ast-disable-related-posts":"","theme-transparent-header-meta":"default","adv-header-id-meta":"","stick-header-meta":"","header-above-stick-meta":"","header-main-stick-meta":"","header-below-stick-meta":"","astra-migrate-meta-layouts":"set","ast-page-background-enabled":"default","ast-page-background-meta":{"desktop":{"background-color":"var(--ast-global-color-4)","background-image":"","background-repeat":"repeat","background-position":"center center","background-size":"auto","background-attachment":"scroll","background-type":"","background-media":"","overlay-type":"","overlay-color":"","overlay-opacity":"","overlay-gradient":""},"tablet":{"background-color":"","background-image":"","background-repeat":"repeat","background-position":"center center","background-size":"auto","background-attachment":"scroll","background-type":"","background-media":"","overlay-type":"","overlay-color":"","overlay-opacity":"","overlay-gradient":""},"mobile":{"background-color":"","background-image":"","background-repeat":"repeat","background-position":"center center","background-size":"auto","background-attachment":"scroll","background-type":"","background-media":"","overlay-type":"","overlay-color":"","overlay-opacity":"","overlay-gradient":""}},"ast-content-background-meta":{"desktop":{"background-color":"var(--ast-global-color-5)","background-image":"","background-repeat":"repeat","background-position":"center center","background-size":"auto","background-attachment":"scroll","background-type":"","background-media":"","overlay-type":"","overlay-color":"","overlay-opacity":"","overlay-gradient":""},"tablet":{"background-color":"var(--ast-global-color-5)","background-image":"","background-repeat":"repeat","background-position":"center center","background-size":"auto","background-attachment":"scroll","background-type":"","background-media":"","overlay-type":"","overlay-color":"","overlay-opacity":"","overlay-gradient":""},"mobile":{"background-color":"var(--ast-global-color-5)","background-image":"","background-repeat":"repeat","background-position":"center center","background-size":"auto","background-attachment":"scroll","background-type":"","background-media":"","overlay-type":"","overlay-color":"","overlay-opacity":"","overlay-gradient":""}}},"product_brand":[],"product_cat":[56,27],"product_tag":[136,53,354,249,355],"class_list":{"0":"post-7378","1":"product","2":"type-product","3":"status-publish","4":"has-post-thumbnail","6":"product_cat-stickpaket","7":"product_cat-troja","8":"product_tag-enkel-stickning","9":"product_tag-knit4u","10":"product_tag-milledue","11":"product_tag-mohair-ull","12":"product_tag-sesia","13":"desktop-align-left","14":"tablet-align-left","15":"mobile-align-left","17":"first","18":"instock","19":"taxable","20":"shipping-taxable","21":"purchasable","22":"product-type-variable","23":"has-default-attributes"},"_links":{"self":[{"href":"https:\/\/knit4u.se\/de\/wp-json\/wp\/v2\/product\/7378","targetHints":{"allow":["GET"]}}],"collection":[{"href":"https:\/\/knit4u.se\/de\/wp-json\/wp\/v2\/product"}],"about":[{"href":"https:\/\/knit4u.se\/de\/wp-json\/wp\/v2\/types\/product"}],"version-history":[{"count":8,"href":"https:\/\/knit4u.se\/de\/wp-json\/wp\/v2\/product\/7378\/revisions"}],"predecessor-version":[{"id":7407,"href":"https:\/\/knit4u.se\/de\/wp-json\/wp\/v2\/product\/7378\/revisions\/7407"}],"wp:featuredmedia":[{"embeddable":true,"href":"https:\/\/knit4u.se\/de\/wp-json\/wp\/v2\/media\/7876"}],"wp:attachment":[{"href":"https:\/\/knit4u.se\/de\/wp-json\/wp\/v2\/media?parent=7378"}],"wp:term":[{"taxonomy":"product_brand","embeddable":true,"href":"https:\/\/knit4u.se\/de\/wp-json\/wp\/v2\/product_brand?post=7378"},{"taxonomy":"product_cat","embeddable":true,"href":"https:\/\/knit4u.se\/de\/wp-json\/wp\/v2\/product_cat?post=7378"},{"taxonomy":"product_tag","embeddable":true,"href":"https:\/\/knit4u.se\/de\/wp-json\/wp\/v2\/product_tag?post=7378"}],"curies":[{"name":"wp","href":"https:\/\/api.w.org\/{rel}","templated":true}]}}