{"id":8067,"date":"2023-06-19T12:12:36","date_gmt":"2023-06-19T11:12:36","guid":{"rendered":"https:\/\/knit4u.se\/?post_type=product&#038;p=8067"},"modified":"2026-03-31T07:55:08","modified_gmt":"2026-03-31T06:55:08","slug":"faro-gotlandsull-knit4u","status":"publish","type":"product","link":"https:\/\/knit4u.se\/de\/product\/faro-gotlandsull-knit4u\/","title":{"rendered":"F\u00c5R\u00d6 &#8211;  Gotlandsull &#8211; Knit4u"},"content":{"rendered":"<p>&nbsp;<\/p>\n<ul>\n<li>F\u00c5R\u00d6 &#8211; Knit4u\n<ul>\n<li>100g \/ 300 m<\/li>\n<\/ul>\n<\/li>\n<li>\u00a0Qualit\u00e4t\n<ul>\n<li>Naturvit &#8211; 15 % Light Gotland Wool, 55 % White Gotland \/ Crossbred Wool, 30 % Falkland Merino<\/li>\n<li>\u00d6vriga f\u00e4rger &#8211; 70 % Gotland Wool, 30 % Falkland Merino<\/li>\n<\/ul>\n<\/li>\n<li>Stickstorlek\n<ul>\n<li>nr 4.5 &#8211; nr 6<\/li>\n<\/ul>\n<\/li>\n<li>\u00a0Modeller\n<ul>\n<li>Thora &#8211; tr\u00f6ja<\/li>\n<li>Freja &#8211; tr\u00f6ja<\/li>\n<li>Frigga &#8211; tr\u00f6ja<\/li>\n<li>Elfrida &#8211; l\u00e5ngkofta<\/li>\n<li>Gothem &#8211; tr\u00f6ja<\/li>\n<li>Iris &#8211; m\u00f6ssa<\/li>\n<li>Kira &#8211; halsduk<\/li>\n<li>Lykke &#8211; m\u00f6ssa + Arum &#8211; handledsv\u00e4rmare<\/li>\n<\/ul>\n<\/li>\n<\/ul>\n<p>&nbsp;<\/p>","protected":false},"excerpt":{"rendered":"<p data-start=\"150\" data-end=\"198\"><strong data-start=\"154\" data-end=\"198\">F\u00e5r\u00f6 \u2013 Gotlandsull med Falkland Merino fr\u00e5n Knit4u<\/strong><\/p>\n<p data-start=\"200\" data-end=\"375\">F\u00e5r\u00f6 \u00e4r v\u00e5rt eget entr\u00e5diga garn, spunnet av mjuk gotlandsull blandad med fin merinoull fr\u00e5n Falklands\u00f6arna. Ett levande garn som bara blir mjukare och vackrare med tiden. Garnet spinns p\u00e5 \u00e4ldre maskiner p\u00e5 Hjeholts i Danmark. Den glatta gotlandsullen kan inte spinnas p\u00e5 moderna maskiner.<\/p>\n<p data-start=\"377\" data-end=\"580\">Vi rekommenderar stickor nr 5 f\u00f6r de flesta modeller, vilket ger luftiga, l\u00e4tta plagg med en mohairliknande yta. Garnet fungerar utm\u00e4rkt tillsammans med en tunn f\u00f6ljetr\u00e5d f\u00f6r extra effekt eller struktur.<\/p>\n<p data-start=\"582\" data-end=\"816\">De naturliga nyanserna Ljusgr\u00e5, Gr\u00e5, Grafitgr\u00e5 och Naturvit \u00e4r of\u00e4rgade. \u00d6vriga f\u00e4rger \u00e4r inf\u00e4rgade p\u00e5 det gr\u00e5 garnet och f\u00e5r d\u00e4rf\u00f6r en vackert melerad ton, vilket ger ett livfullt och karakt\u00e4rsfullt uttryck i det stickade plagget.<\/p>\n<p data-start=\"818\" data-end=\"958\">Observera att Naturvit skiljer sig n\u00e5got i komposition, eftersom Gotlandsf\u00e5rets ull naturligt varierar i f\u00e4rg fr\u00e5n ljusgr\u00e5tt till svart.<\/p>\n<p data-start=\"818\" data-end=\"958\"><strong>Design: Knit4u<\/strong><\/p>\n<p data-start=\"73\" data-end=\"120\"><span style=\"font-size: 16px;\">.\u00a0<\/span><\/p>\n<p data-start=\"122\" data-end=\"381\">","protected":false},"featured_media":9632,"template":"","meta":{"site-sidebar-layout":"default","site-content-layout":"","ast-site-content-layout":"default","site-content-style":"default","site-sidebar-style":"default","ast-global-header-display":"","ast-banner-title-visibility":"","ast-main-header-display":"","ast-hfb-above-header-display":"","ast-hfb-below-header-display":"","ast-hfb-mobile-header-display":"","site-post-title":"","ast-breadcrumbs-content":"","ast-featured-img":"","footer-sml-layout":"","ast-disable-related-posts":"","theme-transparent-header-meta":"default","adv-header-id-meta":"","stick-header-meta":"","header-above-stick-meta":"","header-main-stick-meta":"","header-below-stick-meta":"","astra-migrate-meta-layouts":"set","ast-page-background-enabled":"default","ast-page-background-meta":{"desktop":{"background-color":"var(--ast-global-color-4)","background-image":"","background-repeat":"repeat","background-position":"center center","background-size":"auto","background-attachment":"scroll","background-type":"","background-media":"","overlay-type":"","overlay-color":"","overlay-opacity":"","overlay-gradient":""},"tablet":{"background-color":"","background-image":"","background-repeat":"repeat","background-position":"center center","background-size":"auto","background-attachment":"scroll","background-type":"","background-media":"","overlay-type":"","overlay-color":"","overlay-opacity":"","overlay-gradient":""},"mobile":{"background-color":"","background-image":"","background-repeat":"repeat","background-position":"center center","background-size":"auto","background-attachment":"scroll","background-type":"","background-media":"","overlay-type":"","overlay-color":"","overlay-opacity":"","overlay-gradient":""}},"ast-content-background-meta":{"desktop":{"background-color":"var(--ast-global-color-5)","background-image":"","background-repeat":"repeat","background-position":"center center","background-size":"auto","background-attachment":"scroll","background-type":"","background-media":"","overlay-type":"","overlay-color":"","overlay-opacity":"","overlay-gradient":""},"tablet":{"background-color":"var(--ast-global-color-5)","background-image":"","background-repeat":"repeat","background-position":"center center","background-size":"auto","background-attachment":"scroll","background-type":"","background-media":"","overlay-type":"","overlay-color":"","overlay-opacity":"","overlay-gradient":""},"mobile":{"background-color":"var(--ast-global-color-5)","background-image":"","background-repeat":"repeat","background-position":"center center","background-size":"auto","background-attachment":"scroll","background-type":"","background-media":"","overlay-type":"","overlay-color":"","overlay-opacity":"","overlay-gradient":""}}},"product_brand":[],"product_cat":[23],"product_tag":[142,135,53],"class_list":{"0":"post-8067","1":"product","2":"type-product","3":"status-publish","4":"has-post-thumbnail","6":"product_cat-garn","7":"product_tag-faro","8":"product_tag-gotlandsull","9":"product_tag-knit4u","10":"desktop-align-left","11":"tablet-align-left","12":"mobile-align-left","14":"first","15":"instock","16":"taxable","17":"shipping-taxable","18":"purchasable","19":"product-type-variable"},"_links":{"self":[{"href":"https:\/\/knit4u.se\/de\/wp-json\/wp\/v2\/product\/8067","targetHints":{"allow":["GET"]}}],"collection":[{"href":"https:\/\/knit4u.se\/de\/wp-json\/wp\/v2\/product"}],"about":[{"href":"https:\/\/knit4u.se\/de\/wp-json\/wp\/v2\/types\/product"}],"version-history":[{"count":14,"href":"https:\/\/knit4u.se\/de\/wp-json\/wp\/v2\/product\/8067\/revisions"}],"predecessor-version":[{"id":9894,"href":"https:\/\/knit4u.se\/de\/wp-json\/wp\/v2\/product\/8067\/revisions\/9894"}],"wp:featuredmedia":[{"embeddable":true,"href":"https:\/\/knit4u.se\/de\/wp-json\/wp\/v2\/media\/9632"}],"wp:attachment":[{"href":"https:\/\/knit4u.se\/de\/wp-json\/wp\/v2\/media?parent=8067"}],"wp:term":[{"taxonomy":"product_brand","embeddable":true,"href":"https:\/\/knit4u.se\/de\/wp-json\/wp\/v2\/product_brand?post=8067"},{"taxonomy":"product_cat","embeddable":true,"href":"https:\/\/knit4u.se\/de\/wp-json\/wp\/v2\/product_cat?post=8067"},{"taxonomy":"product_tag","embeddable":true,"href":"https:\/\/knit4u.se\/de\/wp-json\/wp\/v2\/product_tag?post=8067"}],"curies":[{"name":"wp","href":"https:\/\/api.w.org\/{rel}","templated":true}]}}