{"id":8139,"date":"2023-01-18T13:31:09","date_gmt":"2023-01-18T12:31:09","guid":{"rendered":"https:\/\/knit4u.se\/?post_type=product&#038;p=8139"},"modified":"2026-02-23T23:14:12","modified_gmt":"2026-02-23T22:14:12","slug":"eiffel-mohairsilke-sesia","status":"publish","type":"product","link":"https:\/\/knit4u.se\/de\/product\/eiffel-mohairsilke-sesia\/","title":{"rendered":"EIFFEL- Mohairsilke &#8211; Sesia"},"content":{"rendered":"<p>&nbsp;<\/p>\n<ul>\n<li>\u00a0Eiffel &#8211;\u00a0 Mohairsilke &#8211; Sesia\n<ul>\n<li>25 g \/ 75 m<\/li>\n<\/ul>\n<\/li>\n<li>\u00a0Qualit\u00e4t\n<ul>\n<li>70 % Kid Mohair, 30 % Shappe Silk<\/li>\n<\/ul>\n<\/li>\n<li>Stickor\n<ul>\n<li>nr 4 &#8211; nr 6<\/li>\n<\/ul>\n<\/li>\n<li>\u00a0Modeller\n<ul>\n<li>Helga &#8211; tr\u00f6ja<\/li>\n<li>Josefin &#8211; kofta<\/li>\n<li>Elin &#8211; tr\u00f6ja<\/li>\n<li>Svea &#8211; m\u00f6ssa<\/li>\n<li>Elsa &#8211; tr\u00f6ja<\/li>\n<li>Toni &#8211; l\u00e5ngkofta<\/li>\n<li>Saga &#8211; sjal<\/li>\n<\/ul>\n<\/li>\n<\/ul>\n<p>&nbsp;<\/p>","protected":false},"excerpt":{"rendered":"<p data-start=\"73\" data-end=\"120\"><strong data-start=\"73\" data-end=\"120\">Eiffele &#8211; ett n\u00e5got tjockare mohairsilke fr\u00e5n italienska Sesia\u00a0<\/strong><\/p>\n<p data-start=\"122\" data-end=\"381\">Mjukt, fluffigt och lyxigt \u2013 <strong data-start=\"83\" data-end=\"91\">Eiffele<\/strong> \u00e4r ett mohair-silkegarn av h\u00f6gsta kvalitet, spunnet i Italien. Sticka det ensamt f\u00f6r en luftig k\u00e4nsla eller kombinera med <strong data-start=\"214\" data-end=\"222\">Vivienne<\/strong>\u00a0f\u00f6r unika f\u00e4rgnyanser och personliga uttryck.<\/p>","protected":false},"featured_media":9213,"template":"","meta":{"site-sidebar-layout":"default","site-content-layout":"","ast-site-content-layout":"default","site-content-style":"default","site-sidebar-style":"default","ast-global-header-display":"","ast-banner-title-visibility":"","ast-main-header-display":"","ast-hfb-above-header-display":"","ast-hfb-below-header-display":"","ast-hfb-mobile-header-display":"","site-post-title":"","ast-breadcrumbs-content":"","ast-featured-img":"","footer-sml-layout":"","ast-disable-related-posts":"","theme-transparent-header-meta":"default","adv-header-id-meta":"","stick-header-meta":"","header-above-stick-meta":"","header-main-stick-meta":"","header-below-stick-meta":"","astra-migrate-meta-layouts":"set","ast-page-background-enabled":"default","ast-page-background-meta":{"desktop":{"background-color":"var(--ast-global-color-4)","background-image":"","background-repeat":"repeat","background-position":"center center","background-size":"auto","background-attachment":"scroll","background-type":"","background-media":"","overlay-type":"","overlay-color":"","overlay-opacity":"","overlay-gradient":""},"tablet":{"background-color":"","background-image":"","background-repeat":"repeat","background-position":"center center","background-size":"auto","background-attachment":"scroll","background-type":"","background-media":"","overlay-type":"","overlay-color":"","overlay-opacity":"","overlay-gradient":""},"mobile":{"background-color":"","background-image":"","background-repeat":"repeat","background-position":"center center","background-size":"auto","background-attachment":"scroll","background-type":"","background-media":"","overlay-type":"","overlay-color":"","overlay-opacity":"","overlay-gradient":""}},"ast-content-background-meta":{"desktop":{"background-color":"var(--ast-global-color-5)","background-image":"","background-repeat":"repeat","background-position":"center center","background-size":"auto","background-attachment":"scroll","background-type":"","background-media":"","overlay-type":"","overlay-color":"","overlay-opacity":"","overlay-gradient":""},"tablet":{"background-color":"var(--ast-global-color-5)","background-image":"","background-repeat":"repeat","background-position":"center center","background-size":"auto","background-attachment":"scroll","background-type":"","background-media":"","overlay-type":"","overlay-color":"","overlay-opacity":"","overlay-gradient":""},"mobile":{"background-color":"var(--ast-global-color-5)","background-image":"","background-repeat":"repeat","background-position":"center center","background-size":"auto","background-attachment":"scroll","background-type":"","background-media":"","overlay-type":"","overlay-color":"","overlay-opacity":"","overlay-gradient":""}}},"product_brand":[],"product_cat":[23],"product_tag":[371,234,355],"class_list":{"0":"post-8139","1":"product","2":"type-product","3":"status-publish","4":"has-post-thumbnail","6":"product_cat-garn","7":"product_tag-eiffel","8":"product_tag-mohairsilke","9":"product_tag-sesia","10":"desktop-align-left","11":"tablet-align-left","12":"mobile-align-left","14":"first","15":"instock","16":"taxable","17":"shipping-taxable","18":"purchasable","19":"product-type-variable"},"_links":{"self":[{"href":"https:\/\/knit4u.se\/de\/wp-json\/wp\/v2\/product\/8139","targetHints":{"allow":["GET"]}}],"collection":[{"href":"https:\/\/knit4u.se\/de\/wp-json\/wp\/v2\/product"}],"about":[{"href":"https:\/\/knit4u.se\/de\/wp-json\/wp\/v2\/types\/product"}],"version-history":[{"count":7,"href":"https:\/\/knit4u.se\/de\/wp-json\/wp\/v2\/product\/8139\/revisions"}],"predecessor-version":[{"id":8293,"href":"https:\/\/knit4u.se\/de\/wp-json\/wp\/v2\/product\/8139\/revisions\/8293"}],"wp:featuredmedia":[{"embeddable":true,"href":"https:\/\/knit4u.se\/de\/wp-json\/wp\/v2\/media\/9213"}],"wp:attachment":[{"href":"https:\/\/knit4u.se\/de\/wp-json\/wp\/v2\/media?parent=8139"}],"wp:term":[{"taxonomy":"product_brand","embeddable":true,"href":"https:\/\/knit4u.se\/de\/wp-json\/wp\/v2\/product_brand?post=8139"},{"taxonomy":"product_cat","embeddable":true,"href":"https:\/\/knit4u.se\/de\/wp-json\/wp\/v2\/product_cat?post=8139"},{"taxonomy":"product_tag","embeddable":true,"href":"https:\/\/knit4u.se\/de\/wp-json\/wp\/v2\/product_tag?post=8139"}],"curies":[{"name":"wp","href":"https:\/\/api.w.org\/{rel}","templated":true}]}}