{"id":8562,"date":"2025-10-08T09:28:50","date_gmt":"2025-10-08T08:28:50","guid":{"rendered":"https:\/\/knit4u.se\/?post_type=product&#038;p=8562"},"modified":"2026-03-30T14:06:25","modified_gmt":"2026-03-30T13:06:25","slug":"safir-mossa-i-cashmere-stickpaket","status":"publish","type":"product","link":"https:\/\/knit4u.se\/de\/product\/safir-mossa-i-cashmere-stickpaket\/","title":{"rendered":"LUNA M\u00f6ssa &#8211; Cashmere &#8211; Stickpaket"},"content":{"rendered":"<ul>\n<li style=\"font-size: 16px;\">Gr\u00f6\u00dfe\n<ul>\n<li style=\"font-size: 16px;\">Einheitsgr\u00f6\u00dfe<\/li>\n<\/ul>\n<\/li>\n<li style=\"font-size: 16px;\">Garn\n<ul>\n<li style=\"font-size: 16px;\">50 g Cashmere Light &#8211; LangYarns<\/li>\n<\/ul>\n<\/li>\n<li>Qualit\u00e4t\n<ul>\n<li>88 % Cashmere\u00a0 12 % Polyamid &#8211; 25 g \/ 85 m<\/li>\n<\/ul>\n<\/li>\n<li>\u00a0Abmessungen\n<ul>\n<li>H\u00f6jd 25 cm inklusive uppvikt kant p\u00e5 \u00a09 cm<\/li>\n<\/ul>\n<\/li>\n<li>Gedruckte Musteranleitung<\/li>\n<li>Tillval rundstickor Addi bambu nr 6 &#8211; 40 cm<\/li>\n<li>Du beh\u00f6ver en extra sticka i slutet av m\u00f6ssan,\u00a0 n\u00e4r maskantalet \u00e4r f\u00f6r litet f\u00f6r rundstickan<\/li>\n<\/ul>\n<p>&nbsp;<\/p>","protected":false},"excerpt":{"rendered":"<p data-start=\"106\" data-end=\"424\"><strong data-start=\"106\" data-end=\"143\">LUNA \u2013 m\u00f6ssa i mjukaste cashmere<\/strong><br data-start=\"143\" data-end=\"146\" \/>Luna \u00e4r en klassisk och tidl\u00f6s m\u00f6ssa i lyxigaste cashmere \u2013 lika mjuk som varm.\u00a0 Du stickar m\u00f6ssan p\u00e5 rundsticka nr 6, i en 1 x 1 ribb med ett l\u00e4ttstickat avslut upptill. Den breda uppvikta kanten sitter sk\u00f6nt \u00f6ver \u00f6ronen och ger b\u00e5de v\u00e4rme och fin passform. Cashmere Light \u00e4r ett fantastiskt mjukt och luftigt garn fr\u00e5n Lang Yarns med en fin elasticitet som g\u00f6r att m\u00f6ssan sitter fint och h\u00e5ller passformen. Enkel stickning.<\/p>\n<p data-start=\"426\" data-end=\"597\">En riktigt fin unisex modell som passar de flesta \u2013 och som blir extra snygg tillsammans med <em>Rubin<\/em> halskrage och <em>Juvel<\/em> handledsv\u00e4rmare, alla i samma exklusiva garn fr\u00e5n Lang Yarns. Du kan v\u00e4lja att sticka m\u00f6ssan i en kul\u00f6r eller tv\u00e5. Ifall du vill ha tv\u00e5 kul\u00f6rer v\u00e4ljer du f\u00e4rg tv\u00e5 under &#8211; <em>M\u00f6ssa i tv\u00e5 kul\u00f6rer.<\/em><\/p>\n<p data-start=\"426\" data-end=\"597\">CASHMERE LIGHT\u00a0 har en luftig l\u00e4tthet som g\u00f6r att du kommer att blir f\u00f6r\u00e4lskad direkt \u2013 den \u00e4kta cashmerek\u00e4nslan \u00e4r ren lyx mot huden. Till handstickningsgarner anv\u00e4nds s\u00e4rskilt h\u00f6gkvalitativa naturfibrer, och den fina fibern kommer fr\u00e5n cashmeregetens underull, vilket g\u00f6r den mycket s\u00e4llsynt.<\/p>\n<p data-start=\"599\" data-end=\"617\"><strong data-start=\"599\" data-end=\"617\">Design: Knit4u<\/strong><\/p>","protected":false},"featured_media":9471,"template":"","meta":{"site-sidebar-layout":"default","site-content-layout":"","ast-site-content-layout":"default","site-content-style":"default","site-sidebar-style":"default","ast-global-header-display":"","ast-banner-title-visibility":"","ast-main-header-display":"","ast-hfb-above-header-display":"","ast-hfb-below-header-display":"","ast-hfb-mobile-header-display":"","site-post-title":"","ast-breadcrumbs-content":"","ast-featured-img":"","footer-sml-layout":"","ast-disable-related-posts":"","theme-transparent-header-meta":"default","adv-header-id-meta":"","stick-header-meta":"","header-above-stick-meta":"","header-main-stick-meta":"","header-below-stick-meta":"","astra-migrate-meta-layouts":"set","ast-page-background-enabled":"default","ast-page-background-meta":{"desktop":{"background-color":"var(--ast-global-color-4)","background-image":"","background-repeat":"repeat","background-position":"center center","background-size":"auto","background-attachment":"scroll","background-type":"","background-media":"","overlay-type":"","overlay-color":"","overlay-opacity":"","overlay-gradient":""},"tablet":{"background-color":"","background-image":"","background-repeat":"repeat","background-position":"center center","background-size":"auto","background-attachment":"scroll","background-type":"","background-media":"","overlay-type":"","overlay-color":"","overlay-opacity":"","overlay-gradient":""},"mobile":{"background-color":"","background-image":"","background-repeat":"repeat","background-position":"center center","background-size":"auto","background-attachment":"scroll","background-type":"","background-media":"","overlay-type":"","overlay-color":"","overlay-opacity":"","overlay-gradient":""}},"ast-content-background-meta":{"desktop":{"background-color":"var(--ast-global-color-5)","background-image":"","background-repeat":"repeat","background-position":"center center","background-size":"auto","background-attachment":"scroll","background-type":"","background-media":"","overlay-type":"","overlay-color":"","overlay-opacity":"","overlay-gradient":""},"tablet":{"background-color":"var(--ast-global-color-5)","background-image":"","background-repeat":"repeat","background-position":"center center","background-size":"auto","background-attachment":"scroll","background-type":"","background-media":"","overlay-type":"","overlay-color":"","overlay-opacity":"","overlay-gradient":""},"mobile":{"background-color":"var(--ast-global-color-5)","background-image":"","background-repeat":"repeat","background-position":"center center","background-size":"auto","background-attachment":"scroll","background-type":"","background-media":"","overlay-type":"","overlay-color":"","overlay-opacity":"","overlay-gradient":""}}},"product_brand":[],"product_cat":[46,56],"product_tag":[333,378,364],"class_list":{"0":"post-8562","1":"product","2":"type-product","3":"status-publish","4":"has-post-thumbnail","6":"product_cat-accessoarer","7":"product_cat-stickpaket","8":"product_tag-cashmere-light","9":"product_tag-design-knit4u","10":"product_tag-lang-yarns","11":"desktop-align-left","12":"tablet-align-left","13":"mobile-align-left","15":"first","16":"instock","17":"taxable","18":"shipping-taxable","19":"purchasable","20":"product-type-variable"},"_links":{"self":[{"href":"https:\/\/knit4u.se\/de\/wp-json\/wp\/v2\/product\/8562","targetHints":{"allow":["GET"]}}],"collection":[{"href":"https:\/\/knit4u.se\/de\/wp-json\/wp\/v2\/product"}],"about":[{"href":"https:\/\/knit4u.se\/de\/wp-json\/wp\/v2\/types\/product"}],"version-history":[{"count":11,"href":"https:\/\/knit4u.se\/de\/wp-json\/wp\/v2\/product\/8562\/revisions"}],"predecessor-version":[{"id":8817,"href":"https:\/\/knit4u.se\/de\/wp-json\/wp\/v2\/product\/8562\/revisions\/8817"}],"wp:featuredmedia":[{"embeddable":true,"href":"https:\/\/knit4u.se\/de\/wp-json\/wp\/v2\/media\/9471"}],"wp:attachment":[{"href":"https:\/\/knit4u.se\/de\/wp-json\/wp\/v2\/media?parent=8562"}],"wp:term":[{"taxonomy":"product_brand","embeddable":true,"href":"https:\/\/knit4u.se\/de\/wp-json\/wp\/v2\/product_brand?post=8562"},{"taxonomy":"product_cat","embeddable":true,"href":"https:\/\/knit4u.se\/de\/wp-json\/wp\/v2\/product_cat?post=8562"},{"taxonomy":"product_tag","embeddable":true,"href":"https:\/\/knit4u.se\/de\/wp-json\/wp\/v2\/product_tag?post=8562"}],"curies":[{"name":"wp","href":"https:\/\/api.w.org\/{rel}","templated":true}]}}