{"id":8669,"date":"2025-11-10T16:24:55","date_gmt":"2025-11-10T15:24:55","guid":{"rendered":"https:\/\/knit4u.se\/?post_type=product&#038;p=8669"},"modified":"2026-02-23T13:19:01","modified_gmt":"2026-02-23T12:19:01","slug":"lena-kofta-i-ull-mohair-silke-stickpaket-kopia","status":"publish","type":"product","link":"https:\/\/knit4u.se\/de\/product\/lena-kofta-i-ull-mohair-silke-stickpaket-kopia\/","title":{"rendered":"LENA Kofta &#8211; Ull Mohair Silke &#8211; Stickpaket"},"content":{"rendered":"<div class=\"tws-article-description--text-container\">\n<ul>\n<li>Gr\u00f6\u00dfe\n<ul>\n<li>S\/M ( L\/XL )<\/li>\n<\/ul>\n<\/li>\n<li>Garn\n<ul>\n<li>4 ( 5 ) hg MILLEDUE &#8211; Sesia<\/li>\n<li>1.5 ( 2 ) hg EIFFEL\u00a0 &#8211; Sesia<\/li>\n<\/ul>\n<\/li>\n<li>Qualit\u00e4t\n<ul>\n<li>MILLEDUE &#8211; 59 % Mohair\u00a0 &amp; 41 % Organic Wool &#8211; 50 g \/ 60 m<\/li>\n<li>EIFFEL &#8211; 70 % Kid Mohair &amp; 30 % Shappe Silke &#8211; 25 g \/ 75 m<\/li>\n<\/ul>\n<\/li>\n<li>Abmessungen\n<ul>\n<li>L\u00e4ngd 50 ( 54 ) cm m\u00e4tt fr\u00e5n axel<\/li>\n<li>Bredd 54 ( 58 ) cm<\/li>\n<li>\u00c4rm 60 ( 62 ) cm m\u00e4tt fr\u00e5n krage<\/li>\n<\/ul>\n<\/li>\n<li>Gedruckte Musteranleitung<\/li>\n<li>Optionale Rundstricknadeln Addi bamboo no 12 - 80 cm<\/li>\n<li>Tillval 4 st knappar 25 mm \u2300<\/li>\n<\/ul>\n<\/div>","protected":false},"excerpt":{"rendered":"<p class=\"\" data-start=\"116\" data-end=\"156\"><strong data-start=\"116\" data-end=\"156\">Lena - Flauschiger Traum aus Mohair und Wolle<\/strong><\/p>\n<p class=\"\" data-start=\"158\" data-end=\"412\">Lena \u00e4r en otroligt mjuk och l\u00e4tt kofta, stickad i en lyxig blandning av italienskt mohairsilke och ull. Stickas med tv\u00e5 tr\u00e5dar p\u00e5 stickor nr 12 i\u00a0 MILLEDUE &#8211; ett tjockare mohair\/ull garn och EIFFEL &#8211; ett n\u00e5got tjockare mohairsilke garn.\u00a0 Vi har valt kul\u00f6rer som blandar sig fint med varandra i de olika f\u00e4rgvalen,\u00a0 som ger en\u00a0 vacker melerad ton. De tv\u00e5 garnkvalit\u00e9erna\u00a0 tillsammans ger volym till koftan och den borstas l\u00e4tt upp f\u00f6r en fluffig finish.<\/p>\n<p class=\"\" data-start=\"414\" data-end=\"677\">Koftan stickas uppifr\u00e5n och ner med raglan\u00e4rm och nedvikt kant kring halsringningen. En I-cordkant stickas nedtill och\u00a0 vid \u00e4rmslut, framtill en dubbelstickad kant. Du kan v\u00e4lja att sticka den med knapph\u00e5l eller utan.<\/p>\n<p class=\"\" data-start=\"679\" data-end=\"753\">Victoria b\u00e4r koftan <em>R\u00f6dbrun &#8211; S \/ M<\/em>.\u00a0 Paula b\u00e4r koftan\u00a0 <em>Jeans &#8211; S \/ M<\/em>.<\/p>\n<p data-start=\"679\" data-end=\"753\"><strong>Design: Knit4u<\/strong><\/p>\n<p>&nbsp;<\/p>","protected":false},"featured_media":8659,"template":"","meta":{"site-sidebar-layout":"default","site-content-layout":"","ast-site-content-layout":"default","site-content-style":"default","site-sidebar-style":"default","ast-global-header-display":"","ast-banner-title-visibility":"","ast-main-header-display":"","ast-hfb-above-header-display":"","ast-hfb-below-header-display":"","ast-hfb-mobile-header-display":"","site-post-title":"","ast-breadcrumbs-content":"","ast-featured-img":"","footer-sml-layout":"","ast-disable-related-posts":"","theme-transparent-header-meta":"default","adv-header-id-meta":"","stick-header-meta":"","header-above-stick-meta":"","header-main-stick-meta":"","header-below-stick-meta":"","astra-migrate-meta-layouts":"set","ast-page-background-enabled":"default","ast-page-background-meta":{"desktop":{"background-color":"var(--ast-global-color-4)","background-image":"","background-repeat":"repeat","background-position":"center center","background-size":"auto","background-attachment":"scroll","background-type":"","background-media":"","overlay-type":"","overlay-color":"","overlay-opacity":"","overlay-gradient":""},"tablet":{"background-color":"","background-image":"","background-repeat":"repeat","background-position":"center center","background-size":"auto","background-attachment":"scroll","background-type":"","background-media":"","overlay-type":"","overlay-color":"","overlay-opacity":"","overlay-gradient":""},"mobile":{"background-color":"","background-image":"","background-repeat":"repeat","background-position":"center center","background-size":"auto","background-attachment":"scroll","background-type":"","background-media":"","overlay-type":"","overlay-color":"","overlay-opacity":"","overlay-gradient":""}},"ast-content-background-meta":{"desktop":{"background-color":"var(--ast-global-color-5)","background-image":"","background-repeat":"repeat","background-position":"center center","background-size":"auto","background-attachment":"scroll","background-type":"","background-media":"","overlay-type":"","overlay-color":"","overlay-opacity":"","overlay-gradient":""},"tablet":{"background-color":"var(--ast-global-color-5)","background-image":"","background-repeat":"repeat","background-position":"center center","background-size":"auto","background-attachment":"scroll","background-type":"","background-media":"","overlay-type":"","overlay-color":"","overlay-opacity":"","overlay-gradient":""},"mobile":{"background-color":"var(--ast-global-color-5)","background-image":"","background-repeat":"repeat","background-position":"center center","background-size":"auto","background-attachment":"scroll","background-type":"","background-media":"","overlay-type":"","overlay-color":"","overlay-opacity":"","overlay-gradient":""}}},"product_brand":[],"product_cat":[28,56],"product_tag":[371,53,354,249,234,355],"class_list":{"0":"post-8669","1":"product","2":"type-product","3":"status-publish","4":"has-post-thumbnail","6":"product_cat-kofta","7":"product_cat-stickpaket","8":"product_tag-eiffel","9":"product_tag-knit4u","10":"product_tag-milledue","11":"product_tag-mohair-ull","12":"product_tag-mohairsilke","13":"product_tag-sesia","14":"desktop-align-left","15":"tablet-align-left","16":"mobile-align-left","18":"first","19":"instock","20":"taxable","21":"shipping-taxable","22":"purchasable","23":"product-type-variable","24":"has-default-attributes"},"_links":{"self":[{"href":"https:\/\/knit4u.se\/de\/wp-json\/wp\/v2\/product\/8669","targetHints":{"allow":["GET"]}}],"collection":[{"href":"https:\/\/knit4u.se\/de\/wp-json\/wp\/v2\/product"}],"about":[{"href":"https:\/\/knit4u.se\/de\/wp-json\/wp\/v2\/types\/product"}],"version-history":[{"count":9,"href":"https:\/\/knit4u.se\/de\/wp-json\/wp\/v2\/product\/8669\/revisions"}],"predecessor-version":[{"id":8935,"href":"https:\/\/knit4u.se\/de\/wp-json\/wp\/v2\/product\/8669\/revisions\/8935"}],"wp:featuredmedia":[{"embeddable":true,"href":"https:\/\/knit4u.se\/de\/wp-json\/wp\/v2\/media\/8659"}],"wp:attachment":[{"href":"https:\/\/knit4u.se\/de\/wp-json\/wp\/v2\/media?parent=8669"}],"wp:term":[{"taxonomy":"product_brand","embeddable":true,"href":"https:\/\/knit4u.se\/de\/wp-json\/wp\/v2\/product_brand?post=8669"},{"taxonomy":"product_cat","embeddable":true,"href":"https:\/\/knit4u.se\/de\/wp-json\/wp\/v2\/product_cat?post=8669"},{"taxonomy":"product_tag","embeddable":true,"href":"https:\/\/knit4u.se\/de\/wp-json\/wp\/v2\/product_tag?post=8669"}],"curies":[{"name":"wp","href":"https:\/\/api.w.org\/{rel}","templated":true}]}}