{"id":9502,"date":"2026-03-10T15:57:12","date_gmt":"2026-03-10T14:57:12","guid":{"rendered":"https:\/\/knit4u.se\/?post_type=product&#038;p=9502"},"modified":"2026-03-12T14:59:29","modified_gmt":"2026-03-12T13:59:29","slug":"elly-slipover-mohairsilke-stickpaket","status":"publish","type":"product","link":"https:\/\/knit4u.se\/de\/product\/elly-slipover-mohairsilke-stickpaket\/","title":{"rendered":"ELLY Slipover &#8211; Mohairsilke &#8211; Stickpaket"},"content":{"rendered":"<ul>\n<li style=\"font-size: 16px;\">Gr\u00f6\u00dfe\n<ul>\n<li style=\"font-size: 16px;\">S\/M ( L\/LX )<\/li>\n<\/ul>\n<\/li>\n<li style=\"font-size: 16px;\">Garn\n<ul>\n<li><span style=\"font-size: 16px;\"><span style=\"font-size: 16px;\">0.5 ( 0.75 )\u00a0 hg <\/span><\/span>Vivienne &#8211; Sesia<\/li>\n<li style=\"font-size: 16px;\">1.25 ( 1.75 )\u00a0 hg Eiffel &#8211; Sesia<\/li>\n<\/ul>\n<\/li>\n<li>Qualit\u00e4t\n<ul>\n<li>Vivienne &#8211; 70 % Super Kid Mohair &amp; 30 % Mulberry Silke &#8211; 25 g \/ 210 m<\/li>\n<li>Eiffel &#8211; 70 % Kid Mohair &amp; 30 % Mulberry Silke &#8211; 25 g \/ 75 m<\/li>\n<\/ul>\n<\/li>\n<li>\u00a0Abmessungen\n<ul>\n<li>L\u00e4ngd bak 63 ( 67 ) cm<\/li>\n<li>l\u00e4ngd fram 58 ( 62 ) cm<\/li>\n<li>Bredd 53 ( 57 ) cm<\/li>\n<\/ul>\n<\/li>\n<li>Gedruckte Musteranleitung<\/li>\n<li>Tillval rundstickor Addi bambu\u00a0 nr 7 &#8211; 80 cm<\/li>\n<\/ul>","protected":false},"excerpt":{"rendered":"<p class=\"\" data-start=\"83\" data-end=\"138\"><strong data-start=\"83\" data-end=\"138\">ELLY slipover \u2013 i finaste mohairsilke fr\u00e5n italienska Sesia\u00a0<\/strong><\/p>\n<p class=\"\" data-start=\"140\" data-end=\"395\">ELLY \u00e4r en n\u00e5got oversized slipover med V-ringning och en dekorativ s\u00f6m upptill p\u00e5 bakstycket. Mjuk och luftig, du k\u00e4nner knappt att du har den p\u00e5 dig.\u00a0 Stickad i en lyxig mix av Vivienne, en tunn mohairsilke och Eiffel, en\u00a0 lite tjockare mohairsilke, b\u00e5da i n\u00e4ra nyanser f\u00f6r en subtil melerad effekt som ger liv \u00e5t varje maska.<\/p>\n<p class=\"\" data-start=\"397\" data-end=\"641\">Slipovern stickas nerifr\u00e5n och upp p\u00e5 rundsticka med vridna maskor i ribben nedtill, slits i sidan och\u00a0 sedan sl\u00e4tstickning. Fram- och bakstycke\u00a0 stickas ihop och det blir en dekorativ s\u00f6m lite nedanf\u00f6r axlarna p\u00e5 baksidan. Enkel stickning.<\/p>\n<p class=\"\" data-start=\"806\" data-end=\"824\"><strong data-start=\"806\" data-end=\"824\">Design: Knit4u<\/strong><\/p>","protected":false},"featured_media":9536,"template":"","meta":{"site-sidebar-layout":"default","site-content-layout":"","ast-site-content-layout":"default","site-content-style":"default","site-sidebar-style":"default","ast-global-header-display":"","ast-banner-title-visibility":"","ast-main-header-display":"","ast-hfb-above-header-display":"","ast-hfb-below-header-display":"","ast-hfb-mobile-header-display":"","site-post-title":"","ast-breadcrumbs-content":"","ast-featured-img":"","footer-sml-layout":"","ast-disable-related-posts":"","theme-transparent-header-meta":"default","adv-header-id-meta":"","stick-header-meta":"","header-above-stick-meta":"","header-main-stick-meta":"","header-below-stick-meta":"","astra-migrate-meta-layouts":"set","ast-page-background-enabled":"default","ast-page-background-meta":{"desktop":{"background-color":"var(--ast-global-color-4)","background-image":"","background-repeat":"repeat","background-position":"center center","background-size":"auto","background-attachment":"scroll","background-type":"","background-media":"","overlay-type":"","overlay-color":"","overlay-opacity":"","overlay-gradient":""},"tablet":{"background-color":"","background-image":"","background-repeat":"repeat","background-position":"center center","background-size":"auto","background-attachment":"scroll","background-type":"","background-media":"","overlay-type":"","overlay-color":"","overlay-opacity":"","overlay-gradient":""},"mobile":{"background-color":"","background-image":"","background-repeat":"repeat","background-position":"center center","background-size":"auto","background-attachment":"scroll","background-type":"","background-media":"","overlay-type":"","overlay-color":"","overlay-opacity":"","overlay-gradient":""}},"ast-content-background-meta":{"desktop":{"background-color":"var(--ast-global-color-5)","background-image":"","background-repeat":"repeat","background-position":"center center","background-size":"auto","background-attachment":"scroll","background-type":"","background-media":"","overlay-type":"","overlay-color":"","overlay-opacity":"","overlay-gradient":""},"tablet":{"background-color":"var(--ast-global-color-5)","background-image":"","background-repeat":"repeat","background-position":"center center","background-size":"auto","background-attachment":"scroll","background-type":"","background-media":"","overlay-type":"","overlay-color":"","overlay-opacity":"","overlay-gradient":""},"mobile":{"background-color":"var(--ast-global-color-5)","background-image":"","background-repeat":"repeat","background-position":"center center","background-size":"auto","background-attachment":"scroll","background-type":"","background-media":"","overlay-type":"","overlay-color":"","overlay-opacity":"","overlay-gradient":""}}},"product_brand":[],"product_cat":[56,61],"product_tag":[378,371,234,355,375],"class_list":{"0":"post-9502","1":"product","2":"type-product","3":"status-publish","4":"has-post-thumbnail","6":"product_cat-stickpaket","7":"product_cat-vast","8":"product_tag-design-knit4u","9":"product_tag-eiffel","10":"product_tag-mohairsilke","11":"product_tag-sesia","12":"product_tag-vivienne","13":"desktop-align-left","14":"tablet-align-left","15":"mobile-align-left","17":"first","18":"instock","19":"taxable","20":"shipping-taxable","21":"purchasable","22":"product-type-variable","23":"has-default-attributes"},"_links":{"self":[{"href":"https:\/\/knit4u.se\/de\/wp-json\/wp\/v2\/product\/9502","targetHints":{"allow":["GET"]}}],"collection":[{"href":"https:\/\/knit4u.se\/de\/wp-json\/wp\/v2\/product"}],"about":[{"href":"https:\/\/knit4u.se\/de\/wp-json\/wp\/v2\/types\/product"}],"version-history":[{"count":4,"href":"https:\/\/knit4u.se\/de\/wp-json\/wp\/v2\/product\/9502\/revisions"}],"predecessor-version":[{"id":9535,"href":"https:\/\/knit4u.se\/de\/wp-json\/wp\/v2\/product\/9502\/revisions\/9535"}],"wp:featuredmedia":[{"embeddable":true,"href":"https:\/\/knit4u.se\/de\/wp-json\/wp\/v2\/media\/9536"}],"wp:attachment":[{"href":"https:\/\/knit4u.se\/de\/wp-json\/wp\/v2\/media?parent=9502"}],"wp:term":[{"taxonomy":"product_brand","embeddable":true,"href":"https:\/\/knit4u.se\/de\/wp-json\/wp\/v2\/product_brand?post=9502"},{"taxonomy":"product_cat","embeddable":true,"href":"https:\/\/knit4u.se\/de\/wp-json\/wp\/v2\/product_cat?post=9502"},{"taxonomy":"product_tag","embeddable":true,"href":"https:\/\/knit4u.se\/de\/wp-json\/wp\/v2\/product_tag?post=9502"}],"curies":[{"name":"wp","href":"https:\/\/api.w.org\/{rel}","templated":true}]}}