{"id":9652,"date":"2026-03-23T15:55:08","date_gmt":"2026-03-23T14:55:08","guid":{"rendered":"https:\/\/knit4u.se\/?post_type=product&#038;p=9652"},"modified":"2026-03-23T16:31:41","modified_gmt":"2026-03-23T15:31:41","slug":"hemse-slipover-gotlandsull-stickpaket","status":"publish","type":"product","link":"https:\/\/knit4u.se\/de\/product\/hemse-slipover-gotlandsull-stickpaket\/","title":{"rendered":"HEMSE Slipover &#8211; Gotlandsull &#8211; Stickpaket"},"content":{"rendered":"<ul>\n<li style=\"font-size: 16px;\">Gr\u00f6\u00dfe\n<ul>\n<li style=\"font-size: 16px;\">S \/ M \u00a0( M \/ L )<\/li>\n<\/ul>\n<\/li>\n<li style=\"font-size: 16px;\">Garn\n<ul>\n<li style=\"font-size: 16px;\">3 ( 3 ) hg F\u00c5R\u00d6 &#8211; Knit4u<\/li>\n<\/ul>\n<\/li>\n<li>Qualit\u00e4t\n<ul>\n<li>Benvit &#8211; 15 % Light Gotland Wool, 55 % White Gotland \/ Crossbred Wool, 30 % Falkland Merino &#8211; 100 g \/ 300 m<\/li>\n<li>\u00d6vriga kul\u00f6rer &#8211; 70 % Gotland Wool, 30 % Falkland Merino &#8211; 100 g \/300 m<\/li>\n<\/ul>\n<\/li>\n<li>\u00a0Abmessungen\n<ul>\n<li>L\u00e4ngd \u00a060 ( 70 )\u00a0 cm<\/li>\n<li>Bredd 55\u00a0 ( 65 )\u00a0 cm<\/li>\n<\/ul>\n<\/li>\n<li>Gedruckte Musteranleitung<\/li>\n<li>Tillval rundstickor Addi bambu nr 4 &#8211; 40 cm + 4.5 &#8211; 80 cm\n<div class=\"tws-article-description--text\"><\/div>\n<div class=\"tws-article-description--text\"><\/div>\n<\/li>\n<\/ul>","protected":false},"excerpt":{"rendered":"<p data-start=\"68\" data-end=\"125\"><strong data-start=\"68\" data-end=\"125\">Hemse \u2013 elegant slipover med krage i mjuk gotlandsull<\/strong><\/p>\n<p data-start=\"127\" data-end=\"429\">Hemse slipover \u00e4r en tidl\u00f6s modell med rak form, sadelaxlar och en ledig krage. Den stickas uppifr\u00e5n och ner p\u00e5 rundsticka i <strong data-start=\"252\" data-end=\"260\">F\u00e5r\u00f6<\/strong> \u2013 v\u00e5rt egna entr\u00e5diga garn i en blandning av gotlandsull och Falkland merino. Det \u00e4r ett rustikt och naturligt garn som blir mjukare och sk\u00f6nare ju mer plagget anv\u00e4nds.<\/p>\n<p data-start=\"431\" data-end=\"567\">Slipovern stickas helt utan s\u00f6mmar. Bakstycket formas med f\u00f6rkortade varv, och b\u00e5de nederkant och krage avslutas med en bred 1 x 1-ribb.<\/p>\n<p data-start=\"569\" data-end=\"720\">Det h\u00e4r \u00e4r ett enkelt och lustfyllt plagg att sticka \u2013 och en sj\u00e4lvklar favorit i garderoben. Slipovern p\u00e5 bilderna \u00e4r stickad i f\u00e4rgen <strong data-start=\"705\" data-end=\"719\">F\u00e5r\u00f6 Beige<\/strong>.<\/p>\n<p data-start=\"722\" data-end=\"862\">Hemse stickas i sl\u00e4tstickning. Tv\u00e4tta g\u00e4rna plagget i tv\u00e4ttmaskin p\u00e5 ullprogram f\u00f6r att lyfta fram gotlandsullens mjuka, mohairliknande yta.<\/p>\n<p class=\"\" data-start=\"164\" data-end=\"641\"><strong>Design: Knit4u<\/strong><\/p>","protected":false},"featured_media":9676,"template":"","meta":{"site-sidebar-layout":"default","site-content-layout":"","ast-site-content-layout":"default","site-content-style":"default","site-sidebar-style":"default","ast-global-header-display":"","ast-banner-title-visibility":"","ast-main-header-display":"","ast-hfb-above-header-display":"","ast-hfb-below-header-display":"","ast-hfb-mobile-header-display":"","site-post-title":"","ast-breadcrumbs-content":"","ast-featured-img":"","footer-sml-layout":"","ast-disable-related-posts":"","theme-transparent-header-meta":"default","adv-header-id-meta":"","stick-header-meta":"","header-above-stick-meta":"","header-main-stick-meta":"","header-below-stick-meta":"","astra-migrate-meta-layouts":"set","ast-page-background-enabled":"default","ast-page-background-meta":{"desktop":{"background-color":"var(--ast-global-color-4)","background-image":"","background-repeat":"repeat","background-position":"center center","background-size":"auto","background-attachment":"scroll","background-type":"","background-media":"","overlay-type":"","overlay-color":"","overlay-opacity":"","overlay-gradient":""},"tablet":{"background-color":"","background-image":"","background-repeat":"repeat","background-position":"center center","background-size":"auto","background-attachment":"scroll","background-type":"","background-media":"","overlay-type":"","overlay-color":"","overlay-opacity":"","overlay-gradient":""},"mobile":{"background-color":"","background-image":"","background-repeat":"repeat","background-position":"center center","background-size":"auto","background-attachment":"scroll","background-type":"","background-media":"","overlay-type":"","overlay-color":"","overlay-opacity":"","overlay-gradient":""}},"ast-content-background-meta":{"desktop":{"background-color":"var(--ast-global-color-5)","background-image":"","background-repeat":"repeat","background-position":"center center","background-size":"auto","background-attachment":"scroll","background-type":"","background-media":"","overlay-type":"","overlay-color":"","overlay-opacity":"","overlay-gradient":""},"tablet":{"background-color":"var(--ast-global-color-5)","background-image":"","background-repeat":"repeat","background-position":"center center","background-size":"auto","background-attachment":"scroll","background-type":"","background-media":"","overlay-type":"","overlay-color":"","overlay-opacity":"","overlay-gradient":""},"mobile":{"background-color":"var(--ast-global-color-5)","background-image":"","background-repeat":"repeat","background-position":"center center","background-size":"auto","background-attachment":"scroll","background-type":"","background-media":"","overlay-type":"","overlay-color":"","overlay-opacity":"","overlay-gradient":""}}},"product_brand":[],"product_cat":[56,61],"product_tag":[378,142,135],"class_list":{"0":"post-9652","1":"product","2":"type-product","3":"status-publish","4":"has-post-thumbnail","6":"product_cat-stickpaket","7":"product_cat-vast","8":"product_tag-design-knit4u","9":"product_tag-faro","10":"product_tag-gotlandsull","11":"desktop-align-left","12":"tablet-align-left","13":"mobile-align-left","15":"first","16":"instock","17":"taxable","18":"shipping-taxable","19":"purchasable","20":"product-type-variable","21":"has-default-attributes"},"_links":{"self":[{"href":"https:\/\/knit4u.se\/de\/wp-json\/wp\/v2\/product\/9652","targetHints":{"allow":["GET"]}}],"collection":[{"href":"https:\/\/knit4u.se\/de\/wp-json\/wp\/v2\/product"}],"about":[{"href":"https:\/\/knit4u.se\/de\/wp-json\/wp\/v2\/types\/product"}],"version-history":[{"count":4,"href":"https:\/\/knit4u.se\/de\/wp-json\/wp\/v2\/product\/9652\/revisions"}],"predecessor-version":[{"id":9679,"href":"https:\/\/knit4u.se\/de\/wp-json\/wp\/v2\/product\/9652\/revisions\/9679"}],"wp:featuredmedia":[{"embeddable":true,"href":"https:\/\/knit4u.se\/de\/wp-json\/wp\/v2\/media\/9676"}],"wp:attachment":[{"href":"https:\/\/knit4u.se\/de\/wp-json\/wp\/v2\/media?parent=9652"}],"wp:term":[{"taxonomy":"product_brand","embeddable":true,"href":"https:\/\/knit4u.se\/de\/wp-json\/wp\/v2\/product_brand?post=9652"},{"taxonomy":"product_cat","embeddable":true,"href":"https:\/\/knit4u.se\/de\/wp-json\/wp\/v2\/product_cat?post=9652"},{"taxonomy":"product_tag","embeddable":true,"href":"https:\/\/knit4u.se\/de\/wp-json\/wp\/v2\/product_tag?post=9652"}],"curies":[{"name":"wp","href":"https:\/\/api.w.org\/{rel}","templated":true}]}}