{"id":9873,"date":"2026-03-30T15:17:09","date_gmt":"2026-03-30T14:17:09","guid":{"rendered":"https:\/\/knit4u.se\/?post_type=product&#038;p=9873"},"modified":"2026-04-14T10:53:41","modified_gmt":"2026-04-14T09:53:41","slug":"tuva-poncho-mohairsilke-stickpaket","status":"publish","type":"product","link":"https:\/\/knit4u.se\/de\/product\/tuva-poncho-mohairsilke-stickpaket\/","title":{"rendered":"TUVA Poncho- Mohairsilke &#8211; Stickpaket"},"content":{"rendered":"<ul>\n<li style=\"font-size: 16px;\">Gr\u00f6\u00dfe\n<ul>\n<li style=\"font-size: 16px;\">S \/ M ( M \/ L )<\/li>\n<\/ul>\n<\/li>\n<li style=\"font-size: 16px;\">Garn\n<ul>\n<li style=\"font-size: 16px;\">0.75\u00a0 ( 1 )\u00a0 hg Mohair Luxe &#8211; LangYarns<\/li>\n<\/ul>\n<\/li>\n<li>Qualit\u00e4t\n<ul>\n<li>\u00a077 % Super Kid Mohair 23 % Silke &#8211; 25 g \/ 175 m<\/li>\n<\/ul>\n<\/li>\n<li>\u00a0Abmessungen\n<ul>\n<li>60 x 135\u00a0 ( 70 x 145 ) cm<\/li>\n<\/ul>\n<\/li>\n<li>Gedruckte Musteranleitung<\/li>\n<li>Tillval rundstickor Addi bambu nr 5.5 &#8211; 80 cm<\/li>\n<\/ul>","protected":false},"excerpt":{"rendered":"<div>\n<p data-start=\"74\" data-end=\"118\"><strong data-start=\"74\" data-end=\"118\">Tuva \u2013 skir poncho i finaste silkemohair<\/strong><\/p>\n<p data-start=\"120\" data-end=\"388\">Tuva \u00e4r den perfekta ponchon att ta med p\u00e5 resa \u2013 den tar minimal plats i v\u00e4skan men v\u00e4rmer desto mer \u00f6ver en sommarkl\u00e4nning eller n\u00e4r du k\u00e4nner dig lite frusen. Den fungerar lika fint att b\u00e4ra som en sjal \u00f6ver en kappa och ger en mjuk och behaglig v\u00e4rme \u00f6ver axlarna.<\/p>\n<p data-start=\"390\" data-end=\"617\">Ponchon stickas i enkel sl\u00e4tstickning med en tr\u00e5d Mohair Luxe fr\u00e5n Lang Yarns \u2013 ett garn av yppersta kvalitet. N\u00e4r du b\u00e4r den faller den vackert, draperad horisontellt framtill och n\u00e5got l\u00e4ngre baktill, med en avslutande snibb.<\/p>\n<p data-start=\"619\" data-end=\"656\"><strong data-start=\"619\" data-end=\"638\">Sv\u00e5righetsgrad:<\/strong> enkel stickning<\/p>\n<p data-start=\"658\" data-end=\"676\"><strong data-start=\"658\" data-end=\"669\">Design:<\/strong> Knit4u<\/p>\n<\/div>\n<p>&nbsp;<\/p>","protected":false},"featured_media":9906,"template":"","meta":{"site-sidebar-layout":"default","site-content-layout":"","ast-site-content-layout":"default","site-content-style":"default","site-sidebar-style":"default","ast-global-header-display":"","ast-banner-title-visibility":"","ast-main-header-display":"","ast-hfb-above-header-display":"","ast-hfb-below-header-display":"","ast-hfb-mobile-header-display":"","site-post-title":"","ast-breadcrumbs-content":"","ast-featured-img":"","footer-sml-layout":"","ast-disable-related-posts":"","theme-transparent-header-meta":"default","adv-header-id-meta":"","stick-header-meta":"","header-above-stick-meta":"","header-main-stick-meta":"","header-below-stick-meta":"","astra-migrate-meta-layouts":"set","ast-page-background-enabled":"default","ast-page-background-meta":{"desktop":{"background-color":"var(--ast-global-color-4)","background-image":"","background-repeat":"repeat","background-position":"center center","background-size":"auto","background-attachment":"scroll","background-type":"","background-media":"","overlay-type":"","overlay-color":"","overlay-opacity":"","overlay-gradient":""},"tablet":{"background-color":"","background-image":"","background-repeat":"repeat","background-position":"center center","background-size":"auto","background-attachment":"scroll","background-type":"","background-media":"","overlay-type":"","overlay-color":"","overlay-opacity":"","overlay-gradient":""},"mobile":{"background-color":"","background-image":"","background-repeat":"repeat","background-position":"center center","background-size":"auto","background-attachment":"scroll","background-type":"","background-media":"","overlay-type":"","overlay-color":"","overlay-opacity":"","overlay-gradient":""}},"ast-content-background-meta":{"desktop":{"background-color":"var(--ast-global-color-5)","background-image":"","background-repeat":"repeat","background-position":"center center","background-size":"auto","background-attachment":"scroll","background-type":"","background-media":"","overlay-type":"","overlay-color":"","overlay-opacity":"","overlay-gradient":""},"tablet":{"background-color":"var(--ast-global-color-5)","background-image":"","background-repeat":"repeat","background-position":"center center","background-size":"auto","background-attachment":"scroll","background-type":"","background-media":"","overlay-type":"","overlay-color":"","overlay-opacity":"","overlay-gradient":""},"mobile":{"background-color":"var(--ast-global-color-5)","background-image":"","background-repeat":"repeat","background-position":"center center","background-size":"auto","background-attachment":"scroll","background-type":"","background-media":"","overlay-type":"","overlay-color":"","overlay-opacity":"","overlay-gradient":""}}},"product_brand":[],"product_cat":[46,56],"product_tag":[378,136,364,298,234],"class_list":{"0":"post-9873","1":"product","2":"type-product","3":"status-publish","4":"has-post-thumbnail","6":"product_cat-accessoarer","7":"product_cat-stickpaket","8":"product_tag-design-knit4u","9":"product_tag-enkel-stickning","10":"product_tag-lang-yarns","11":"product_tag-mohair-luxe","12":"product_tag-mohairsilke","13":"desktop-align-left","14":"tablet-align-left","15":"mobile-align-left","17":"first","18":"instock","19":"taxable","20":"shipping-taxable","21":"purchasable","22":"product-type-variable","23":"has-default-attributes"},"_links":{"self":[{"href":"https:\/\/knit4u.se\/de\/wp-json\/wp\/v2\/product\/9873","targetHints":{"allow":["GET"]}}],"collection":[{"href":"https:\/\/knit4u.se\/de\/wp-json\/wp\/v2\/product"}],"about":[{"href":"https:\/\/knit4u.se\/de\/wp-json\/wp\/v2\/types\/product"}],"version-history":[{"count":5,"href":"https:\/\/knit4u.se\/de\/wp-json\/wp\/v2\/product\/9873\/revisions"}],"predecessor-version":[{"id":9915,"href":"https:\/\/knit4u.se\/de\/wp-json\/wp\/v2\/product\/9873\/revisions\/9915"}],"wp:featuredmedia":[{"embeddable":true,"href":"https:\/\/knit4u.se\/de\/wp-json\/wp\/v2\/media\/9906"}],"wp:attachment":[{"href":"https:\/\/knit4u.se\/de\/wp-json\/wp\/v2\/media?parent=9873"}],"wp:term":[{"taxonomy":"product_brand","embeddable":true,"href":"https:\/\/knit4u.se\/de\/wp-json\/wp\/v2\/product_brand?post=9873"},{"taxonomy":"product_cat","embeddable":true,"href":"https:\/\/knit4u.se\/de\/wp-json\/wp\/v2\/product_cat?post=9873"},{"taxonomy":"product_tag","embeddable":true,"href":"https:\/\/knit4u.se\/de\/wp-json\/wp\/v2\/product_tag?post=9873"}],"curies":[{"name":"wp","href":"https:\/\/api.w.org\/{rel}","templated":true}]}}