{"id":2258,"date":"2024-11-06T11:55:17","date_gmt":"2024-11-06T10:55:17","guid":{"rendered":"https:\/\/www.knitforyou.se\/?post_type=product&#038;p=2258"},"modified":"2026-01-02T17:30:34","modified_gmt":"2026-01-02T16:30:34","slug":"glamour-topp-monster-garn","status":"publish","type":"product","link":"https:\/\/knit4u.se\/en\/product\/glamour-topp-monster-garn\/","title":{"rendered":"GLAMOUR topp &#8211; Mohairsilke &#038; paljetter &#8211; Stickpaket"},"content":{"rendered":"<ul>\n<li style=\"font-size: 16px;\">Size S ( M ) L<\/li>\n<li style=\"font-size: 16px;\">Yarn\n<ul>\n<li style=\"font-size: 16px;\">\u00a00.75 ( 1 ) 1.25 hg Vivienne &#8211;\u00a0 SESIA &#8211; Italian Yarns<\/li>\n<li>1.5 ( 2 ) 2.5 hg Paillettes &#8211; Lang Yarns<\/li>\n<\/ul>\n<\/li>\n<li>Quality\n<ul>\n<li>Vivienne &#8211;\u00a0 70 % Super Kid Mohair &#8211; 30 % Mulberry Silk &#8211; 25 g \/ 210 m<\/li>\n<li>Paillettes &#8211; 55 % Polyamid &#8211; 45 % Polyester &#8211; 25 g \/ 112 m<\/li>\n<\/ul>\n<\/li>\n<li>Dimensions\n<ul>\n<li>Length 52 ( 56 ) 60 cm<\/li>\n<li>Width 44 ( 50 ) 60 cm<\/li>\n<li>3\/4 sleeve 41 ( 42 ) 43 cm measured from armhole<\/li>\n<\/ul>\n<\/li>\n<li>Printed pattern instruction<\/li>\n<li>Optional circular knitting needles Addi bamboo no 4.5 - 40 cm + 80 cm<\/li>\n<\/ul>","protected":false},"excerpt":{"rendered":"<p class=\"\" data-start=\"149\" data-end=\"197\"><strong data-start=\"149\" data-end=\"191\">Glamour - top with glitter and lightness<\/strong><\/p>\n<p class=\"\" data-start=\"199\" data-end=\"441\">Glamour is a festive and glittering mohair top with a v-neck and \u00be-length balloon sleeves - a garment that truly lives up to its name. Thin, soft and comfortable to wear next to the skin, it has an elegant drape and a light sheen that catches the light.<\/p>\n<p class=\"\" data-start=\"443\" data-end=\"653\">Toppen stickas uppifr\u00e5n och ner i ett stycke, med tv\u00e5 tr\u00e5dar tillsammans,\u00a0 silkmohair Vivienne fr\u00e5n Sesia och paljettgarn fr\u00e5n LangYarns. \u00c4rmarna formas genom att maskor plockas upp runt \u00e4rmh\u00e5len och sedan stickas runt p\u00e5 rundsticka.<\/p>\n<p class=\"\" data-start=\"465\" data-end=\"701\">Den \u00e4r sk\u00f6n att b\u00e4ra direkt mot huden d\u00e5 paljetterna \u00e4r sm\u00e5 och runda med en mjuk kant.\u00a0 Du har tre f\u00e4rgst\u00e4llningar att v\u00e4lja mellan:<br data-start=\"722\" data-end=\"725\" \/>\u2013 Vit mohair med silverpaljetter<br data-start=\"750\" data-end=\"753\" \/>\u2013 Svartmohair med m\u00f6rkbl\u00e5 paljetter<br data-start=\"782\" data-end=\"785\" \/>\u2013 Rostf\u00e4rgad mohair med kopparpaljetter<\/p>\n<p data-start=\"465\" data-end=\"701\">Vill du sticka toppen med rund hals och raglan\u00e4rm, se toppen BRILLIANT.<\/p>\n<p class=\"p1\">I ett stickpaket ing\u00e5r r\u00e4tt m\u00e4ngd garn samt ett m\u00f6nster som \u00e4r l\u00e4tt att f\u00f6lja. Har du inte redan stickor, kan du v\u00e4lja till stickor till ditt stickpaket.<\/p>\n<p class=\"\" data-start=\"902\" data-end=\"973\"><strong data-start=\"902\" data-end=\"920\">Design: Knit4u<\/strong><\/p>","protected":false},"featured_media":8609,"template":"","meta":{"site-sidebar-layout":"default","site-content-layout":"","ast-site-content-layout":"default","site-content-style":"default","site-sidebar-style":"default","ast-global-header-display":"","ast-banner-title-visibility":"","ast-main-header-display":"","ast-hfb-above-header-display":"","ast-hfb-below-header-display":"","ast-hfb-mobile-header-display":"","site-post-title":"","ast-breadcrumbs-content":"","ast-featured-img":"","footer-sml-layout":"","ast-disable-related-posts":"","theme-transparent-header-meta":"default","adv-header-id-meta":"","stick-header-meta":"","header-above-stick-meta":"","header-main-stick-meta":"","header-below-stick-meta":"","astra-migrate-meta-layouts":"set","ast-page-background-enabled":"default","ast-page-background-meta":{"desktop":{"background-color":"var(--ast-global-color-4)","background-image":"","background-repeat":"repeat","background-position":"center center","background-size":"auto","background-attachment":"scroll","background-type":"","background-media":"","overlay-type":"","overlay-color":"","overlay-opacity":"","overlay-gradient":""},"tablet":{"background-color":"","background-image":"","background-repeat":"repeat","background-position":"center center","background-size":"auto","background-attachment":"scroll","background-type":"","background-media":"","overlay-type":"","overlay-color":"","overlay-opacity":"","overlay-gradient":""},"mobile":{"background-color":"","background-image":"","background-repeat":"repeat","background-position":"center center","background-size":"auto","background-attachment":"scroll","background-type":"","background-media":"","overlay-type":"","overlay-color":"","overlay-opacity":"","overlay-gradient":""}},"ast-content-background-meta":{"desktop":{"background-color":"var(--ast-global-color-5)","background-image":"","background-repeat":"repeat","background-position":"center center","background-size":"auto","background-attachment":"scroll","background-type":"","background-media":"","overlay-type":"","overlay-color":"","overlay-opacity":"","overlay-gradient":""},"tablet":{"background-color":"var(--ast-global-color-5)","background-image":"","background-repeat":"repeat","background-position":"center center","background-size":"auto","background-attachment":"scroll","background-type":"","background-media":"","overlay-type":"","overlay-color":"","overlay-opacity":"","overlay-gradient":""},"mobile":{"background-color":"var(--ast-global-color-5)","background-image":"","background-repeat":"repeat","background-position":"center center","background-size":"auto","background-attachment":"scroll","background-type":"","background-media":"","overlay-type":"","overlay-color":"","overlay-opacity":"","overlay-gradient":""}}},"product_brand":[],"product_cat":[56,27],"product_tag":[53,377,234,288,355,375],"class_list":{"0":"post-2258","1":"product","2":"type-product","3":"status-publish","4":"has-post-thumbnail","6":"product_cat-stickpaket","7":"product_cat-troja","8":"product_tag-knit4u","9":"product_tag-langyarn","10":"product_tag-mohairsilke","11":"product_tag-paljetter","12":"product_tag-sesia","13":"product_tag-vivienne","14":"desktop-align-left","15":"tablet-align-left","16":"mobile-align-left","18":"first","19":"instock","20":"taxable","21":"shipping-taxable","22":"purchasable","23":"product-type-variable","24":"has-default-attributes"},"_links":{"self":[{"href":"https:\/\/knit4u.se\/en\/wp-json\/wp\/v2\/product\/2258","targetHints":{"allow":["GET"]}}],"collection":[{"href":"https:\/\/knit4u.se\/en\/wp-json\/wp\/v2\/product"}],"about":[{"href":"https:\/\/knit4u.se\/en\/wp-json\/wp\/v2\/types\/product"}],"version-history":[{"count":16,"href":"https:\/\/knit4u.se\/en\/wp-json\/wp\/v2\/product\/2258\/revisions"}],"predecessor-version":[{"id":9066,"href":"https:\/\/knit4u.se\/en\/wp-json\/wp\/v2\/product\/2258\/revisions\/9066"}],"wp:featuredmedia":[{"embeddable":true,"href":"https:\/\/knit4u.se\/en\/wp-json\/wp\/v2\/media\/8609"}],"wp:attachment":[{"href":"https:\/\/knit4u.se\/en\/wp-json\/wp\/v2\/media?parent=2258"}],"wp:term":[{"taxonomy":"product_brand","embeddable":true,"href":"https:\/\/knit4u.se\/en\/wp-json\/wp\/v2\/product_brand?post=2258"},{"taxonomy":"product_cat","embeddable":true,"href":"https:\/\/knit4u.se\/en\/wp-json\/wp\/v2\/product_cat?post=2258"},{"taxonomy":"product_tag","embeddable":true,"href":"https:\/\/knit4u.se\/en\/wp-json\/wp\/v2\/product_tag?post=2258"}],"curies":[{"name":"wp","href":"https:\/\/api.w.org\/{rel}","templated":true}]}}