{"id":2286,"date":"2024-12-06T12:39:25","date_gmt":"2024-12-06T11:39:25","guid":{"rendered":"https:\/\/www.knitforyou.se\/?post_type=product&#038;p=2286"},"modified":"2026-02-12T11:03:08","modified_gmt":"2026-02-12T10:03:08","slug":"jenny-topp-monster-garn","status":"publish","type":"product","link":"https:\/\/knit4u.se\/en\/product\/jenny-topp-monster-garn\/","title":{"rendered":"JENNY topp &#8211; Mohairsilke &#8211; Stickpaket"},"content":{"rendered":"<ul>\n<li style=\"font-size: 16px;\">Size S ( M ) L<\/li>\n<li style=\"font-size: 16px;\">Yarn\n<ul>\n<li style=\"font-size: 16px;\">1.5 ( 1.75 ) 2 hg\u00a0 Vivienne &#8211; Sesia<\/li>\n<\/ul>\n<\/li>\n<li>Quality\n<ul>\n<li>70 % SuperKid Mohair &amp; 30 % Mulberry Silk &#8211; 25 g \/ 210 m<\/li>\n<\/ul>\n<\/li>\n<li>Dimensions\n<ul>\n<li>Length 50 ( 52 ) 54 cm<\/li>\n<li>Width 44 ( 52 ) 58 cm<\/li>\n<li>3\/4 sleeve 41 ( 42 ) 43 cm<\/li>\n<\/ul>\n<\/li>\n<li>Printed pattern instruction<\/li>\n<li>Optional circular knitting needles Addi bamboo no 4.5 - 40 cm + 80 cm<\/li>\n<\/ul>","protected":false},"excerpt":{"rendered":"<p class=\"\" data-start=\"127\" data-end=\"178\"><strong data-start=\"127\" data-end=\"171\">Jenny - a soft top with a beautiful silhouette<\/strong><\/p>\n<p class=\"\" data-start=\"180\" data-end=\"367\">Jenny is an elegant mohair top with a round neckline and \u00be-length raglan sleeves that end with a nice little puff. A feminine and timeless model that is just as nice for everyday as for parties.<\/p>\n<p class=\"\" data-start=\"369\" data-end=\"660\">Toppen stickas uppifr\u00e5n och ner p\u00e5 rundsticka med tv\u00e5 tr\u00e5dar Vivienne \u2013 ett fluffigt mohairsilke av h\u00f6gsta kvalit\u00e9 fr\u00e5n italienska Sesia. Mohairsilket ger b\u00e5de en l\u00e4tthet och en lyxig k\u00e4nsla. Halsringningen ramas in av en stilren I-cord kant, och nertill samt vid \u00e4rmsluten varvas r\u00e4ta och aviga varv f\u00f6r en enkel men effektfull finish. Enkel och rolig att sticka.<\/p>\n<p class=\"\" data-start=\"722\" data-end=\"800\"><strong>Design: Knit4u<\/strong><\/p>","protected":false},"featured_media":7479,"template":"","meta":{"site-sidebar-layout":"default","site-content-layout":"","ast-site-content-layout":"default","site-content-style":"default","site-sidebar-style":"default","ast-global-header-display":"","ast-banner-title-visibility":"","ast-main-header-display":"","ast-hfb-above-header-display":"","ast-hfb-below-header-display":"","ast-hfb-mobile-header-display":"","site-post-title":"","ast-breadcrumbs-content":"","ast-featured-img":"","footer-sml-layout":"","ast-disable-related-posts":"","theme-transparent-header-meta":"default","adv-header-id-meta":"","stick-header-meta":"","header-above-stick-meta":"","header-main-stick-meta":"","header-below-stick-meta":"","astra-migrate-meta-layouts":"set","ast-page-background-enabled":"default","ast-page-background-meta":{"desktop":{"background-color":"var(--ast-global-color-4)","background-image":"","background-repeat":"repeat","background-position":"center center","background-size":"auto","background-attachment":"scroll","background-type":"","background-media":"","overlay-type":"","overlay-color":"","overlay-opacity":"","overlay-gradient":""},"tablet":{"background-color":"","background-image":"","background-repeat":"repeat","background-position":"center center","background-size":"auto","background-attachment":"scroll","background-type":"","background-media":"","overlay-type":"","overlay-color":"","overlay-opacity":"","overlay-gradient":""},"mobile":{"background-color":"","background-image":"","background-repeat":"repeat","background-position":"center center","background-size":"auto","background-attachment":"scroll","background-type":"","background-media":"","overlay-type":"","overlay-color":"","overlay-opacity":"","overlay-gradient":""}},"ast-content-background-meta":{"desktop":{"background-color":"var(--ast-global-color-5)","background-image":"","background-repeat":"repeat","background-position":"center center","background-size":"auto","background-attachment":"scroll","background-type":"","background-media":"","overlay-type":"","overlay-color":"","overlay-opacity":"","overlay-gradient":""},"tablet":{"background-color":"var(--ast-global-color-5)","background-image":"","background-repeat":"repeat","background-position":"center center","background-size":"auto","background-attachment":"scroll","background-type":"","background-media":"","overlay-type":"","overlay-color":"","overlay-opacity":"","overlay-gradient":""},"mobile":{"background-color":"var(--ast-global-color-5)","background-image":"","background-repeat":"repeat","background-position":"center center","background-size":"auto","background-attachment":"scroll","background-type":"","background-media":"","overlay-type":"","overlay-color":"","overlay-opacity":"","overlay-gradient":""}}},"product_brand":[],"product_cat":[56,27],"product_tag":[53,234,355,375],"class_list":{"0":"post-2286","1":"product","2":"type-product","3":"status-publish","4":"has-post-thumbnail","6":"product_cat-stickpaket","7":"product_cat-troja","8":"product_tag-knit4u","9":"product_tag-mohairsilke","10":"product_tag-sesia","11":"product_tag-vivienne","12":"desktop-align-left","13":"tablet-align-left","14":"mobile-align-left","16":"first","17":"instock","18":"taxable","19":"shipping-taxable","20":"purchasable","21":"product-type-variable","22":"has-default-attributes"},"_links":{"self":[{"href":"https:\/\/knit4u.se\/en\/wp-json\/wp\/v2\/product\/2286","targetHints":{"allow":["GET"]}}],"collection":[{"href":"https:\/\/knit4u.se\/en\/wp-json\/wp\/v2\/product"}],"about":[{"href":"https:\/\/knit4u.se\/en\/wp-json\/wp\/v2\/types\/product"}],"version-history":[{"count":16,"href":"https:\/\/knit4u.se\/en\/wp-json\/wp\/v2\/product\/2286\/revisions"}],"predecessor-version":[{"id":6855,"href":"https:\/\/knit4u.se\/en\/wp-json\/wp\/v2\/product\/2286\/revisions\/6855"}],"wp:featuredmedia":[{"embeddable":true,"href":"https:\/\/knit4u.se\/en\/wp-json\/wp\/v2\/media\/7479"}],"wp:attachment":[{"href":"https:\/\/knit4u.se\/en\/wp-json\/wp\/v2\/media?parent=2286"}],"wp:term":[{"taxonomy":"product_brand","embeddable":true,"href":"https:\/\/knit4u.se\/en\/wp-json\/wp\/v2\/product_brand?post=2286"},{"taxonomy":"product_cat","embeddable":true,"href":"https:\/\/knit4u.se\/en\/wp-json\/wp\/v2\/product_cat?post=2286"},{"taxonomy":"product_tag","embeddable":true,"href":"https:\/\/knit4u.se\/en\/wp-json\/wp\/v2\/product_tag?post=2286"}],"curies":[{"name":"wp","href":"https:\/\/api.w.org\/{rel}","templated":true}]}}