{"id":2848,"date":"2025-02-18T12:02:51","date_gmt":"2025-02-18T11:02:51","guid":{"rendered":"https:\/\/www.knitforyou.se\/?post_type=product&#038;p=2848"},"modified":"2026-02-08T19:10:24","modified_gmt":"2026-02-08T18:10:24","slug":"asta-slipover-mohairsilke-we-two-stockholm-design-stickpaket","status":"publish","type":"product","link":"https:\/\/knit4u.se\/en\/product\/asta-slipover-mohairsilke-we-two-stockholm-design-stickpaket\/","title":{"rendered":"ASTA Slipover &#8211; Mohairsilke &#8211; We Two Stockholm Design &#8211; Stickpaket"},"content":{"rendered":"<ul>\n<li style=\"font-size: 16px;\">Size\n<ul>\n<li style=\"font-size: 16px;\">One Size<\/li>\n<\/ul>\n<\/li>\n<li style=\"font-size: 16px;\">Yarn\n<ul>\n<li style=\"font-size: 16px;\">1.25 hg Vivienne &#8211; Sesia<span style=\"font-size: 16px;\">\u00a0<\/span><\/li>\n<\/ul>\n<\/li>\n<li>Quality\n<ul>\n<li>70 % Super Kid Mohair 30 % Mulberry Silke &#8211; 25 g \/ 210 m<\/li>\n<\/ul>\n<\/li>\n<li>\u00a0Dimensions\n<ul>\n<li>Length 53 cm<\/li>\n<li>Width 53 cm<\/li>\n<\/ul>\n<\/li>\n<li>Printed pattern instruction<\/li>\n<li>Tillval rundstickor Addi bambu nr 4.5 &#8211; 40 cm och nr 5.5 &#8211; 80 cm<\/li>\n<li>Design We Two Stockholm<\/li>\n<\/ul>","protected":false},"excerpt":{"rendered":"<p class=\"\" data-start=\"145\" data-end=\"202\"><strong data-start=\"145\" data-end=\"196\">Asta Slipover - an airy favourite in mohair silk<\/strong><\/p>\n<p class=\"\" data-start=\"204\" data-end=\"432\">Asta \u00e4r en av v\u00e5ra stora favoriter \u2013 en stilren slipover i v\u00e5r allra finaste mohairsilke, Vivienne. fr\u00e5n italienska Sesia.\u00a0 Den raka modellen med h\u00f6ga slitsar och gener\u00f6sa \u00e4rmh\u00e5l g\u00f6r den b\u00e5de luftig och l\u00e4tt att b\u00e4ra \u00f6ver skjorta, kl\u00e4nning eller T-shirt.<\/p>\n<p class=\"\" data-start=\"434\" data-end=\"647\">Du stickar Asta i tv\u00e5 tr\u00e5dar Vivienne, med 2 x 2 res\u00e5r nertill och runt halsringningen. Fram- och bakstycke stickas separat och sys sedan ihop vid axlarna och en liten bit i sidorna \u2013 enkelt och roligt att g\u00f6ra sj\u00e4lv.<\/p>\n<p class=\"\" data-start=\"649\" data-end=\"754\">The slipover in the pictures is knitted in the beautiful colour <em data-start=\"702\" data-end=\"708\">rust<\/em>, but available in several colours to choose from.<\/p>\n<p class=\"\" data-start=\"756\" data-end=\"847\"><strong data-start=\"756\" data-end=\"784\">Design: We Two Stockholm<\/strong><\/p>","protected":false},"featured_media":6825,"template":"","meta":{"site-sidebar-layout":"default","site-content-layout":"","ast-site-content-layout":"default","site-content-style":"default","site-sidebar-style":"default","ast-global-header-display":"","ast-banner-title-visibility":"","ast-main-header-display":"","ast-hfb-above-header-display":"","ast-hfb-below-header-display":"","ast-hfb-mobile-header-display":"","site-post-title":"","ast-breadcrumbs-content":"","ast-featured-img":"","footer-sml-layout":"","ast-disable-related-posts":"","theme-transparent-header-meta":"default","adv-header-id-meta":"","stick-header-meta":"","header-above-stick-meta":"","header-main-stick-meta":"","header-below-stick-meta":"","astra-migrate-meta-layouts":"set","ast-page-background-enabled":"default","ast-page-background-meta":{"desktop":{"background-color":"var(--ast-global-color-4)","background-image":"","background-repeat":"repeat","background-position":"center center","background-size":"auto","background-attachment":"scroll","background-type":"","background-media":"","overlay-type":"","overlay-color":"","overlay-opacity":"","overlay-gradient":""},"tablet":{"background-color":"","background-image":"","background-repeat":"repeat","background-position":"center center","background-size":"auto","background-attachment":"scroll","background-type":"","background-media":"","overlay-type":"","overlay-color":"","overlay-opacity":"","overlay-gradient":""},"mobile":{"background-color":"","background-image":"","background-repeat":"repeat","background-position":"center center","background-size":"auto","background-attachment":"scroll","background-type":"","background-media":"","overlay-type":"","overlay-color":"","overlay-opacity":"","overlay-gradient":""}},"ast-content-background-meta":{"desktop":{"background-color":"var(--ast-global-color-5)","background-image":"","background-repeat":"repeat","background-position":"center center","background-size":"auto","background-attachment":"scroll","background-type":"","background-media":"","overlay-type":"","overlay-color":"","overlay-opacity":"","overlay-gradient":""},"tablet":{"background-color":"var(--ast-global-color-5)","background-image":"","background-repeat":"repeat","background-position":"center center","background-size":"auto","background-attachment":"scroll","background-type":"","background-media":"","overlay-type":"","overlay-color":"","overlay-opacity":"","overlay-gradient":""},"mobile":{"background-color":"var(--ast-global-color-5)","background-image":"","background-repeat":"repeat","background-position":"center center","background-size":"auto","background-attachment":"scroll","background-type":"","background-media":"","overlay-type":"","overlay-color":"","overlay-opacity":"","overlay-gradient":""}}},"product_brand":[],"product_cat":[56,61],"product_tag":[136,234,355,375,407],"class_list":{"0":"post-2848","1":"product","2":"type-product","3":"status-publish","4":"has-post-thumbnail","6":"product_cat-stickpaket","7":"product_cat-vast","8":"product_tag-enkel-stickning","9":"product_tag-mohairsilke","10":"product_tag-sesia","11":"product_tag-vivienne","12":"product_tag-we-two","13":"desktop-align-left","14":"tablet-align-left","15":"mobile-align-left","17":"first","18":"instock","19":"taxable","20":"shipping-taxable","21":"purchasable","22":"product-type-variable","23":"has-default-attributes"},"_links":{"self":[{"href":"https:\/\/knit4u.se\/en\/wp-json\/wp\/v2\/product\/2848","targetHints":{"allow":["GET"]}}],"collection":[{"href":"https:\/\/knit4u.se\/en\/wp-json\/wp\/v2\/product"}],"about":[{"href":"https:\/\/knit4u.se\/en\/wp-json\/wp\/v2\/types\/product"}],"version-history":[{"count":16,"href":"https:\/\/knit4u.se\/en\/wp-json\/wp\/v2\/product\/2848\/revisions"}],"predecessor-version":[{"id":9366,"href":"https:\/\/knit4u.se\/en\/wp-json\/wp\/v2\/product\/2848\/revisions\/9366"}],"wp:featuredmedia":[{"embeddable":true,"href":"https:\/\/knit4u.se\/en\/wp-json\/wp\/v2\/media\/6825"}],"wp:attachment":[{"href":"https:\/\/knit4u.se\/en\/wp-json\/wp\/v2\/media?parent=2848"}],"wp:term":[{"taxonomy":"product_brand","embeddable":true,"href":"https:\/\/knit4u.se\/en\/wp-json\/wp\/v2\/product_brand?post=2848"},{"taxonomy":"product_cat","embeddable":true,"href":"https:\/\/knit4u.se\/en\/wp-json\/wp\/v2\/product_cat?post=2848"},{"taxonomy":"product_tag","embeddable":true,"href":"https:\/\/knit4u.se\/en\/wp-json\/wp\/v2\/product_tag?post=2848"}],"curies":[{"name":"wp","href":"https:\/\/api.w.org\/{rel}","templated":true}]}}