{"id":3403,"date":"2025-10-07T11:45:41","date_gmt":"2025-10-07T10:45:41","guid":{"rendered":"https:\/\/www.knitforyou.se\/?post_type=product&#038;p=3403"},"modified":"2026-02-08T19:13:14","modified_gmt":"2026-02-08T18:13:14","slug":"estelle-topp-monster-garn","status":"publish","type":"product","link":"https:\/\/knit4u.se\/en\/product\/estelle-topp-monster-garn\/","title":{"rendered":"ESTELLE Topp &#8211; Mohairsilke &#8211; We Two Stockholm Design &#8211; Stickpaket"},"content":{"rendered":"<ul>\n<li style=\"font-size: 16px;\">Size\n<ul>\n<li style=\"font-size: 16px;\">\u00a0One Size &#8211; som en S\/M<\/li>\n<\/ul>\n<\/li>\n<li style=\"font-size: 16px;\">Yarn\n<ul>\n<li style=\"font-size: 16px;\">1.75\u00a0 hg Vivienne\u00a0 &#8211; Sesia<span style=\"font-size: 16px;\">\u00a0<\/span><\/li>\n<\/ul>\n<\/li>\n<li>Quality\n<ul>\n<li><span style=\"font-size: 16px;\">70 % Super KidMohair 30 % Mulberry silke &#8211; 25 g \/ 210 m<\/span><\/li>\n<\/ul>\n<\/li>\n<li>\u00a0Dimensions\n<ul>\n<li>L\u00e4ngd 51 cm<\/li>\n<li>Bredd\u00a0 57\u00a0 cm<\/li>\n<\/ul>\n<\/li>\n<li>Printed pattern instruction<\/li>\n<li>Tillval rundstickor Addi bambu nr 3.5 &#8211; 40 cm + 80 cm, nr 4 &#8211; 80 cm\n<div class=\"tws-article-description--text\"><\/div>\n<\/li>\n<li>Design We Two Stockholm<\/li>\n<\/ul>","protected":false},"excerpt":{"rendered":"<p class=\"\" data-start=\"149\" data-end=\"213\"><strong data-start=\"149\" data-end=\"206\">Estelle - soft puff sleeve top with elegant details<\/strong><\/p>\n<p class=\"\" data-start=\"215\" data-end=\"419\">Estelle \u00e4r en vacker och l\u00e4ttstickad topp med rund ringning och kort puffig \u00e4rm \u2013 en feminin favorit i v\u00e5rt mjukaste mohairsilke, Vivienne fr\u00e5n italienska Sesia. Du stickar den med tv\u00e5 tr\u00e5dar, uppifr\u00e5n och ner p\u00e5 rundsticka. Blir en fin lagom tjocklek p\u00e5 toppen.<\/p>\n<p class=\"\" data-start=\"421\" data-end=\"725\">F\u00f6r att ge plagget ett extra fint fall byter du fr\u00e5n stickor nr 3.5 till nr 4 efter cirka 10 cm. Maskorna \u00f6kas j\u00e4mnt f\u00f6rdelat \u00f6ver fyra varv, vilket ger en f\u00f6ljsam passform. B\u00e5de upptill, nertill och vid \u00e4rmsluten stickas en\u00a0 1 x 1 ribb som ramar in tr\u00f6jan fint. \u00c4r du bekant med att anv\u00e4nda Magic Loop tekniken beh\u00f6ver du endast nr 3.5 0ch nr 4 &#8211; 80 cm l\u00e5nga stickor.<\/p>\n<p class=\"\" data-start=\"727\" data-end=\"819\">Ett perfekt plagg att b\u00e4ra till b\u00e5de vardag och fest \u2013 lika fint till kjol som till jeans.<\/p>\n<p class=\"\" data-start=\"821\" data-end=\"924\"><strong data-start=\"821\" data-end=\"849\">Design: We Two Stockholm<\/strong><\/p>\n<p>&nbsp;<\/p>","protected":false},"featured_media":6839,"template":"","meta":{"site-sidebar-layout":"default","site-content-layout":"","ast-site-content-layout":"default","site-content-style":"default","site-sidebar-style":"default","ast-global-header-display":"","ast-banner-title-visibility":"","ast-main-header-display":"","ast-hfb-above-header-display":"","ast-hfb-below-header-display":"","ast-hfb-mobile-header-display":"","site-post-title":"","ast-breadcrumbs-content":"","ast-featured-img":"","footer-sml-layout":"","ast-disable-related-posts":"","theme-transparent-header-meta":"default","adv-header-id-meta":"","stick-header-meta":"","header-above-stick-meta":"","header-main-stick-meta":"","header-below-stick-meta":"","astra-migrate-meta-layouts":"set","ast-page-background-enabled":"default","ast-page-background-meta":{"desktop":{"background-color":"var(--ast-global-color-4)","background-image":"","background-repeat":"repeat","background-position":"center center","background-size":"auto","background-attachment":"scroll","background-type":"","background-media":"","overlay-type":"","overlay-color":"","overlay-opacity":"","overlay-gradient":""},"tablet":{"background-color":"","background-image":"","background-repeat":"repeat","background-position":"center center","background-size":"auto","background-attachment":"scroll","background-type":"","background-media":"","overlay-type":"","overlay-color":"","overlay-opacity":"","overlay-gradient":""},"mobile":{"background-color":"","background-image":"","background-repeat":"repeat","background-position":"center center","background-size":"auto","background-attachment":"scroll","background-type":"","background-media":"","overlay-type":"","overlay-color":"","overlay-opacity":"","overlay-gradient":""}},"ast-content-background-meta":{"desktop":{"background-color":"var(--ast-global-color-5)","background-image":"","background-repeat":"repeat","background-position":"center center","background-size":"auto","background-attachment":"scroll","background-type":"","background-media":"","overlay-type":"","overlay-color":"","overlay-opacity":"","overlay-gradient":""},"tablet":{"background-color":"var(--ast-global-color-5)","background-image":"","background-repeat":"repeat","background-position":"center center","background-size":"auto","background-attachment":"scroll","background-type":"","background-media":"","overlay-type":"","overlay-color":"","overlay-opacity":"","overlay-gradient":""},"mobile":{"background-color":"var(--ast-global-color-5)","background-image":"","background-repeat":"repeat","background-position":"center center","background-size":"auto","background-attachment":"scroll","background-type":"","background-media":"","overlay-type":"","overlay-color":"","overlay-opacity":"","overlay-gradient":""}}},"product_brand":[],"product_cat":[56,27],"product_tag":[136,234,355,375,407],"class_list":{"0":"post-3403","1":"product","2":"type-product","3":"status-publish","4":"has-post-thumbnail","6":"product_cat-stickpaket","7":"product_cat-troja","8":"product_tag-enkel-stickning","9":"product_tag-mohairsilke","10":"product_tag-sesia","11":"product_tag-vivienne","12":"product_tag-we-two","13":"desktop-align-left","14":"tablet-align-left","15":"mobile-align-left","17":"first","18":"instock","19":"taxable","20":"shipping-taxable","21":"purchasable","22":"product-type-variable","23":"has-default-attributes"},"_links":{"self":[{"href":"https:\/\/knit4u.se\/en\/wp-json\/wp\/v2\/product\/3403","targetHints":{"allow":["GET"]}}],"collection":[{"href":"https:\/\/knit4u.se\/en\/wp-json\/wp\/v2\/product"}],"about":[{"href":"https:\/\/knit4u.se\/en\/wp-json\/wp\/v2\/types\/product"}],"version-history":[{"count":30,"href":"https:\/\/knit4u.se\/en\/wp-json\/wp\/v2\/product\/3403\/revisions"}],"predecessor-version":[{"id":9368,"href":"https:\/\/knit4u.se\/en\/wp-json\/wp\/v2\/product\/3403\/revisions\/9368"}],"wp:featuredmedia":[{"embeddable":true,"href":"https:\/\/knit4u.se\/en\/wp-json\/wp\/v2\/media\/6839"}],"wp:attachment":[{"href":"https:\/\/knit4u.se\/en\/wp-json\/wp\/v2\/media?parent=3403"}],"wp:term":[{"taxonomy":"product_brand","embeddable":true,"href":"https:\/\/knit4u.se\/en\/wp-json\/wp\/v2\/product_brand?post=3403"},{"taxonomy":"product_cat","embeddable":true,"href":"https:\/\/knit4u.se\/en\/wp-json\/wp\/v2\/product_cat?post=3403"},{"taxonomy":"product_tag","embeddable":true,"href":"https:\/\/knit4u.se\/en\/wp-json\/wp\/v2\/product_tag?post=3403"}],"curies":[{"name":"wp","href":"https:\/\/api.w.org\/{rel}","templated":true}]}}