{"id":3637,"date":"2024-01-23T10:07:04","date_gmt":"2024-01-23T09:07:04","guid":{"rendered":"https:\/\/www.knitforyou.se\/?post_type=product&#038;p=3637"},"modified":"2026-03-23T16:42:41","modified_gmt":"2026-03-23T15:42:41","slug":"lykke-mossa-arum-handledsvarmare-monster-garnl","status":"publish","type":"product","link":"https:\/\/knit4u.se\/en\/product\/lykke-mossa-arum-handledsvarmare-monster-garnl\/","title":{"rendered":"LYKKE  M\u00f6ssa &#038; ARUM Handledsv\u00e4rmare &#8211; Gotlandsull &#8211; Stickpaket"},"content":{"rendered":"<ul>\n<li style=\"font-size: 16px;\">Size\n<ul>\n<li style=\"font-size: 16px;\">One size<\/li>\n<\/ul>\n<\/li>\n<li style=\"font-size: 16px;\">Yarn\n<ul>\n<li style=\"font-size: 16px;\">1 hg F\u00c5R\u00d6 &#8211; Knit4u<\/li>\n<\/ul>\n<\/li>\n<li>Quality\n<ul>\n<li>70 % Gotland Wool &amp; 30 % Falkland Merino &#8211; 100 g \/ 300 m<\/li>\n<\/ul>\n<\/li>\n<li>Lykke m\u00f6ssa\n<ul>\n<li>L\u00e4ngd \u00a026 cm<\/li>\n<\/ul>\n<\/li>\n<li>ARUM handledsv\u00e4rmare\n<ul>\n<li>L\u00e4ngd 23 cm<\/li>\n<\/ul>\n<\/li>\n<li>Printed pattern instruction<\/li>\n<li>Tillval \u00a0Addi bambu rundsticka nr 4.5 &#8211; 40 cm + strumpstickor nr 4.5<span class=\"Apple-converted-space\">\u00a0<\/span>\n<div class=\"tws-article-description--text\"><\/div>\n<\/li>\n<\/ul>","protected":false},"excerpt":{"rendered":"<p data-start=\"120\" data-end=\"414\"><strong data-start=\"120\" data-end=\"182\">Lykke &amp; Arum \u2013 m\u00f6ssa och handledsv\u00e4rmare i mjuk Gotlandsull<\/strong><br data-start=\"182\" data-end=\"185\" \/>Ett v\u00e4rmande set i v\u00e5rt egna garn F\u00c5R\u00d6 \u2013 ett entr\u00e5dig garn som bara blir mjukare ju mer det anv\u00e4ndes. Lykke &amp; Arum stickas i en rolig och enkel m\u00f6nsterstickning med fl\u00e4tor, vilket ger b\u00e5de struktur och karakt\u00e4r \u00e5t plaggen.<\/p>\n<p data-start=\"416\" data-end=\"531\">Paula b\u00e4r setet i F\u00e5r\u00f6\u00a0 Bl\u00e5klint och F\u00e5r\u00f6 Gr\u00e5 \u2013 tv\u00e5 fina nyanser som framh\u00e4ver m\u00f6nstret p\u00e5 ett vackert s\u00e4tt.<\/p>\n<p data-start=\"533\" data-end=\"610\">En h\u00e4rva\u00a0 F\u00c5R\u00d6 (100 g) r\u00e4cker till hela setet.<br data-start=\"589\" data-end=\"592\" \/><strong data-start=\"592\" data-end=\"610\">Design: Knit4u<\/strong><\/p>","protected":false},"featured_media":4622,"template":"","meta":{"site-sidebar-layout":"default","site-content-layout":"","ast-site-content-layout":"default","site-content-style":"default","site-sidebar-style":"default","ast-global-header-display":"","ast-banner-title-visibility":"","ast-main-header-display":"","ast-hfb-above-header-display":"","ast-hfb-below-header-display":"","ast-hfb-mobile-header-display":"","site-post-title":"","ast-breadcrumbs-content":"","ast-featured-img":"","footer-sml-layout":"","ast-disable-related-posts":"","theme-transparent-header-meta":"default","adv-header-id-meta":"","stick-header-meta":"","header-above-stick-meta":"","header-main-stick-meta":"","header-below-stick-meta":"","astra-migrate-meta-layouts":"set","ast-page-background-enabled":"default","ast-page-background-meta":{"desktop":{"background-color":"var(--ast-global-color-4)","background-image":"","background-repeat":"repeat","background-position":"center center","background-size":"auto","background-attachment":"scroll","background-type":"","background-media":"","overlay-type":"","overlay-color":"","overlay-opacity":"","overlay-gradient":""},"tablet":{"background-color":"","background-image":"","background-repeat":"repeat","background-position":"center center","background-size":"auto","background-attachment":"scroll","background-type":"","background-media":"","overlay-type":"","overlay-color":"","overlay-opacity":"","overlay-gradient":""},"mobile":{"background-color":"","background-image":"","background-repeat":"repeat","background-position":"center center","background-size":"auto","background-attachment":"scroll","background-type":"","background-media":"","overlay-type":"","overlay-color":"","overlay-opacity":"","overlay-gradient":""}},"ast-content-background-meta":{"desktop":{"background-color":"var(--ast-global-color-5)","background-image":"","background-repeat":"repeat","background-position":"center center","background-size":"auto","background-attachment":"scroll","background-type":"","background-media":"","overlay-type":"","overlay-color":"","overlay-opacity":"","overlay-gradient":""},"tablet":{"background-color":"var(--ast-global-color-5)","background-image":"","background-repeat":"repeat","background-position":"center center","background-size":"auto","background-attachment":"scroll","background-type":"","background-media":"","overlay-type":"","overlay-color":"","overlay-opacity":"","overlay-gradient":""},"mobile":{"background-color":"var(--ast-global-color-5)","background-image":"","background-repeat":"repeat","background-position":"center center","background-size":"auto","background-attachment":"scroll","background-type":"","background-media":"","overlay-type":"","overlay-color":"","overlay-opacity":"","overlay-gradient":""}}},"product_brand":[],"product_cat":[46,56],"product_tag":[378,142,135],"class_list":{"0":"post-3637","1":"product","2":"type-product","3":"status-publish","4":"has-post-thumbnail","6":"product_cat-accessoarer","7":"product_cat-stickpaket","8":"product_tag-design-knit4u","9":"product_tag-faro","10":"product_tag-gotlandsull","11":"desktop-align-left","12":"tablet-align-left","13":"mobile-align-left","15":"first","16":"instock","17":"taxable","18":"shipping-taxable","19":"purchasable","20":"product-type-variable"},"_links":{"self":[{"href":"https:\/\/knit4u.se\/en\/wp-json\/wp\/v2\/product\/3637","targetHints":{"allow":["GET"]}}],"collection":[{"href":"https:\/\/knit4u.se\/en\/wp-json\/wp\/v2\/product"}],"about":[{"href":"https:\/\/knit4u.se\/en\/wp-json\/wp\/v2\/types\/product"}],"version-history":[{"count":8,"href":"https:\/\/knit4u.se\/en\/wp-json\/wp\/v2\/product\/3637\/revisions"}],"predecessor-version":[{"id":9682,"href":"https:\/\/knit4u.se\/en\/wp-json\/wp\/v2\/product\/3637\/revisions\/9682"}],"wp:featuredmedia":[{"embeddable":true,"href":"https:\/\/knit4u.se\/en\/wp-json\/wp\/v2\/media\/4622"}],"wp:attachment":[{"href":"https:\/\/knit4u.se\/en\/wp-json\/wp\/v2\/media?parent=3637"}],"wp:term":[{"taxonomy":"product_brand","embeddable":true,"href":"https:\/\/knit4u.se\/en\/wp-json\/wp\/v2\/product_brand?post=3637"},{"taxonomy":"product_cat","embeddable":true,"href":"https:\/\/knit4u.se\/en\/wp-json\/wp\/v2\/product_cat?post=3637"},{"taxonomy":"product_tag","embeddable":true,"href":"https:\/\/knit4u.se\/en\/wp-json\/wp\/v2\/product_tag?post=3637"}],"curies":[{"name":"wp","href":"https:\/\/api.w.org\/{rel}","templated":true}]}}