{"id":4466,"date":"2025-02-17T11:22:41","date_gmt":"2025-02-17T10:22:41","guid":{"rendered":"https:\/\/www.knitforyou.se\/?post_type=product&#038;p=4466"},"modified":"2026-02-24T00:04:12","modified_gmt":"2026-02-23T23:04:12","slug":"sophie-topp-monster-garn","status":"publish","type":"product","link":"https:\/\/knit4u.se\/en\/product\/sophie-topp-monster-garn\/","title":{"rendered":"SOPHIE topp &#8211; Cashmere, mohairsilke &#8211; Stickpaket"},"content":{"rendered":"<ul>\n<li style=\"font-size: 16px;\">Size\n<ul>\n<li style=\"font-size: 16px;\">S\/M ( M\/L )<\/li>\n<\/ul>\n<\/li>\n<li style=\"font-size: 16px;\">Yarn\n<ul>\n<li style=\"font-size: 16px;\">1.25 ( 1.5 ) hg CASHMERE LACE &#8211; Lang Yarns<\/li>\n<li>0.75 ( 0.75 ) hg LACE &#8211; Lang Yarns<\/li>\n<\/ul>\n<\/li>\n<li>Quality\n<ul>\n<li>CASHMERE LACE\u00a0 &#8211; 100 % cashmere &#8211; 25 g \/ 165 m<\/li>\n<li>LACE &#8211; 58 % Super Kid Mohair, 42 % Silke &#8211; 25 g \/ 310 m<\/li>\n<\/ul>\n<\/li>\n<li>\u00a0Dimensions\n<ul>\n<li>L\u00e4ngd \u00a0( 50 ) 56 cm<\/li>\n<li>Bredd \u00a0( 56 ) \u00a064 cm<\/li>\n<\/ul>\n<\/li>\n<li>Printed pattern instruction<\/li>\n<li>Tillval rundstickor Addi bambu nr 4 &#8211; 40 cm och nr 4 &#8211;\u00a0 80 cm\n<div class=\"tws-article-description--text\"><\/div>\n<\/li>\n<\/ul>","protected":false},"excerpt":{"rendered":"<p class=\"\" data-start=\"129\" data-end=\"172\"><strong data-start=\"129\" data-end=\"165\">Sophie - the softest top of the summer<\/strong><\/p>\n<p class=\"\" data-start=\"174\" data-end=\"407\">Sophie is a summer dream - a simple and stylish top that will quickly become a wardrobe favourite. It's knitted in two yarns: a luxuriously soft cashmere and a thin mohair silk, which together make for an incredibly lightweight and flexible garment.<\/p>\n<p class=\"\" data-start=\"409\" data-end=\"625\">Modellen \u00e4r ledig och avslappnad, perfekt ist\u00e4llet f\u00f6r en T-shirt \u2013 men med en mycket sk\u00f6nare k\u00e4nsla. Du stickar den uppifr\u00e5n och ner p\u00e5 rundsticka nr 4 i sl\u00e4tstickning med en 4 x 1 ribb vid halsringning, nedtill och vid \u00e4rmslut,\u00a0 den lilla \u00e4rmens maskor plockas upp runtom i\u00a0 \u00e4rmh\u00e5let.\u00a0 Allt efter ett enkelt m\u00f6nster som passar b\u00e5de nyb\u00f6rjare och vana stickare.<\/p>\n<p class=\"\" data-start=\"717\" data-end=\"808\"><strong data-start=\"717\" data-end=\"735\">Design: Knit4u<\/strong><br data-start=\"735\" data-end=\"738\" \/><\/p>","protected":false},"featured_media":4537,"template":"","meta":{"site-sidebar-layout":"default","site-content-layout":"","ast-site-content-layout":"default","site-content-style":"default","site-sidebar-style":"default","ast-global-header-display":"","ast-banner-title-visibility":"","ast-main-header-display":"","ast-hfb-above-header-display":"","ast-hfb-below-header-display":"","ast-hfb-mobile-header-display":"","site-post-title":"","ast-breadcrumbs-content":"","ast-featured-img":"","footer-sml-layout":"","ast-disable-related-posts":"","theme-transparent-header-meta":"default","adv-header-id-meta":"","stick-header-meta":"","header-above-stick-meta":"","header-main-stick-meta":"","header-below-stick-meta":"","astra-migrate-meta-layouts":"set","ast-page-background-enabled":"default","ast-page-background-meta":{"desktop":{"background-color":"var(--ast-global-color-4)","background-image":"","background-repeat":"repeat","background-position":"center center","background-size":"auto","background-attachment":"scroll","background-type":"","background-media":"","overlay-type":"","overlay-color":"","overlay-opacity":"","overlay-gradient":""},"tablet":{"background-color":"","background-image":"","background-repeat":"repeat","background-position":"center center","background-size":"auto","background-attachment":"scroll","background-type":"","background-media":"","overlay-type":"","overlay-color":"","overlay-opacity":"","overlay-gradient":""},"mobile":{"background-color":"","background-image":"","background-repeat":"repeat","background-position":"center center","background-size":"auto","background-attachment":"scroll","background-type":"","background-media":"","overlay-type":"","overlay-color":"","overlay-opacity":"","overlay-gradient":""}},"ast-content-background-meta":{"desktop":{"background-color":"var(--ast-global-color-5)","background-image":"","background-repeat":"repeat","background-position":"center center","background-size":"auto","background-attachment":"scroll","background-type":"","background-media":"","overlay-type":"","overlay-color":"","overlay-opacity":"","overlay-gradient":""},"tablet":{"background-color":"var(--ast-global-color-5)","background-image":"","background-repeat":"repeat","background-position":"center center","background-size":"auto","background-attachment":"scroll","background-type":"","background-media":"","overlay-type":"","overlay-color":"","overlay-opacity":"","overlay-gradient":""},"mobile":{"background-color":"var(--ast-global-color-5)","background-image":"","background-repeat":"repeat","background-position":"center center","background-size":"auto","background-attachment":"scroll","background-type":"","background-media":"","overlay-type":"","overlay-color":"","overlay-opacity":"","overlay-gradient":""}}},"product_brand":[],"product_cat":[56,27],"product_tag":[286,53,287,234],"class_list":{"0":"post-4466","1":"product","2":"type-product","3":"status-publish","4":"has-post-thumbnail","6":"product_cat-stickpaket","7":"product_cat-troja","8":"product_tag-cashmere-lace","9":"product_tag-knit4u","10":"product_tag-lace","11":"product_tag-mohairsilke","12":"desktop-align-left","13":"tablet-align-left","14":"mobile-align-left","16":"first","17":"instock","18":"taxable","19":"shipping-taxable","20":"purchasable","21":"product-type-variable","22":"has-default-attributes"},"_links":{"self":[{"href":"https:\/\/knit4u.se\/en\/wp-json\/wp\/v2\/product\/4466","targetHints":{"allow":["GET"]}}],"collection":[{"href":"https:\/\/knit4u.se\/en\/wp-json\/wp\/v2\/product"}],"about":[{"href":"https:\/\/knit4u.se\/en\/wp-json\/wp\/v2\/types\/product"}],"version-history":[{"count":11,"href":"https:\/\/knit4u.se\/en\/wp-json\/wp\/v2\/product\/4466\/revisions"}],"predecessor-version":[{"id":4503,"href":"https:\/\/knit4u.se\/en\/wp-json\/wp\/v2\/product\/4466\/revisions\/4503"}],"wp:featuredmedia":[{"embeddable":true,"href":"https:\/\/knit4u.se\/en\/wp-json\/wp\/v2\/media\/4537"}],"wp:attachment":[{"href":"https:\/\/knit4u.se\/en\/wp-json\/wp\/v2\/media?parent=4466"}],"wp:term":[{"taxonomy":"product_brand","embeddable":true,"href":"https:\/\/knit4u.se\/en\/wp-json\/wp\/v2\/product_brand?post=4466"},{"taxonomy":"product_cat","embeddable":true,"href":"https:\/\/knit4u.se\/en\/wp-json\/wp\/v2\/product_cat?post=4466"},{"taxonomy":"product_tag","embeddable":true,"href":"https:\/\/knit4u.se\/en\/wp-json\/wp\/v2\/product_tag?post=4466"}],"curies":[{"name":"wp","href":"https:\/\/api.w.org\/{rel}","templated":true}]}}