{"id":5379,"date":"2025-09-05T13:46:07","date_gmt":"2025-09-05T12:46:07","guid":{"rendered":"https:\/\/www.knitforyou.se\/?post_type=product&#038;p=5379"},"modified":"2026-02-08T17:47:09","modified_gmt":"2026-02-08T16:47:09","slug":"my-troja-monster-garn","status":"publish","type":"product","link":"https:\/\/knit4u.se\/en\/product\/my-troja-monster-garn\/","title":{"rendered":"MY Tr\u00f6ja &#8211; Mohair Ull Alpacka- Stickpaket"},"content":{"rendered":"<div class=\"tws-article-description--text-container\">\n<ul>\n<li>Size\n<ul>\n<li>S\/M ( M\/L )<\/li>\n<\/ul>\n<\/li>\n<li>Yarn\n<ul>\n<li>3 ( 3.5 ) hg DESIRE &#8211; LangYarns<\/li>\n<li>1 ( 1 ) hg MUSE &#8211; LangYarns<\/li>\n<\/ul>\n<\/li>\n<li>Quality\n<ul>\n<li>Desire &#8211;\u00a0 82 % Mohair Superkid, 15 %\u00a0 Virgin Wool, 3 % Polyamid &#8211; 50 g \/\u00a0 95 m<\/li>\n<li>Muse &#8211; 80 % Alpacka, 17 % Polyamid,\u00a0 3 % Virgin Wool &#8211; 100 g \/ 580 m<\/li>\n<\/ul>\n<\/li>\n<li>\u00a0Dimensions\n<ul>\n<li>L\u00e4ngd\u00a0 50 ( 55 ) cm<\/li>\n<li>Bredd 62 ( 70) cm<\/li>\n<li>\u00c4rm 50 ( 51 ) cm<\/li>\n<\/ul>\n<\/li>\n<li>Printed pattern instruction<\/li>\n<li>Tillval rundsticka Addi bambu nr 12\u00a0 &#8211; 80 cm &#8211; Addi metall nr 12 &#8211; 40 cm<\/li>\n<\/ul>\n<\/div>","protected":false},"excerpt":{"rendered":"<p><strong data-start=\"85\" data-end=\"146\">My \u2013 Oversized tr\u00f6ja i mohair, ull och handf\u00e4rgad alpacka<\/strong><br data-start=\"146\" data-end=\"149\" \/>My \u00e4r en l\u00e4ttstickad och gener\u00f6st oversized tr\u00f6ja med stor, mysig polokrage. Den stickas med tv\u00e5 tr\u00e5dar \u2013 Lang\u00a0 Yarns\u00a0 fluffiga mohair- och ullgarnet DESIRE tillsammans med det handf\u00e4rgade alpackagarnet MUSE \u2013 vilket ger en vacker struktur och extra djup i f\u00e4rgen. Tr\u00f6jan stickas uppifr\u00e5n och ner och maskor f\u00f6r \u00e4rm plockas upp runtom i \u00e4rmh\u00e5let. Tr\u00f6jan \u00e4r perfekt att b\u00e4ra med en skjorta under eller bara med en enkel topp. Den \u00e4r mjuk, varm och gosig \u2013 en riktig feelgood-tr\u00f6ja du vill ha p\u00e5 dig j\u00e4mt. Enkel stickning.<\/p>\n<p><strong>Design: Knit4u<\/strong><\/p>","protected":false},"featured_media":5534,"template":"","meta":{"site-sidebar-layout":"default","site-content-layout":"","ast-site-content-layout":"default","site-content-style":"default","site-sidebar-style":"default","ast-global-header-display":"","ast-banner-title-visibility":"","ast-main-header-display":"","ast-hfb-above-header-display":"","ast-hfb-below-header-display":"","ast-hfb-mobile-header-display":"","site-post-title":"","ast-breadcrumbs-content":"","ast-featured-img":"","footer-sml-layout":"","ast-disable-related-posts":"","theme-transparent-header-meta":"default","adv-header-id-meta":"","stick-header-meta":"","header-above-stick-meta":"","header-main-stick-meta":"","header-below-stick-meta":"","astra-migrate-meta-layouts":"set","ast-page-background-enabled":"default","ast-page-background-meta":{"desktop":{"background-color":"var(--ast-global-color-4)","background-image":"","background-repeat":"repeat","background-position":"center center","background-size":"auto","background-attachment":"scroll","background-type":"","background-media":"","overlay-type":"","overlay-color":"","overlay-opacity":"","overlay-gradient":""},"tablet":{"background-color":"","background-image":"","background-repeat":"repeat","background-position":"center center","background-size":"auto","background-attachment":"scroll","background-type":"","background-media":"","overlay-type":"","overlay-color":"","overlay-opacity":"","overlay-gradient":""},"mobile":{"background-color":"","background-image":"","background-repeat":"repeat","background-position":"center center","background-size":"auto","background-attachment":"scroll","background-type":"","background-media":"","overlay-type":"","overlay-color":"","overlay-opacity":"","overlay-gradient":""}},"ast-content-background-meta":{"desktop":{"background-color":"var(--ast-global-color-5)","background-image":"","background-repeat":"repeat","background-position":"center center","background-size":"auto","background-attachment":"scroll","background-type":"","background-media":"","overlay-type":"","overlay-color":"","overlay-opacity":"","overlay-gradient":""},"tablet":{"background-color":"var(--ast-global-color-5)","background-image":"","background-repeat":"repeat","background-position":"center center","background-size":"auto","background-attachment":"scroll","background-type":"","background-media":"","overlay-type":"","overlay-color":"","overlay-opacity":"","overlay-gradient":""},"mobile":{"background-color":"var(--ast-global-color-5)","background-image":"","background-repeat":"repeat","background-position":"center center","background-size":"auto","background-attachment":"scroll","background-type":"","background-media":"","overlay-type":"","overlay-color":"","overlay-opacity":"","overlay-gradient":""}}},"product_brand":[],"product_cat":[56,27],"product_tag":[150,136,53,249,306,283],"class_list":{"0":"post-5379","1":"product","2":"type-product","3":"status-publish","4":"has-post-thumbnail","6":"product_cat-stickpaket","7":"product_cat-troja","8":"product_tag-alpacka","9":"product_tag-enkel-stickning","10":"product_tag-knit4u","11":"product_tag-mohair-ull","12":"product_tag-muse","13":"product_tag-nova","14":"desktop-align-left","15":"tablet-align-left","16":"mobile-align-left","18":"first","19":"instock","20":"taxable","21":"shipping-taxable","22":"purchasable","23":"product-type-variable","24":"has-default-attributes"},"_links":{"self":[{"href":"https:\/\/knit4u.se\/en\/wp-json\/wp\/v2\/product\/5379","targetHints":{"allow":["GET"]}}],"collection":[{"href":"https:\/\/knit4u.se\/en\/wp-json\/wp\/v2\/product"}],"about":[{"href":"https:\/\/knit4u.se\/en\/wp-json\/wp\/v2\/types\/product"}],"version-history":[{"count":18,"href":"https:\/\/knit4u.se\/en\/wp-json\/wp\/v2\/product\/5379\/revisions"}],"predecessor-version":[{"id":9327,"href":"https:\/\/knit4u.se\/en\/wp-json\/wp\/v2\/product\/5379\/revisions\/9327"}],"wp:featuredmedia":[{"embeddable":true,"href":"https:\/\/knit4u.se\/en\/wp-json\/wp\/v2\/media\/5534"}],"wp:attachment":[{"href":"https:\/\/knit4u.se\/en\/wp-json\/wp\/v2\/media?parent=5379"}],"wp:term":[{"taxonomy":"product_brand","embeddable":true,"href":"https:\/\/knit4u.se\/en\/wp-json\/wp\/v2\/product_brand?post=5379"},{"taxonomy":"product_cat","embeddable":true,"href":"https:\/\/knit4u.se\/en\/wp-json\/wp\/v2\/product_cat?post=5379"},{"taxonomy":"product_tag","embeddable":true,"href":"https:\/\/knit4u.se\/en\/wp-json\/wp\/v2\/product_tag?post=5379"}],"curies":[{"name":"wp","href":"https:\/\/api.w.org\/{rel}","templated":true}]}}