{"id":5540,"date":"2024-09-24T10:13:23","date_gmt":"2024-09-24T09:13:23","guid":{"rendered":"https:\/\/www.knitforyou.se\/?post_type=product&#038;p=5540"},"modified":"2026-01-02T17:16:06","modified_gmt":"2026-01-02T16:16:06","slug":"toni-langkofta-monster-garn","status":"publish","type":"product","link":"https:\/\/knit4u.se\/en\/product\/toni-langkofta-monster-garn\/","title":{"rendered":"TONI l\u00e5ngkofta &#8211; Mohairsilke &#8211; Stickpaket"},"content":{"rendered":"<div class=\"tws-article-description--text-container\">\n<ul>\n<li>Size\n<ul>\n<li>One size<\/li>\n<\/ul>\n<\/li>\n<li>Yarn\n<ul>\n<li>1.25 hg Vivienne &#8211; Sesia &#8211; Italian Yarns<\/li>\n<li>3.5 hg Eiffel &#8211; Sesia &#8211; Italian Yarns<\/li>\n<\/ul>\n<\/li>\n<li>Quality\n<ul>\n<li>Vivienne\u00a0 &#8211; 70 % Super Kid Mohair &#8211; 30 % Mulberry Silk &#8211; 25 g \/ 210 m<\/li>\n<li>Eiffel-\u00a0 70 % Kid Mohair &#8211; 30 % Shappe Silk &#8211; 25 g \/ 75 m<\/li>\n<\/ul>\n<\/li>\n<li>\u00a0Dimensions\n<ul>\n<li>Length 90 cm<\/li>\n<li>Width 58 cm<\/li>\n<li>Sleeve length 48 cm<\/li>\n<\/ul>\n<\/li>\n<li>Printed pattern instruction<\/li>\n<li>Optional Addi bamboo circular needle size 7 - 80 cm\n<div class=\"tws-article-description--text-container tws-article-description--show-full-description\">\n<div class=\"tws-article-description--text\">\n<p>&nbsp;<\/p>\n<p>&nbsp;<\/p>\n<\/div>\n<\/div>\n<\/li>\n<\/ul>\n<\/div>","protected":false},"excerpt":{"rendered":"<p data-start=\"129\" data-end=\"445\"><strong data-start=\"129\" data-end=\"169\">Toni - the long cardigan to wrap yourself in<\/strong><br data-start=\"169\" data-end=\"172\" \/>Toni \u00e4r en stor och rymlig kofta i lyxig mohairsilke \u2013 perfekt att krypa in i under kyliga dagar. Den stickas med tv\u00e5 olika tr\u00e5dar i sl\u00e4tstickning:\u00a0 tunnare Vivienne och den lite fylligare Eiffel fr\u00e5n italienska Sesia &#8211; Italian Yarns.\u00a0 F\u00f6r att f\u00e5 den vackra f\u00e4rgskiftning i koftan har vi valt ut snarlika kul\u00f6rer i de tv\u00e5 kvalit\u00e9erna.\u00a0 Du kan alltid skicka e-post ifall du vill komponera ihop en egen f\u00e4rgs\u00e4ttning.<\/p>\n<p data-start=\"447\" data-end=\"628\">Delarna stickas var f\u00f6r sig och sys ihop med smygstygn framifr\u00e5n. Framstycket \u00f6verg\u00e5r i en gener\u00f6s sjalkrage som ger plagget dess lediga uttryck. Du v\u00e4ljer sj\u00e4lv om du vill sticka koftan med eller utan fickor.<\/p>\n<p data-start=\"630\" data-end=\"697\">Simple and cosy knitting in a stylish design.<br data-start=\"680\" data-end=\"683\" \/><strong>Design: Knit4u<\/strong><\/p>","protected":false},"featured_media":4122,"template":"","meta":{"site-sidebar-layout":"default","site-content-layout":"","ast-site-content-layout":"default","site-content-style":"default","site-sidebar-style":"default","ast-global-header-display":"","ast-banner-title-visibility":"","ast-main-header-display":"","ast-hfb-above-header-display":"","ast-hfb-below-header-display":"","ast-hfb-mobile-header-display":"","site-post-title":"","ast-breadcrumbs-content":"","ast-featured-img":"","footer-sml-layout":"","ast-disable-related-posts":"","theme-transparent-header-meta":"default","adv-header-id-meta":"","stick-header-meta":"","header-above-stick-meta":"","header-main-stick-meta":"","header-below-stick-meta":"","astra-migrate-meta-layouts":"set","ast-page-background-enabled":"default","ast-page-background-meta":{"desktop":{"background-color":"var(--ast-global-color-4)","background-image":"","background-repeat":"repeat","background-position":"center center","background-size":"auto","background-attachment":"scroll","background-type":"","background-media":"","overlay-type":"","overlay-color":"","overlay-opacity":"","overlay-gradient":""},"tablet":{"background-color":"","background-image":"","background-repeat":"repeat","background-position":"center center","background-size":"auto","background-attachment":"scroll","background-type":"","background-media":"","overlay-type":"","overlay-color":"","overlay-opacity":"","overlay-gradient":""},"mobile":{"background-color":"","background-image":"","background-repeat":"repeat","background-position":"center center","background-size":"auto","background-attachment":"scroll","background-type":"","background-media":"","overlay-type":"","overlay-color":"","overlay-opacity":"","overlay-gradient":""}},"ast-content-background-meta":{"desktop":{"background-color":"var(--ast-global-color-5)","background-image":"","background-repeat":"repeat","background-position":"center center","background-size":"auto","background-attachment":"scroll","background-type":"","background-media":"","overlay-type":"","overlay-color":"","overlay-opacity":"","overlay-gradient":""},"tablet":{"background-color":"var(--ast-global-color-5)","background-image":"","background-repeat":"repeat","background-position":"center center","background-size":"auto","background-attachment":"scroll","background-type":"","background-media":"","overlay-type":"","overlay-color":"","overlay-opacity":"","overlay-gradient":""},"mobile":{"background-color":"var(--ast-global-color-5)","background-image":"","background-repeat":"repeat","background-position":"center center","background-size":"auto","background-attachment":"scroll","background-type":"","background-media":"","overlay-type":"","overlay-color":"","overlay-opacity":"","overlay-gradient":""}}},"product_brand":[],"product_cat":[28,56],"product_tag":[371,136,53,234,355,375],"class_list":{"0":"post-5540","1":"product","2":"type-product","3":"status-publish","4":"has-post-thumbnail","6":"product_cat-kofta","7":"product_cat-stickpaket","8":"product_tag-eiffel","9":"product_tag-enkel-stickning","10":"product_tag-knit4u","11":"product_tag-mohairsilke","12":"product_tag-sesia","13":"product_tag-vivienne","14":"desktop-align-left","15":"tablet-align-left","16":"mobile-align-left","18":"first","19":"instock","20":"taxable","21":"shipping-taxable","22":"purchasable","23":"product-type-variable","24":"has-default-attributes"},"_links":{"self":[{"href":"https:\/\/knit4u.se\/en\/wp-json\/wp\/v2\/product\/5540","targetHints":{"allow":["GET"]}}],"collection":[{"href":"https:\/\/knit4u.se\/en\/wp-json\/wp\/v2\/product"}],"about":[{"href":"https:\/\/knit4u.se\/en\/wp-json\/wp\/v2\/types\/product"}],"version-history":[{"count":14,"href":"https:\/\/knit4u.se\/en\/wp-json\/wp\/v2\/product\/5540\/revisions"}],"predecessor-version":[{"id":6173,"href":"https:\/\/knit4u.se\/en\/wp-json\/wp\/v2\/product\/5540\/revisions\/6173"}],"wp:featuredmedia":[{"embeddable":true,"href":"https:\/\/knit4u.se\/en\/wp-json\/wp\/v2\/media\/4122"}],"wp:attachment":[{"href":"https:\/\/knit4u.se\/en\/wp-json\/wp\/v2\/media?parent=5540"}],"wp:term":[{"taxonomy":"product_brand","embeddable":true,"href":"https:\/\/knit4u.se\/en\/wp-json\/wp\/v2\/product_brand?post=5540"},{"taxonomy":"product_cat","embeddable":true,"href":"https:\/\/knit4u.se\/en\/wp-json\/wp\/v2\/product_cat?post=5540"},{"taxonomy":"product_tag","embeddable":true,"href":"https:\/\/knit4u.se\/en\/wp-json\/wp\/v2\/product_tag?post=5540"}],"curies":[{"name":"wp","href":"https:\/\/api.w.org\/{rel}","templated":true}]}}