{"id":6011,"date":"2024-10-20T20:49:26","date_gmt":"2024-10-20T19:49:26","guid":{"rendered":"https:\/\/www.knitforyou.se\/?post_type=product&#038;p=6011"},"modified":"2026-02-24T12:23:48","modified_gmt":"2026-02-24T11:23:48","slug":"roma-kofta-monster-garn-2","status":"publish","type":"product","link":"https:\/\/knit4u.se\/en\/product\/roma-kofta-monster-garn-2\/","title":{"rendered":"ROMA Jacka &#8211; Ull Mohair Silke Glitter &#8211; Stickpaket"},"content":{"rendered":"<div class=\"tws-article-description--text-container\">\n<ul>\n<li>Size\n<ul>\n<li>S\/M ( L\/XL )<\/li>\n<\/ul>\n<\/li>\n<li>Yarn\n<ul>\n<li>4 ( 4.5 ) hg Milledue &#8211; Sesia &#8211; Italian Yarns<\/li>\n<li>1.5 ( 1.75 ) hg Eiffel &#8211; Sesia &#8211; Italin Yarns<\/li>\n<li>0.25 hg Astra &#8211;\u00a0 LangYarns<\/li>\n<\/ul>\n<\/li>\n<li>Quality\n<ul>\n<li>M &#8211; 59 % Mohair &#8211; 41 % Merino Wool &#8211; 50 g \/ 60 m<\/li>\n<li>E &#8211; 70 % Kid Mohair &#8211; 30 % Mulberry silk &#8211; 25 g \/\u00a0 75 m<\/li>\n<li>A &#8211; 60 % Polyester &#8211; 40 % Polyamid &#8211; 25 g \/ 550 m<\/li>\n<\/ul>\n<\/li>\n<li>\u00a0Dimensions\n<ul>\n<li>L\u00e4ngd 48 ( 53 ) cm m\u00e4tt fr\u00e5n axel<\/li>\n<li>Bredd 60 ( 68 ) cm<\/li>\n<li>\u00c4rm 36 ( 38 ) cm m\u00e4tt fr\u00e5n \u00e4rmh\u00e5l<\/li>\n<\/ul>\n<\/li>\n<li>Printed pattern instruction<\/li>\n<li>Optional circular knitting needles Addi bamboo no. 12 - 80 cm + metal no. 12 - 40 cm<\/li>\n<li>Buttons not included, you need 2 buttons, 32 mm in diameter<\/li>\n<\/ul>\n<\/div>","protected":false},"excerpt":{"rendered":"<p class=\"\" data-start=\"85\" data-end=\"128\"><strong data-start=\"85\" data-end=\"128\">Roma Jacket - Warm, Light and Luxuriously Soft<\/strong><\/p>\n<p class=\"\" data-start=\"130\" data-end=\"432\">Roma, den perfekta jackan f\u00f6r kyliga dagar \u2013 en tidl\u00f6s favorit med rakt snitt, vida \u00e4rmar och vacker struktur. Den nedvikta kanten runt halsringningen ger b\u00e5de stil och stadga, och de subtila glitterdetaljerna i mosstickningen vid \u00e4rmslut, nederkant och knappsl\u00e5 ger en elegant touch.<\/p>\n<p class=\"\" data-start=\"434\" data-end=\"668\">Stickad uppifr\u00e5n och ner i\u00a0 det mjuka och fylliga Milledue (mohair\/ull) och det silkigt glansiga Eiffel (mohairsilke) \u2013 b\u00e4gge fr\u00e5n italienska Sesia &#8211; Italien Yarns. Den \u00e4r varm utan att k\u00e4nnas tung och otroligt mjuk mot huden. Glittertr\u00e5den l\u00e4ggs till i mosstickningen. Ingen montering, d\u00e5 jackan stickas i ett stycke.<\/p>\n<p class=\"\" data-start=\"434\" data-end=\"668\">Du beh\u00f6ver bara tv\u00e5 knappar \u2013 varf\u00f6r inte hitta dina p\u00e5 loppis som vi gjorde?<\/p>\n<p data-start=\"434\" data-end=\"668\">Enkel stickning.<\/p>\n<p class=\"\" data-start=\"841\" data-end=\"859\"><strong>Design: Knit4u<\/strong><\/p>\n<p class=\"\" data-start=\"861\" data-end=\"985\">","protected":false},"featured_media":6737,"template":"","meta":{"site-sidebar-layout":"default","site-content-layout":"","ast-site-content-layout":"default","site-content-style":"default","site-sidebar-style":"default","ast-global-header-display":"","ast-banner-title-visibility":"","ast-main-header-display":"","ast-hfb-above-header-display":"","ast-hfb-below-header-display":"","ast-hfb-mobile-header-display":"","site-post-title":"","ast-breadcrumbs-content":"","ast-featured-img":"","footer-sml-layout":"","ast-disable-related-posts":"","theme-transparent-header-meta":"default","adv-header-id-meta":"","stick-header-meta":"","header-above-stick-meta":"","header-main-stick-meta":"","header-below-stick-meta":"","astra-migrate-meta-layouts":"set","ast-page-background-enabled":"default","ast-page-background-meta":{"desktop":{"background-color":"var(--ast-global-color-4)","background-image":"","background-repeat":"repeat","background-position":"center center","background-size":"auto","background-attachment":"scroll","background-type":"","background-media":"","overlay-type":"","overlay-color":"","overlay-opacity":"","overlay-gradient":""},"tablet":{"background-color":"","background-image":"","background-repeat":"repeat","background-position":"center center","background-size":"auto","background-attachment":"scroll","background-type":"","background-media":"","overlay-type":"","overlay-color":"","overlay-opacity":"","overlay-gradient":""},"mobile":{"background-color":"","background-image":"","background-repeat":"repeat","background-position":"center center","background-size":"auto","background-attachment":"scroll","background-type":"","background-media":"","overlay-type":"","overlay-color":"","overlay-opacity":"","overlay-gradient":""}},"ast-content-background-meta":{"desktop":{"background-color":"var(--ast-global-color-5)","background-image":"","background-repeat":"repeat","background-position":"center center","background-size":"auto","background-attachment":"scroll","background-type":"","background-media":"","overlay-type":"","overlay-color":"","overlay-opacity":"","overlay-gradient":""},"tablet":{"background-color":"var(--ast-global-color-5)","background-image":"","background-repeat":"repeat","background-position":"center center","background-size":"auto","background-attachment":"scroll","background-type":"","background-media":"","overlay-type":"","overlay-color":"","overlay-opacity":"","overlay-gradient":""},"mobile":{"background-color":"var(--ast-global-color-5)","background-image":"","background-repeat":"repeat","background-position":"center center","background-size":"auto","background-attachment":"scroll","background-type":"","background-media":"","overlay-type":"","overlay-color":"","overlay-opacity":"","overlay-gradient":""}}},"product_brand":[],"product_cat":[28,56],"product_tag":[371,60,53,377,354,382,234,355],"class_list":{"0":"post-6011","1":"product","2":"type-product","3":"status-publish","4":"has-post-thumbnail","6":"product_cat-kofta","7":"product_cat-stickpaket","8":"product_tag-eiffel","9":"product_tag-glitter","10":"product_tag-knit4u","11":"product_tag-langyarn","12":"product_tag-milledue","13":"product_tag-mohair-merino","14":"product_tag-mohairsilke","15":"product_tag-sesia","16":"desktop-align-left","17":"tablet-align-left","18":"mobile-align-left","20":"first","21":"instock","22":"taxable","23":"shipping-taxable","24":"purchasable","25":"product-type-variable","26":"has-default-attributes"},"_links":{"self":[{"href":"https:\/\/knit4u.se\/en\/wp-json\/wp\/v2\/product\/6011","targetHints":{"allow":["GET"]}}],"collection":[{"href":"https:\/\/knit4u.se\/en\/wp-json\/wp\/v2\/product"}],"about":[{"href":"https:\/\/knit4u.se\/en\/wp-json\/wp\/v2\/types\/product"}],"version-history":[{"count":22,"href":"https:\/\/knit4u.se\/en\/wp-json\/wp\/v2\/product\/6011\/revisions"}],"predecessor-version":[{"id":9374,"href":"https:\/\/knit4u.se\/en\/wp-json\/wp\/v2\/product\/6011\/revisions\/9374"}],"wp:featuredmedia":[{"embeddable":true,"href":"https:\/\/knit4u.se\/en\/wp-json\/wp\/v2\/media\/6737"}],"wp:attachment":[{"href":"https:\/\/knit4u.se\/en\/wp-json\/wp\/v2\/media?parent=6011"}],"wp:term":[{"taxonomy":"product_brand","embeddable":true,"href":"https:\/\/knit4u.se\/en\/wp-json\/wp\/v2\/product_brand?post=6011"},{"taxonomy":"product_cat","embeddable":true,"href":"https:\/\/knit4u.se\/en\/wp-json\/wp\/v2\/product_cat?post=6011"},{"taxonomy":"product_tag","embeddable":true,"href":"https:\/\/knit4u.se\/en\/wp-json\/wp\/v2\/product_tag?post=6011"}],"curies":[{"name":"wp","href":"https:\/\/api.w.org\/{rel}","templated":true}]}}