{"id":6063,"date":"2025-08-05T11:47:28","date_gmt":"2025-08-05T10:47:28","guid":{"rendered":"https:\/\/www.knitforyou.se\/?post_type=product&#038;p=6063"},"modified":"2026-02-08T17:50:49","modified_gmt":"2026-02-08T16:50:49","slug":"lisa-mossa-merino-silke-mohair-stickpaket","status":"publish","type":"product","link":"https:\/\/knit4u.se\/en\/product\/lisa-mossa-merino-silke-mohair-stickpaket\/","title":{"rendered":"LISA M\u00f6ssa &#8211; Merino Silke Mohair- Stickpaket"},"content":{"rendered":"<div class=\"tws-article-description--text-container\">\n<ul>\n<li>Size\n<ul>\n<li>S\/M ( M\/L )<\/li>\n<\/ul>\n<\/li>\n<li>Yarn\n<ul>\n<li>0,5 hg SAFFIRA &#8211; Pascuali<\/li>\n<li>0,25 hg VIEN &#8211; Knit4u<\/li>\n<\/ul>\n<\/li>\n<li>Quality\n<ul>\n<li>Saffira\u00a0 &#8211; 75 % Organic Merino &amp; 25 % Mulberry Silk &#8211; 50 g \/ 200 m<\/li>\n<li>\u00a0Vien &#8211; 70 % KidMohair &amp; 25 % Silk &#8211; 25 g \/ 210 m<\/li>\n<\/ul>\n<\/li>\n<li>\u00a0Dimensions\n<ul>\n<li>Height 30 (30) cm<\/li>\n<li>Width 20 (21) cm, the cap lies flat<\/li>\n<\/ul>\n<\/li>\n<li>Printed pattern instruction<\/li>\n<li>Optional Addi bamboo circular needle size 3.5 - 40 cm + double pointed needles size 3.5\n<div class=\"tws-article-description--text-container tws-article-description--show-full-description\">\n<div class=\"tws-article-description--text\"><\/div>\n<\/div>\n<\/li>\n<\/ul>\n<\/div>","protected":false},"excerpt":{"rendered":"<p data-start=\"88\" data-end=\"377\"><strong data-start=\"88\" data-end=\"138\">Lisa - elegant hat in a silky soft wool blend<\/strong><br data-start=\"138\" data-end=\"141\" \/>Lisa \u00e4r en stilren och mjuk m\u00f6ssa som stickas med tv\u00e5 tr\u00e5dar \u2013 den lena SAFFIRA (merino\/silke) och fluffiga VIEN (mohair\/silke). Tillsammans skapar de en lyxig och l\u00e4tt k\u00e4nsla som b\u00e5de v\u00e4rmer och k\u00e4nns fj\u00e4derl\u00e4tt p\u00e5 huvudet. B\u00e5da vuxna och barn gillar m\u00f6ssan, mjuk och smidig att b\u00e4ra.<\/p>\n<p data-start=\"379\" data-end=\"495\">M\u00f6ssan stickas i sl\u00e4tstickning p\u00e5 rundsticka, med en s\u00f6t liten rullkant l\u00e4ngst ner som ger en fin, enkel avslutning. Upptill bildas ett m\u00f6nster d\u00e4r maskorna stickas ihop. Enkel stickning. Kul\u00f6ren grafit sluts\u00e5ld.<\/p>\n<p data-start=\"595\" data-end=\"613\"><strong data-start=\"595\" data-end=\"613\">Design: Knit4u<\/strong><\/p>","protected":false},"featured_media":8278,"template":"","meta":{"site-sidebar-layout":"default","site-content-layout":"","ast-site-content-layout":"default","site-content-style":"default","site-sidebar-style":"default","ast-global-header-display":"","ast-banner-title-visibility":"","ast-main-header-display":"","ast-hfb-above-header-display":"","ast-hfb-below-header-display":"","ast-hfb-mobile-header-display":"","site-post-title":"","ast-breadcrumbs-content":"","ast-featured-img":"","footer-sml-layout":"","ast-disable-related-posts":"","theme-transparent-header-meta":"default","adv-header-id-meta":"","stick-header-meta":"","header-above-stick-meta":"","header-main-stick-meta":"","header-below-stick-meta":"","astra-migrate-meta-layouts":"set","ast-page-background-enabled":"default","ast-page-background-meta":{"desktop":{"background-color":"var(--ast-global-color-4)","background-image":"","background-repeat":"repeat","background-position":"center center","background-size":"auto","background-attachment":"scroll","background-type":"","background-media":"","overlay-type":"","overlay-color":"","overlay-opacity":"","overlay-gradient":""},"tablet":{"background-color":"","background-image":"","background-repeat":"repeat","background-position":"center center","background-size":"auto","background-attachment":"scroll","background-type":"","background-media":"","overlay-type":"","overlay-color":"","overlay-opacity":"","overlay-gradient":""},"mobile":{"background-color":"","background-image":"","background-repeat":"repeat","background-position":"center center","background-size":"auto","background-attachment":"scroll","background-type":"","background-media":"","overlay-type":"","overlay-color":"","overlay-opacity":"","overlay-gradient":""}},"ast-content-background-meta":{"desktop":{"background-color":"var(--ast-global-color-5)","background-image":"","background-repeat":"repeat","background-position":"center center","background-size":"auto","background-attachment":"scroll","background-type":"","background-media":"","overlay-type":"","overlay-color":"","overlay-opacity":"","overlay-gradient":""},"tablet":{"background-color":"var(--ast-global-color-5)","background-image":"","background-repeat":"repeat","background-position":"center center","background-size":"auto","background-attachment":"scroll","background-type":"","background-media":"","overlay-type":"","overlay-color":"","overlay-opacity":"","overlay-gradient":""},"mobile":{"background-color":"var(--ast-global-color-5)","background-image":"","background-repeat":"repeat","background-position":"center center","background-size":"auto","background-attachment":"scroll","background-type":"","background-media":"","overlay-type":"","overlay-color":"","overlay-opacity":"","overlay-gradient":""}}},"product_brand":[],"product_cat":[46,56],"product_tag":[136,53,192,50,315,284],"class_list":{"0":"post-6063","1":"product","2":"type-product","3":"status-publish","4":"has-post-thumbnail","6":"product_cat-accessoarer","7":"product_cat-stickpaket","8":"product_tag-enkel-stickning","9":"product_tag-knit4u","10":"product_tag-merino-silke","11":"product_tag-mohair","12":"product_tag-saffira","13":"product_tag-vien","14":"desktop-align-left","15":"tablet-align-left","16":"mobile-align-left","18":"first","19":"instock","20":"taxable","21":"shipping-taxable","22":"purchasable","23":"product-type-variable","24":"has-default-attributes"},"_links":{"self":[{"href":"https:\/\/knit4u.se\/en\/wp-json\/wp\/v2\/product\/6063","targetHints":{"allow":["GET"]}}],"collection":[{"href":"https:\/\/knit4u.se\/en\/wp-json\/wp\/v2\/product"}],"about":[{"href":"https:\/\/knit4u.se\/en\/wp-json\/wp\/v2\/types\/product"}],"version-history":[{"count":14,"href":"https:\/\/knit4u.se\/en\/wp-json\/wp\/v2\/product\/6063\/revisions"}],"predecessor-version":[{"id":9332,"href":"https:\/\/knit4u.se\/en\/wp-json\/wp\/v2\/product\/6063\/revisions\/9332"}],"wp:featuredmedia":[{"embeddable":true,"href":"https:\/\/knit4u.se\/en\/wp-json\/wp\/v2\/media\/8278"}],"wp:attachment":[{"href":"https:\/\/knit4u.se\/en\/wp-json\/wp\/v2\/media?parent=6063"}],"wp:term":[{"taxonomy":"product_brand","embeddable":true,"href":"https:\/\/knit4u.se\/en\/wp-json\/wp\/v2\/product_brand?post=6063"},{"taxonomy":"product_cat","embeddable":true,"href":"https:\/\/knit4u.se\/en\/wp-json\/wp\/v2\/product_cat?post=6063"},{"taxonomy":"product_tag","embeddable":true,"href":"https:\/\/knit4u.se\/en\/wp-json\/wp\/v2\/product_tag?post=6063"}],"curies":[{"name":"wp","href":"https:\/\/api.w.org\/{rel}","templated":true}]}}