{"id":6446,"date":"2024-01-09T12:38:50","date_gmt":"2024-01-09T11:38:50","guid":{"rendered":"https:\/\/knit4u.se\/?post_type=product&#038;p=6446"},"modified":"2026-01-27T19:47:54","modified_gmt":"2026-01-27T18:47:54","slug":"flinga-mossa-monster-garn-kopia","status":"publish","type":"product","link":"https:\/\/knit4u.se\/en\/product\/flinga-mossa-monster-garn-kopia\/","title":{"rendered":"FLINGA M\u00f6ssa &#8211; Mohair, Ull, Silke &#8211; Stickpaket"},"content":{"rendered":"<div class=\"tws-article-description--text-container\">\n<ul>\n<li>One size\n<ul>\n<li>1 hg Milledue &#8211; Sesia<\/li>\n<li>0,5 hg Eiffel &#8211; Sesia<\/li>\n<\/ul>\n<\/li>\n<li>Quality\n<ul>\n<li>59 % Mohair,\u00a0 41 % Organic Wool<\/li>\n<li>70 % Kid Mohair, 30 % Silke<\/li>\n<\/ul>\n<\/li>\n<li>Dimensions\n<ul>\n<li>H\u00f6jd 28 cm + 9 cm uppvikt kant<\/li>\n<\/ul>\n<\/li>\n<li>Printed pattern instruction<\/li>\n<li>Tillval rundsticka Addi bambu nr 8\u00a0 &#8211; 40\u00a0 cm +\u00a0 strumpstickor nr 8<\/li>\n<\/ul>\n<\/div>","protected":false},"excerpt":{"rendered":"<p>Otroligt mjuk och fluffig m\u00f6ssa, ett m\u00e5ste i vinter. 1 x 1 ribb stickas i en fin\u00a0 blandning av NOVA, v\u00e5rt nya\u00a0 mohaire garn och EIFE, v\u00e5rt n\u00e5got tjockare mohairesilke garn. Stickas med en tr\u00e5d av varje kvalit\u00e9.\u00a0 \u00a0Design Knit4u. Enkel stickning.<\/p>","protected":false},"featured_media":6500,"template":"","meta":{"site-sidebar-layout":"default","site-content-layout":"","ast-site-content-layout":"default","site-content-style":"default","site-sidebar-style":"default","ast-global-header-display":"","ast-banner-title-visibility":"","ast-main-header-display":"","ast-hfb-above-header-display":"","ast-hfb-below-header-display":"","ast-hfb-mobile-header-display":"","site-post-title":"","ast-breadcrumbs-content":"","ast-featured-img":"","footer-sml-layout":"","ast-disable-related-posts":"","theme-transparent-header-meta":"default","adv-header-id-meta":"","stick-header-meta":"","header-above-stick-meta":"","header-main-stick-meta":"","header-below-stick-meta":"","astra-migrate-meta-layouts":"set","ast-page-background-enabled":"default","ast-page-background-meta":{"desktop":{"background-color":"var(--ast-global-color-4)","background-image":"","background-repeat":"repeat","background-position":"center center","background-size":"auto","background-attachment":"scroll","background-type":"","background-media":"","overlay-type":"","overlay-color":"","overlay-opacity":"","overlay-gradient":""},"tablet":{"background-color":"","background-image":"","background-repeat":"repeat","background-position":"center center","background-size":"auto","background-attachment":"scroll","background-type":"","background-media":"","overlay-type":"","overlay-color":"","overlay-opacity":"","overlay-gradient":""},"mobile":{"background-color":"","background-image":"","background-repeat":"repeat","background-position":"center center","background-size":"auto","background-attachment":"scroll","background-type":"","background-media":"","overlay-type":"","overlay-color":"","overlay-opacity":"","overlay-gradient":""}},"ast-content-background-meta":{"desktop":{"background-color":"var(--ast-global-color-5)","background-image":"","background-repeat":"repeat","background-position":"center center","background-size":"auto","background-attachment":"scroll","background-type":"","background-media":"","overlay-type":"","overlay-color":"","overlay-opacity":"","overlay-gradient":""},"tablet":{"background-color":"var(--ast-global-color-5)","background-image":"","background-repeat":"repeat","background-position":"center center","background-size":"auto","background-attachment":"scroll","background-type":"","background-media":"","overlay-type":"","overlay-color":"","overlay-opacity":"","overlay-gradient":""},"mobile":{"background-color":"var(--ast-global-color-5)","background-image":"","background-repeat":"repeat","background-position":"center center","background-size":"auto","background-attachment":"scroll","background-type":"","background-media":"","overlay-type":"","overlay-color":"","overlay-opacity":"","overlay-gradient":""}}},"product_brand":[],"product_cat":[46,56],"product_tag":[53,234],"class_list":{"0":"post-6446","1":"product","2":"type-product","3":"status-publish","4":"has-post-thumbnail","6":"product_cat-accessoarer","7":"product_cat-stickpaket","8":"product_tag-knit4u","9":"product_tag-mohairsilke","10":"desktop-align-left","11":"tablet-align-left","12":"mobile-align-left","14":"first","15":"instock","16":"taxable","17":"shipping-taxable","18":"purchasable","19":"product-type-variable","20":"has-default-attributes"},"_links":{"self":[{"href":"https:\/\/knit4u.se\/en\/wp-json\/wp\/v2\/product\/6446","targetHints":{"allow":["GET"]}}],"collection":[{"href":"https:\/\/knit4u.se\/en\/wp-json\/wp\/v2\/product"}],"about":[{"href":"https:\/\/knit4u.se\/en\/wp-json\/wp\/v2\/types\/product"}],"version-history":[{"count":7,"href":"https:\/\/knit4u.se\/en\/wp-json\/wp\/v2\/product\/6446\/revisions"}],"predecessor-version":[{"id":9216,"href":"https:\/\/knit4u.se\/en\/wp-json\/wp\/v2\/product\/6446\/revisions\/9216"}],"wp:featuredmedia":[{"embeddable":true,"href":"https:\/\/knit4u.se\/en\/wp-json\/wp\/v2\/media\/6500"}],"wp:attachment":[{"href":"https:\/\/knit4u.se\/en\/wp-json\/wp\/v2\/media?parent=6446"}],"wp:term":[{"taxonomy":"product_brand","embeddable":true,"href":"https:\/\/knit4u.se\/en\/wp-json\/wp\/v2\/product_brand?post=6446"},{"taxonomy":"product_cat","embeddable":true,"href":"https:\/\/knit4u.se\/en\/wp-json\/wp\/v2\/product_cat?post=6446"},{"taxonomy":"product_tag","embeddable":true,"href":"https:\/\/knit4u.se\/en\/wp-json\/wp\/v2\/product_tag?post=6446"}],"curies":[{"name":"wp","href":"https:\/\/api.w.org\/{rel}","templated":true}]}}