{"id":7640,"date":"2025-06-03T21:30:15","date_gmt":"2025-06-03T20:30:15","guid":{"rendered":"https:\/\/knit4u.se\/?post_type=product&#038;p=7640"},"modified":"2026-02-23T23:08:34","modified_gmt":"2026-02-23T22:08:34","slug":"ilze-troja-cashmere-stickpaket","status":"publish","type":"product","link":"https:\/\/knit4u.se\/en\/product\/ilze-troja-cashmere-stickpaket\/","title":{"rendered":"ILZE Tr\u00f6ja &#8211; Cashmere &#8211; Stickpaket"},"content":{"rendered":"<ul>\n<li style=\"font-size: 16px;\">Size\n<ul>\n<li style=\"font-size: 16px;\">S\/M ( M\/L )<\/li>\n<\/ul>\n<\/li>\n<li style=\"font-size: 16px;\">Yarn\n<ul>\n<li>2\u00a0 ( 2.5 ) hg Classic &#8211; Cardiff<\/li>\n<\/ul>\n<\/li>\n<li>Quality\n<ul>\n<li>100 % Cashmere &#8211; 25 g \/ 112 m<\/li>\n<\/ul>\n<\/li>\n<li>Dimensions\n<ul>\n<li>\n<p class=\"p1\">Length 54 ( 58 ) cm<\/p>\n<\/li>\n<li>\n<p class=\"p1\">Width 52 ( 56 ) cm<\/p>\n<\/li>\n<\/ul>\n<\/li>\n<li>Printed pattern instruction<\/li>\n<li>Optional circular knitting needles Addi bamboo no 4.5 - 40 cm + 80 cm<\/li>\n<\/ul>","protected":false},"excerpt":{"rendered":"<p data-start=\"182\" data-end=\"468\"><strong data-start=\"182\" data-end=\"230\">ILZE tr\u00f6ja \u2013 mjuk lyx i finaste cashmere fr\u00e5n italienska Cardiff<\/strong><br data-start=\"230\" data-end=\"233\" \/>ILZE \u00e4r en l\u00e4tt, f\u00f6ljsam tr\u00f6ja med ledig passform \u2013 stickad i det exklusiva garnet Classic fr\u00e5n italienska Cardiff. Ett garn som \u00e4r en ren fr\u00f6jd att sticka med och tr\u00f6jan blir b\u00e5de elegant och otroligt sk\u00f6nt att b\u00e4ra.<\/p>\n<p data-start=\"470\" data-end=\"702\">Tr\u00f6jan stickas uppifr\u00e5n och ner med raglan\u00e4rm, p\u00e5 rundsticka 4,5 mm. Dekorativa rullkanter ramar in halsringning, \u00e4rmslut och nederkant och en rand av aviga maskor ger en diskret detalj i sidorna och l\u00e4ngs \u00e4rmens undersida.<\/p>\n<p data-start=\"704\" data-end=\"854\">Samma sk\u00f6na passform som v\u00e5r popul\u00e4ra Thora-tr\u00f6ja och lika anv\u00e4ndbar \u00e5ret runt.<br data-start=\"789\" data-end=\"792\" \/>Simple and fun knitting that lets the yarn speak for itself.<\/p>\n<p data-start=\"856\" data-end=\"1032\">Classic fr\u00e5n italienska Cardiff \u2013 det sj\u00e4lvklara valet f\u00f6r dig som vill sticka i ren, \u00e4kta cashmere.<br data-start=\"952\" data-end=\"955\" \/>Soft, warm and timelessly luxurious, this is hand knitting yarn at its very best.<\/p>\n<p>I ett stickpaket ing\u00e5r r\u00e4tt m\u00e4ngd garn samt ett m\u00f6nster som \u00e4r l\u00e4tt att f\u00f6lja. Har du inte redan stickor, kan du v\u00e4lja till stickor till ditt stickpaket.<\/p>\n<p class=\"\" data-start=\"809\" data-end=\"1080\"><strong>Design: Knit4u<\/strong><\/p>","protected":false},"featured_media":7864,"template":"","meta":{"site-sidebar-layout":"default","site-content-layout":"","ast-site-content-layout":"default","site-content-style":"default","site-sidebar-style":"default","ast-global-header-display":"","ast-banner-title-visibility":"","ast-main-header-display":"","ast-hfb-above-header-display":"","ast-hfb-below-header-display":"","ast-hfb-mobile-header-display":"","site-post-title":"","ast-breadcrumbs-content":"","ast-featured-img":"","footer-sml-layout":"","ast-disable-related-posts":"","theme-transparent-header-meta":"default","adv-header-id-meta":"","stick-header-meta":"","header-above-stick-meta":"","header-main-stick-meta":"","header-below-stick-meta":"","astra-migrate-meta-layouts":"set","ast-page-background-enabled":"default","ast-page-background-meta":{"desktop":{"background-color":"var(--ast-global-color-4)","background-image":"","background-repeat":"repeat","background-position":"center center","background-size":"auto","background-attachment":"scroll","background-type":"","background-media":"","overlay-type":"","overlay-color":"","overlay-opacity":"","overlay-gradient":""},"tablet":{"background-color":"","background-image":"","background-repeat":"repeat","background-position":"center center","background-size":"auto","background-attachment":"scroll","background-type":"","background-media":"","overlay-type":"","overlay-color":"","overlay-opacity":"","overlay-gradient":""},"mobile":{"background-color":"","background-image":"","background-repeat":"repeat","background-position":"center center","background-size":"auto","background-attachment":"scroll","background-type":"","background-media":"","overlay-type":"","overlay-color":"","overlay-opacity":"","overlay-gradient":""}},"ast-content-background-meta":{"desktop":{"background-color":"var(--ast-global-color-5)","background-image":"","background-repeat":"repeat","background-position":"center center","background-size":"auto","background-attachment":"scroll","background-type":"","background-media":"","overlay-type":"","overlay-color":"","overlay-opacity":"","overlay-gradient":""},"tablet":{"background-color":"var(--ast-global-color-5)","background-image":"","background-repeat":"repeat","background-position":"center center","background-size":"auto","background-attachment":"scroll","background-type":"","background-media":"","overlay-type":"","overlay-color":"","overlay-opacity":"","overlay-gradient":""},"mobile":{"background-color":"var(--ast-global-color-5)","background-image":"","background-repeat":"repeat","background-position":"center center","background-size":"auto","background-attachment":"scroll","background-type":"","background-media":"","overlay-type":"","overlay-color":"","overlay-opacity":"","overlay-gradient":""}}},"product_brand":[],"product_cat":[56,27],"product_tag":[412,154,136,53],"class_list":{"0":"post-7640","1":"product","2":"type-product","3":"status-publish","4":"has-post-thumbnail","6":"product_cat-stickpaket","7":"product_cat-troja","8":"product_tag-cardiff-classic","9":"product_tag-cashmere","10":"product_tag-enkel-stickning","11":"product_tag-knit4u","12":"desktop-align-left","13":"tablet-align-left","14":"mobile-align-left","16":"first","17":"instock","18":"taxable","19":"shipping-taxable","20":"purchasable","21":"product-type-variable","22":"has-default-attributes"},"_links":{"self":[{"href":"https:\/\/knit4u.se\/en\/wp-json\/wp\/v2\/product\/7640","targetHints":{"allow":["GET"]}}],"collection":[{"href":"https:\/\/knit4u.se\/en\/wp-json\/wp\/v2\/product"}],"about":[{"href":"https:\/\/knit4u.se\/en\/wp-json\/wp\/v2\/types\/product"}],"version-history":[{"count":17,"href":"https:\/\/knit4u.se\/en\/wp-json\/wp\/v2\/product\/7640\/revisions"}],"predecessor-version":[{"id":9456,"href":"https:\/\/knit4u.se\/en\/wp-json\/wp\/v2\/product\/7640\/revisions\/9456"}],"wp:featuredmedia":[{"embeddable":true,"href":"https:\/\/knit4u.se\/en\/wp-json\/wp\/v2\/media\/7864"}],"wp:attachment":[{"href":"https:\/\/knit4u.se\/en\/wp-json\/wp\/v2\/media?parent=7640"}],"wp:term":[{"taxonomy":"product_brand","embeddable":true,"href":"https:\/\/knit4u.se\/en\/wp-json\/wp\/v2\/product_brand?post=7640"},{"taxonomy":"product_cat","embeddable":true,"href":"https:\/\/knit4u.se\/en\/wp-json\/wp\/v2\/product_cat?post=7640"},{"taxonomy":"product_tag","embeddable":true,"href":"https:\/\/knit4u.se\/en\/wp-json\/wp\/v2\/product_tag?post=7640"}],"curies":[{"name":"wp","href":"https:\/\/api.w.org\/{rel}","templated":true}]}}