{"id":7956,"date":"2023-06-17T13:43:44","date_gmt":"2023-06-17T12:43:44","guid":{"rendered":"https:\/\/knit4u.se\/?post_type=product&#038;p=7956"},"modified":"2025-10-06T12:09:05","modified_gmt":"2025-10-06T11:09:05","slug":"cashmere-ligth-langyarns","status":"publish","type":"product","link":"https:\/\/knit4u.se\/en\/product\/cashmere-ligth-langyarns\/","title":{"rendered":"Cashmere Ligth  -LangYarns"},"content":{"rendered":"<p>&nbsp;<\/p>\n<ul>\n<li>\u00a0Cashmere Light, LangYarns\n<ul>\n<li>25 g \/ 85 m<\/li>\n<\/ul>\n<\/li>\n<li>\u00a0Quality\n<ul>\n<li>88 % Cashmere, 12 % Polyamid<\/li>\n<\/ul>\n<\/li>\n<li>Modeller\n<ul>\n<li>Juvel &#8211; handledsv\u00e4rmare\n<div class=\"tws-article-description--text\"><\/div>\n<\/li>\n<li>Safir &#8211; m\u00f6ssa<\/li>\n<li>Rubin &#8211; halskrage<\/li>\n<\/ul>\n<\/li>\n<\/ul>\n<p>&nbsp;<\/p>","protected":false},"excerpt":{"rendered":"<p data-start=\"73\" data-end=\"120\"><strong data-start=\"73\" data-end=\"120\">Cashmere Light fr\u00e5n LangYarns\u2013 lyxigt mjuk och fj\u00e4derl\u00e4tt<\/strong><\/p>\n<p data-start=\"122\" data-end=\"381\">Ett exklusivt garn av finaste kashmir fr\u00e5n LangYarns\u2013 otroligt mjukt, l\u00e4tt och varmt. Tillverkat av den s\u00e4llsynta underullen fr\u00e5n kashmirgeten. Perfekt f\u00f6r lyxiga plagg som k\u00e4nns som en dr\u00f6m mot huden.<br data-start=\"309\" data-end=\"312\" \/>Ett m\u00e5ste f\u00f6r alla som \u00e4lskar att sticka med naturens finaste fibrer.<\/p>\n<p data-start=\"122\" data-end=\"381\">","protected":false},"featured_media":5701,"template":"","meta":{"site-sidebar-layout":"default","site-content-layout":"","ast-site-content-layout":"default","site-content-style":"default","site-sidebar-style":"default","ast-global-header-display":"","ast-banner-title-visibility":"","ast-main-header-display":"","ast-hfb-above-header-display":"","ast-hfb-below-header-display":"","ast-hfb-mobile-header-display":"","site-post-title":"","ast-breadcrumbs-content":"","ast-featured-img":"","footer-sml-layout":"","ast-disable-related-posts":"","theme-transparent-header-meta":"default","adv-header-id-meta":"","stick-header-meta":"","header-above-stick-meta":"","header-main-stick-meta":"","header-below-stick-meta":"","astra-migrate-meta-layouts":"set","ast-page-background-enabled":"default","ast-page-background-meta":{"desktop":{"background-color":"var(--ast-global-color-4)","background-image":"","background-repeat":"repeat","background-position":"center center","background-size":"auto","background-attachment":"scroll","background-type":"","background-media":"","overlay-type":"","overlay-color":"","overlay-opacity":"","overlay-gradient":""},"tablet":{"background-color":"","background-image":"","background-repeat":"repeat","background-position":"center center","background-size":"auto","background-attachment":"scroll","background-type":"","background-media":"","overlay-type":"","overlay-color":"","overlay-opacity":"","overlay-gradient":""},"mobile":{"background-color":"","background-image":"","background-repeat":"repeat","background-position":"center center","background-size":"auto","background-attachment":"scroll","background-type":"","background-media":"","overlay-type":"","overlay-color":"","overlay-opacity":"","overlay-gradient":""}},"ast-content-background-meta":{"desktop":{"background-color":"var(--ast-global-color-5)","background-image":"","background-repeat":"repeat","background-position":"center center","background-size":"auto","background-attachment":"scroll","background-type":"","background-media":"","overlay-type":"","overlay-color":"","overlay-opacity":"","overlay-gradient":""},"tablet":{"background-color":"var(--ast-global-color-5)","background-image":"","background-repeat":"repeat","background-position":"center center","background-size":"auto","background-attachment":"scroll","background-type":"","background-media":"","overlay-type":"","overlay-color":"","overlay-opacity":"","overlay-gradient":""},"mobile":{"background-color":"var(--ast-global-color-5)","background-image":"","background-repeat":"repeat","background-position":"center center","background-size":"auto","background-attachment":"scroll","background-type":"","background-media":"","overlay-type":"","overlay-color":"","overlay-opacity":"","overlay-gradient":""}}},"product_brand":[],"product_cat":[23],"product_tag":[333,53],"class_list":{"0":"post-7956","1":"product","2":"type-product","3":"status-publish","4":"has-post-thumbnail","6":"product_cat-garn","7":"product_tag-cashmere-light","8":"product_tag-knit4u","9":"desktop-align-left","10":"tablet-align-left","11":"mobile-align-left","13":"first","14":"instock","15":"taxable","16":"shipping-taxable","17":"purchasable","18":"product-type-variable"},"_links":{"self":[{"href":"https:\/\/knit4u.se\/en\/wp-json\/wp\/v2\/product\/7956","targetHints":{"allow":["GET"]}}],"collection":[{"href":"https:\/\/knit4u.se\/en\/wp-json\/wp\/v2\/product"}],"about":[{"href":"https:\/\/knit4u.se\/en\/wp-json\/wp\/v2\/types\/product"}],"version-history":[{"count":7,"href":"https:\/\/knit4u.se\/en\/wp-json\/wp\/v2\/product\/7956\/revisions"}],"predecessor-version":[{"id":8527,"href":"https:\/\/knit4u.se\/en\/wp-json\/wp\/v2\/product\/7956\/revisions\/8527"}],"wp:featuredmedia":[{"embeddable":true,"href":"https:\/\/knit4u.se\/en\/wp-json\/wp\/v2\/media\/5701"}],"wp:attachment":[{"href":"https:\/\/knit4u.se\/en\/wp-json\/wp\/v2\/media?parent=7956"}],"wp:term":[{"taxonomy":"product_brand","embeddable":true,"href":"https:\/\/knit4u.se\/en\/wp-json\/wp\/v2\/product_brand?post=7956"},{"taxonomy":"product_cat","embeddable":true,"href":"https:\/\/knit4u.se\/en\/wp-json\/wp\/v2\/product_cat?post=7956"},{"taxonomy":"product_tag","embeddable":true,"href":"https:\/\/knit4u.se\/en\/wp-json\/wp\/v2\/product_tag?post=7956"}],"curies":[{"name":"wp","href":"https:\/\/api.w.org\/{rel}","templated":true}]}}