{"id":8158,"date":"2025-08-11T17:32:21","date_gmt":"2025-08-11T16:32:21","guid":{"rendered":"https:\/\/knit4u.se\/?post_type=product&#038;p=8158"},"modified":"2026-01-22T15:34:57","modified_gmt":"2026-01-22T14:34:57","slug":"vivienne-mohairsilke-knit4u","status":"publish","type":"product","link":"https:\/\/knit4u.se\/en\/product\/vivienne-mohairsilke-knit4u\/","title":{"rendered":"Vivienne &#8211; Mohairsilke fr\u00e5n italienska Sesia"},"content":{"rendered":"<p>&nbsp;<\/p>\n<ul>\n<li>\u00a0VIVIENNE\u00a0 &#8211; Mohairsilke &#8211; Sesia\n<ul>\n<li>25 g \/ 210 m<\/li>\n<\/ul>\n<\/li>\n<li>\u00a0Quality\n<ul>\n<li>70 % Super Kid Mohair &amp; 30 % Mulberry\u00a0 Silk<\/li>\n<\/ul>\n<\/li>\n<li>Stickor\n<ul>\n<li>nr 2.5\u00a0 &#8211; nr 3.5<\/li>\n<\/ul>\n<\/li>\n<li>\u00a0Stickfasthet\n<ul>\n<li>21 maskor x 32 rader = 10 x 10 cm<\/li>\n<\/ul>\n<\/li>\n<li>\u00a0Modeller\n<ul>\n<li>Asta &#8211; slipover<\/li>\n<li>Estelle &#8211; topp<\/li>\n<li>Jenny &#8211; topp<\/li>\n<li>Helga &#8211; tr\u00f6ja<\/li>\n<li>Selia &#8211; sjal<\/li>\n<\/ul>\n<\/li>\n<\/ul>\n<p>&nbsp;<\/p>","protected":false},"excerpt":{"rendered":"<p data-start=\"73\" data-end=\"120\"><strong data-start=\"73\" data-end=\"120\">VIVIENNE\u00a0 &#8211; ett fantastiskt mohairsilke garn spunnet i Italien\u00a0<\/strong><\/p>\n<p data-start=\"122\" data-end=\"381\">25 g \/ 210 m. Mjukt, fluffigt och lyxigt \u2013 <em>Vivienne<\/em> \u00e4r ett mohair-silkegarn av h\u00f6gsta kvalitet, spunnet i Italien. Sticka det ensamt f\u00f6r en luftig k\u00e4nsla i en sjal eller\u00a0 kombinera tv\u00e5 tr\u00e5dar i olika f\u00e4rgnyanser f\u00f6r ett personligt uttryck eller tillsammans med <em>Eiffel<\/em>\u00a0f\u00f6r n\u00e5got tjockare plagg.<\/p>","protected":false},"featured_media":9168,"template":"","meta":{"site-sidebar-layout":"default","site-content-layout":"","ast-site-content-layout":"default","site-content-style":"default","site-sidebar-style":"default","ast-global-header-display":"","ast-banner-title-visibility":"","ast-main-header-display":"","ast-hfb-above-header-display":"","ast-hfb-below-header-display":"","ast-hfb-mobile-header-display":"","site-post-title":"","ast-breadcrumbs-content":"","ast-featured-img":"","footer-sml-layout":"","ast-disable-related-posts":"","theme-transparent-header-meta":"default","adv-header-id-meta":"","stick-header-meta":"","header-above-stick-meta":"","header-main-stick-meta":"","header-below-stick-meta":"","astra-migrate-meta-layouts":"set","ast-page-background-enabled":"default","ast-page-background-meta":{"desktop":{"background-color":"var(--ast-global-color-4)","background-image":"","background-repeat":"repeat","background-position":"center center","background-size":"auto","background-attachment":"scroll","background-type":"","background-media":"","overlay-type":"","overlay-color":"","overlay-opacity":"","overlay-gradient":""},"tablet":{"background-color":"","background-image":"","background-repeat":"repeat","background-position":"center center","background-size":"auto","background-attachment":"scroll","background-type":"","background-media":"","overlay-type":"","overlay-color":"","overlay-opacity":"","overlay-gradient":""},"mobile":{"background-color":"","background-image":"","background-repeat":"repeat","background-position":"center center","background-size":"auto","background-attachment":"scroll","background-type":"","background-media":"","overlay-type":"","overlay-color":"","overlay-opacity":"","overlay-gradient":""}},"ast-content-background-meta":{"desktop":{"background-color":"var(--ast-global-color-5)","background-image":"","background-repeat":"repeat","background-position":"center center","background-size":"auto","background-attachment":"scroll","background-type":"","background-media":"","overlay-type":"","overlay-color":"","overlay-opacity":"","overlay-gradient":""},"tablet":{"background-color":"var(--ast-global-color-5)","background-image":"","background-repeat":"repeat","background-position":"center center","background-size":"auto","background-attachment":"scroll","background-type":"","background-media":"","overlay-type":"","overlay-color":"","overlay-opacity":"","overlay-gradient":""},"mobile":{"background-color":"var(--ast-global-color-5)","background-image":"","background-repeat":"repeat","background-position":"center center","background-size":"auto","background-attachment":"scroll","background-type":"","background-media":"","overlay-type":"","overlay-color":"","overlay-opacity":"","overlay-gradient":""}}},"product_brand":[],"product_cat":[23],"product_tag":[234],"class_list":{"0":"post-8158","1":"product","2":"type-product","3":"status-publish","4":"has-post-thumbnail","6":"product_cat-garn","7":"product_tag-mohairsilke","8":"desktop-align-left","9":"tablet-align-left","10":"mobile-align-left","12":"first","13":"instock","14":"taxable","15":"shipping-taxable","16":"purchasable","17":"product-type-variable"},"_links":{"self":[{"href":"https:\/\/knit4u.se\/en\/wp-json\/wp\/v2\/product\/8158","targetHints":{"allow":["GET"]}}],"collection":[{"href":"https:\/\/knit4u.se\/en\/wp-json\/wp\/v2\/product"}],"about":[{"href":"https:\/\/knit4u.se\/en\/wp-json\/wp\/v2\/types\/product"}],"version-history":[{"count":12,"href":"https:\/\/knit4u.se\/en\/wp-json\/wp\/v2\/product\/8158\/revisions"}],"predecessor-version":[{"id":9186,"href":"https:\/\/knit4u.se\/en\/wp-json\/wp\/v2\/product\/8158\/revisions\/9186"}],"wp:featuredmedia":[{"embeddable":true,"href":"https:\/\/knit4u.se\/en\/wp-json\/wp\/v2\/media\/9168"}],"wp:attachment":[{"href":"https:\/\/knit4u.se\/en\/wp-json\/wp\/v2\/media?parent=8158"}],"wp:term":[{"taxonomy":"product_brand","embeddable":true,"href":"https:\/\/knit4u.se\/en\/wp-json\/wp\/v2\/product_brand?post=8158"},{"taxonomy":"product_cat","embeddable":true,"href":"https:\/\/knit4u.se\/en\/wp-json\/wp\/v2\/product_cat?post=8158"},{"taxonomy":"product_tag","embeddable":true,"href":"https:\/\/knit4u.se\/en\/wp-json\/wp\/v2\/product_tag?post=8158"}],"curies":[{"name":"wp","href":"https:\/\/api.w.org\/{rel}","templated":true}]}}