{"id":9428,"date":"2026-02-23T13:58:57","date_gmt":"2026-02-23T12:58:57","guid":{"rendered":"https:\/\/knit4u.se\/?post_type=product&#038;p=9428"},"modified":"2026-03-26T12:55:49","modified_gmt":"2026-03-26T11:55:49","slug":"asdis-troja-gotlandsull-design-marias-garn-stickpaket","status":"publish","type":"product","link":"https:\/\/knit4u.se\/en\/product\/asdis-troja-gotlandsull-design-marias-garn-stickpaket\/","title":{"rendered":"\u00c5SDIS Tr\u00f6ja &#8211; Gotlandsull &#8211; DESIGN MARIAS GARN &#8211; Stickpaket"},"content":{"rendered":"<ul>\n<li style=\"font-size: 16px;\">Size\n<ul>\n<li style=\"font-size: 16px;\">\u00a0S\/M\u00a0 ( L\/XL )<\/li>\n<\/ul>\n<\/li>\n<li style=\"font-size: 16px;\">Yarn\n<ul>\n<li style=\"font-size: 16px;\">4 + 1 ( 5 + 1 ) hg F\u00c5R\u00d6 &#8211; Knit4u<\/li>\n<\/ul>\n<\/li>\n<li>\u00a0Quality\n<ul>\n<li>70 % Gotland Wool,\u00a0 30 % Falkland Merino &#8211; 100 g \/ 300 m<\/li>\n<\/ul>\n<\/li>\n<li>\u00a0Dimensions\n<ul>\n<li>Length 54 ( 58 ) cm<\/li>\n<li>\u00d6vervidd inkl 10 cm r\u00f6relevidd 114 ( 132 ) cm<\/li>\n<li>Total \u00e4rml\u00e4ngd\u00a0 44 ( 46 ) cm<\/li>\n<\/ul>\n<\/li>\n<li>Printed pattern instruction<\/li>\n<li>Tillval rundstickor Addi bambu nr nr 4 &#8211; 40 cm + 80 cm till res\u00e5rer, 4.5 &#8211; 40 cm + 80 cm till sl\u00e4tstickning, nr 5 &#8211; 80 cm till m\u00f6nsterstickning och avmaskning.<\/li>\n<li>SKRIV I BEST\u00c4LLNINGSANTECKNINGAR I KASSAN <strong>VILKA<\/strong> STICKOR DU VILL K\u00d6PA<\/li>\n<\/ul>\n<p>&nbsp;<\/p>","protected":false},"excerpt":{"rendered":"<p class=\"\" data-start=\"98\" data-end=\"701\"><strong data-start=\"98\" data-end=\"155\">\u00c5sdis tr\u00f6ja\u2013 M\u00f6nsterstickning, f\u00f6rkortade varv och raglan, kul stickning i v\u00e5rt fina F\u00e5r\u00f6\u00a0<\/strong><br data-start=\"155\" data-end=\"158\" \/>Tr\u00f6jan stickas uppifr\u00e5n och ner p\u00e5 rundstickor, vilket inneb\u00e4r att det inte blir en enda s\u00f6m att sy. Det \u00e4r ocks\u00e5 l\u00e4tt att justera l\u00e4ngden p\u00e5 plagget och du kan prova det an efter som du stickar. V\u00e5rt fina entr\u00e5diga garn F\u00e5r\u00f6 \u00e4r en mjuk och luftig blandning av Gotlandsull och Merinoull. Tr\u00f6jan f\u00e5r en vacker ullig yta efter tv\u00e4tt och blir b\u00e5de l\u00e4tt, f\u00f6ljsam och otroligt sk\u00f6n att b\u00e4ra. Basf\u00e4rgen \u00e4r vit eller gr\u00e5 men vill du prova en annan f\u00e4rgs\u00e4ttning s\u00e5 \u00e4r det bara att fr\u00e5ga oss p\u00e5 mail &#8211; info@knit4u.se<\/p>\n<p class=\"\" data-start=\"98\" data-end=\"701\"><strong>Design: Marias Garn<\/strong><\/p>","protected":false},"featured_media":9711,"template":"","meta":{"site-sidebar-layout":"default","site-content-layout":"","ast-site-content-layout":"default","site-content-style":"default","site-sidebar-style":"default","ast-global-header-display":"","ast-banner-title-visibility":"","ast-main-header-display":"","ast-hfb-above-header-display":"","ast-hfb-below-header-display":"","ast-hfb-mobile-header-display":"","site-post-title":"","ast-breadcrumbs-content":"","ast-featured-img":"","footer-sml-layout":"","ast-disable-related-posts":"","theme-transparent-header-meta":"default","adv-header-id-meta":"","stick-header-meta":"","header-above-stick-meta":"","header-main-stick-meta":"","header-below-stick-meta":"","astra-migrate-meta-layouts":"set","ast-page-background-enabled":"default","ast-page-background-meta":{"desktop":{"background-color":"var(--ast-global-color-4)","background-image":"","background-repeat":"repeat","background-position":"center center","background-size":"auto","background-attachment":"scroll","background-type":"","background-media":"","overlay-type":"","overlay-color":"","overlay-opacity":"","overlay-gradient":""},"tablet":{"background-color":"","background-image":"","background-repeat":"repeat","background-position":"center center","background-size":"auto","background-attachment":"scroll","background-type":"","background-media":"","overlay-type":"","overlay-color":"","overlay-opacity":"","overlay-gradient":""},"mobile":{"background-color":"","background-image":"","background-repeat":"repeat","background-position":"center center","background-size":"auto","background-attachment":"scroll","background-type":"","background-media":"","overlay-type":"","overlay-color":"","overlay-opacity":"","overlay-gradient":""}},"ast-content-background-meta":{"desktop":{"background-color":"var(--ast-global-color-5)","background-image":"","background-repeat":"repeat","background-position":"center center","background-size":"auto","background-attachment":"scroll","background-type":"","background-media":"","overlay-type":"","overlay-color":"","overlay-opacity":"","overlay-gradient":""},"tablet":{"background-color":"var(--ast-global-color-5)","background-image":"","background-repeat":"repeat","background-position":"center center","background-size":"auto","background-attachment":"scroll","background-type":"","background-media":"","overlay-type":"","overlay-color":"","overlay-opacity":"","overlay-gradient":""},"mobile":{"background-color":"var(--ast-global-color-5)","background-image":"","background-repeat":"repeat","background-position":"center center","background-size":"auto","background-attachment":"scroll","background-type":"","background-media":"","overlay-type":"","overlay-color":"","overlay-opacity":"","overlay-gradient":""}}},"product_brand":[],"product_cat":[56,27],"product_tag":[142,135,280],"class_list":{"0":"post-9428","1":"product","2":"type-product","3":"status-publish","4":"has-post-thumbnail","6":"product_cat-stickpaket","7":"product_cat-troja","8":"product_tag-faro","9":"product_tag-gotlandsull","10":"product_tag-marias-garn","11":"desktop-align-left","12":"tablet-align-left","13":"mobile-align-left","15":"first","16":"instock","17":"taxable","18":"shipping-taxable","19":"purchasable","20":"product-type-variable","21":"has-default-attributes"},"_links":{"self":[{"href":"https:\/\/knit4u.se\/en\/wp-json\/wp\/v2\/product\/9428","targetHints":{"allow":["GET"]}}],"collection":[{"href":"https:\/\/knit4u.se\/en\/wp-json\/wp\/v2\/product"}],"about":[{"href":"https:\/\/knit4u.se\/en\/wp-json\/wp\/v2\/types\/product"}],"version-history":[{"count":5,"href":"https:\/\/knit4u.se\/en\/wp-json\/wp\/v2\/product\/9428\/revisions"}],"predecessor-version":[{"id":9715,"href":"https:\/\/knit4u.se\/en\/wp-json\/wp\/v2\/product\/9428\/revisions\/9715"}],"wp:featuredmedia":[{"embeddable":true,"href":"https:\/\/knit4u.se\/en\/wp-json\/wp\/v2\/media\/9711"}],"wp:attachment":[{"href":"https:\/\/knit4u.se\/en\/wp-json\/wp\/v2\/media?parent=9428"}],"wp:term":[{"taxonomy":"product_brand","embeddable":true,"href":"https:\/\/knit4u.se\/en\/wp-json\/wp\/v2\/product_brand?post=9428"},{"taxonomy":"product_cat","embeddable":true,"href":"https:\/\/knit4u.se\/en\/wp-json\/wp\/v2\/product_cat?post=9428"},{"taxonomy":"product_tag","embeddable":true,"href":"https:\/\/knit4u.se\/en\/wp-json\/wp\/v2\/product_tag?post=9428"}],"curies":[{"name":"wp","href":"https:\/\/api.w.org\/{rel}","templated":true}]}}