{"id":9537,"date":"2026-03-12T15:01:40","date_gmt":"2026-03-12T14:01:40","guid":{"rendered":"https:\/\/knit4u.se\/?post_type=product&#038;p=9537"},"modified":"2026-03-12T16:24:16","modified_gmt":"2026-03-12T15:24:16","slug":"sky-topp-ull-mohair-stickpaket","status":"publish","type":"product","link":"https:\/\/knit4u.se\/en\/product\/sky-topp-ull-mohair-stickpaket\/","title":{"rendered":"SKY Topp &#8211; Ull Mohair &#8211; Stickpaket"},"content":{"rendered":"<div class=\"tws-article-description--text-container\">\n<ul>\n<li>Size\n<ul>\n<li>One Size<\/li>\n<\/ul>\n<\/li>\n<li>Yarn\n<ul>\n<li>3.5 hg Milledue &#8211; Sesia<\/li>\n<\/ul>\n<\/li>\n<li>Quality\n<ul>\n<li>59 % Mohair RMS\u00a0 41 % Wool RWS &#8211; 50 g \/ 60 m<\/li>\n<\/ul>\n<\/li>\n<li>\u00a0Dimensions\n<ul>\n<li>L\u00e4ngd 47 cm,<\/li>\n<li>Bredd 67 cm<\/li>\n<\/ul>\n<\/li>\n<li>Printed pattern instruction<\/li>\n<li>Tillval Addi bambu rundstickor nr 8 &#8211; 80 cm + nr 8 &#8211; 40 cm<\/li>\n<li>Du beh\u00f6ver virkn\u00e5l nr 6<\/li>\n<\/ul>\n<\/div>","protected":false},"excerpt":{"rendered":"<p data-start=\"93\" data-end=\"303\"><strong data-start=\"93\" data-end=\"134\">Sky topp &#8211; oversized, stickad i tjockt mohair ull garn<\/strong><br data-start=\"134\" data-end=\"137\" \/>Toppen har en liten krage och vida \u00e4rmh\u00e5l. Stickas i en tr\u00e5d Milledue fr\u00e5n italienska Sesia, en underbart mjukt och l\u00e4tt kvalit\u00e9. Kul att sticka med och resultatet blir fluffigt och sk\u00f6nt, ger b\u00e5de v\u00e4rme och struktur \u00e5t ditt plagg. Stickas p\u00e5 rundsticka nr 8 uppifr\u00e5n och ner. Sk\u00f6n att b\u00e4ra \u00e5ret om.<\/p>\n<p data-start=\"93\" data-end=\"303\">Easy and fun knitting - perfect for those who want a quick project in a soft, cosy yarn.<\/p>\n<p data-start=\"542\" data-end=\"560\"><strong>Design: Knocks Design<\/strong><\/p>\n<p>&nbsp;<\/p>","protected":false},"featured_media":9561,"template":"","meta":{"site-sidebar-layout":"default","site-content-layout":"","ast-site-content-layout":"default","site-content-style":"default","site-sidebar-style":"default","ast-global-header-display":"","ast-banner-title-visibility":"","ast-main-header-display":"","ast-hfb-above-header-display":"","ast-hfb-below-header-display":"","ast-hfb-mobile-header-display":"","site-post-title":"","ast-breadcrumbs-content":"","ast-featured-img":"","footer-sml-layout":"","ast-disable-related-posts":"","theme-transparent-header-meta":"default","adv-header-id-meta":"","stick-header-meta":"","header-above-stick-meta":"","header-main-stick-meta":"","header-below-stick-meta":"","astra-migrate-meta-layouts":"set","ast-page-background-enabled":"default","ast-page-background-meta":{"desktop":{"background-color":"var(--ast-global-color-4)","background-image":"","background-repeat":"repeat","background-position":"center center","background-size":"auto","background-attachment":"scroll","background-type":"","background-media":"","overlay-type":"","overlay-color":"","overlay-opacity":"","overlay-gradient":""},"tablet":{"background-color":"","background-image":"","background-repeat":"repeat","background-position":"center center","background-size":"auto","background-attachment":"scroll","background-type":"","background-media":"","overlay-type":"","overlay-color":"","overlay-opacity":"","overlay-gradient":""},"mobile":{"background-color":"","background-image":"","background-repeat":"repeat","background-position":"center center","background-size":"auto","background-attachment":"scroll","background-type":"","background-media":"","overlay-type":"","overlay-color":"","overlay-opacity":"","overlay-gradient":""}},"ast-content-background-meta":{"desktop":{"background-color":"var(--ast-global-color-5)","background-image":"","background-repeat":"repeat","background-position":"center center","background-size":"auto","background-attachment":"scroll","background-type":"","background-media":"","overlay-type":"","overlay-color":"","overlay-opacity":"","overlay-gradient":""},"tablet":{"background-color":"var(--ast-global-color-5)","background-image":"","background-repeat":"repeat","background-position":"center center","background-size":"auto","background-attachment":"scroll","background-type":"","background-media":"","overlay-type":"","overlay-color":"","overlay-opacity":"","overlay-gradient":""},"mobile":{"background-color":"var(--ast-global-color-5)","background-image":"","background-repeat":"repeat","background-position":"center center","background-size":"auto","background-attachment":"scroll","background-type":"","background-media":"","overlay-type":"","overlay-color":"","overlay-opacity":"","overlay-gradient":""}}},"product_brand":[],"product_cat":[56,61],"product_tag":[421,354,382,355],"class_list":{"0":"post-9537","1":"product","2":"type-product","3":"status-publish","4":"has-post-thumbnail","6":"product_cat-stickpaket","7":"product_cat-vast","8":"product_tag-knocks-design","9":"product_tag-milledue","10":"product_tag-mohair-merino","11":"product_tag-sesia","12":"desktop-align-left","13":"tablet-align-left","14":"mobile-align-left","16":"first","17":"instock","18":"taxable","19":"shipping-taxable","20":"purchasable","21":"product-type-variable","22":"has-default-attributes"},"_links":{"self":[{"href":"https:\/\/knit4u.se\/en\/wp-json\/wp\/v2\/product\/9537","targetHints":{"allow":["GET"]}}],"collection":[{"href":"https:\/\/knit4u.se\/en\/wp-json\/wp\/v2\/product"}],"about":[{"href":"https:\/\/knit4u.se\/en\/wp-json\/wp\/v2\/types\/product"}],"version-history":[{"count":4,"href":"https:\/\/knit4u.se\/en\/wp-json\/wp\/v2\/product\/9537\/revisions"}],"predecessor-version":[{"id":9563,"href":"https:\/\/knit4u.se\/en\/wp-json\/wp\/v2\/product\/9537\/revisions\/9563"}],"wp:featuredmedia":[{"embeddable":true,"href":"https:\/\/knit4u.se\/en\/wp-json\/wp\/v2\/media\/9561"}],"wp:attachment":[{"href":"https:\/\/knit4u.se\/en\/wp-json\/wp\/v2\/media?parent=9537"}],"wp:term":[{"taxonomy":"product_brand","embeddable":true,"href":"https:\/\/knit4u.se\/en\/wp-json\/wp\/v2\/product_brand?post=9537"},{"taxonomy":"product_cat","embeddable":true,"href":"https:\/\/knit4u.se\/en\/wp-json\/wp\/v2\/product_cat?post=9537"},{"taxonomy":"product_tag","embeddable":true,"href":"https:\/\/knit4u.se\/en\/wp-json\/wp\/v2\/product_tag?post=9537"}],"curies":[{"name":"wp","href":"https:\/\/api.w.org\/{rel}","templated":true}]}}