{"id":9605,"date":"2026-03-19T10:12:27","date_gmt":"2026-03-19T09:12:27","guid":{"rendered":"https:\/\/knit4u.se\/?post_type=product&#038;p=9605"},"modified":"2026-03-25T17:40:58","modified_gmt":"2026-03-25T16:40:58","slug":"madelene-troja-mohairsilke-stickpaket","status":"publish","type":"product","link":"https:\/\/knit4u.se\/en\/product\/madelene-troja-mohairsilke-stickpaket\/","title":{"rendered":"MADELENE Tr\u00f6ja &#8211; Mohairsilke &#8211; Stickpaket"},"content":{"rendered":"<div class=\"tws-article-description--text-container\">\n<ul>\n<li>Size\n<ul>\n<li>One Size<\/li>\n<\/ul>\n<\/li>\n<li>Yarn\n<ul>\n<li>1.75 hg Vivienne &#8211; Sesia<\/li>\n<\/ul>\n<\/li>\n<li>Quality\n<ul>\n<li>70 % Super Kid Mohair\u00a0 30 %\u00a0 Silk &#8211; 25 g \/ 75 m<\/li>\n<\/ul>\n<\/li>\n<li>Dimensions\n<ul>\n<li>L\u00e4ngd fram 59 cm<\/li>\n<li>Bredd 64 cm<\/li>\n<li>3 \/ 4 \u00e4rm, 30 cm<\/li>\n<\/ul>\n<\/li>\n<li>Printed pattern instruction<\/li>\n<li>Tillval \u00a0Addi bambu rundstickor nr 5 &#8211; 40 cm + 80 cm\n<div class=\"tws-article-description--text-container tws-article-description--show-full-description\">\n<div class=\"tws-article-description--text\"><\/div>\n<\/div>\n<\/li>\n<\/ul>\n<\/div>","protected":false},"excerpt":{"rendered":"<p class=\"\" data-start=\"123\" data-end=\"173\"><strong data-start=\"123\" data-end=\"167\">Madelene \u2013 h\u00e4rlig oversized tr\u00f6ja med vida \u00e4rmar<\/strong><\/p>\n<p class=\"\" data-start=\"175\" data-end=\"456\">Madelene \u00e4r en otroligt mjuk och l\u00e4tt tr\u00f6ja med gener\u00f6s vidd, b\u00e5de i kroppen och \u00e4rmar. En rundad halsringning med ribbstickning och avslutande I-Cord kant. En 3 x 3 ribb b\u00e5de nedtill och p\u00e5 \u00e4rmsluten av de vida 3 \/ 4 \u00e4rmarna.\u00a0 Kul stickning med v\u00e5rt fina mohairsilke garn Vivienne fr\u00e5n italienska Sesia. Tr\u00f6jan stickas uppifr\u00e5n och ner p\u00e5 rundsticka med dubbel tr\u00e5d. Ingen montering eftersom allt stickas i ett stycke.<\/p>\n<p class=\"\" data-start=\"175\" data-end=\"456\">Enkel och rofylld stickning \u2013 med ett resultat som st\u00e5r sig i l\u00e4ngden. Kvalit\u00e9 l\u00f6nar sig alltid.<\/p>\n<p class=\"\" data-start=\"1031\" data-end=\"1114\"><strong>Design: Knit4u<\/strong><\/p>","protected":false},"featured_media":9701,"template":"","meta":{"site-sidebar-layout":"default","site-content-layout":"","ast-site-content-layout":"default","site-content-style":"default","site-sidebar-style":"default","ast-global-header-display":"","ast-banner-title-visibility":"","ast-main-header-display":"","ast-hfb-above-header-display":"","ast-hfb-below-header-display":"","ast-hfb-mobile-header-display":"","site-post-title":"","ast-breadcrumbs-content":"","ast-featured-img":"","footer-sml-layout":"","ast-disable-related-posts":"","theme-transparent-header-meta":"default","adv-header-id-meta":"","stick-header-meta":"","header-above-stick-meta":"","header-main-stick-meta":"","header-below-stick-meta":"","astra-migrate-meta-layouts":"set","ast-page-background-enabled":"default","ast-page-background-meta":{"desktop":{"background-color":"var(--ast-global-color-4)","background-image":"","background-repeat":"repeat","background-position":"center center","background-size":"auto","background-attachment":"scroll","background-type":"","background-media":"","overlay-type":"","overlay-color":"","overlay-opacity":"","overlay-gradient":""},"tablet":{"background-color":"","background-image":"","background-repeat":"repeat","background-position":"center center","background-size":"auto","background-attachment":"scroll","background-type":"","background-media":"","overlay-type":"","overlay-color":"","overlay-opacity":"","overlay-gradient":""},"mobile":{"background-color":"","background-image":"","background-repeat":"repeat","background-position":"center center","background-size":"auto","background-attachment":"scroll","background-type":"","background-media":"","overlay-type":"","overlay-color":"","overlay-opacity":"","overlay-gradient":""}},"ast-content-background-meta":{"desktop":{"background-color":"var(--ast-global-color-5)","background-image":"","background-repeat":"repeat","background-position":"center center","background-size":"auto","background-attachment":"scroll","background-type":"","background-media":"","overlay-type":"","overlay-color":"","overlay-opacity":"","overlay-gradient":""},"tablet":{"background-color":"var(--ast-global-color-5)","background-image":"","background-repeat":"repeat","background-position":"center center","background-size":"auto","background-attachment":"scroll","background-type":"","background-media":"","overlay-type":"","overlay-color":"","overlay-opacity":"","overlay-gradient":""},"mobile":{"background-color":"var(--ast-global-color-5)","background-image":"","background-repeat":"repeat","background-position":"center center","background-size":"auto","background-attachment":"scroll","background-type":"","background-media":"","overlay-type":"","overlay-color":"","overlay-opacity":"","overlay-gradient":""}}},"product_brand":[],"product_cat":[56,27],"product_tag":[378,234,355,375],"class_list":{"0":"post-9605","1":"product","2":"type-product","3":"status-publish","4":"has-post-thumbnail","6":"product_cat-stickpaket","7":"product_cat-troja","8":"product_tag-design-knit4u","9":"product_tag-mohairsilke","10":"product_tag-sesia","11":"product_tag-vivienne","12":"desktop-align-left","13":"tablet-align-left","14":"mobile-align-left","16":"first","17":"instock","18":"taxable","19":"shipping-taxable","20":"purchasable","21":"product-type-variable","22":"has-default-attributes"},"_links":{"self":[{"href":"https:\/\/knit4u.se\/en\/wp-json\/wp\/v2\/product\/9605","targetHints":{"allow":["GET"]}}],"collection":[{"href":"https:\/\/knit4u.se\/en\/wp-json\/wp\/v2\/product"}],"about":[{"href":"https:\/\/knit4u.se\/en\/wp-json\/wp\/v2\/types\/product"}],"version-history":[{"count":6,"href":"https:\/\/knit4u.se\/en\/wp-json\/wp\/v2\/product\/9605\/revisions"}],"predecessor-version":[{"id":9707,"href":"https:\/\/knit4u.se\/en\/wp-json\/wp\/v2\/product\/9605\/revisions\/9707"}],"wp:featuredmedia":[{"embeddable":true,"href":"https:\/\/knit4u.se\/en\/wp-json\/wp\/v2\/media\/9701"}],"wp:attachment":[{"href":"https:\/\/knit4u.se\/en\/wp-json\/wp\/v2\/media?parent=9605"}],"wp:term":[{"taxonomy":"product_brand","embeddable":true,"href":"https:\/\/knit4u.se\/en\/wp-json\/wp\/v2\/product_brand?post=9605"},{"taxonomy":"product_cat","embeddable":true,"href":"https:\/\/knit4u.se\/en\/wp-json\/wp\/v2\/product_cat?post=9605"},{"taxonomy":"product_tag","embeddable":true,"href":"https:\/\/knit4u.se\/en\/wp-json\/wp\/v2\/product_tag?post=9605"}],"curies":[{"name":"wp","href":"https:\/\/api.w.org\/{rel}","templated":true}]}}