{"id":10,"date":"2023-11-17T22:36:02","date_gmt":"2023-11-17T21:36:02","guid":{"rendered":"https:\/\/www.knitforyou.se\/?page_id=10"},"modified":"2025-06-17T16:23:04","modified_gmt":"2025-06-17T15:23:04","slug":"allmanna-villkor","status":"publish","type":"page","link":"https:\/\/knit4u.se\/sv_se\/allmanna-villkor\/","title":{"rendered":"Allm\u00e4nna villkor &#038; information"},"content":{"rendered":"\t\t<div data-elementor-type=\"wp-page\" data-elementor-id=\"10\" class=\"elementor elementor-10\">\n\t\t\t\t<div class=\"elementor-element elementor-element-f1b02d8 e-flex e-con-boxed e-con e-parent\" data-id=\"f1b02d8\" data-element_type=\"container\" data-e-type=\"container\">\n\t\t\t\t\t<div class=\"e-con-inner\">\n\t\t\t\t<div class=\"elementor-element elementor-element-34092334 elementor-widget elementor-widget-text-editor\" data-id=\"34092334\" data-element_type=\"widget\" data-e-type=\"widget\" data-widget_type=\"text-editor.default\">\n\t\t\t\t\t\t\t\t\t<p><!-- \/wp:paragraph --><\/p>\n<h4><strong>ALLM\u00c4NNA VILLKOR<\/strong><\/h4>\n<p>V\u00e4lkommen till webbutiken knit4u.se. Vi \u00e4r en hobbybutik f\u00f6r dig som gillar att sticka v\u00e5ra produkter i garn av mycket god kvalitet. Det \u00e4r viktigt f\u00f6r oss att du som kund k\u00e4nner dig trygg och bekv\u00e4m n\u00e4r du handlar hos oss. H\u00e4r hittar du allm\u00e4nna villkor f\u00f6r k\u00f6p, betalning och leverans.\u00a0<\/p>\n<p>\u00a0<\/p>\n<h4>K\u00d6P AV STICKPAKET<\/h4>\n<p>Garn, m\u00f6nster och Knit4u m\u00e4rke ing\u00e5r, stickor \u00e4r ett till\u00e4ggsval. Du v\u00e4ljer storlek och f\u00e4rg. Du f\u00e5r en orderbekr\u00e4ftelse och ta f\u00f6r vana att alltid kontrollera din best\u00e4llning, s\u00e5 att allt ser OK ut. \u00c4r produkten tillf\u00e4lligt slut meddelar vi det snarast. Kunden har alltid r\u00e4tt att h\u00e4va k\u00f6p utan kostnad om inte varan finns i lager. Vi kan inte garantera exakt f\u00e4rg\u00e5tergivelse p\u00e5 produkten. M\u00f6nstren \u00e4r endast till f\u00f6r privat bruk och f\u00e5r ej kopieras. Garn\u00e5tg\u00e5ngen i stickpaketen \u00e4r ber\u00e4knade efter stickfastheten.<\/p>\n<p>\u00a0<\/p>\n<h4>PRISER<\/h4>\n<p>Alla priser i webbshoppen \u00e4r inklusive moms. N\u00e4r du g\u00e5r till kassan s\u00e5 ser du det totala priset.<\/p>\n<p>\u00a0<\/p>\n<h4>FRAKTKOSTNAD<\/h4>\n<p>Best\u00e4llningar inom Sverige skickas som varubrev, en fraktkostnad p\u00e5 70 SEK tillkommer, fraktfritt f\u00f6r k\u00f6p \u00f6ver 1.200 SEK inom Sverige. Best\u00e4llningar \u00f6ver 2 kg skickas som paket. Best\u00e4llningar utanf\u00f6r Sverige, inom EU, tillkommer fraktkostnad p\u00e5 120 SEK, ej \u00f6ver 2 kg.<\/p>\n<p>F\u00f6r n\u00e4rvarande kan du bara v\u00e4lja leverans inom Sverige i webbutiken.<\/p>\n<p>\u00a0<\/p>\n<h4>BETALNING VIA KLARNA<\/h4>\n<p>I samarbete med Klarna Checkout erbjuder vi betalning via kontokort eller swish.<\/p>\n<p>Knit4u of Sweden AB har \u00e4gande- och \u00e5tertagander\u00e4tt av samtliga varor tills dess att fullst\u00e4ndig betalning \u00e4r erlagd av kund.<\/p>\n<p>Betalningsalternativen kan variera fr\u00e5n tid till annan. Genom att l\u00e4mna information i kassan godk\u00e4nner Klarnas villkor. Mer information och fullst\u00e4ndiga villkor om Klarnas betals\u00e4tt hittar du hos klarna.se.\u00a0<\/p>\n<p>\u00a0<\/p>\n<h4>GARNPROVER<\/h4>\n<p>Handla via e-handel \u00e4r inte alltid s\u00e5 l\u00e4tt, man vill kunna k\u00e4nna och se p\u00e5 produkten. Vi skickar g\u00e4rna garnprover, om du \u00e4r os\u00e4ker p\u00e5 en f\u00e4rg eller kvalit\u00e9. Skicka en f\u00f6rfr\u00e5gan via info@knit4u.se. Ange garnprov, garnets f\u00e4rgnummer, ditt namn och din adress.<\/p>\n<p>\u00a0<\/p>\n<h4>UTLANDSBETALNINGAR<\/h4>\n<p>Betalning fr\u00e5n och leverans till utlandet g\u00f6rs genom \u00f6verenskommelse via info@knit4u.se.<\/p>\n<p>\u00a0<\/p>\n<h4>BETALNING VIA BANK\u00d6VERF\u00d6RING<\/h4>\n<p>D\u00e5 betalning via Klarna eller Swish inte fungerar f\u00f6r kund kan bank\u00f6verf\u00f6ring g\u00f6ras efter \u00f6verenskommelse via info@knit4u.se<\/p>\n<p>\u00a0<\/p>\n<h4>LEVERANSER<\/h4>\n<p>Leveranstid ca 1- 4 arbetsdagar med PostNord varubrev, leverans till d\u00f6rr. Ladda ner Postnords app.<br \/>I de undantagsfall en vara m\u00e5ste best\u00e4llas fr\u00e5n leverant\u00f6r, kan leveranstiden vara upp till fyra veckor. Vi reserverar oss f\u00f6r att en produkt kan vara sluts\u00e5ld innan vi hinner uppdatera hemsidan. Vi upplyser d\u00e5 kunden om den ber\u00e4knade leveranstiden.<\/p>\n<p>\u00a0<\/p>\n<h4>SKADAD VARA<\/h4>\n<p>\u00c4r varan skadad eller felaktig kontakta oss s\u00e5 snart som m\u00f6jligt via e-post: info@knit4u.se.<\/p>\n<p>\u00a0<\/p>\n<h4>\u00c5NGER\u00c4TT &amp; \u00d6PPET K\u00d6P<\/h4>\n<p>Du kan returnera en vara om du inte \u00e4r n\u00f6jd med den. Du har full returr\u00e4tt inom 14 dagar efter att ditt paket har kommit till utl\u00e4mningsst\u00e4llet. Du betalar f\u00f6r portot f\u00f6r returen.<\/p>\n<p>\u00a0<\/p>\n<h4>REKLAMATION<\/h4>\n<p>Givetvis g\u00e4ller konsumentk\u00f6plagen n\u00e4r du handlar varor av oss. En vara kan reklameras om den har fabrikationsfel eller p\u00e5 annat s\u00e4tt \u00e4r defekt. Vi betalar kostnader f\u00f6r porto. Om du hittar en defekt p\u00e5 den best\u00e4llda varan, ta kontakt med oss omg\u00e5ende. N\u00e4r reklamationen godk\u00e4nts skickar vi en ny vara utan kostnad, annars f\u00e5r du pengarna tillbaka.<br \/>Vid en eventuell tvist f\u00f6ljer vi alltid ARN:s rekommendationer.<\/p>\n<p>\u00a0<\/p>\n<h4>SKYDD AV PERSONUPPGIFTER<\/h4>\n<p>I samband med registrering och best\u00e4llning godk\u00e4nner du att vi lagrar och anv\u00e4nder dina uppgifter i v\u00e5r verksamhet f\u00f6r att fullf\u00f6lja och tillhandah\u00e5lla den service som du f\u00f6rv\u00e4ntar dig av oss. Vi f\u00f6rs\u00e4krar att vi inte kommer att s\u00e4lja eller \u00f6verl\u00e5ta n\u00e5gra personuppgifter.<\/p>\n<p>\u00a0<\/p>\n<h4>WEBBRETURER SKICKAS TILL<\/h4>\n<p>Knit4u of Sweden AB<br \/>V\u00e4stra All\u00e9n 12B<br \/>181 62 Liding\u00f6<\/p>\n<p>Organisationsnummer: 556922-7985<br \/>Knit4u of Sweden AB<\/p>\n<p>\u00a0<\/p>\n<h4>KONTAKT<\/h4>\n<p>Mail: info@knit4u.se eller telnr: 070-7476961, vardagar 10-15. V\u00e5rt m\u00e5l \u00e4r att svara inom 24 timmar under vardagar.<\/p>\t\t\t\t\t\t\t\t<\/div>\n\t\t\t\t\t<\/div>\n\t\t\t\t<\/div>\n\t\t\t\t<\/div>\n\t\t","protected":false},"excerpt":{"rendered":"<p>ALLM\u00c4NNA VILLKOR V\u00e4lkommen till webbutiken knit4u.se. Vi \u00e4r en hobbybutik f\u00f6r dig som gillar att sticka v\u00e5ra produkter i garn av mycket god kvalitet. Det \u00e4r viktigt f\u00f6r oss att du som kund k\u00e4nner dig trygg och bekv\u00e4m n\u00e4r du handlar hos oss. H\u00e4r hittar du allm\u00e4nna villkor f\u00f6r k\u00f6p, betalning och leverans.\u00a0 \u00a0 K\u00d6P [&hellip;]<\/p>\n","protected":false},"author":1,"featured_media":0,"parent":0,"menu_order":0,"comment_status":"closed","ping_status":"closed","template":"","meta":{"site-sidebar-layout":"default","site-content-layout":"","ast-site-content-layout":"default","site-content-style":"default","site-sidebar-style":"default","ast-global-header-display":"","ast-banner-title-visibility":"","ast-main-header-display":"","ast-hfb-above-header-display":"","ast-hfb-below-header-display":"","ast-hfb-mobile-header-display":"","site-post-title":"","ast-breadcrumbs-content":"","ast-featured-img":"","footer-sml-layout":"","ast-disable-related-posts":"","theme-transparent-header-meta":"","adv-header-id-meta":"","stick-header-meta":"","header-above-stick-meta":"","header-main-stick-meta":"","header-below-stick-meta":"","astra-migrate-meta-layouts":"default","ast-page-background-enabled":"default","ast-page-background-meta":{"desktop":{"background-color":"var(--ast-global-color-4)","background-image":"","background-repeat":"repeat","background-position":"center center","background-size":"auto","background-attachment":"scroll","background-type":"","background-media":"","overlay-type":"","overlay-color":"","overlay-opacity":"","overlay-gradient":""},"tablet":{"background-color":"","background-image":"","background-repeat":"repeat","background-position":"center center","background-size":"auto","background-attachment":"scroll","background-type":"","background-media":"","overlay-type":"","overlay-color":"","overlay-opacity":"","overlay-gradient":""},"mobile":{"background-color":"","background-image":"","background-repeat":"repeat","background-position":"center center","background-size":"auto","background-attachment":"scroll","background-type":"","background-media":"","overlay-type":"","overlay-color":"","overlay-opacity":"","overlay-gradient":""}},"ast-content-background-meta":{"desktop":{"background-color":"var(--ast-global-color-5)","background-image":"","background-repeat":"repeat","background-position":"center center","background-size":"auto","background-attachment":"scroll","background-type":"","background-media":"","overlay-type":"","overlay-color":"","overlay-opacity":"","overlay-gradient":""},"tablet":{"background-color":"var(--ast-global-color-5)","background-image":"","background-repeat":"repeat","background-position":"center center","background-size":"auto","background-attachment":"scroll","background-type":"","background-media":"","overlay-type":"","overlay-color":"","overlay-opacity":"","overlay-gradient":""},"mobile":{"background-color":"var(--ast-global-color-5)","background-image":"","background-repeat":"repeat","background-position":"center center","background-size":"auto","background-attachment":"scroll","background-type":"","background-media":"","overlay-type":"","overlay-color":"","overlay-opacity":"","overlay-gradient":""}},"footnotes":""},"class_list":["post-10","page","type-page","status-publish","hentry"],"_links":{"self":[{"href":"https:\/\/knit4u.se\/sv_se\/wp-json\/wp\/v2\/pages\/10","targetHints":{"allow":["GET"]}}],"collection":[{"href":"https:\/\/knit4u.se\/sv_se\/wp-json\/wp\/v2\/pages"}],"about":[{"href":"https:\/\/knit4u.se\/sv_se\/wp-json\/wp\/v2\/types\/page"}],"author":[{"embeddable":true,"href":"https:\/\/knit4u.se\/sv_se\/wp-json\/wp\/v2\/users\/1"}],"replies":[{"embeddable":true,"href":"https:\/\/knit4u.se\/sv_se\/wp-json\/wp\/v2\/comments?post=10"}],"version-history":[{"count":39,"href":"https:\/\/knit4u.se\/sv_se\/wp-json\/wp\/v2\/pages\/10\/revisions"}],"predecessor-version":[{"id":8007,"href":"https:\/\/knit4u.se\/sv_se\/wp-json\/wp\/v2\/pages\/10\/revisions\/8007"}],"wp:attachment":[{"href":"https:\/\/knit4u.se\/sv_se\/wp-json\/wp\/v2\/media?parent=10"}],"curies":[{"name":"wp","href":"https:\/\/api.w.org\/{rel}","templated":true}]}}